{"id":110251,"date":"2026-04-01T10:50:10","date_gmt":"2026-04-01T08:50:10","guid":{"rendered":"https:\/\/zatureczkimarcell.ddns.net\/wordpress\/?post_type=product&#038;p=110251"},"modified":"2026-04-01T10:50:23","modified_gmt":"2026-04-01T08:50:23","slug":"varus-plus-extra-nagy-meretekben-elerheto","status":"publish","type":"product","link":"https:\/\/zatureczkimarcell.ddns.net\/wordpress\/termek\/varus-plus-extra-nagy-meretekben-elerheto\/","title":{"rendered":"Varus plus EXTRA NAGY M\u00c9RETEKBEN EL\u00c9RHET\u0150"},"content":{"rendered":"<div><strong><span style=\"font-size:16px;\">2 az 1-ben kialak&iacute;t&aacute;s&uacute; extra nagy m&eacute;retekben el&eacute;rhet\u0151 motoros kab&aacute;t<\/span><\/strong><\/div>\n<div><strong><span style=\"font-size:16px;\">Dupla r&eacute;teg\u0171 anyag az er\u0151sen ig&eacute;nybevett&nbsp;z&oacute;n&aacute;kban.&nbsp;<\/span><\/strong><\/div>\n<div><strong><span style=\"font-size:16px;\">Extra nagy m&eacute;ret\u0171 rugalmas k&eacute;nyelmi bet&eacute;tek.<\/span><\/strong><\/div>\n<div><strong><span style=\"font-size:16px;\">V&eacute;szhelyzeti\/azonos&iacute;t&oacute; zseb a bal alkaron<\/span><\/strong><\/div>\n<div><strong><span style=\"font-size:16px;\">AirDraft: 2 szell\u0151z\u0151ny&iacute;l&aacute;s a mellkasi r&eacute;szen. A teljes mellkasi r&eacute;sz levehet\u0151, &iacute;gy extra nagy mennyis&eacute;g\u0171 friss leveg\u0151 &aacute;ramlik a kab&aacute;tba.&nbsp;<\/span><\/strong><\/div>\n<div><strong><span style=\"font-size:16px;\">AirVent rendszer\u0171&nbsp;szell\u0151z\u0151 cipz&aacute;rak a kab&aacute;t t&ouml;bb pontj&aacute;n&nbsp;<\/span><\/strong><\/div>\n<div><strong><span style=\"font-size:16px;\">Kivehet\u0151&nbsp;Reissa&reg; membr&aacute;n (10 000 mm v&iacute;zoszlop nyom&aacute;s&aacute;nak &aacute;ll ellen 24&oacute;ra alatt.)<\/span><\/strong><\/div>\n<div><strong><span style=\"font-size:16px;\">WINNER&reg; v&aacute;ll- &eacute;s k&ouml;ny&ouml;kv&eacute;d\u0151 protektorokkal&nbsp;<\/span><\/strong><\/div>\n<div><\/div>\n<div><strong><span style=\"font-size:16px;\">Gerincprotektor r&eacute;sz&eacute;re kialak&iacute;tott gy&aacute;ri protektorzseb.&nbsp;<\/span><\/strong><\/div>\n<div><strong><span style=\"font-size:16px;\">F&eacute;nyvisszaver\u0151 bet&eacute;tek a kab&aacute;t t&ouml;bb pontj&aacute;n.&nbsp;<\/span><\/strong><\/div>\n<div><strong style=\"font-family: Roboto, sans-serif; font-size: 16px; box-sizing: border-box; max-width: 100%;\">-Magas min\u0151s&eacute;g\u0171 YKK cipz&aacute;rral<\/strong><\/div>\n<div><span style=\"font-size:16px;\"><strong>El&eacute;rhet\u0151 m&eacute;retek: 6XL, 8XL, 10XL, 12XL&nbsp;<\/strong><\/span><\/div>\n<div><\/div>\n<div>\n<p style=\"box-sizing: border-box; margin: 0px 0px 10px; max-width: 100%; font-family: Roboto, sans-serif; font-size: 16px;\">A term&eacute;k rendeltet&eacute;sszer\u0171 haszn&aacute;lat sor&aacute;n&nbsp;speci&aacute;lis mos&oacute;szerrel tiszt&iacute;that&oacute; !<\/p>\n<p style=\"box-sizing: border-box; margin: 0px 0px 10px; max-width: 100%; font-family: Roboto, sans-serif; font-size: 16px;\">A mos&oacute;szer speci&aacute;lisan technikai &ndash; motoros ruh&aacute;zathoz lett fejlesztve, haszn&aacute;lat&aacute;val a term&eacute;kek nem csak tiszt&aacute;n tarthat&oacute;ak, de v&aacute;rhat&oacute; haszn&aacute;lati idej&uuml;k is n&ouml;vekszik!<\/p>\n<p style=\"box-sizing: border-box; margin: 0px 0px 10px; max-width: 100%; font-family: Roboto, sans-serif; font-size: 16px;\">A Mos&oacute;szer &uuml;zlet&uuml;nkben megv&aacute;s&aacute;rolhat&oacute;.&nbsp;<\/p>\n<p style=\"box-sizing: border-box; margin: 0px 0px 10px; max-width: 100%; font-family: Roboto, sans-serif; font-size: 16px;\"><strong style=\"font-family: Roboto, sans-serif; font-size: 16px;\">Haszn&aacute;lati &eacute;s kezel&eacute;si &uacute;tmutat&oacute; a term&eacute;khez el&eacute;rhet\u0151 ide kattintva:<\/strong><span style=\"font-family: Roboto, sans-serif; font-size: 16px;\">&nbsp;<\/span><a href=\"https:\/\/darazsgarazs.hu\/index.php\/termek\/hasznalati-utmutato.1155.html\" style=\"font-family: Roboto, sans-serif; font-size: 16px;\">https:\/\/darazsgarazs.hu\/index.php\/termek\/hasznalati-utmutato.1155.html<\/a><\/p>\n<p style=\"background-image: initial; background-position: initial; background-size: initial; background-repeat: initial; background-attachment: initial; background-origin: initial; background-clip: initial; box-sizing: border-box; margin: 0cm 0cm 7.5pt; font-family: Roboto, sans-serif; font-size: 16px;\">\n<\/div>\n","protected":false},"excerpt":{"rendered":"<p>2 az 1-ben kialak&iacute;t&aacute;s&uacute; extra nagy m&eacute;retekben el&eacute;rhet\u0151 motoros kab&aacute;t Dupla r&eacute;teg\u0171 anyag az er\u0151sen ig&eacute;nybevett&nbsp;z&oacute;n&aacute;kban.&nbsp; Extra nagy m&eacute;ret\u0171 rugalmas [&hellip;]<\/p>\n","protected":false},"featured_media":0,"template":"","meta":{"site-sidebar-layout":"default","site-content-layout":"","ast-site-content-layout":"default","site-content-style":"default","site-sidebar-style":"default","ast-global-header-display":"","ast-banner-title-visibility":"","ast-main-header-display":"","ast-hfb-above-header-display":"","ast-hfb-below-header-display":"","ast-hfb-mobile-header-display":"","site-post-title":"","ast-breadcrumbs-content":"","ast-featured-img":"","footer-sml-layout":"","ast-disable-related-posts":"","theme-transparent-header-meta":"","adv-header-id-meta":"","stick-header-meta":"","header-above-stick-meta":"","header-main-stick-meta":"","header-below-stick-meta":"","astra-migrate-meta-layouts":"default","ast-page-background-enabled":"default","ast-page-background-meta":{"desktop":{"background-color":"var(--ast-global-color-5)","background-image":"","background-repeat":"repeat","background-position":"center center","background-size":"auto","background-attachment":"scroll","background-type":"","background-media":"","overlay-type":"","overlay-color":"","overlay-opacity":"","overlay-gradient":""},"tablet":{"background-color":"","background-image":"","background-repeat":"repeat","background-position":"center center","background-size":"auto","background-attachment":"scroll","background-type":"","background-media":"","overlay-type":"","overlay-color":"","overlay-opacity":"","overlay-gradient":""},"mobile":{"background-color":"","background-image":"","background-repeat":"repeat","background-position":"center center","background-size":"auto","background-attachment":"scroll","background-type":"","background-media":"","overlay-type":"","overlay-color":"","overlay-opacity":"","overlay-gradient":""}},"ast-content-background-meta":{"desktop":{"background-color":"var(--ast-global-color-4)","background-image":"","background-repeat":"repeat","background-position":"center center","background-size":"auto","background-attachment":"scroll","background-type":"","background-media":"","overlay-type":"","overlay-color":"","overlay-opacity":"","overlay-gradient":""},"tablet":{"background-color":"var(--ast-global-color-4)","background-image":"","background-repeat":"repeat","background-position":"center center","background-size":"auto","background-attachment":"scroll","background-type":"","background-media":"","overlay-type":"","overlay-color":"","overlay-opacity":"","overlay-gradient":""},"mobile":{"background-color":"var(--ast-global-color-4)","background-image":"","background-repeat":"repeat","background-position":"center center","background-size":"auto","background-attachment":"scroll","background-type":"","background-media":"","overlay-type":"","overlay-color":"","overlay-opacity":"","overlay-gradient":""}}},"product_brand":[],"product_cat":[147,139,146],"product_tag":[],"class_list":{"0":"post-110251","1":"product","2":"type-product","3":"status-publish","5":"product_cat-kabatok","6":"product_cat-motoros-ruhazat","7":"product_cat-orias-meretu-motoros-ruhazat","8":"desktop-align-left","9":"tablet-align-left","10":"mobile-align-left","12":"first","13":"instock","14":"shipping-taxable","15":"purchasable","16":"product-type-simple"},"jetpack_sharing_enabled":true,"_links":{"self":[{"href":"https:\/\/zatureczkimarcell.ddns.net\/wordpress\/wp-json\/wp\/v2\/product\/110251","targetHints":{"allow":["GET"]}}],"collection":[{"href":"https:\/\/zatureczkimarcell.ddns.net\/wordpress\/wp-json\/wp\/v2\/product"}],"about":[{"href":"https:\/\/zatureczkimarcell.ddns.net\/wordpress\/wp-json\/wp\/v2\/types\/product"}],"wp:attachment":[{"href":"https:\/\/zatureczkimarcell.ddns.net\/wordpress\/wp-json\/wp\/v2\/media?parent=110251"}],"wp:term":[{"taxonomy":"product_brand","embeddable":true,"href":"https:\/\/zatureczkimarcell.ddns.net\/wordpress\/wp-json\/wp\/v2\/product_brand?post=110251"},{"taxonomy":"product_cat","embeddable":true,"href":"https:\/\/zatureczkimarcell.ddns.net\/wordpress\/wp-json\/wp\/v2\/product_cat?post=110251"},{"taxonomy":"product_tag","embeddable":true,"href":"https:\/\/zatureczkimarcell.ddns.net\/wordpress\/wp-json\/wp\/v2\/product_tag?post=110251"}],"curies":[{"name":"wp","href":"https:\/\/api.w.org\/{rel}","templated":true}]}}