{"id":110250,"date":"2026-04-01T10:50:10","date_gmt":"2026-04-01T08:50:10","guid":{"rendered":"https:\/\/zatureczkimarcell.ddns.net\/wordpress\/?post_type=product&#038;p=110250"},"modified":"2026-04-01T10:50:23","modified_gmt":"2026-04-01T08:50:23","slug":"modeka-panamericana-negy-evszakos-noi-motoros-nadrag-sympatex-membrannal-2","status":"publish","type":"product","link":"https:\/\/zatureczkimarcell.ddns.net\/wordpress\/termek\/modeka-panamericana-negy-evszakos-noi-motoros-nadrag-sympatex-membrannal-2\/","title":{"rendered":"Modeka Panamericana n\u00e9gy \u00e9vszakos n\u0151i motoros nadr\u00e1g Sympatex membr\u00e1nnal"},"content":{"rendered":"<p style=\"box-sizing: border-box; margin: 0px 0px 10px; max-width: 100%; font-family: Roboto, sans-serif; font-size: 16px;\"><span style=\"box-sizing: border-box; max-width: 100%; color: rgb(255, 0, 0);\"><span style=\"box-sizing: border-box; max-width: 100%;\"><strong style=\"box-sizing: border-box; font-weight: bold; max-width: 100%;\">Figyelem ! A Modeka Panamericana Lady a Motorrad magazinn&aacute;l SEHR GUT min\u0151s&iacute;t&eacute;st szerzett!&nbsp;<\/strong><\/span><\/span><\/p>\n<p style=\"box-sizing: border-box; margin: 0px 0px 10px; max-width: 100%; font-family: Roboto, sans-serif; font-size: 16px;\"><span style=\"box-sizing: border-box; max-width: 100%; color: rgb(255, 0, 0);\"><span style=\"box-sizing: border-box; max-width: 100%;\"><strong style=\"box-sizing: border-box; font-weight: bold; max-width: 100%;\">A legnagyobb p&eacute;ld&aacute;nysz&aacute;m&uacute; eur&oacute;pai magazin kiemelte a term&eacute;k magas tud&aacute;s&aacute;t &eacute;s k&eacute;nyelm&eacute;t!&nbsp;<\/strong><\/span><\/span><\/p>\n<p style=\"box-sizing: border-box; margin: 0px 0px 10px; max-width: 100%; font-family: Roboto, sans-serif; font-size: 16px;\"><span style=\"box-sizing: border-box; max-width: 100%;\"><strong style=\"box-sizing: border-box; font-weight: bold; max-width: 100%;\">K&uuml;l&ouml;n&ouml;sen k&eacute;nyelmes , er\u0151s szak&iacute;t&oacute;szil&aacute;rds&aacute;g&uacute; Tactel anyagb&oacute;l k&eacute;sz&uuml;lt pr&eacute;mium min\u0151s&eacute;g\u0171 n&eacute;gy &eacute;vszakos motoros nadr&aacute;g&nbsp;<\/strong><\/span><\/p>\n<p style=\"box-sizing: border-box; margin: 0px 0px 10px; max-width: 100%; font-family: Roboto, sans-serif; font-size: 16px;\"><span style=\"box-sizing: border-box; max-width: 100%;\"><strong style=\"box-sizing: border-box; font-weight: bold; max-width: 100%;\">Az er\u0151sen ig&eacute;nybevett r&eacute;szeken 1000D Cordura meger\u0151s&iacute;t&eacute;ssel!<\/strong><\/span><\/p>\n<p style=\"box-sizing: border-box; margin: 0px 0px 10px; max-width: 100%; font-family: Roboto, sans-serif; font-size: 16px;\"><span style=\"box-sizing: border-box; max-width: 100%;\"><strong style=\"box-sizing: border-box; font-weight: bold; max-width: 100%;\">DuPont Kevl&aacute;r h\u0151v&eacute;delem a l&aacute;bsz&aacute;r r&eacute;szen.<\/strong><\/span><\/p>\n<p style=\"box-sizing: border-box; margin: 0px 0px 10px; max-width: 100%; font-family: Roboto, sans-serif; font-size: 16px;\"><span style=\"box-sizing: border-box; max-width: 100%;\"><strong style=\"box-sizing: border-box; font-weight: bold; max-width: 100%;\">Cs&uacute;sz&aacute;sg&aacute;tl&oacute; anyag az &uuml;l\u0151 fel&uuml;leten.<\/strong><\/span><\/p>\n<p style=\"box-sizing: border-box; margin: 0px 0px 10px; max-width: 100%; font-family: Roboto, sans-serif; font-size: 16px;\"><span style=\"box-sizing: border-box; max-width: 100%;\"><strong style=\"box-sizing: border-box; font-weight: bold; max-width: 100%;\">&quot;Air Draft &quot;&nbsp;Szell\u0151ztet\u0151 zsebek &eacute;s nyithat&oacute; Airvent szell\u0151z\u0151 cipz&aacute;rak<\/strong><\/span><\/p>\n<p style=\"box-sizing: border-box; margin: 0px 0px 10px; max-width: 100%; font-family: Roboto, sans-serif; font-size: 16px;\"><span style=\"box-sizing: border-box; max-width: 100%;\"><strong style=\"box-sizing: border-box; font-weight: bold; max-width: 100%;\">F&eacute;nyvisszaver\u0151 3M &trade; Scotchlite &trade; bet&eacute;tekkel<\/strong><\/span><\/p>\n<p style=\"box-sizing: border-box; margin: 0px 0px 10px; max-width: 100%; font-family: Roboto, sans-serif; font-size: 16px;\"><span style=\"box-sizing: border-box; max-width: 100%;\"><strong style=\"box-sizing: border-box; font-weight: bold; max-width: 100%;\">Kivehet\u0151 Sympatex&reg; membr&aacute;n: 100% v&iacute;z&aacute;ll&oacute; &eacute;s sz&eacute;l&aacute;ll&oacute;, l&eacute;legz\u0151, dinamikus kl&iacute;mamembr&aacute;n .<\/strong><\/span><strong style=\"box-sizing: border-box; font-weight: bold; max-width: 100%;\"><span style=\"box-sizing: border-box; max-width: 100%; color: rgb(255, 0, 0);\">Err\u0151l a legmagasabb tud&aacute;s&uacute; (45.000mm) membr&aacute;nr&oacute;l lejjebb r&eacute;szletesen is olvashatsz! FIGYELEM! A LEGMAGASABB TUD&Aacute;S&Uacute; DINAMIKUS L&Eacute;LEGZ\u0150 MEMBR&Aacute;NTECHNOL&Oacute;GIA JELENLEG A VIL&Aacute;GON!&nbsp;<\/span><\/strong><br style=\"box-sizing: border-box; max-width: 100%;\" \/><br \/>\n<span style=\"box-sizing: border-box; max-width: 100%;\"><strong style=\"box-sizing: border-box; font-weight: bold; max-width: 100%;\">Kivehet\u0151&nbsp; termikus b&eacute;l&eacute;s<\/strong><\/span><\/p>\n<p style=\"box-sizing: border-box; margin: 0px 0px 10px; max-width: 100%; font-family: Roboto, sans-serif; font-size: 16px;\"><span style=\"box-sizing: border-box; max-width: 100%;\"><strong style=\"box-sizing: border-box; font-weight: bold; max-width: 100%;\">&Aacute;ll&iacute;that&oacute; magass&aacute;g&uacute; SAS-TEC t&eacute;rdv&eacute;d\u0151 .<span style=\"box-sizing: border-box; max-width: 100%; color: rgb(255, 0, 0);\">A jelenlegi legmagasabb LEVEL2&nbsp;v&eacute;delmi szint\u0171 t&eacute;rd v&eacute;delem.<\/span><\/strong><\/span><\/p>\n<p style=\"box-sizing: border-box; margin: 0px 0px 10px; max-width: 100%; font-family: Roboto, sans-serif; font-size: 16px;\"><span style=\"box-sizing: border-box; max-width: 100%;\"><strong style=\"box-sizing: border-box; font-weight: bold; max-width: 100%;\">A nadr&aacute;gban a t&eacute;rdprotektor helyzete &aacute;ll&iacute;that&oacute;, &iacute;gy a be&aacute;ll&iacute;t&aacute;st k&ouml;vet\u0151en mindenki sz&aacute;m&aacute;ra azonnal t&ouml;k&eacute;letes helyen lesz a protektor .<\/strong><\/span><\/p>\n<p style=\"box-sizing: border-box; margin: 0px 0px 10px; max-width: 100%; font-family: Roboto, sans-serif; font-size: 16px;\"><span style=\"box-sizing: border-box; max-width: 100%;\"><strong style=\"box-sizing: border-box; font-weight: bold; max-width: 100%;\">Cs&iacute;p\u0151v&eacute;d\u0151 protektorokkal&nbsp;<br style=\"box-sizing: border-box; max-width: 100%;\" \/><br \/>\n2 v&iacute;z&aacute;ll&oacute; k&uuml;ls\u0151 zsebbel<br style=\"box-sizing: border-box; max-width: 100%;\" \/><br \/>\n&quot;Safety&quot; biztons&aacute;gi varr&aacute;ssal k&eacute;sz&uuml;lt term&eacute;k<\/strong><\/span><\/p>\n<p style=\"box-sizing: border-box; margin: 0px 0px 10px; max-width: 100%; font-family: Roboto, sans-serif; font-size: 16px;\"><span style=\"box-sizing: border-box; max-width: 100%;\"><strong style=\"box-sizing: border-box; font-weight: bold; max-width: 100%;\">Levehet\u0151 kant&aacute;rral&nbsp;<\/strong><\/span><\/p>\n<p style=\"box-sizing: border-box; margin: 0px 0px 10px; max-width: 100%; font-family: Roboto, sans-serif; font-size: 16px;\"><span style=\"box-sizing: border-box; max-width: 100%;\"><strong style=\"box-sizing: border-box; font-weight: bold; max-width: 100%;\">M&eacute;retek: 34,36,38,40,42,44,46,48.<\/strong><\/span><\/p>\n<p style=\"box-sizing: border-box; margin: 0px 0px 10px; max-width: 100%; font-family: Roboto, sans-serif; font-size: 16px;\"><span style=\"box-sizing: border-box; max-width: 100%;\"><strong style=\"box-sizing: border-box; font-weight: bold; max-width: 100%;\">Figyelem!&nbsp;<span style=\"color: rgb(255, 0, 0);\">El&eacute;rhet\u0151 a term&eacute;kb\u0151l r&ouml;vid&iacute;tett fazon is.<\/span>&nbsp;A r&ouml;vid&iacute;tett fazon el\u0151nye, hogy az alacsonyabb h&ouml;lgyeknek is azonnal t&ouml;k&eacute;letes helyre ker&uuml;l a t&eacute;rdprotektor.<\/strong><\/span><\/p>\n<p style=\"box-sizing: border-box; margin: 0px 0px 10px; max-width: 100%; font-family: Roboto, sans-serif; font-size: 16px;\">\n<p style=\"box-sizing: border-box; margin: 0px 0px 10px; max-width: 100%; font-family: Roboto, sans-serif; font-size: 16px;\"><strong style=\"box-sizing: border-box; font-weight: bold; max-width: 100%;\">A term&eacute;kr\u0151l v&aacute;s&aacute;rl&oacute;i v&eacute;lem&eacute;ny olvashat&oacute; ide kattintva:&nbsp;<a href=\"http:\/\/darazsgarazs.hu\/termek\/modeka-panamericana-vasarloi-teszt.796.html\" style=\"box-sizing: border-box; background-color: transparent; color: rgb(51, 122, 183); text-decoration-line: none; max-width: 100%;\">http:\/\/darazsgarazs.hu\/termek\/modeka-panamericana-vasarloi-teszt.796.html<\/a><\/strong><\/p>\n<p style=\"box-sizing: border-box; margin: 0px 0px 10px; max-width: 100%; font-family: Roboto, sans-serif; font-size: 16px;\"><span style=\"box-sizing: border-box; max-width: 100%;\"><strong style=\"box-sizing: border-box; font-weight: bold; max-width: 100%;\">Kab&aacute;ttal &ouml;sszecipz&aacute;razhat&oacute;<\/strong><\/span><\/p>\n<p style=\"box-sizing: border-box; margin: 0px 0px 10px; max-width: 100%; font-family: Roboto, sans-serif; font-size: 16px;\"><span style=\"box-sizing: border-box; max-width: 100%;\"><strong style=\"box-sizing: border-box; font-weight: bold; max-width: 100%;\">A term&eacute;khez el&eacute;rhet\u0151 a Panamericana kab&aacute;t , az al&aacute;bbi linkekre kattintva:&nbsp;<a href=\"https:\/\/darazsgarazs.hu\/index.php\/termek\/modeka-panamericana-noi-tesztgyoztes-negy-evszakos-motoros-kabat.1503.html\">https:\/\/darazsgarazs.hu\/index.php\/termek\/modeka-panamericana-noi-tesztgyoztes-negy-evszakos-motoros-kabat.1503.html<\/a><\/strong><\/span><\/p>\n<p style=\"box-sizing: border-box; margin: 0px 0px 10px; max-width: 100%; font-family: Roboto, sans-serif; font-size: 16px;\">\n<p style=\"box-sizing: border-box; margin: 0px 0px 10px; max-width: 100%; font-family: Roboto, sans-serif; font-size: 16px;\"><span style=\"box-sizing: border-box; max-width: 100%;\"><strong style=\"box-sizing: border-box; font-weight: bold; max-width: 100%;\">A Panamericana term&eacute;kcsal&aacute;d keszty\u0171j&eacute;t az al&aacute;bbi linkre kattintva tekintheted meg:&nbsp;<\/strong><\/span><\/p>\n<p style=\"box-sizing: border-box; margin: 0px 0px 10px; max-width: 100%; font-family: Roboto, sans-serif; font-size: 16px;\"><span style=\"box-sizing: border-box; max-width: 100%;\"><strong style=\"box-sizing: border-box; font-weight: bold; max-width: 100%;\"><a href=\"https:\/\/darazsgarazs.hu\/termek\/modeka-panamericana-motoros-kesztyu.750.html\" style=\"box-sizing: border-box; background-color: transparent; color: rgb(51, 122, 183); text-decoration-line: none; max-width: 100%;\">https:\/\/darazsgarazs.hu\/termek\/modeka-panamericana-motoros-kesztyu.750.html<\/a><\/strong><\/span><\/p>\n<p style=\"box-sizing: border-box; margin: 0px 0px 10px; max-width: 100%; font-family: Roboto, sans-serif; font-size: 16px;\"><span style=\"box-sizing: border-box; max-width: 100%; color: rgb(255, 0, 0);\"><strong style=\"box-sizing: border-box; font-weight: bold; max-width: 100%;\">Figyelem! Amit a Sympatex membr&aacute;nr&oacute;l tudni &eacute;rdemes:&nbsp;<\/strong><\/span><\/p>\n<p style=\"box-sizing: border-box; margin: 0px 0px 10px; max-width: 100%; font-family: Roboto, sans-serif; font-size: 16px;\"><span style=\"box-sizing: border-box; max-width: 100%; color: rgb(255, 0, 0);\"><strong style=\"box-sizing: border-box; font-weight: bold; max-width: 100%;\">Sympatex membr&aacute;n&reg;&nbsp;<\/strong><\/span><span style=\"box-sizing: border-box; max-width: 100%;\"><strong style=\"box-sizing: border-box; font-weight: bold; max-width: 100%;\"><span segoe=\"\" style=\"box-sizing: border-box; max-width: 100%; color: rgb(68, 68, 68);\" ui=\"\">K&ouml;nny\u0171, ultrav&eacute;kony&nbsp;membr&aacute;n, ami teljesen v&iacute;z- &eacute;s sz&eacute;l&aacute;ll&oacute;, valamint maxim&aacute;lisan l&eacute;legz\u0151. Ez a r&eacute;teg a b&eacute;l&eacute;s &eacute;s ruh&aacute;zat k&uuml;ls\u0151 r&eacute;tege k&ouml;z&ouml;tt egy falat jelent a nedvess&eacute;gnek de a dinamikus membr&aacute;ntechnol&oacute;gi&aacute;nak k&ouml;sz&ouml;nhet\u0151en kiengedi a p&aacute;r&aacute;t, &iacute;gy a tested teljes fel&uuml;let&eacute;n l&eacute;legezhet.&nbsp;<\/span><\/strong><\/span><span style=\"box-sizing: border-box; max-width: 100%;\"><strong style=\"box-sizing: border-box; font-weight: bold; max-width: 100%; font-size: 14px;\"><span open=\"\" sans=\"\" style=\"box-sizing: border-box; max-width: 100%; color: rgb(0, 0, 0);\">A legt&ouml;bb membr&aacute;ntechnol&oacute;gi&aacute;val ellent&eacute;tben nem por&oacute;zus membr&aacute;n, azaz nem csak fizikai, hanem k&eacute;miai elven is m\u0171k&ouml;dik. A membr&aacute;n v&iacute;zsz&iacute;v&oacute; r&eacute;sze felveszi a nedvess&eacute;get a test fel\u0151l, &aacute;tvezeti mag&aacute;n, &eacute;s a k&uuml;ls\u0151 felsz&iacute;n&eacute;n engedi elp&aacute;rologni. Ilyenkor a molekul&aacute;ris p&aacute;raszemcs&eacute;ket hidrofil molekul&aacute;ris l&aacute;ncok sz&aacute;ll&iacute;tj&aacute;k kifel&eacute;. A membr&aacute;n molekul&aacute;ris strukt&uacute;r&aacute;ja nedvess&eacute;g hat&aacute;s&aacute;ra megduzzad, &iacute;gy&nbsp;helyet biztos&iacute;t a v&iacute;zg\u0151z gyors &aacute;thalad&aacute;s&aacute;hoz &eacute;s elp&aacute;rolg&aacute;s&aacute;hoz. Ez a hat&aacute;s a h\u0151m&eacute;rs&eacute;klet-k&uuml;l&ouml;nbs&eacute;g &eacute;s a termel\u0151d&ouml;tt p&aacute;ra mennyis&eacute;g&eacute;vel ar&aacute;nyosan fokoz&oacute;dik.<\/span><\/strong><\/span><br segoe=\"\" style=\"box-sizing: inherit; max-width: 100%; color: rgb(68, 68, 68);\" ui=\"\" \/><br \/>\n<span style=\"box-sizing: border-box; max-width: 100%;\"><strong style=\"box-sizing: border-box; font-weight: bold; max-width: 100%;\"><span segoe=\"\" style=\"box-sizing: border-box; max-width: 100%; color: rgb(68, 68, 68);\" ui=\"\">Teh&aacute;t a&nbsp;Sympatex membr&aacute;n &eacute;rz&eacute;keli az izzadts&aacute;got &eacute;s a&nbsp;nedvess&eacute;get t&ouml;k&eacute;letesen elvezeti a testfel&uuml;letr\u0151l. A DIN EN ISO 9237 tan&uacute;s&iacute;tv&aacute;ny szerint a membr&aacute;n teljesen sz&eacute;l&aacute;ll&oacute;&nbsp;<\/span><\/strong><\/span><strong style=\"box-sizing: border-box; font-weight: bold; max-width: 100%;\"><span segoe=\"\" style=\"box-sizing: border-box; max-width: 100%; color: rgb(68, 68, 68);\" ui=\"\">(azaz 0 liter\/m&sup2;)<\/span><\/strong><span style=\"box-sizing: border-box; max-width: 100%;\"><strong style=\"box-sizing: border-box; font-weight: bold; max-width: 100%;\"><span segoe=\"\" style=\"box-sizing: border-box; max-width: 100%; color: rgb(68, 68, 68);\" ui=\"\">, egy&aacute;ltal&aacute;n nem jut &aacute;t rajta a menetsz&eacute;l&nbsp;, &iacute;gy az nem mozgatja el a testet k&ouml;r&uuml;lvev\u0151 melegebb l&eacute;gr&eacute;teget. Az anyag a v&iacute;z&aacute;ll&oacute;s&aacute;g ter&eacute;n is kimagasl&oacute; tulajdons&aacute;gokkal rendelkezik. Az EN 343 szabv&aacute;ny &eacute;rtelm&eacute;ben egy membr&aacute;n akkor tekinthet\u0151 v&iacute;zhatlannak, ha ellen&aacute;ll egy 1300 mm magas v&iacute;zoszlop nyom&aacute;s&aacute;nak. Az ISO 811 tan&uacute;s&iacute;tv&aacute;ny szerint a Sympatex membr&aacute;n messze fel&uuml;lm&uacute;lja ezt a k&ouml;vetelm&eacute;nyt, hiszen 45 000 mm magas v&iacute;zoszlop nyom&aacute;s&aacute;nak is k&eacute;pes ellen&aacute;llni &iacute;gy jelenleg&nbsp;<\/span><span style=\"box-sizing: border-box; max-width: 100%; color: rgb(255, 0, 0);\"><span segoe=\"\" style=\"box-sizing: border-box; max-width: 100%;\" ui=\"\">a vil&aacute;g legmagasabb tud&aacute;s&uacute; membr&aacute;n technol&oacute;gi&aacute;ja!<\/span><\/span><\/strong><\/span><\/p>\n<p style=\"box-sizing: border-box; margin: 0px 0px 10px; max-width: 100%; font-family: Roboto, sans-serif; font-size: 14px; line-height: 15.6pt;\">Tov&aacute;bbi term&eacute;ktulajdons&aacute;gok&eacute;rt l&aacute;togasd meg az anyaglexikon men&uuml;pontunkat !<\/p>\n<p style=\"box-sizing: border-box; margin: 0px 0px 10px; max-width: 100%; font-family: Roboto, sans-serif; font-size: 14px; line-height: 15.6pt;\"><strong style=\"box-sizing: border-box; font-weight: bold; max-width: 100%; font-size: 16px;\">Haszn&aacute;lati &eacute;s kezel&eacute;si &uacute;tmutat&oacute; a term&eacute;khez&nbsp;el&eacute;rhet\u0151 ide kattintva:&nbsp;<a href=\"https:\/\/darazsgarazs.hu\/index.php\/termek\/hasznalati-utmutato.1155.html\" style=\"box-sizing: border-box; background-color: transparent; color: rgb(51, 122, 183); text-decoration-line: none; max-width: 100%;\">https:\/\/darazsgarazs.hu\/index.php\/termek\/hasznalati-utmutato.1155.html<\/a><\/strong><\/p>\n<p style=\"box-sizing: border-box; margin: 0px 0px 10px; max-width: 100%; font-family: Roboto, sans-serif; font-size: 16px;\">A term&eacute;k rendeltet&eacute;sszer\u0171 haszn&aacute;lat sor&aacute;n&nbsp;speci&aacute;lis mos&oacute;szerrel tiszt&iacute;that&oacute; !<\/p>\n<p style=\"box-sizing: border-box; margin: 0px 0px 10px; max-width: 100%; font-family: Roboto, sans-serif; font-size: 16px;\">A mos&oacute;szer speci&aacute;lisan technikai &ndash; motoros ruh&aacute;zathoz lett fejlesztve, haszn&aacute;lat&aacute;val a term&eacute;kek nem csak tiszt&aacute;n tarthat&oacute;ak, de v&aacute;rhat&oacute; haszn&aacute;lati idej&uuml;k is n&ouml;vekszik! A mos&oacute;szer megv&aacute;s&aacute;rolhat&oacute; &uuml;zlet&uuml;nkben.&nbsp;<\/p>\n","protected":false},"excerpt":{"rendered":"<p>Figyelem ! A Modeka Panamericana Lady a Motorrad magazinn&aacute;l SEHR GUT min\u0151s&iacute;t&eacute;st szerzett!&nbsp; A legnagyobb p&eacute;ld&aacute;nysz&aacute;m&uacute; eur&oacute;pai magazin kiemelte a [&hellip;]<\/p>\n","protected":false},"featured_media":0,"template":"","meta":{"site-sidebar-layout":"default","site-content-layout":"","ast-site-content-layout":"default","site-content-style":"default","site-sidebar-style":"default","ast-global-header-display":"","ast-banner-title-visibility":"","ast-main-header-display":"","ast-hfb-above-header-display":"","ast-hfb-below-header-display":"","ast-hfb-mobile-header-display":"","site-post-title":"","ast-breadcrumbs-content":"","ast-featured-img":"","footer-sml-layout":"","ast-disable-related-posts":"","theme-transparent-header-meta":"","adv-header-id-meta":"","stick-header-meta":"","header-above-stick-meta":"","header-main-stick-meta":"","header-below-stick-meta":"","astra-migrate-meta-layouts":"default","ast-page-background-enabled":"default","ast-page-background-meta":{"desktop":{"background-color":"var(--ast-global-color-5)","background-image":"","background-repeat":"repeat","background-position":"center center","background-size":"auto","background-attachment":"scroll","background-type":"","background-media":"","overlay-type":"","overlay-color":"","overlay-opacity":"","overlay-gradient":""},"tablet":{"background-color":"","background-image":"","background-repeat":"repeat","background-position":"center center","background-size":"auto","background-attachment":"scroll","background-type":"","background-media":"","overlay-type":"","overlay-color":"","overlay-opacity":"","overlay-gradient":""},"mobile":{"background-color":"","background-image":"","background-repeat":"repeat","background-position":"center center","background-size":"auto","background-attachment":"scroll","background-type":"","background-media":"","overlay-type":"","overlay-color":"","overlay-opacity":"","overlay-gradient":""}},"ast-content-background-meta":{"desktop":{"background-color":"var(--ast-global-color-4)","background-image":"","background-repeat":"repeat","background-position":"center center","background-size":"auto","background-attachment":"scroll","background-type":"","background-media":"","overlay-type":"","overlay-color":"","overlay-opacity":"","overlay-gradient":""},"tablet":{"background-color":"var(--ast-global-color-4)","background-image":"","background-repeat":"repeat","background-position":"center center","background-size":"auto","background-attachment":"scroll","background-type":"","background-media":"","overlay-type":"","overlay-color":"","overlay-opacity":"","overlay-gradient":""},"mobile":{"background-color":"var(--ast-global-color-4)","background-image":"","background-repeat":"repeat","background-position":"center center","background-size":"auto","background-attachment":"scroll","background-type":"","background-media":"","overlay-type":"","overlay-color":"","overlay-opacity":"","overlay-gradient":""}}},"product_brand":[],"product_cat":[139,138],"product_tag":[],"class_list":{"0":"post-110250","1":"product","2":"type-product","3":"status-publish","5":"product_cat-motoros-ruhazat","6":"product_cat-nadragok","7":"desktop-align-left","8":"tablet-align-left","9":"mobile-align-left","11":"first","12":"instock","13":"sale","14":"shipping-taxable","15":"purchasable","16":"product-type-simple"},"jetpack_sharing_enabled":true,"_links":{"self":[{"href":"https:\/\/zatureczkimarcell.ddns.net\/wordpress\/wp-json\/wp\/v2\/product\/110250","targetHints":{"allow":["GET"]}}],"collection":[{"href":"https:\/\/zatureczkimarcell.ddns.net\/wordpress\/wp-json\/wp\/v2\/product"}],"about":[{"href":"https:\/\/zatureczkimarcell.ddns.net\/wordpress\/wp-json\/wp\/v2\/types\/product"}],"wp:attachment":[{"href":"https:\/\/zatureczkimarcell.ddns.net\/wordpress\/wp-json\/wp\/v2\/media?parent=110250"}],"wp:term":[{"taxonomy":"product_brand","embeddable":true,"href":"https:\/\/zatureczkimarcell.ddns.net\/wordpress\/wp-json\/wp\/v2\/product_brand?post=110250"},{"taxonomy":"product_cat","embeddable":true,"href":"https:\/\/zatureczkimarcell.ddns.net\/wordpress\/wp-json\/wp\/v2\/product_cat?post=110250"},{"taxonomy":"product_tag","embeddable":true,"href":"https:\/\/zatureczkimarcell.ddns.net\/wordpress\/wp-json\/wp\/v2\/product_tag?post=110250"}],"curies":[{"name":"wp","href":"https:\/\/api.w.org\/{rel}","templated":true}]}}