{"id":110246,"date":"2026-04-01T10:50:07","date_gmt":"2026-04-01T08:50:07","guid":{"rendered":"https:\/\/zatureczkimarcell.ddns.net\/wordpress\/?post_type=product&#038;p=110246"},"modified":"2026-04-01T10:50:21","modified_gmt":"2026-04-01T08:50:21","slug":"uteselnyelo-protektor-szett","status":"publish","type":"product","link":"https:\/\/zatureczkimarcell.ddns.net\/wordpress\/termek\/uteselnyelo-protektor-szett\/","title":{"rendered":"\u00dct\u00e9selnyel\u0151 protektor szett"},"content":{"rendered":"<p><span style=\"font-size:16px;\"><strong>&Uuml;t&eacute;selnyel\u0151 protektor szett .<\/strong><\/span><\/p>\n<p><span style=\"font-size:16px;\"><strong>K&eacute;nyelmes, a test mozg&aacute;s&aacute;t 100%-ban k&ouml;vet\u0151 &uuml;t&eacute;selnyel\u0151 protektorok .&nbsp;<\/strong><\/span><\/p>\n<p><span style=\"font-size:16px;\"><strong>A hosszabb p&aacute;r haszn&aacute;lhat&oacute; t&eacute;rd, vagy k&ouml;ny&ouml;k protektork&eacute;nt.<\/strong><\/span><\/p>\n<p><span style=\"font-size:16px;\"><strong>A r&ouml;videbb p&aacute;r pedig v&aacute;ll, vagy kisebb m&eacute;ret\u0171 k&ouml;ny&ouml;k-t&eacute;rd protektorzsebbe illeszthet\u0151.&nbsp;<\/strong><\/span><\/p>\n<p><span style=\"font-size:16px;\"><strong>M&eacute;retek:<\/strong><\/span><\/p>\n<p><span style=\"font-size:16px;\"><strong>R&ouml;videbb protektorok sz&eacute;less&eacute;ge kb. 13,5cm, hossza kb. 19cm&nbsp;<\/strong><\/span><\/p>\n<p><span style=\"font-size:16px;\"><strong>Hosszabb&nbsp;<\/strong><\/span><strong style=\"font-size: 16px;\">protektorok sz&eacute;less&eacute;ge kb. 14cm, hossza kb. 24cm<\/strong><\/p>\n<p><span style=\"font-size:16px;\"><strong>Level 1-es v&eacute;delmi szint.&nbsp;<\/strong><\/span><\/p>\n<p><span style=\"font-size:16px;\"><strong>Tiszt&iacute;t&aacute;sa nedves ruh&aacute;val.&nbsp;<\/strong><\/span><\/p>\n<p><span style=\"font-size:16px;\"><strong>Az &aacute;r a k&eacute;t p&aacute;rra <em>(&ouml;sszesen 4db<\/em>&nbsp;<em>protektorra<\/em>) vonatkozik.&nbsp;<\/strong><\/span><\/p>\n<\/p>\n<p><strong style=\"font-family: Roboto, sans-serif; font-size: 16px; box-sizing: border-box; max-width: 100%;\">Haszn&aacute;lati &eacute;s kezel&eacute;si &uacute;tmutat&oacute; a term&eacute;khez&nbsp;el&eacute;rhet\u0151 ide kattintva:&nbsp;<a href=\"https:\/\/darazsgarazs.hu\/index.php\/termek\/hasznalati-utmutato-protektorokhoz.1411.html\">https:\/\/darazsgarazs.hu\/index.php\/termek\/hasznalati-utmutato-protektorokhoz.1411.html<\/a><\/strong><\/p>\n","protected":false},"excerpt":{"rendered":"<p>&Uuml;t&eacute;selnyel\u0151 protektor szett . K&eacute;nyelmes, a test mozg&aacute;s&aacute;t 100%-ban k&ouml;vet\u0151 &uuml;t&eacute;selnyel\u0151 protektorok .&nbsp; A hosszabb p&aacute;r haszn&aacute;lhat&oacute; t&eacute;rd, vagy k&ouml;ny&ouml;k [&hellip;]<\/p>\n","protected":false},"featured_media":0,"template":"","meta":{"site-sidebar-layout":"default","site-content-layout":"","ast-site-content-layout":"default","site-content-style":"default","site-sidebar-style":"default","ast-global-header-display":"","ast-banner-title-visibility":"","ast-main-header-display":"","ast-hfb-above-header-display":"","ast-hfb-below-header-display":"","ast-hfb-mobile-header-display":"","site-post-title":"","ast-breadcrumbs-content":"","ast-featured-img":"","footer-sml-layout":"","ast-disable-related-posts":"","theme-transparent-header-meta":"","adv-header-id-meta":"","stick-header-meta":"","header-above-stick-meta":"","header-main-stick-meta":"","header-below-stick-meta":"","astra-migrate-meta-layouts":"default","ast-page-background-enabled":"default","ast-page-background-meta":{"desktop":{"background-color":"var(--ast-global-color-5)","background-image":"","background-repeat":"repeat","background-position":"center center","background-size":"auto","background-attachment":"scroll","background-type":"","background-media":"","overlay-type":"","overlay-color":"","overlay-opacity":"","overlay-gradient":""},"tablet":{"background-color":"","background-image":"","background-repeat":"repeat","background-position":"center center","background-size":"auto","background-attachment":"scroll","background-type":"","background-media":"","overlay-type":"","overlay-color":"","overlay-opacity":"","overlay-gradient":""},"mobile":{"background-color":"","background-image":"","background-repeat":"repeat","background-position":"center center","background-size":"auto","background-attachment":"scroll","background-type":"","background-media":"","overlay-type":"","overlay-color":"","overlay-opacity":"","overlay-gradient":""}},"ast-content-background-meta":{"desktop":{"background-color":"var(--ast-global-color-4)","background-image":"","background-repeat":"repeat","background-position":"center center","background-size":"auto","background-attachment":"scroll","background-type":"","background-media":"","overlay-type":"","overlay-color":"","overlay-opacity":"","overlay-gradient":""},"tablet":{"background-color":"var(--ast-global-color-4)","background-image":"","background-repeat":"repeat","background-position":"center center","background-size":"auto","background-attachment":"scroll","background-type":"","background-media":"","overlay-type":"","overlay-color":"","overlay-opacity":"","overlay-gradient":""},"mobile":{"background-color":"var(--ast-global-color-4)","background-image":"","background-repeat":"repeat","background-position":"center center","background-size":"auto","background-attachment":"scroll","background-type":"","background-media":"","overlay-type":"","overlay-color":"","overlay-opacity":"","overlay-gradient":""}}},"product_brand":[],"product_cat":[130],"product_tag":[],"class_list":{"0":"post-110246","1":"product","2":"type-product","3":"status-publish","5":"product_cat-protektorok","6":"desktop-align-left","7":"tablet-align-left","8":"mobile-align-left","10":"first","11":"instock","12":"shipping-taxable","13":"purchasable","14":"product-type-simple"},"jetpack_sharing_enabled":true,"_links":{"self":[{"href":"https:\/\/zatureczkimarcell.ddns.net\/wordpress\/wp-json\/wp\/v2\/product\/110246","targetHints":{"allow":["GET"]}}],"collection":[{"href":"https:\/\/zatureczkimarcell.ddns.net\/wordpress\/wp-json\/wp\/v2\/product"}],"about":[{"href":"https:\/\/zatureczkimarcell.ddns.net\/wordpress\/wp-json\/wp\/v2\/types\/product"}],"wp:attachment":[{"href":"https:\/\/zatureczkimarcell.ddns.net\/wordpress\/wp-json\/wp\/v2\/media?parent=110246"}],"wp:term":[{"taxonomy":"product_brand","embeddable":true,"href":"https:\/\/zatureczkimarcell.ddns.net\/wordpress\/wp-json\/wp\/v2\/product_brand?post=110246"},{"taxonomy":"product_cat","embeddable":true,"href":"https:\/\/zatureczkimarcell.ddns.net\/wordpress\/wp-json\/wp\/v2\/product_cat?post=110246"},{"taxonomy":"product_tag","embeddable":true,"href":"https:\/\/zatureczkimarcell.ddns.net\/wordpress\/wp-json\/wp\/v2\/product_tag?post=110246"}],"curies":[{"name":"wp","href":"https:\/\/api.w.org\/{rel}","templated":true}]}}