{"id":110242,"date":"2026-04-01T10:50:03","date_gmt":"2026-04-01T08:50:03","guid":{"rendered":"https:\/\/zatureczkimarcell.ddns.net\/wordpress\/?post_type=product&#038;p=110242"},"modified":"2026-04-01T10:50:19","modified_gmt":"2026-04-01T08:50:19","slug":"modeka-varus-negy-evszakos-vizallo-motoros-textilkabat","status":"publish","type":"product","link":"https:\/\/zatureczkimarcell.ddns.net\/wordpress\/termek\/modeka-varus-negy-evszakos-vizallo-motoros-textilkabat\/","title":{"rendered":"Modeka Varus n\u00e9gy \u00e9vszakos v\u00edz\u00e1ll\u00f3 motoros textilkab\u00e1t"},"content":{"rendered":"<div><strong><span style=\"font-size:16px;\">Sokoldal&uacute;,&nbsp;h&aacute;rom r&eacute;teg\u0171, n&eacute;gy &eacute;vszakos, v&iacute;z&aacute;ll&oacute; motoros kab&aacute;t kedvez\u0151 &aacute;rkateg&oacute;ri&aacute;ban.&nbsp;<\/span><\/strong><\/div>\n<div><strong><span style=\"font-size:16px;\">A j&oacute;l szell\u0151z\u0151 k&uuml;ls\u0151 r&eacute;sz alatti kivehet\u0151 Reissa&reg; es\u0151 &eacute;s sz&eacute;l&aacute;ll&oacute; membr&aacute;n &eacute;s a kivehet\u0151 thermo h\u0151szigetel\u0151 r&eacute;teg, eg&eacute;sz &eacute;vben komfortos viseletet biztos&iacute;t.<\/span><\/strong><\/div>\n<div><\/div>\n<div><strong><span style=\"font-size:16px;\">Jellemz\u0151k:<\/span><\/strong><\/div>\n<div><strong><span style=\"font-size:16px;\">Kivehet\u0151 h\u0151szigetel\u0151 thermo b&eacute;l&eacute;s,<\/span><\/strong><\/div>\n<div><strong><span style=\"font-size:16px;\">Kivehet\u0151 (10 000 mm tud&aacute;s&uacute;)Reissa&reg; sz&eacute;l &eacute;s es\u0151&aacute;ll&oacute; membr&aacute;n. 100%-ban v&iacute;z&aacute;ll&oacute; &eacute;s sz&eacute;l&aacute;ll&oacute;, l&eacute;legz\u0151.<\/span><\/strong><\/div>\n<div><strong><span style=\"font-size:16px;\">AirDraft: 2 nagym&eacute;ret\u0171 szell\u0151z\u0151ny&iacute;l&aacute;s a mellkason<\/span><\/strong><\/div>\n<div><strong><span style=\"font-size:16px;\">AirVent: szell\u0151z\u0151cipz&aacute;rak a kab&aacute;t t&ouml;bb pontj&aacute;n.&nbsp;<\/span><\/strong><\/div>\n<div><strong><span style=\"font-size:16px;\">V&aacute;ll &eacute;s k&ouml;ny&ouml;k protektorokkal.&nbsp;<\/span><\/strong><\/div>\n<div><strong><span style=\"font-size:16px;\">Gerincprotektor r&eacute;sz&eacute;re kialak&iacute;tott gy&aacute;ri protektorzseb. (Gerincprotektor v&aacute;s&aacute;rolhat&oacute; &uuml;zlet&uuml;nkben)&nbsp;<\/span><\/strong><\/div>\n<div><strong><span style=\"font-size:16px;\">V&eacute;szhelyzeti\/azonos&iacute;t&oacute; zseb a bal alkaron.Ez a zseb, bankk&aacute;rty&aacute;hoz is haszn&aacute;lhat&oacute;, &iacute;gy a fizet\u0151kapukn&aacute;l, k&ouml;nny\u0171 &eacute;rint&eacute;ses fizet&eacute;st tesz lehet\u0151v&eacute;.&nbsp;<\/span><\/strong><\/div>\n<div><strong><span style=\"font-size:16px;\">Az er\u0151sen ig&eacute;nybevett r&eacute;szeken extra meger\u0151s&iacute;t&eacute;s.&nbsp;<\/span><\/strong><\/div>\n<div><strong style=\"font-family: Roboto, sans-serif; font-size: 16px; box-sizing: border-box; max-width: 100%;\">-Magas min\u0151s&eacute;g\u0171 YKK cipz&aacute;rral<\/strong><\/div>\n<div><\/div>\n<div><strong><span style=\"font-size:16px;\">M&eacute;retek: S, M, L, XL, 2XL, 3XL, 4XL&nbsp;<\/span><\/strong><\/div>\n<div><\/div>\n<div><span style=\"font-size:16px;\"><strong>Haszn&aacute;lati &eacute;s kezel&eacute;si &uacute;tmutat&oacute; a term&eacute;khez el&eacute;rhet\u0151 ide kattintva:<\/strong>&nbsp;<a href=\"https:\/\/darazsgarazs.hu\/index.php\/termek\/hasznalati-utmutato.1155.html\">https:\/\/darazsgarazs.hu\/index.php\/termek\/hasznalati-utmutato.1155.html<\/a><\/span><\/div>\n<div><\/div>\n<div>\n<p style=\"box-sizing: border-box; margin: 0px 0px 10px; max-width: 100%; font-family: Roboto, sans-serif; font-size: 16px;\">A term&eacute;k rendeltet&eacute;sszer\u0171 haszn&aacute;lat sor&aacute;n&nbsp;speci&aacute;lis mos&oacute;szerrel tiszt&iacute;that&oacute; !<\/p>\n<p style=\"box-sizing: border-box; margin: 0px 0px 10px; max-width: 100%; font-family: Roboto, sans-serif; font-size: 16px;\">A mos&oacute;szer speci&aacute;lisan technikai &ndash; motoros ruh&aacute;zathoz lett fejlesztve, haszn&aacute;lat&aacute;val a term&eacute;kek nem csak tiszt&aacute;n tarthat&oacute;ak, de v&aacute;rhat&oacute; haszn&aacute;lati idej&uuml;k is n&ouml;vekszik!<\/p>\n<p style=\"box-sizing: border-box; margin: 0px 0px 10px; max-width: 100%; font-family: Roboto, sans-serif; font-size: 16px;\">A Mos&oacute;szer &uuml;zlet&uuml;nkben megv&aacute;s&aacute;rolhat&oacute;.&nbsp;<\/p>\n<\/div>\n","protected":false},"excerpt":{"rendered":"<p>Sokoldal&uacute;,&nbsp;h&aacute;rom r&eacute;teg\u0171, n&eacute;gy &eacute;vszakos, v&iacute;z&aacute;ll&oacute; motoros kab&aacute;t kedvez\u0151 &aacute;rkateg&oacute;ri&aacute;ban.&nbsp; A j&oacute;l szell\u0151z\u0151 k&uuml;ls\u0151 r&eacute;sz alatti kivehet\u0151 Reissa&reg; es\u0151 &eacute;s sz&eacute;l&aacute;ll&oacute; [&hellip;]<\/p>\n","protected":false},"featured_media":0,"template":"","meta":{"site-sidebar-layout":"default","site-content-layout":"","ast-site-content-layout":"default","site-content-style":"default","site-sidebar-style":"default","ast-global-header-display":"","ast-banner-title-visibility":"","ast-main-header-display":"","ast-hfb-above-header-display":"","ast-hfb-below-header-display":"","ast-hfb-mobile-header-display":"","site-post-title":"","ast-breadcrumbs-content":"","ast-featured-img":"","footer-sml-layout":"","ast-disable-related-posts":"","theme-transparent-header-meta":"","adv-header-id-meta":"","stick-header-meta":"","header-above-stick-meta":"","header-main-stick-meta":"","header-below-stick-meta":"","astra-migrate-meta-layouts":"default","ast-page-background-enabled":"default","ast-page-background-meta":{"desktop":{"background-color":"var(--ast-global-color-5)","background-image":"","background-repeat":"repeat","background-position":"center center","background-size":"auto","background-attachment":"scroll","background-type":"","background-media":"","overlay-type":"","overlay-color":"","overlay-opacity":"","overlay-gradient":""},"tablet":{"background-color":"","background-image":"","background-repeat":"repeat","background-position":"center center","background-size":"auto","background-attachment":"scroll","background-type":"","background-media":"","overlay-type":"","overlay-color":"","overlay-opacity":"","overlay-gradient":""},"mobile":{"background-color":"","background-image":"","background-repeat":"repeat","background-position":"center center","background-size":"auto","background-attachment":"scroll","background-type":"","background-media":"","overlay-type":"","overlay-color":"","overlay-opacity":"","overlay-gradient":""}},"ast-content-background-meta":{"desktop":{"background-color":"var(--ast-global-color-4)","background-image":"","background-repeat":"repeat","background-position":"center center","background-size":"auto","background-attachment":"scroll","background-type":"","background-media":"","overlay-type":"","overlay-color":"","overlay-opacity":"","overlay-gradient":""},"tablet":{"background-color":"var(--ast-global-color-4)","background-image":"","background-repeat":"repeat","background-position":"center center","background-size":"auto","background-attachment":"scroll","background-type":"","background-media":"","overlay-type":"","overlay-color":"","overlay-opacity":"","overlay-gradient":""},"mobile":{"background-color":"var(--ast-global-color-4)","background-image":"","background-repeat":"repeat","background-position":"center center","background-size":"auto","background-attachment":"scroll","background-type":"","background-media":"","overlay-type":"","overlay-color":"","overlay-opacity":"","overlay-gradient":""}}},"product_brand":[],"product_cat":[147,139],"product_tag":[],"class_list":{"0":"post-110242","1":"product","2":"type-product","3":"status-publish","5":"product_cat-kabatok","6":"product_cat-motoros-ruhazat","7":"desktop-align-left","8":"tablet-align-left","9":"mobile-align-left","11":"first","12":"instock","13":"shipping-taxable","14":"purchasable","15":"product-type-simple"},"jetpack_sharing_enabled":true,"_links":{"self":[{"href":"https:\/\/zatureczkimarcell.ddns.net\/wordpress\/wp-json\/wp\/v2\/product\/110242","targetHints":{"allow":["GET"]}}],"collection":[{"href":"https:\/\/zatureczkimarcell.ddns.net\/wordpress\/wp-json\/wp\/v2\/product"}],"about":[{"href":"https:\/\/zatureczkimarcell.ddns.net\/wordpress\/wp-json\/wp\/v2\/types\/product"}],"wp:attachment":[{"href":"https:\/\/zatureczkimarcell.ddns.net\/wordpress\/wp-json\/wp\/v2\/media?parent=110242"}],"wp:term":[{"taxonomy":"product_brand","embeddable":true,"href":"https:\/\/zatureczkimarcell.ddns.net\/wordpress\/wp-json\/wp\/v2\/product_brand?post=110242"},{"taxonomy":"product_cat","embeddable":true,"href":"https:\/\/zatureczkimarcell.ddns.net\/wordpress\/wp-json\/wp\/v2\/product_cat?post=110242"},{"taxonomy":"product_tag","embeddable":true,"href":"https:\/\/zatureczkimarcell.ddns.net\/wordpress\/wp-json\/wp\/v2\/product_tag?post=110242"}],"curies":[{"name":"wp","href":"https:\/\/api.w.org\/{rel}","templated":true}]}}