{"id":110228,"date":"2026-04-01T10:49:31","date_gmt":"2026-04-01T08:49:31","guid":{"rendered":"https:\/\/zatureczkimarcell.ddns.net\/wordpress\/?post_type=product&#038;p=110228"},"modified":"2026-04-01T10:49:50","modified_gmt":"2026-04-01T08:49:50","slug":"marushin-goja-uvegszalas-japan-bukosisak-akar-fenyre-sotetedo-plexivel-is","status":"publish","type":"product","link":"https:\/\/zatureczkimarcell.ddns.net\/wordpress\/termek\/marushin-goja-uvegszalas-japan-bukosisak-akar-fenyre-sotetedo-plexivel-is\/","title":{"rendered":"Marushin Goja \u00fcvegsz\u00e1las Jap\u00e1n buk\u00f3sisak. Ak\u00e1r f\u00e9nyre s\u00f6t\u00e9ted\u0151 plexivel is!"},"content":{"rendered":"<p><span style=\"color:#000000;\"><strong>&Uacute;j fejleszt&eacute;s\u0171 extra nagy l&aacute;t&oacute;teret biztos&iacute;t&oacute; Jap&aacute;n, &uuml;vegsz&aacute;las buk&oacute;sisak. <\/strong><\/span><\/p>\n<p><strong><span style=\"color:#FF0000;\">Figyelem! A sisakhoz v&aacute;s&aacute;rolhat&oacute; &uuml;zlet&uuml;nkben, f&eacute;nyre automatikusan s&ouml;t&eacute;ted\u0151, &uacute;gynevezett &bdquo;fotokromatikus&rdquo; plexi. <\/span><\/strong><\/p>\n<p><strong><span style=\"color:#FF0000;\">A plexi a f&eacute;nyviszonyoknak megfelel\u0151en vil&aacute;gosodik, vagy s&ouml;t&eacute;tedik mag&aacute;t&oacute;l, &iacute;gy mindig t&ouml;k&eacute;letes l&aacute;t&aacute;st biztos&iacute;t. <\/span><\/strong><\/p>\n<p><strong style=\"color: rgb(255, 0, 0);\">Az automatikusan s&ouml;t&eacute;ted\u0151 &eacute;s vil&aacute;gosod&oacute; plexi ide kattintva tal&aacute;lhat&oacute; honlapunkon:&nbsp;<a href=\"https:\/\/darazsgarazs.hu\/index.php\/termek\/marushin-goja-fenyre-sotetedo-plexi.1484.html\">https:\/\/darazsgarazs.hu\/index.php\/termek\/marushin-goja-fenyre-sotetedo-plexi.1484.html<\/a><\/strong><\/p>\n<p><strong>JELLEMZ\u0150K:<\/strong><\/p>\n<p><strong>Kivehet\u0151 &eacute;s moshat&oacute; komfort Marushin&reg;-Cool bels\u0151 r&eacute;sz, amely v&eacute;szhelyzetben k&ouml;nnyen elt&aacute;vol&iacute;that&oacute;. <\/strong><\/p>\n<p><strong>T&ouml;k&eacute;letes sisak illeszked&eacute;s &eacute;s k&eacute;nyelem az &uacute;jonnan kifejlesztett komfort arcp&aacute;rn&aacute;knak k&ouml;sz&ouml;nhet\u0151en. <\/strong><\/p>\n<p><strong>A sisak bels\u0151 r&eacute;sze kommunik&aacute;ci&oacute;s rendszerek be&eacute;p&iacute;t&eacute;s&eacute;re el\u0151k&eacute;sz&iacute;tve.<\/strong><\/p>\n<p><strong>Keszty\u0171ben is k&ouml;nnyen kezelhet\u0151, &aacute;ll&iacute;that&oacute; &aacute;llr&eacute;sz &eacute;s fejtet\u0151 szell\u0151z\u0151k. <\/strong><\/p>\n<p><strong>Aerodinamikus h&aacute;ts&oacute; sz&eacute;lterel\u0151<\/strong><\/p>\n<p><strong>Rozsdamentes ac&eacute;l, racsnis csatrendszer<\/strong><\/p>\n<p><strong>UV-v&eacute;dett k&uuml;ls\u0151 f&eacute;nyez&eacute;s<\/strong><\/p>\n<\/p>\n<p><strong>A SISAK ANYAGA: <\/strong><\/p>\n<p><strong>Aerodinamikailag optimaliz&aacute;lt, &uacute;j fejleszt&eacute;s\u0171 &uuml;vegsz&aacute;las sisakh&eacute;j<\/strong><\/p>\n<\/p>\n<p><strong>PLEXI:<\/strong><\/p>\n<p><strong>Gy&aacute;rilag v&iacute;ztiszta, karc&aacute;ll&oacute; , pinlock (p&aacute;ramentes&iacute;t\u0151 bet&eacute;t) el\u0151k&eacute;sz&iacute;tett, UV v&eacute;dett plexivel. <\/strong><\/p>\n<p><strong>A plexi az &uacute;j fejleszt&eacute;snek k&ouml;sz&ouml;nhet\u0151en , az eddigi legegyszer\u0171bb &ndash;leggyorsabban cser&eacute;lhet\u0151 plexi amit valaha kezelt&uuml;nk! <\/strong><\/p>\n<p><strong>photochrom f&eacute;nyre s&ouml;t&eacute;ted\u0151 plexi v&aacute;s&aacute;rolhat&oacute; a sisakhoz.&nbsp;<\/strong><\/p>\n<\/p>\n<p><strong>S&Uacute;LY:<\/strong><\/p>\n<p><span style=\"color:#FF0000;\"><strong>Mind&ouml;ssze Kb. 1350 g (+\/- 50 g)!<\/strong><\/span><\/p>\n<\/p>\n<p><strong>M&eacute;retek: XS, S, M, L, XL, XXL <\/strong><\/p>\n<\/p>\n<p><strong>Haszn&aacute;lati &eacute;s kezel&eacute;si &uacute;tmutat&oacute; a term&eacute;khez el&eacute;rhet\u0151 ide kattintva:&nbsp;<a href=\"https:\/\/darazsgarazs.hu\/index.php\/termek\/bukosisak-hasznalati-kezelesi-utmutato.1408.html\">https:\/\/darazsgarazs.hu\/index.php\/termek\/bukosisak-hasznalati-kezelesi-utmutato.1408.html<\/a><\/strong><\/p><\/p>\n","protected":false},"excerpt":{"rendered":"<p>&Uacute;j fejleszt&eacute;s\u0171 extra nagy l&aacute;t&oacute;teret biztos&iacute;t&oacute; Jap&aacute;n, &uuml;vegsz&aacute;las buk&oacute;sisak. Figyelem! A sisakhoz v&aacute;s&aacute;rolhat&oacute; &uuml;zlet&uuml;nkben, f&eacute;nyre automatikusan s&ouml;t&eacute;ted\u0151, &uacute;gynevezett &bdquo;fotokromatikus&rdquo; plexi. [&hellip;]<\/p>\n","protected":false},"featured_media":0,"template":"","meta":{"site-sidebar-layout":"default","site-content-layout":"","ast-site-content-layout":"default","site-content-style":"default","site-sidebar-style":"default","ast-global-header-display":"","ast-banner-title-visibility":"","ast-main-header-display":"","ast-hfb-above-header-display":"","ast-hfb-below-header-display":"","ast-hfb-mobile-header-display":"","site-post-title":"","ast-breadcrumbs-content":"","ast-featured-img":"","footer-sml-layout":"","ast-disable-related-posts":"","theme-transparent-header-meta":"","adv-header-id-meta":"","stick-header-meta":"","header-above-stick-meta":"","header-main-stick-meta":"","header-below-stick-meta":"","astra-migrate-meta-layouts":"default","ast-page-background-enabled":"default","ast-page-background-meta":{"desktop":{"background-color":"var(--ast-global-color-5)","background-image":"","background-repeat":"repeat","background-position":"center center","background-size":"auto","background-attachment":"scroll","background-type":"","background-media":"","overlay-type":"","overlay-color":"","overlay-opacity":"","overlay-gradient":""},"tablet":{"background-color":"","background-image":"","background-repeat":"repeat","background-position":"center center","background-size":"auto","background-attachment":"scroll","background-type":"","background-media":"","overlay-type":"","overlay-color":"","overlay-opacity":"","overlay-gradient":""},"mobile":{"background-color":"","background-image":"","background-repeat":"repeat","background-position":"center center","background-size":"auto","background-attachment":"scroll","background-type":"","background-media":"","overlay-type":"","overlay-color":"","overlay-opacity":"","overlay-gradient":""}},"ast-content-background-meta":{"desktop":{"background-color":"var(--ast-global-color-4)","background-image":"","background-repeat":"repeat","background-position":"center center","background-size":"auto","background-attachment":"scroll","background-type":"","background-media":"","overlay-type":"","overlay-color":"","overlay-opacity":"","overlay-gradient":""},"tablet":{"background-color":"var(--ast-global-color-4)","background-image":"","background-repeat":"repeat","background-position":"center center","background-size":"auto","background-attachment":"scroll","background-type":"","background-media":"","overlay-type":"","overlay-color":"","overlay-opacity":"","overlay-gradient":""},"mobile":{"background-color":"var(--ast-global-color-4)","background-image":"","background-repeat":"repeat","background-position":"center center","background-size":"auto","background-attachment":"scroll","background-type":"","background-media":"","overlay-type":"","overlay-color":"","overlay-opacity":"","overlay-gradient":""}}},"product_brand":[],"product_cat":[121,150],"product_tag":[],"class_list":{"0":"post-110228","1":"product","2":"type-product","3":"status-publish","5":"product_cat-bukosisakok","6":"product_cat-zart-bukosisakok","7":"desktop-align-left","8":"tablet-align-left","9":"mobile-align-left","11":"first","12":"instock","13":"shipping-taxable","14":"purchasable","15":"product-type-simple"},"jetpack_sharing_enabled":true,"_links":{"self":[{"href":"https:\/\/zatureczkimarcell.ddns.net\/wordpress\/wp-json\/wp\/v2\/product\/110228","targetHints":{"allow":["GET"]}}],"collection":[{"href":"https:\/\/zatureczkimarcell.ddns.net\/wordpress\/wp-json\/wp\/v2\/product"}],"about":[{"href":"https:\/\/zatureczkimarcell.ddns.net\/wordpress\/wp-json\/wp\/v2\/types\/product"}],"wp:attachment":[{"href":"https:\/\/zatureczkimarcell.ddns.net\/wordpress\/wp-json\/wp\/v2\/media?parent=110228"}],"wp:term":[{"taxonomy":"product_brand","embeddable":true,"href":"https:\/\/zatureczkimarcell.ddns.net\/wordpress\/wp-json\/wp\/v2\/product_brand?post=110228"},{"taxonomy":"product_cat","embeddable":true,"href":"https:\/\/zatureczkimarcell.ddns.net\/wordpress\/wp-json\/wp\/v2\/product_cat?post=110228"},{"taxonomy":"product_tag","embeddable":true,"href":"https:\/\/zatureczkimarcell.ddns.net\/wordpress\/wp-json\/wp\/v2\/product_tag?post=110228"}],"curies":[{"name":"wp","href":"https:\/\/api.w.org\/{rel}","templated":true}]}}