{"id":110223,"date":"2026-04-01T10:49:26","date_gmt":"2026-04-01T08:49:26","guid":{"rendered":"https:\/\/zatureczkimarcell.ddns.net\/wordpress\/?post_type=product&#038;p=110223"},"modified":"2026-04-01T10:49:46","modified_gmt":"2026-04-01T08:49:46","slug":"fenyvisszavero-matrica-piros","status":"publish","type":"product","link":"https:\/\/zatureczkimarcell.ddns.net\/wordpress\/termek\/fenyvisszavero-matrica-piros\/","title":{"rendered":"F\u00e9nyvisszaver\u0151 matrica Piros"},"content":{"rendered":"<div><span style=\"font-size: 16px;\"><strong>F&eacute;nyvisszaver\u0151 matrica&nbsp;amely tetsz\u0151legesen elhelyezhet\u0151 buk&oacute;sisakon vagy motoron is.&nbsp;<\/strong><\/span><\/div>\n<div><span style=\"font-size: 16px;\"><strong>A haszn&aacute;lat&aacute;val a forgalom t&ouml;bbi r&eacute;sztvev\u0151je el\u0151tt , el\u0151bb v&aacute;lsz l&aacute;that&oacute;v&aacute;, ami &iacute;gy fokozza a biztons&aacute;got.&nbsp;<\/strong><\/span><\/div>\n<div><strong>M&eacute;rete kb. 8cmX3cm&nbsp;<\/strong><\/div>\n<div><span style=\"font-size: 16px;\"><strong>Az &aacute;r\/db&nbsp;vonatkozik!&nbsp;<\/strong><\/span><\/div>\n<div><\/div>\n<div><strong style=\"box-sizing: border-box; max-width: 100%; font-family: Roboto, sans-serif; font-size: 16px;\">Haszn&aacute;lati &eacute;s kezel&eacute;si &uacute;tmutat&oacute; a term&eacute;khez el&eacute;rhet\u0151 ide kattintva:&nbsp;<a href=\"https:\/\/darazsgarazs.hu\/index.php\/termek\/hasznalati-utmutato-alkatreszek.1158.html\">https:\/\/darazsgarazs.hu\/index.php\/termek\/hasznalati-utmutato-alkatreszek.1158.html<\/a><\/strong><\/div>\n","protected":false},"excerpt":{"rendered":"<p>F&eacute;nyvisszaver\u0151 matrica&nbsp;amely tetsz\u0151legesen elhelyezhet\u0151 buk&oacute;sisakon vagy motoron is.&nbsp; A haszn&aacute;lat&aacute;val a forgalom t&ouml;bbi r&eacute;sztvev\u0151je el\u0151tt , el\u0151bb v&aacute;lsz l&aacute;that&oacute;v&aacute;, ami [&hellip;]<\/p>\n","protected":false},"featured_media":0,"template":"","meta":{"site-sidebar-layout":"default","site-content-layout":"","ast-site-content-layout":"default","site-content-style":"default","site-sidebar-style":"default","ast-global-header-display":"","ast-banner-title-visibility":"","ast-main-header-display":"","ast-hfb-above-header-display":"","ast-hfb-below-header-display":"","ast-hfb-mobile-header-display":"","site-post-title":"","ast-breadcrumbs-content":"","ast-featured-img":"","footer-sml-layout":"","ast-disable-related-posts":"","theme-transparent-header-meta":"","adv-header-id-meta":"","stick-header-meta":"","header-above-stick-meta":"","header-main-stick-meta":"","header-below-stick-meta":"","astra-migrate-meta-layouts":"default","ast-page-background-enabled":"default","ast-page-background-meta":{"desktop":{"background-color":"var(--ast-global-color-5)","background-image":"","background-repeat":"repeat","background-position":"center center","background-size":"auto","background-attachment":"scroll","background-type":"","background-media":"","overlay-type":"","overlay-color":"","overlay-opacity":"","overlay-gradient":""},"tablet":{"background-color":"","background-image":"","background-repeat":"repeat","background-position":"center center","background-size":"auto","background-attachment":"scroll","background-type":"","background-media":"","overlay-type":"","overlay-color":"","overlay-opacity":"","overlay-gradient":""},"mobile":{"background-color":"","background-image":"","background-repeat":"repeat","background-position":"center center","background-size":"auto","background-attachment":"scroll","background-type":"","background-media":"","overlay-type":"","overlay-color":"","overlay-opacity":"","overlay-gradient":""}},"ast-content-background-meta":{"desktop":{"background-color":"var(--ast-global-color-4)","background-image":"","background-repeat":"repeat","background-position":"center center","background-size":"auto","background-attachment":"scroll","background-type":"","background-media":"","overlay-type":"","overlay-color":"","overlay-opacity":"","overlay-gradient":""},"tablet":{"background-color":"var(--ast-global-color-4)","background-image":"","background-repeat":"repeat","background-position":"center center","background-size":"auto","background-attachment":"scroll","background-type":"","background-media":"","overlay-type":"","overlay-color":"","overlay-opacity":"","overlay-gradient":""},"mobile":{"background-color":"var(--ast-global-color-4)","background-image":"","background-repeat":"repeat","background-position":"center center","background-size":"auto","background-attachment":"scroll","background-type":"","background-media":"","overlay-type":"","overlay-color":"","overlay-opacity":"","overlay-gradient":""}}},"product_brand":[],"product_cat":[126,132,141,140,133,125,131],"product_tag":[],"class_list":{"0":"post-110223","1":"product","2":"type-product","3":"status-publish","5":"product_cat-alkatreszek","6":"product_cat-biztonsag","7":"product_cat-bukosisak-kiegeszitok-alkatreszek","8":"product_cat-kiegeszitok","9":"product_cat-turafelszereles","10":"product_cat-univerzalis-alkatreszek","11":"product_cat-zarak","12":"desktop-align-left","13":"tablet-align-left","14":"mobile-align-left","16":"first","17":"instock","18":"shipping-taxable","19":"purchasable","20":"product-type-simple"},"jetpack_sharing_enabled":true,"_links":{"self":[{"href":"https:\/\/zatureczkimarcell.ddns.net\/wordpress\/wp-json\/wp\/v2\/product\/110223","targetHints":{"allow":["GET"]}}],"collection":[{"href":"https:\/\/zatureczkimarcell.ddns.net\/wordpress\/wp-json\/wp\/v2\/product"}],"about":[{"href":"https:\/\/zatureczkimarcell.ddns.net\/wordpress\/wp-json\/wp\/v2\/types\/product"}],"wp:attachment":[{"href":"https:\/\/zatureczkimarcell.ddns.net\/wordpress\/wp-json\/wp\/v2\/media?parent=110223"}],"wp:term":[{"taxonomy":"product_brand","embeddable":true,"href":"https:\/\/zatureczkimarcell.ddns.net\/wordpress\/wp-json\/wp\/v2\/product_brand?post=110223"},{"taxonomy":"product_cat","embeddable":true,"href":"https:\/\/zatureczkimarcell.ddns.net\/wordpress\/wp-json\/wp\/v2\/product_cat?post=110223"},{"taxonomy":"product_tag","embeddable":true,"href":"https:\/\/zatureczkimarcell.ddns.net\/wordpress\/wp-json\/wp\/v2\/product_tag?post=110223"}],"curies":[{"name":"wp","href":"https:\/\/api.w.org\/{rel}","templated":true}]}}