{"id":110220,"date":"2026-04-01T10:49:24","date_gmt":"2026-04-01T08:49:24","guid":{"rendered":"https:\/\/zatureczkimarcell.ddns.net\/wordpress\/?post_type=product&#038;p=110220"},"modified":"2026-04-01T10:49:45","modified_gmt":"2026-04-01T08:49:45","slug":"modeka-kulteri-vizallo-takaroponyva-tobbfele-meretben","status":"publish","type":"product","link":"https:\/\/zatureczkimarcell.ddns.net\/wordpress\/termek\/modeka-kulteri-vizallo-takaroponyva-tobbfele-meretben\/","title":{"rendered":"Modeka k\u00fclt\u00e9ri v\u00edz\u00e1ll\u00f3 takar\u00f3ponyva t\u00f6bbf\u00e9le m\u00e9retben"},"content":{"rendered":"<p><strong>Modeka k&uuml;lt&eacute;ri, motorker&eacute;kp&aacute;r takar&oacute; ponyva k&eacute;tf&eacute;le m&eacute;retben:&nbsp;<\/strong><\/p>\n<p><span style=\"font-size: 13px;\">L = 232 x 100 x 125 cm<\/span><\/p>\n<div><span style=\"font-size: 13px;\">XL = 246 x 105 x 127 cm<\/span><\/div>\n<p><strong>Megb&iacute;zhat&oacute; id\u0151j&aacute;r&aacute;s elleni v&eacute;delmet k&iacute;n&aacute;l a motorker&eacute;kp&aacute;r sz&aacute;m&aacute;ra k&uuml;lt&eacute;ri t&aacute;rol&aacute;s sor&aacute;n.&nbsp;<\/strong><\/p>\n<p><strong><span style=\"font-size: 13px;\">Tart&oacute;s anyagb&oacute;l k&eacute;sz&uuml;lt, v&iacute;zleperget\u0151.&nbsp;V&eacute;di motorker&eacute;kp&aacute;rj&aacute;t az es\u0151t\u0151l, a port&oacute;l &eacute;s a szennyez\u0151d&eacute;sekt\u0151l.<\/span><\/strong><\/p>\n<p><strong><span style=\"font-size: 13px;\">A ponyva&nbsp;a lez&aacute;r&oacute;l&aacute;ncot is befogad&oacute; f&eacute;m er\u0151s&iacute;t&eacute;s\u0171 ny&iacute;l&aacute;ssal rendelkezik.<\/span><\/strong><\/p>\n<p><strong><span style=\"font-size: 13px;\">Alul csattos r&ouml;gz&iacute;t&eacute;s, amely megakad&aacute;lyozza hogy a sz&eacute;l lef&uacute;jja a ponyv&aacute;t a motorr&oacute;l.&nbsp;<\/span><\/strong><\/p>\n<p><strong><span style=\"font-size: 13px;\">A rendsz&aacute;m sz&aacute;m&aacute;ra l&aacute;that&oacute;s&aacute;got biztos&iacute;t&oacute; &aacute;tl&aacute;tsz&oacute; bet&eacute;t. (l&aacute;sd a f&eacute;nyk&eacute;pen)<\/span><\/strong><\/p><\/p>\n","protected":false},"excerpt":{"rendered":"<p>Modeka k&uuml;lt&eacute;ri, motorker&eacute;kp&aacute;r takar&oacute; ponyva k&eacute;tf&eacute;le m&eacute;retben:&nbsp; L = 232 x 100 x 125 cm XL = 246 x 105 [&hellip;]<\/p>\n","protected":false},"featured_media":0,"template":"","meta":{"site-sidebar-layout":"default","site-content-layout":"","ast-site-content-layout":"default","site-content-style":"default","site-sidebar-style":"default","ast-global-header-display":"","ast-banner-title-visibility":"","ast-main-header-display":"","ast-hfb-above-header-display":"","ast-hfb-below-header-display":"","ast-hfb-mobile-header-display":"","site-post-title":"","ast-breadcrumbs-content":"","ast-featured-img":"","footer-sml-layout":"","ast-disable-related-posts":"","theme-transparent-header-meta":"","adv-header-id-meta":"","stick-header-meta":"","header-above-stick-meta":"","header-main-stick-meta":"","header-below-stick-meta":"","astra-migrate-meta-layouts":"default","ast-page-background-enabled":"default","ast-page-background-meta":{"desktop":{"background-color":"var(--ast-global-color-5)","background-image":"","background-repeat":"repeat","background-position":"center center","background-size":"auto","background-attachment":"scroll","background-type":"","background-media":"","overlay-type":"","overlay-color":"","overlay-opacity":"","overlay-gradient":""},"tablet":{"background-color":"","background-image":"","background-repeat":"repeat","background-position":"center center","background-size":"auto","background-attachment":"scroll","background-type":"","background-media":"","overlay-type":"","overlay-color":"","overlay-opacity":"","overlay-gradient":""},"mobile":{"background-color":"","background-image":"","background-repeat":"repeat","background-position":"center center","background-size":"auto","background-attachment":"scroll","background-type":"","background-media":"","overlay-type":"","overlay-color":"","overlay-opacity":"","overlay-gradient":""}},"ast-content-background-meta":{"desktop":{"background-color":"var(--ast-global-color-4)","background-image":"","background-repeat":"repeat","background-position":"center center","background-size":"auto","background-attachment":"scroll","background-type":"","background-media":"","overlay-type":"","overlay-color":"","overlay-opacity":"","overlay-gradient":""},"tablet":{"background-color":"var(--ast-global-color-4)","background-image":"","background-repeat":"repeat","background-position":"center center","background-size":"auto","background-attachment":"scroll","background-type":"","background-media":"","overlay-type":"","overlay-color":"","overlay-opacity":"","overlay-gradient":""},"mobile":{"background-color":"var(--ast-global-color-4)","background-image":"","background-repeat":"repeat","background-position":"center center","background-size":"auto","background-attachment":"scroll","background-type":"","background-media":"","overlay-type":"","overlay-color":"","overlay-opacity":"","overlay-gradient":""}}},"product_brand":[],"product_cat":[128],"product_tag":[],"class_list":{"0":"post-110220","1":"product","2":"type-product","3":"status-publish","5":"product_cat-tarolas-ponyvak","6":"desktop-align-left","7":"tablet-align-left","8":"mobile-align-left","10":"first","11":"instock","12":"shipping-taxable","13":"purchasable","14":"product-type-simple"},"jetpack_sharing_enabled":true,"_links":{"self":[{"href":"https:\/\/zatureczkimarcell.ddns.net\/wordpress\/wp-json\/wp\/v2\/product\/110220","targetHints":{"allow":["GET"]}}],"collection":[{"href":"https:\/\/zatureczkimarcell.ddns.net\/wordpress\/wp-json\/wp\/v2\/product"}],"about":[{"href":"https:\/\/zatureczkimarcell.ddns.net\/wordpress\/wp-json\/wp\/v2\/types\/product"}],"wp:attachment":[{"href":"https:\/\/zatureczkimarcell.ddns.net\/wordpress\/wp-json\/wp\/v2\/media?parent=110220"}],"wp:term":[{"taxonomy":"product_brand","embeddable":true,"href":"https:\/\/zatureczkimarcell.ddns.net\/wordpress\/wp-json\/wp\/v2\/product_brand?post=110220"},{"taxonomy":"product_cat","embeddable":true,"href":"https:\/\/zatureczkimarcell.ddns.net\/wordpress\/wp-json\/wp\/v2\/product_cat?post=110220"},{"taxonomy":"product_tag","embeddable":true,"href":"https:\/\/zatureczkimarcell.ddns.net\/wordpress\/wp-json\/wp\/v2\/product_tag?post=110220"}],"curies":[{"name":"wp","href":"https:\/\/api.w.org\/{rel}","templated":true}]}}