{"id":110209,"date":"2026-04-01T10:49:17","date_gmt":"2026-04-01T08:49:17","guid":{"rendered":"https:\/\/zatureczkimarcell.ddns.net\/wordpress\/?post_type=product&#038;p=110209"},"modified":"2026-04-01T10:49:39","modified_gmt":"2026-04-01T08:49:39","slug":"egykaros-motoremelo-mv-agusta","status":"publish","type":"product","link":"https:\/\/zatureczkimarcell.ddns.net\/wordpress\/termek\/egykaros-motoremelo-mv-agusta\/","title":{"rendered":"Egykaros motoremel\u0151 MV Agusta"},"content":{"rendered":"<p><span style=\"font-size:16px;\"><strong>\u200bMV Agusta h&aacute;ts&oacute; motoremel\u0151 egykaros h&aacute;ts&oacute; fut&oacute;m\u0171h&ouml;z.&nbsp;<\/strong><\/span><\/p>\n<p><span style=\"font-size:16px;\"><strong>A&nbsp;bet&eacute;t darab cser&eacute;lhet\u0151 benne, &iacute;gy t&ouml;bbf&eacute;le egykar&uacute; h&aacute;ts&oacute; fut&oacute;m\u0171h&ouml;z alkalmas lehet megfelel\u0151 bet&eacute;t megv&aacute;s&aacute;rl&aacute;sa ut&aacute;n, nem csak MV Agusta t&iacute;pusokhoz.&nbsp;<\/strong><\/span><\/p>\n<p><span style=\"font-size:16px;\"><strong>K&eacute;tszer haszn&aacute;lt, &uacute;jszer\u0171 sz&eacute;p &aacute;llapot&uacute;.&nbsp;<\/strong><\/span><\/p>\n<p><span style=\"font-size:16px;\"><strong>Az MV Agusta cser&eacute;lhet\u0151 bet&eacute;t darab amely az emel\u0151h&ouml;z j&aacute;r, kb. 43mm , amely a felsorol&aacute;sban szerepl\u0151 t&iacute;pusokkal kompatibilis:&nbsp;<\/strong><\/span><\/p>\n<\/p>\n<table border=\"0\" cellpadding=\"0\" cellspacing=\"0\" style=\"width:706px;\" width=\"883\">\n<tbody>\n<tr>\n<td>\n<p align=\"center\"><strong>B3 675<\/strong><\/p>\n<\/td>\n<td style=\"width:331px;\">\n<p>MY 2012, MY 2013, MY 2014, MY 2015<\/p>\n<\/td>\n<\/tr>\n<tr>\n<td>\n<p align=\"center\"><strong>B3 800<\/strong><\/p>\n<\/td>\n<td style=\"width:331px;\">\n<p>MY 2012, MY 2013, MY 2014, MY 2015, MY 2016, MY 2017, MY 2018, MY 2019, MY 2020, MY 2021, MY 2022, MY 2023, MY 2024<\/p>\n<\/p>\n<\/td>\n<\/tr>\n<tr>\n<td>\n<p align=\"center\"><strong>Brutale 1000 RR<\/strong><\/p>\n<\/td>\n<td style=\"width:331px;\">\n<p>MY 2020, MY 2021, MY 2022, MY 2023, MY 2024<\/p>\n<\/p>\n<\/td>\n<\/tr>\n<tr>\n<td>\n<p align=\"center\"><strong>Brutale 1000 RS<\/strong><\/p>\n<\/td>\n<td style=\"width:331px;\">\n<p>MY 2021, MY 2022, MY 2023, MY 2024<\/p>\n<\/td>\n<\/tr>\n<tr>\n<td>\n<p align=\"center\"><strong>Brutale 1078<\/strong><\/p>\n<\/td>\n<td style=\"width:331px;\">\n<p>MY 2007, MY 2008, MY 2009<\/p>\n<\/td>\n<\/tr>\n<tr>\n<td>\n<p align=\"center\"><strong>Brutale 1090<\/strong><\/p>\n<\/td>\n<td style=\"width:331px;\">\n<p>MY 2013, MY 2014, MY 2015, MY 2016, MY 2017, MY 2018<\/p>\n<\/p>\n<\/td>\n<\/tr>\n<tr>\n<td>\n<p align=\"center\"><strong>Brutale 1090 R<\/strong><\/p>\n<\/td>\n<td style=\"width:331px;\">\n<p>MY 2012, MY 2013, MY 2014, MY 2015<\/p>\n<\/p>\n<\/td>\n<\/tr>\n<tr>\n<td>\n<p align=\"center\"><strong>Brutale 1090 RR<\/strong><\/p>\n<\/td>\n<td style=\"width:331px;\">\n<p>MY 2010, MY 2011, MY 2012, MY 2013, MY 2104, MY 2015, MY 2016, MY 2017, MY 2018<\/p>\n<\/p>\n<\/td>\n<\/tr>\n<tr>\n<td>\n<p align=\"center\"><strong>Brutale 750<\/strong><\/p>\n<\/td>\n<td style=\"width:331px;\">\n<p>MY 2003, MY 2004, MY 2005<\/p>\n<\/p>\n<\/td>\n<\/tr>\n<tr>\n<td>\n<p align=\"center\"><strong>Brutale 910 R<\/strong><\/p>\n<\/td>\n<td style=\"width:331px;\">\n<p>MY 2006, MY 2007<\/p>\n<\/td>\n<\/tr>\n<tr>\n<td>\n<p align=\"center\"><strong>Brutale 910 S<\/strong><\/p>\n<\/td>\n<td style=\"width:331px;\">\n<p>MY 2005, MY 2006<\/p>\n<\/p>\n<\/td>\n<\/tr>\n<tr>\n<td>\n<p align=\"center\"><strong>Brutale 920<\/strong><\/p>\n<\/td>\n<td style=\"width:331px;\">\n<p>MY 2011, MY 2012&nbsp;<\/p>\n<\/p>\n<\/td>\n<\/tr>\n<tr>\n<td>\n<p align=\"center\"><strong>Brutale 989<\/strong><\/p>\n<\/td>\n<td style=\"width:331px;\">\n<p>MY 2007, MY 2008<\/p>\n<\/p>\n<\/td>\n<\/tr>\n<tr>\n<td>\n<p align=\"center\"><strong>Brutale 990<\/strong><\/p>\n<\/td>\n<td style=\"width:331px;\">\n<p>MY 2010, MY 2011, MY 2012<\/p>\n<\/p>\n<\/td>\n<\/tr>\n<tr>\n<td>\n<p align=\"center\"><strong>Dragster 800<\/strong><\/p>\n<\/td>\n<td style=\"width:331px;\">\n<p>MY 2014, MY 2015, MY 2016, MY 2017, MY 2018, MY 2019, MY 2020, MY 2021, MY 2022, MY 2023, MY 2024<\/p>\n<\/p>\n<\/td>\n<\/tr>\n<tr>\n<td>\n<p align=\"center\"><strong>F3 675<\/strong><\/p>\n<\/td>\n<td style=\"width:331px;\">\n<p>MY 2012, MY 2013, MY 2014, MY 2015, MY 2016, MY 2017, MY 2018, MY 2019, MY 2020<\/p>\n<\/p>\n<\/td>\n<\/tr>\n<tr>\n<td>\n<p align=\"center\"><strong>F3 800<\/strong><\/p>\n<\/td>\n<td style=\"width:331px;\">\n<p>MY 2013, MY 2014, MY 2015, MY 2016, MY 2017, MY 2018, MY 2019, MY 2020, MY 2021, MY 2022, MY 2023, MY 2024<\/p>\n<\/p>\n<\/td>\n<\/tr>\n<tr>\n<td>\n<p align=\"center\"><strong>F4 750<\/strong><\/p>\n<\/td>\n<td style=\"width:331px;\">\n<p>MY 1999, MY 2000, MY 2001, MY 2002, MY 2003<\/p>\n<\/p>\n<\/td>\n<\/tr>\n<tr>\n<td>\n<p align=\"center\"><strong>F4 1000 R<\/strong><\/p>\n<\/td>\n<td style=\"width:331px;\">\n<p>MY 2006, MY 2007, MY 2012, MY 2013, MY 2014, MY 2015<\/p>\n<\/p>\n<\/td>\n<\/tr>\n<tr>\n<td>\n<p align=\"center\"><strong>F4 1000 RC<\/strong><\/p>\n<\/td>\n<td style=\"width:331px;\">\n<p>MY 2015, MY 2016, MY 2017, MY 2018, MY 2019<\/p>\n<\/p>\n<\/td>\n<\/tr>\n<tr>\n<td>\n<p align=\"center\"><strong>F4 1000 RR<\/strong><\/p>\n<\/td>\n<td style=\"width:331px;\">\n<p>MY 2011, MY 2012, MY 2013, MY 2014, MY 2015, MY 2016, MY 2017, MY 2018, MY 2019<\/p>\n<\/p>\n<\/td>\n<\/tr>\n<tr>\n<td>\n<p align=\"center\"><strong>F4 1000 S<\/strong><\/p>\n<\/td>\n<td style=\"width:331px;\">\n<p>MY 2004, MY 2005, MY 2006, MY 2010, MY 2011, MY 2012, MY 2013, MY 2014, MY 2015, MY 2016, MY 2017, MY 2018, MY 2019<\/p>\n<\/p>\n<\/td>\n<\/tr>\n<tr>\n<td>\n<p align=\"center\"><strong>F4 1078<\/strong><\/p>\n<\/td>\n<td style=\"width:331px;\">\n<p>MY 2008, MY 2009<\/p>\n<\/p>\n<\/td>\n<\/tr>\n<tr>\n<td>\n<p align=\"center\"><strong>F4 312 R<\/strong><\/p>\n<\/td>\n<td style=\"width:331px;\">\n<p>MY 2007, MY 2008<\/p>\n<\/p>\n<\/td>\n<\/tr>\n<tr>\n<td>\n<p align=\"center\"><strong>Rivale<\/strong><\/p>\n<\/td>\n<td style=\"width:331px;\">\n<p>MY 2014, MY 2015, MY 2016, MY 2017<\/p>\n<\/p>\n<\/td>\n<\/tr>\n<tr>\n<td>\n<p align=\"center\"><strong>Stradale<\/strong><\/p>\n<\/td>\n<td style=\"width:331px;\">\n<p>MY 2015<\/p>\n<\/p>\n<\/td>\n<\/tr>\n<tr>\n<td>\n<p align=\"center\"><strong>Superveloce<\/strong><\/p>\n<\/td>\n<td style=\"width:331px;\">\n<p>MY 2020, MY 2021, MY 2022, MY 2023, MY 2024<\/p>\n<\/p>\n<\/td>\n<\/tr>\n<tr>\n<td>\n<p align=\"center\"><strong>Superveloce 1000<\/strong><\/p>\n<\/td>\n<td style=\"width:331px;\">\n<p>MY 2024<\/p>\n<\/p>\n<\/td>\n<\/tr>\n<tr>\n<td>\n<p align=\"center\"><strong>Turismo Veloce<\/strong><\/p>\n<\/td>\n<td style=\"width:331px;\">\n<p>MY 2015, MY 2016, MY 2017, MY 2018, MY 2019, MY 2020, MY 2021, MY 2022, MY 2023, MY 2024<\/p>\n<\/p>\n<\/td>\n<\/tr>\n<\/tbody>\n<\/table>\n","protected":false},"excerpt":{"rendered":"<p>\u200bMV Agusta h&aacute;ts&oacute; motoremel\u0151 egykaros h&aacute;ts&oacute; fut&oacute;m\u0171h&ouml;z.&nbsp; A&nbsp;bet&eacute;t darab cser&eacute;lhet\u0151 benne, &iacute;gy t&ouml;bbf&eacute;le egykar&uacute; h&aacute;ts&oacute; fut&oacute;m\u0171h&ouml;z alkalmas lehet megfelel\u0151 bet&eacute;t [&hellip;]<\/p>\n","protected":false},"featured_media":0,"template":"","meta":{"site-sidebar-layout":"default","site-content-layout":"","ast-site-content-layout":"default","site-content-style":"default","site-sidebar-style":"default","ast-global-header-display":"","ast-banner-title-visibility":"","ast-main-header-display":"","ast-hfb-above-header-display":"","ast-hfb-below-header-display":"","ast-hfb-mobile-header-display":"","site-post-title":"","ast-breadcrumbs-content":"","ast-featured-img":"","footer-sml-layout":"","ast-disable-related-posts":"","theme-transparent-header-meta":"","adv-header-id-meta":"","stick-header-meta":"","header-above-stick-meta":"","header-main-stick-meta":"","header-below-stick-meta":"","astra-migrate-meta-layouts":"default","ast-page-background-enabled":"default","ast-page-background-meta":{"desktop":{"background-color":"var(--ast-global-color-5)","background-image":"","background-repeat":"repeat","background-position":"center center","background-size":"auto","background-attachment":"scroll","background-type":"","background-media":"","overlay-type":"","overlay-color":"","overlay-opacity":"","overlay-gradient":""},"tablet":{"background-color":"","background-image":"","background-repeat":"repeat","background-position":"center center","background-size":"auto","background-attachment":"scroll","background-type":"","background-media":"","overlay-type":"","overlay-color":"","overlay-opacity":"","overlay-gradient":""},"mobile":{"background-color":"","background-image":"","background-repeat":"repeat","background-position":"center center","background-size":"auto","background-attachment":"scroll","background-type":"","background-media":"","overlay-type":"","overlay-color":"","overlay-opacity":"","overlay-gradient":""}},"ast-content-background-meta":{"desktop":{"background-color":"var(--ast-global-color-4)","background-image":"","background-repeat":"repeat","background-position":"center center","background-size":"auto","background-attachment":"scroll","background-type":"","background-media":"","overlay-type":"","overlay-color":"","overlay-opacity":"","overlay-gradient":""},"tablet":{"background-color":"var(--ast-global-color-4)","background-image":"","background-repeat":"repeat","background-position":"center center","background-size":"auto","background-attachment":"scroll","background-type":"","background-media":"","overlay-type":"","overlay-color":"","overlay-opacity":"","overlay-gradient":""},"mobile":{"background-color":"var(--ast-global-color-4)","background-image":"","background-repeat":"repeat","background-position":"center center","background-size":"auto","background-attachment":"scroll","background-type":"","background-media":"","overlay-type":"","overlay-color":"","overlay-opacity":"","overlay-gradient":""}}},"product_brand":[],"product_cat":[126,127,128,125],"product_tag":[],"class_list":{"0":"post-110209","1":"product","2":"type-product","3":"status-publish","5":"product_cat-alkatreszek","6":"product_cat-apolas","7":"product_cat-tarolas-ponyvak","8":"product_cat-univerzalis-alkatreszek","9":"desktop-align-left","10":"tablet-align-left","11":"mobile-align-left","13":"first","14":"instock","15":"sale","16":"shipping-taxable","17":"purchasable","18":"product-type-simple"},"jetpack_sharing_enabled":true,"_links":{"self":[{"href":"https:\/\/zatureczkimarcell.ddns.net\/wordpress\/wp-json\/wp\/v2\/product\/110209","targetHints":{"allow":["GET"]}}],"collection":[{"href":"https:\/\/zatureczkimarcell.ddns.net\/wordpress\/wp-json\/wp\/v2\/product"}],"about":[{"href":"https:\/\/zatureczkimarcell.ddns.net\/wordpress\/wp-json\/wp\/v2\/types\/product"}],"wp:attachment":[{"href":"https:\/\/zatureczkimarcell.ddns.net\/wordpress\/wp-json\/wp\/v2\/media?parent=110209"}],"wp:term":[{"taxonomy":"product_brand","embeddable":true,"href":"https:\/\/zatureczkimarcell.ddns.net\/wordpress\/wp-json\/wp\/v2\/product_brand?post=110209"},{"taxonomy":"product_cat","embeddable":true,"href":"https:\/\/zatureczkimarcell.ddns.net\/wordpress\/wp-json\/wp\/v2\/product_cat?post=110209"},{"taxonomy":"product_tag","embeddable":true,"href":"https:\/\/zatureczkimarcell.ddns.net\/wordpress\/wp-json\/wp\/v2\/product_tag?post=110209"}],"curies":[{"name":"wp","href":"https:\/\/api.w.org\/{rel}","templated":true}]}}