{"id":110208,"date":"2026-04-01T10:49:15","date_gmt":"2026-04-01T08:49:15","guid":{"rendered":"https:\/\/zatureczkimarcell.ddns.net\/wordpress\/?post_type=product&#038;p=110208"},"modified":"2026-04-01T10:49:39","modified_gmt":"2026-04-01T08:49:39","slug":"marushin-m612-teszt","status":"publish","type":"product","link":"https:\/\/zatureczkimarcell.ddns.net\/wordpress\/termek\/marushin-m612-teszt\/","title":{"rendered":"Marushin M612 TESZT"},"content":{"rendered":"<p><span style=\"font-size:16px;\"><strong>A Jap&aacute;n Marushin felnyithat&oacute; buk&oacute;sisak &uacute;jdons&aacute;g&aacute;t is tart&oacute;stesztnek vetett&uuml;k al&aacute;, amely be&eacute;p&iacute;tett bluetooth sisakbesz&eacute;l\u0151 rendszert tartalmaz.<\/strong><\/span><\/p>\n<p><span style=\"font-size:16px;\"><strong>A gy&aacute;rilag be&eacute;p&iacute;tett sisakbesz&eacute;l\u0151 rendszerek, mindig sokkal kifinomultabban illeszkednek a sisakokba, mint az ut&oacute;lag beszerelhet\u0151, univerz&aacute;lis t&aacute;rsaik. Ezt a Marushinn&aacute;l r&aacute;ad&aacute;sul m&eacute;g azzal is fel&uuml;l tudt&aacute;k teljes&iacute;teni, hogy a besz&eacute;dhez haszn&aacute;lt mikrofon teljesen l&aacute;thatatlan, nem a motoros sz&aacute;ja el\u0151tt l&oacute;g, mint a legt&ouml;bb sisakbesz&eacute;l\u0151n&eacute;l.<\/strong><\/span><\/p>\n<p><span style=\"font-size:16px;\"><strong>Koll&eacute;g&aacute;nk tapasztalatai:<\/strong><\/span><\/p>\n<p><span style=\"font-size:16px;\"><strong>&Ouml;sszep&aacute;ros&iacute;tottam a telefonommal a sisakot, ami v&eacute;gtelen&uuml;l egyszer\u0171 &eacute;s mag&aacute;t&oacute;l &eacute;rtet\u0151d\u0151.<\/strong><\/span><\/p>\n<p><span style=\"font-size:16px;\"><strong>A gar&aacute;zsom el\u0151tt &aacute;lltam &eacute;s elind&iacute;tottam a zenehallgat&aacute;st. A k&ouml;vetkez\u0151 pillanatban ki is kapcsoltam gyorsan a zen&eacute;t, mert olyan hangosan sz&oacute;lt a sisakban a zene, hogy azt hittem hogy az utc&aacute;n mindenki engem fog n&eacute;zni, mint amikor valaki az aut&oacute;j&aacute;ban letekert ablakn&aacute;l hallgat zen&eacute;t. Megnyugodtam amikor a kezemben tartva a sisakot, ism&eacute;t elind&iacute;tottam a zene lej&aacute;tsz&aacute;st. K&iacute;v&uuml;lr\u0151l nem hallani, k&ouml;sz&ouml;nhet\u0151en a sisak j&oacute; hangszigetel&eacute;s&eacute;nek. Sz&oacute;val felkerekedtem &eacute;s &eacute;lveztem a motoroz&aacute;st, t&ouml;k&eacute;letes zenei al&aacute;fest&eacute;ssel.<\/strong><\/span><\/p>\n<p><span style=\"font-size:16px;\"><strong>Az &uacute;ton egy bar&aacute;tom felh&iacute;vott, egyszer\u0171 volt fogadni a h&iacute;v&aacute;st, egyetlen gombnyom&aacute;s a sisakon &eacute;s nagyon j&oacute;t besz&eacute;lgett&uuml;nk. Tal&aacute;n egy &oacute;r&aacute;s is volt a telefonbesz&eacute;lget&eacute;s, ami alatt k&eacute;rdeztem az ismer\u0151st, hogy hallani e hogy motoron &uuml;l&ouml;k &eacute;s &eacute;pp t&uacute;ratemp&oacute;ban haladok? Azt felelte, hogy t&ouml;k&eacute;letes a h&iacute;v&aacute;s min\u0151s&eacute;ge &eacute;s sokszor gyalog rosszabb a vonal ha f&uacute;j a sz&eacute;l &eacute;s &uacute;gy besz&eacute;l&uuml;nk hogy a telefont a f&uuml;lemen tartom. Ez el&eacute;g j&oacute; visszajelz&eacute;s volt. Amikor a telefonon a GPS-t haszn&aacute;ltam, ott m&eacute;g halk&iacute;tani is kellett a telefon hangerej&eacute;n, olyan j&oacute; hanger\u0151vel tudtam az utas&iacute;t&aacute;sokat hallgatni.<\/strong><\/span><\/p>\n<p><span style=\"font-size:16px;\"><strong>A napszem&uuml;veg is t&ouml;k&eacute;letesen tette a dolg&aacute;t ami a sisakban lehajtva , nagy fel&uuml;leten takar. Hunyorogni sem kell, a homlokon a r&aacute;ncok elsimulnak, j&oacute; zene &eacute;s ha egy j&oacute;bar&aacute;t felh&iacute;v, kellemes besz&eacute;lget&eacute;s. Mi&nbsp; ez, ha nem a t&ouml;k&eacute;letes nap? Egy j&oacute; sisakban teljesen m&aacute;s &eacute;lm&eacute;ny a motoroz&aacute;s! &Iacute;gy kell kikapcsol&oacute;dni igaz&aacute;n motoroz&aacute;s k&ouml;zben.<\/strong><\/span><\/p>\n<p><span style=\"font-size:16px;\"><strong>Az &aacute;llr&eacute;sz nagyon l&aacute;gyan, k&ouml;nnyed&eacute;n nyithat&oacute;, m&eacute;g keszty\u0171ben is minden kis apr&oacute;s&aacute;g t&ouml;k&eacute;letesen kezelhet\u0151 a sisakon.<\/strong><\/span><\/p>\n<p><span style=\"font-size:16px;\"><strong>&Ouml;sszess&eacute;g&eacute;ben egy nagyon k&eacute;nyelmes, a hossz&uacute; t&uacute;r&aacute;kat mindenben t&aacute;mogat&oacute; buk&oacute;sisak, ami &aacute;r-&eacute;rt&eacute;k ar&aacute;nyban verhetetlen a be&eacute;p&iacute;tett gy&aacute;ri sisakbesz&eacute;l\u0151vel. Ahhoz k&eacute;pest hogy ez egy egyszer\u0171bb sisakbesz&eacute;l\u0151 rendszer , nagyon j&oacute; min\u0151s&eacute;get k&eacute;pvisel.<\/strong><\/span><\/p>\n<\/p>\n<p><span style=\"font-size:16px;\"><strong>A sisak honlaunkon ide kattintva &eacute;rhet\u0151 el:&nbsp;<a href=\"https:\/\/darazsgarazs.hu\/index.php\/termek\/marushin-napszemuveges-felnyithato-bukosisak-beepitett-bluetooth-sisakbeszelovel.1442.html\">https:\/\/darazsgarazs.hu\/index.php\/termek\/marushin-napszemuveges-felnyithato-bukosisak-beepitett-bluetooth-sisakbeszelovel.1442.html<\/a><\/strong><\/span><\/p>\n","protected":false},"excerpt":{"rendered":"<p>A Jap&aacute;n Marushin felnyithat&oacute; buk&oacute;sisak &uacute;jdons&aacute;g&aacute;t is tart&oacute;stesztnek vetett&uuml;k al&aacute;, amely be&eacute;p&iacute;tett bluetooth sisakbesz&eacute;l\u0151 rendszert tartalmaz. A gy&aacute;rilag be&eacute;p&iacute;tett sisakbesz&eacute;l\u0151 [&hellip;]<\/p>\n","protected":false},"featured_media":107349,"template":"","meta":{"site-sidebar-layout":"default","site-content-layout":"","ast-site-content-layout":"default","site-content-style":"default","site-sidebar-style":"default","ast-global-header-display":"","ast-banner-title-visibility":"","ast-main-header-display":"","ast-hfb-above-header-display":"","ast-hfb-below-header-display":"","ast-hfb-mobile-header-display":"","site-post-title":"","ast-breadcrumbs-content":"","ast-featured-img":"","footer-sml-layout":"","ast-disable-related-posts":"","theme-transparent-header-meta":"","adv-header-id-meta":"","stick-header-meta":"","header-above-stick-meta":"","header-main-stick-meta":"","header-below-stick-meta":"","astra-migrate-meta-layouts":"default","ast-page-background-enabled":"default","ast-page-background-meta":{"desktop":{"background-color":"var(--ast-global-color-5)","background-image":"","background-repeat":"repeat","background-position":"center center","background-size":"auto","background-attachment":"scroll","background-type":"","background-media":"","overlay-type":"","overlay-color":"","overlay-opacity":"","overlay-gradient":""},"tablet":{"background-color":"","background-image":"","background-repeat":"repeat","background-position":"center center","background-size":"auto","background-attachment":"scroll","background-type":"","background-media":"","overlay-type":"","overlay-color":"","overlay-opacity":"","overlay-gradient":""},"mobile":{"background-color":"","background-image":"","background-repeat":"repeat","background-position":"center center","background-size":"auto","background-attachment":"scroll","background-type":"","background-media":"","overlay-type":"","overlay-color":"","overlay-opacity":"","overlay-gradient":""}},"ast-content-background-meta":{"desktop":{"background-color":"var(--ast-global-color-4)","background-image":"","background-repeat":"repeat","background-position":"center center","background-size":"auto","background-attachment":"scroll","background-type":"","background-media":"","overlay-type":"","overlay-color":"","overlay-opacity":"","overlay-gradient":""},"tablet":{"background-color":"var(--ast-global-color-4)","background-image":"","background-repeat":"repeat","background-position":"center center","background-size":"auto","background-attachment":"scroll","background-type":"","background-media":"","overlay-type":"","overlay-color":"","overlay-opacity":"","overlay-gradient":""},"mobile":{"background-color":"var(--ast-global-color-4)","background-image":"","background-repeat":"repeat","background-position":"center center","background-size":"auto","background-attachment":"scroll","background-type":"","background-media":"","overlay-type":"","overlay-color":"","overlay-opacity":"","overlay-gradient":""}}},"product_brand":[],"product_cat":[153],"product_tag":[],"class_list":{"0":"post-110208","1":"product","2":"type-product","3":"status-publish","4":"has-post-thumbnail","6":"product_cat-sajat-tesztelesu-termekek","7":"desktop-align-left","8":"tablet-align-left","9":"mobile-align-left","11":"first","12":"instock","13":"shipping-taxable","14":"product-type-simple"},"jetpack_sharing_enabled":true,"_links":{"self":[{"href":"https:\/\/zatureczkimarcell.ddns.net\/wordpress\/wp-json\/wp\/v2\/product\/110208","targetHints":{"allow":["GET"]}}],"collection":[{"href":"https:\/\/zatureczkimarcell.ddns.net\/wordpress\/wp-json\/wp\/v2\/product"}],"about":[{"href":"https:\/\/zatureczkimarcell.ddns.net\/wordpress\/wp-json\/wp\/v2\/types\/product"}],"wp:featuredmedia":[{"embeddable":true,"href":"https:\/\/zatureczkimarcell.ddns.net\/wordpress\/wp-json\/wp\/v2\/media\/107349"}],"wp:attachment":[{"href":"https:\/\/zatureczkimarcell.ddns.net\/wordpress\/wp-json\/wp\/v2\/media?parent=110208"}],"wp:term":[{"taxonomy":"product_brand","embeddable":true,"href":"https:\/\/zatureczkimarcell.ddns.net\/wordpress\/wp-json\/wp\/v2\/product_brand?post=110208"},{"taxonomy":"product_cat","embeddable":true,"href":"https:\/\/zatureczkimarcell.ddns.net\/wordpress\/wp-json\/wp\/v2\/product_cat?post=110208"},{"taxonomy":"product_tag","embeddable":true,"href":"https:\/\/zatureczkimarcell.ddns.net\/wordpress\/wp-json\/wp\/v2\/product_tag?post=110208"}],"curies":[{"name":"wp","href":"https:\/\/api.w.org\/{rel}","templated":true}]}}