{"id":110207,"date":"2026-04-01T10:49:14","date_gmt":"2026-04-01T08:49:14","guid":{"rendered":"https:\/\/zatureczkimarcell.ddns.net\/wordpress\/?post_type=product&#038;p=110207"},"modified":"2026-04-01T10:49:39","modified_gmt":"2026-04-01T08:49:39","slug":"hoodie-davey-air-teszt","status":"publish","type":"product","link":"https:\/\/zatureczkimarcell.ddns.net\/wordpress\/termek\/hoodie-davey-air-teszt\/","title":{"rendered":"Hoodie Davey Air teszt"},"content":{"rendered":"<p><span style=\"font-size:16px;\"><strong>Modeka Hoodie Davey Air&nbsp;<\/strong><\/span><\/p>\n<p><span style=\"font-size:16px;\"><strong>A term&eacute;ket ide kattintva tal&aacute;lod honlapunkon:&nbsp;<a href=\"https:\/\/darazsgarazs.hu\/index.php\/termek\/hoodie-davey-air.1455.html\">https:\/\/darazsgarazs.hu\/index.php\/termek\/hoodie-davey-air.1455.html<\/a><\/strong><\/span><\/p>\n<\/p>\n<p><span style=\"font-size:16px;\"><strong>Koll&eacute;g&aacute;nk egyb\u0151l lecsapott ennek a vag&aacute;ny, fiatalos szab&aacute;s&uacute; kab&aacute;tnak a tesztel&eacute;s&eacute;re.<\/strong><\/span><\/p>\n<p><span style=\"font-size:16px;\"><strong>A levehet\u0151 kapucni csak fokozza azt a fajta lazas&aacute;got, amit ez a term&eacute;k&uuml;nk k&ouml;zvet&iacute;teni hivatott.<\/strong><\/span><\/p>\n<p><span style=\"font-size:16px;\"><strong>Biztos&iacute;thatunk hogy b&aacute;rmelyik kevl&aacute;ros farmer&uuml;nket is v&aacute;lasztod hozz&aacute;, nem is lehet vag&aacute;nyabb szetted. Ak&aacute;r hosszabb t&uacute;r&aacute;ra m&eacute;sz, ak&aacute;r csak a v&aacute;rost szeled &aacute;t, az al&aacute;bbiakat fogod tapasztalni:<\/strong><\/span><\/p>\n<p><span style=\"font-size:16px;\"><strong>1,<\/strong><\/span><\/p>\n<p><span style=\"font-size:16px;\"><strong>Ha meg&aacute;llsz, &eacute;szreveszed hogy a motorrol lesz&aacute;llva a legt&ouml;bb szemp&aacute;r r&aacute;d szegez\u0151dik. Mindenki azt a fajta lezsers&eacute;get l&aacute;tja, amit utolj&aacute;ra tal&aacute;n Steve McQueen tudhatott mag&aacute;&eacute;nak, ahogy egy klasszikus motoron &uuml;cs&ouml;r&ouml;gve cigarett&aacute;ra gy&uacute;jtott.<\/strong><\/span><\/p>\n<p><span style=\"font-size:16px;\"><strong>2,<\/strong><\/span><\/p>\n<p><span style=\"font-size:16px;\"><strong>Amikor motoron suhansz vele, a k&eacute;nyelem &eacute;s a t&ouml;k&eacute;letes illeszked&eacute;s az els\u0151 szavak amik a szell\u0151z&eacute;s ut&aacute;n az eszedbe jutnak.<\/strong><\/span><\/p>\n<p><span style=\"font-size:16px;\"><strong>H\u0171v&ouml;sebb volt m&eacute;g az id\u0151, amikor elindultunk az eg&eacute;sz napos t&uacute;r&aacute;ra &eacute;s mivel k&eacute;s\u0151 &eacute;jjel &eacute;rt&uuml;nk haza, &iacute;gy a kivehet\u0151 es\u0151 &eacute;s sz&eacute;lz&aacute;r&oacute; membr&aacute;n is szerephez jutott. Megintcsak a komfort sz&oacute; ami legbel&uuml;l els\u0151k&eacute;nt esz&uuml;nkbe jut.<\/strong><\/span><\/p>\n<p><span style=\"font-size:16px;\"><strong>Gondolj bele! Van egy kab&aacute;tod, ami k&eacute;nyelmes, a protektorok t&ouml;k&eacute;letesen illeszkednek, a ny&aacute;ri k&aacute;nikul&aacute;ban a h&aacute;l&oacute;s fel&uuml;let miatt szuper&uuml;l szell\u0151zik, az es\u0151 &eacute;s sz&eacute;l&aacute;ll&oacute; membr&aacute;nod (10.000mm tud&aacute;s&uacute; l&eacute;legz\u0151-dinamikus Humax membr&aacute;n) a h\u0171v&ouml;sebb , vagy csapad&eacute;kosabb napokon is v&eacute;d, mindemellett te vagy a legvag&aacute;nyabb megjelen&eacute;s\u0171 az eg&eacute;sz csapatban. :))&nbsp;<\/strong><\/span><\/p>\n<p><span style=\"font-size:16px;\"><strong>Tegy&eacute;l egy pr&oacute;b&aacute;t! Ha egy kicsit is szebb vagy az &ouml;rd&ouml;gn&eacute;l<\/strong>&nbsp; \/<em>mi tudjuk hogy ez &iacute;gy van<\/em> \ud83d\ude42 \/<strong>&nbsp; parkolj le a motoroddal egy k&aacute;v&eacute;z&oacute; terasza el\u0151tt &eacute;s s&eacute;t&aacute;lj be. K&ouml;zben cinkos mosollyal az arcodon n&eacute;zd a h&ouml;lgyeket . Biztosak vagyunk benne, hogy tal&aacute;lkozik a tekinteted majd az egyik&eacute;vel. Csak biccents &eacute;s n&eacute;zd ahogyan elmosolyodik. Fogadjunk!<\/strong><em> (Nekem siker&uuml;lt, neked is fog) &nbsp;<\/em><\/span><\/p>\n<p><span style=\"font-size:16px;\"><strong>Nagyon bej&ouml;tt ez a kab&aacute;t &eacute;s azt gondolom mindenkin&eacute;l sikerre sz&aacute;m&iacute;that , aki olyan szettet szeretne, amir\u0151l nem mondja meg els\u0151re senki, hogy &bdquo;megj&ouml;tt a motoros&rdquo; , ha meg&eacute;rkezik a munkahely&eacute;re, vagy a bar&aacute;tokkal tal&aacute;lkozik a belv&aacute;rosban. Ehhez nem kell m&aacute;st tenned, csak v&aacute;laszd a kor&aacute;bban m&aacute;r &aacute;ltalam tesztelt Modeka Alexius farmer&uuml;nket ( Az extr&eacute;m teszt&uuml;nket ide kattintva tal&aacute;lod:&nbsp;<a href=\"https:\/\/darazsgarazs.hu\/index.php\/termek\/modeka-alexius-kevlaros-farmer-teszt.779.html\">https:\/\/darazsgarazs.hu\/index.php\/termek\/modeka-alexius-kevlaros-farmer-teszt.779.html<\/a> &nbsp;&nbsp;) &eacute;s a Modeka Lane cip\u0151nket ehhez a kab&aacute;thoz.<\/strong><\/span><\/p>\n<p><span style=\"font-size:16px;\"><strong>A Modeka Lane honlapunkon ide kattintva &eacute;rhet\u0151 el:&nbsp;<a href=\"https:\/\/darazsgarazs.hu\/index.php\/search_in?search_for=lane\">https:\/\/darazsgarazs.hu\/index.php\/search_in?search_for=lane<\/a><\/strong><\/span><\/p>\n<p><span style=\"font-size:16px;\"><strong>Te leszel a legjobb megjelen&eacute;s\u0171 a motoros t&aacute;rsas&aacute;godban!<\/strong><\/span><\/p>\n<p><span style=\"font-size:16px;\"><strong>Emellett a t&uacute;r&aacute;kon is j&oacute;l tudod magad &eacute;rezni. Nincs meleged, nem &aacute;zol-nem f&aacute;zol &eacute;s j&oacute;l n&eacute;zel ki. Mi kellhet t&ouml;bb? Ja igen! Az a sisak amit viseltem . Olvasd el a tesztemet a Marushin be&eacute;p&iacute;tett sisakbesz&eacute;l\u0151vel rendelkez\u0151 felnyithat&oacute; sisakj&aacute;r&oacute;l is ide kattintva:&nbsp;<a href=\"https:\/\/darazsgarazs.hu\/index.php\/termek\/marushin-m612-teszt.1460.html\">https:\/\/darazsgarazs.hu\/index.php\/termek\/marushin-m612-teszt.1460.html<\/a><\/strong><\/span><\/p><\/p>\n","protected":false},"excerpt":{"rendered":"<p>Modeka Hoodie Davey Air&nbsp; A term&eacute;ket ide kattintva tal&aacute;lod honlapunkon:&nbsp;https:\/\/darazsgarazs.hu\/index.php\/termek\/hoodie-davey-air.1455.html Koll&eacute;g&aacute;nk egyb\u0151l lecsapott ennek a vag&aacute;ny, fiatalos szab&aacute;s&uacute; kab&aacute;tnak a [&hellip;]<\/p>\n","protected":false},"featured_media":102974,"template":"","meta":{"site-sidebar-layout":"default","site-content-layout":"","ast-site-content-layout":"default","site-content-style":"default","site-sidebar-style":"default","ast-global-header-display":"","ast-banner-title-visibility":"","ast-main-header-display":"","ast-hfb-above-header-display":"","ast-hfb-below-header-display":"","ast-hfb-mobile-header-display":"","site-post-title":"","ast-breadcrumbs-content":"","ast-featured-img":"","footer-sml-layout":"","ast-disable-related-posts":"","theme-transparent-header-meta":"","adv-header-id-meta":"","stick-header-meta":"","header-above-stick-meta":"","header-main-stick-meta":"","header-below-stick-meta":"","astra-migrate-meta-layouts":"default","ast-page-background-enabled":"default","ast-page-background-meta":{"desktop":{"background-color":"var(--ast-global-color-5)","background-image":"","background-repeat":"repeat","background-position":"center center","background-size":"auto","background-attachment":"scroll","background-type":"","background-media":"","overlay-type":"","overlay-color":"","overlay-opacity":"","overlay-gradient":""},"tablet":{"background-color":"","background-image":"","background-repeat":"repeat","background-position":"center center","background-size":"auto","background-attachment":"scroll","background-type":"","background-media":"","overlay-type":"","overlay-color":"","overlay-opacity":"","overlay-gradient":""},"mobile":{"background-color":"","background-image":"","background-repeat":"repeat","background-position":"center center","background-size":"auto","background-attachment":"scroll","background-type":"","background-media":"","overlay-type":"","overlay-color":"","overlay-opacity":"","overlay-gradient":""}},"ast-content-background-meta":{"desktop":{"background-color":"var(--ast-global-color-4)","background-image":"","background-repeat":"repeat","background-position":"center center","background-size":"auto","background-attachment":"scroll","background-type":"","background-media":"","overlay-type":"","overlay-color":"","overlay-opacity":"","overlay-gradient":""},"tablet":{"background-color":"var(--ast-global-color-4)","background-image":"","background-repeat":"repeat","background-position":"center center","background-size":"auto","background-attachment":"scroll","background-type":"","background-media":"","overlay-type":"","overlay-color":"","overlay-opacity":"","overlay-gradient":""},"mobile":{"background-color":"var(--ast-global-color-4)","background-image":"","background-repeat":"repeat","background-position":"center center","background-size":"auto","background-attachment":"scroll","background-type":"","background-media":"","overlay-type":"","overlay-color":"","overlay-opacity":"","overlay-gradient":""}}},"product_brand":[],"product_cat":[153],"product_tag":[],"class_list":{"0":"post-110207","1":"product","2":"type-product","3":"status-publish","4":"has-post-thumbnail","6":"product_cat-sajat-tesztelesu-termekek","7":"desktop-align-left","8":"tablet-align-left","9":"mobile-align-left","11":"first","12":"instock","13":"shipping-taxable","14":"product-type-simple"},"jetpack_sharing_enabled":true,"_links":{"self":[{"href":"https:\/\/zatureczkimarcell.ddns.net\/wordpress\/wp-json\/wp\/v2\/product\/110207","targetHints":{"allow":["GET"]}}],"collection":[{"href":"https:\/\/zatureczkimarcell.ddns.net\/wordpress\/wp-json\/wp\/v2\/product"}],"about":[{"href":"https:\/\/zatureczkimarcell.ddns.net\/wordpress\/wp-json\/wp\/v2\/types\/product"}],"wp:featuredmedia":[{"embeddable":true,"href":"https:\/\/zatureczkimarcell.ddns.net\/wordpress\/wp-json\/wp\/v2\/media\/102974"}],"wp:attachment":[{"href":"https:\/\/zatureczkimarcell.ddns.net\/wordpress\/wp-json\/wp\/v2\/media?parent=110207"}],"wp:term":[{"taxonomy":"product_brand","embeddable":true,"href":"https:\/\/zatureczkimarcell.ddns.net\/wordpress\/wp-json\/wp\/v2\/product_brand?post=110207"},{"taxonomy":"product_cat","embeddable":true,"href":"https:\/\/zatureczkimarcell.ddns.net\/wordpress\/wp-json\/wp\/v2\/product_cat?post=110207"},{"taxonomy":"product_tag","embeddable":true,"href":"https:\/\/zatureczkimarcell.ddns.net\/wordpress\/wp-json\/wp\/v2\/product_tag?post=110207"}],"curies":[{"name":"wp","href":"https:\/\/api.w.org\/{rel}","templated":true}]}}