{"id":110203,"date":"2026-04-01T10:48:50","date_gmt":"2026-04-01T08:48:50","guid":{"rendered":"https:\/\/zatureczkimarcell.ddns.net\/wordpress\/?post_type=product&#038;p=110203"},"modified":"2026-04-01T10:49:36","modified_gmt":"2026-04-01T08:49:36","slug":"hoodie-davey-air-halos-nyari-vizallo-kabat-altalunk-is-tesztelt","status":"publish","type":"product","link":"https:\/\/zatureczkimarcell.ddns.net\/wordpress\/termek\/hoodie-davey-air-halos-nyari-vizallo-kabat-altalunk-is-tesztelt\/","title":{"rendered":"Hoodie Davey Air h\u00e1l\u00f3s ny\u00e1ri v\u00edz\u00e1ll\u00f3 kab\u00e1t-\u00c1ltalunk is tesztelt!"},"content":{"rendered":"<p><strong style=\"box-sizing: border-box; font-weight: bold; max-width: 100%; font-family: Roboto, sans-serif; font-size: 16px;\">H&aacute;l&oacute;s fel&uuml;let\u0171, kiv&aacute;l&oacute;an szell\u0151z\u0151, levehet\u0151 kapucnival rendelkez\u0151&nbsp;motoros dzseki&nbsp;amely kicipz&aacute;rozhat&oacute; 100%-ban sz&eacute;l &eacute;s v&iacute;z&aacute;ll&oacute; Humax (10.000mm tud&aacute;s&uacute;) membr&aacute;nt tartalmaz.&nbsp;<\/strong><span style=\"font-family: Roboto, sans-serif; font-size: 16px;\">(A Humax membr&aacute;n tulajdons&aacute;gait az anyaglexikon men&uuml;pontban olvashatod)&nbsp;<\/span><\/p>\n<p><strong><span style=\"font-family: Roboto, sans-serif; font-size: 16px;\">CE AA v&eacute;delmi oszt&aacute;ly!&nbsp;<\/span><\/strong><\/p>\n<p><strong><span style=\"font-family: Roboto, sans-serif; font-size: 16px;\">K&eacute;nyelmes Softshell bet&eacute;tekkel<\/span><\/strong><\/p>\n<p><strong><span style=\"font-family: Roboto, sans-serif; font-size: 16px;\">Dupla r&eacute;teg\u0171 anyaghaszn&aacute;lat az ig&eacute;nybevett pontokon.&nbsp;<\/span><\/strong><\/p>\n<p><strong><span style=\"font-family: Roboto, sans-serif; font-size: 16px;\">Levehet\u0151 kapucni<\/span><\/strong><\/p>\n<p style=\"box-sizing: border-box; margin: 0px 0px 10px; max-width: 100%; font-family: Roboto, sans-serif; font-size: 16px;\"><span style=\"box-sizing: border-box; max-width: 100%;\"><strong style=\"box-sizing: border-box; font-weight: bold; max-width: 100%;\">A&nbsp;<span style=\"box-sizing: border-box; max-width: 100%; color: rgb(255, 0, 0);\">H&aacute;l&oacute;s fel&uuml;let\u0171, ez&aacute;ltal kiv&aacute;l&oacute;an szell\u0151z\u0151<\/span>&nbsp;&eacute;s kivehet\u0151 membr&aacute;nnal ell&aacute;tott kab&aacute;tok, rendk&iacute;v&uuml;li komfort&eacute;rzetet biztos&iacute;tanak.&nbsp;<\/strong><\/span><\/p>\n<p style=\"box-sizing: border-box; margin: 0px 0px 10px; max-width: 100%; font-family: Roboto, sans-serif; font-size: 16px;\"><span style=\"box-sizing: border-box; max-width: 100%;\"><strong style=\"box-sizing: border-box; font-weight: bold; max-width: 100%;\">Tesztjeink szerint &bdquo;Naked&rdquo; motoron viselve , m&aacute;r 20Km\/h sebess&eacute;gt\u0151l<span style=\"box-sizing: border-box; max-width: 100%; color: rgb(255, 0, 0);\">&nbsp;nem &eacute;rzed hogy kab&aacute;t van rajtad, annyira szell\u0151s!<\/span><\/strong><\/span><\/p>\n<p style=\"box-sizing: border-box; margin: 0px 0px 10px; max-width: 100%; font-family: Roboto, sans-serif; font-size: 16px;\"><span style=\"box-sizing: border-box; max-width: 100%;\"><strong style=\"box-sizing: border-box; font-weight: bold; max-width: 100%;\">A ny&aacute;ri k&aacute;nikul&aacute;ban, egy ilyen kab&aacute;tot viselve, maxim&aacute;lis biztons&aacute;gban vagy&nbsp;a protektoroknak k&ouml;sz&ouml;nhet\u0151en, m&eacute;gis olyan &eacute;rz&eacute;s lesz m&aacute;r kis sebess&eacute;gn&eacute;l is motorozni, mintha nem is lenne rajtad motoros kab&aacute;t .<\/strong><\/span><\/p>\n<p style=\"box-sizing: border-box; margin: 0px 0px 10px; max-width: 100%; font-family: Roboto, sans-serif; font-size: 16px;\"><span style=\"box-sizing: border-box; max-width: 100%;\"><strong style=\"box-sizing: border-box; font-weight: bold; max-width: 100%;\"><span style=\"box-sizing: border-box; max-width: 100%; color: rgb(255, 0, 0);\">Rendk&iacute;v&uuml;l j&oacute; szell\u0151z&eacute;st biztos&iacute;t ! Amellett hogy a protektorok megv&eacute;dik, nem izzad bele visel\u0151je.<\/span>&nbsp;S\u0151t!&nbsp;<\/strong><\/span><\/p>\n<p style=\"box-sizing: border-box; margin: 0px 0px 10px; max-width: 100%; font-family: Roboto, sans-serif; font-size: 16px;\"><span style=\"box-sizing: border-box; max-width: 100%;\"><strong style=\"box-sizing: border-box; font-weight: bold; max-width: 100%;\">A becipz&aacute;rozhat&oacute; es\u0151 &eacute;s sz&eacute;lz&aacute;r&oacute; membr&aacute;n a&nbsp;<span style=\"box-sizing: border-box; max-width: 100%; color: rgb(255, 0, 0);\">h\u0171v&ouml;sebb reggeleken,est&eacute;ken, vagy az es\u0151 ellen is v&eacute;delmet ny&uacute;jt.<\/span><\/strong><\/span><\/p>\n<p style=\"box-sizing: border-box; margin: 0px 0px 10px; max-width: 100%; font-family: Roboto, sans-serif; font-size: 16px;\"><span style=\"box-sizing: border-box; max-width: 100%;\"><strong style=\"box-sizing: border-box; font-weight: bold; max-width: 100%;\">Teh&aacute;t hi&aacute;ba f&uacute;j a sz&eacute;l, a membr&aacute;n megv&eacute;d . Hi&aacute;ba esik az es\u0151, a membr&aacute;n v&eacute;d az es\u0151 ellen. Viszont amikor a legnagyobb melegekben motorozol, akkor sem izzadsz meg , ha a kab&aacute;tb&oacute;l kiveszed az es\u0151 &eacute;s sz&eacute;l&aacute;ll&oacute; membr&aacute;nt.&nbsp;<\/strong><\/span><\/p>\n<p style=\"box-sizing: border-box; margin: 0px 0px 10px; max-width: 100%; font-family: Roboto, sans-serif; font-size: 16px;\"><span style=\"box-sizing: border-box; max-width: 100%; color: rgb(255, 0, 0);\"><span style=\"box-sizing: border-box; max-width: 100%;\"><strong style=\"box-sizing: border-box; font-weight: bold; max-width: 100%;\">Protektoros v&eacute;delem &eacute;s maxim&aacute;lis komfort m&eacute;g a legnagyobb ny&aacute;ri k&aacute;nikul&aacute;ban is!&nbsp;<\/strong><\/span><\/span><\/p>\n<p style=\"box-sizing: border-box; margin: 0px 0px 10px; max-width: 100%; font-family: Roboto, sans-serif; font-size: 16px;\"><strong style=\"box-sizing: border-box; font-weight: bold; max-width: 100%; color: rgb(0, 0, 0);\">A legt&ouml;bb&nbsp; protektor ing az els\u0151 becsap&oacute;d&aacute;sn&aacute;l v&eacute;d, cs&uacute;sz&aacute;sn&aacute;l viszont leszakadhat visel\u0151j&eacute;r\u0151l. Ezzel szemben ez a kab&aacute;t nem csak a becsap&oacute;d&aacute;sn&aacute;l v&eacute;d, hanem a cs&uacute;sz&aacute;sn&aacute;l is. Ezt megtekintheted honlapunk f\u0151oldal&aacute;n az extr&eacute;m cs&uacute;sz&aacute;sos balesetet szimul&aacute;l&oacute; extr&eacute;m tesztvide&oacute;nkban.&nbsp;<\/strong><\/p>\n<p style=\"box-sizing: border-box; margin: 0px 0px 10px; max-width: 100%; font-family: Roboto, sans-serif; font-size: 16px;\"><strong>M&eacute;retek: S, M, L, XL, 2XL, 3XL, 4XL&nbsp;<\/strong><\/p>\n<\/p>\n<p style=\"box-sizing: border-box; margin: 0px 0px 10px; max-width: 100%; font-family: Roboto, sans-serif; font-size: 16px;\"><strong style=\"box-sizing: border-box; font-weight: bold; max-width: 100%; font-family: Roboto, sans-serif; font-size: 16px;\"><span style=\"box-sizing: border-box; max-width: 100%; color: rgb(255, 0, 0);\">Figyelem!<\/span>&nbsp;Koll&eacute;g&aacute;nk is tesztelte &eacute;s az&oacute;ta is el&eacute;gedetten haszn&aacute;lja ezt a term&eacute;k&uuml;nket.&nbsp;V&eacute;lem&eacute;nye a saj&aacute;t tesztel&eacute;s\u0171 term&eacute;kek men&uuml;pontban ide kattintva&nbsp;olvashat&oacute;:&nbsp;<a href=\"https:\/\/darazsgarazs.hu\/index.php\/termek\/hoodie-davey-air-teszt.1459.html\">https:\/\/darazsgarazs.hu\/index.php\/termek\/hoodie-davey-air-teszt.1459.html<\/a><\/strong><\/p>\n<\/p>\n<p style=\"box-sizing: border-box; margin: 0px 0px 10px; max-width: 100%; font-family: Roboto, sans-serif; font-size: 16px;\">\n<p style=\"box-sizing: border-box; margin: 0px 0px 10px; max-width: 100%; font-family: Roboto, sans-serif; font-size: 16px;\"><strong style=\"box-sizing: border-box; font-weight: bold; max-width: 100%;\">Haszn&aacute;lati &eacute;s kezel&eacute;si &uacute;tmutat&oacute; a term&eacute;khez&nbsp;el&eacute;rhet\u0151 ide kattintva:&nbsp;<a href=\"https:\/\/darazsgarazs.hu\/index.php\/termek\/hasznalati-utmutato.1155.html\" style=\"box-sizing: border-box; background-color: transparent; color: rgb(51, 122, 183); text-decoration-line: none; max-width: 100%;\">https:\/\/darazsgarazs.hu\/index.php\/termek\/hasznalati-utmutato.1155.html<\/a><\/strong><\/p>\n<p style=\"box-sizing: border-box; margin: 0px 0px 10px; max-width: 100%; font-family: Roboto, sans-serif; font-size: 16px;\"><span style=\"box-sizing: border-box; max-width: 100%;\">A term&eacute;k rendeltet&eacute;sszer\u0171 haszn&aacute;lat sor&aacute;n&nbsp;speci&aacute;lis mos&oacute;szerrel tiszt&iacute;that&oacute; !<\/span><\/p>\n<p style=\"box-sizing: border-box; margin: 0px 0px 10px; max-width: 100%; font-family: Roboto, sans-serif; font-size: 16px;\"><span style=\"box-sizing: border-box; max-width: 100%;\">A mos&oacute;szer speci&aacute;lisan technikai &ndash; motoros ruh&aacute;zathoz lett fejlesztve, haszn&aacute;lat&aacute;val a term&eacute;kek nem csak tiszt&aacute;n tarthat&oacute;ak, de v&aacute;rhat&oacute; haszn&aacute;lati idej&uuml;k is n&ouml;vekszik!<\/span><\/p>\n<p style=\"box-sizing: border-box; margin: 0px 0px 10px; max-width: 100%; font-family: Roboto, sans-serif; font-size: 16px;\"><span style=\"box-sizing: border-box; max-width: 100%;\">A Speci&aacute;lis motoros ruh&aacute;zathoz fejlesztett mos&oacute;szert az al&aacute;bbi linkre kattintva &eacute;rheti el:<a href=\"https:\/\/darazsgarazs.hu\/index.php\/termek\/mososzer-motoros-ruhazathoz.1297.html\" style=\"box-sizing: border-box; background-color: transparent; color: rgb(35, 82, 124); outline: -webkit-focus-ring-color auto 5px; outline-offset: -2px; max-width: 100%;\">https:\/\/darazsgarazs.hu\/index.php\/termek\/mososzer-motoros-ruhazathoz.1297.html<\/a><\/span><\/p>\n<p style=\"box-sizing: border-box; margin: 0px 0px 10px; max-width: 100%; font-family: Roboto, sans-serif; font-size: 16px;\"><span style=\"box-sizing: border-box; max-width: 100%;\">Az es\u0151 &eacute;s sz&eacute;lz&aacute;r&oacute; membr&aacute;n tiszt&iacute;t&aacute;s&aacute;hoz az al&aacute;bbi term&eacute;ket sz&uuml;ks&eacute;ges haszn&aacute;lni:&nbsp;<a href=\"https:\/\/darazsgarazs.hu\/index.php\/termek\/mososzer-viz-es-szelallo-membranokhoz.1298.html\" style=\"box-sizing: border-box; background-color: transparent; color: rgb(51, 122, 183); text-decoration-line: none; max-width: 100%;\">https:\/\/darazsgarazs.hu\/index.php\/termek\/mososzer-viz-es-szelallo-membranokhoz.1298.html<\/a><\/span><\/p>\n<p style=\"box-sizing: border-box; margin: 0px 0px 10px; max-width: 100%; font-family: Roboto, sans-serif; font-size: 16px;\">\n","protected":false},"excerpt":{"rendered":"<p>H&aacute;l&oacute;s fel&uuml;let\u0171, kiv&aacute;l&oacute;an szell\u0151z\u0151, levehet\u0151 kapucnival rendelkez\u0151&nbsp;motoros dzseki&nbsp;amely kicipz&aacute;rozhat&oacute; 100%-ban sz&eacute;l &eacute;s v&iacute;z&aacute;ll&oacute; Humax (10.000mm tud&aacute;s&uacute;) membr&aacute;nt tartalmaz.&nbsp;(A Humax membr&aacute;n [&hellip;]<\/p>\n","protected":false},"featured_media":108120,"template":"","meta":{"site-sidebar-layout":"default","site-content-layout":"","ast-site-content-layout":"default","site-content-style":"default","site-sidebar-style":"default","ast-global-header-display":"","ast-banner-title-visibility":"","ast-main-header-display":"","ast-hfb-above-header-display":"","ast-hfb-below-header-display":"","ast-hfb-mobile-header-display":"","site-post-title":"","ast-breadcrumbs-content":"","ast-featured-img":"","footer-sml-layout":"","ast-disable-related-posts":"","theme-transparent-header-meta":"","adv-header-id-meta":"","stick-header-meta":"","header-above-stick-meta":"","header-main-stick-meta":"","header-below-stick-meta":"","astra-migrate-meta-layouts":"default","ast-page-background-enabled":"default","ast-page-background-meta":{"desktop":{"background-color":"var(--ast-global-color-5)","background-image":"","background-repeat":"repeat","background-position":"center center","background-size":"auto","background-attachment":"scroll","background-type":"","background-media":"","overlay-type":"","overlay-color":"","overlay-opacity":"","overlay-gradient":""},"tablet":{"background-color":"","background-image":"","background-repeat":"repeat","background-position":"center center","background-size":"auto","background-attachment":"scroll","background-type":"","background-media":"","overlay-type":"","overlay-color":"","overlay-opacity":"","overlay-gradient":""},"mobile":{"background-color":"","background-image":"","background-repeat":"repeat","background-position":"center center","background-size":"auto","background-attachment":"scroll","background-type":"","background-media":"","overlay-type":"","overlay-color":"","overlay-opacity":"","overlay-gradient":""}},"ast-content-background-meta":{"desktop":{"background-color":"var(--ast-global-color-4)","background-image":"","background-repeat":"repeat","background-position":"center center","background-size":"auto","background-attachment":"scroll","background-type":"","background-media":"","overlay-type":"","overlay-color":"","overlay-opacity":"","overlay-gradient":""},"tablet":{"background-color":"var(--ast-global-color-4)","background-image":"","background-repeat":"repeat","background-position":"center center","background-size":"auto","background-attachment":"scroll","background-type":"","background-media":"","overlay-type":"","overlay-color":"","overlay-opacity":"","overlay-gradient":""},"mobile":{"background-color":"var(--ast-global-color-4)","background-image":"","background-repeat":"repeat","background-position":"center center","background-size":"auto","background-attachment":"scroll","background-type":"","background-media":"","overlay-type":"","overlay-color":"","overlay-opacity":"","overlay-gradient":""}}},"product_brand":[],"product_cat":[147,139,145],"product_tag":[],"class_list":{"0":"post-110203","1":"product","2":"type-product","3":"status-publish","4":"has-post-thumbnail","6":"product_cat-kabatok","7":"product_cat-motoros-ruhazat","8":"product_cat-varosi-stilusu-motoros-ruhazat","9":"desktop-align-left","10":"tablet-align-left","11":"mobile-align-left","13":"first","14":"instock","15":"shipping-taxable","16":"purchasable","17":"product-type-simple"},"jetpack_sharing_enabled":true,"_links":{"self":[{"href":"https:\/\/zatureczkimarcell.ddns.net\/wordpress\/wp-json\/wp\/v2\/product\/110203","targetHints":{"allow":["GET"]}}],"collection":[{"href":"https:\/\/zatureczkimarcell.ddns.net\/wordpress\/wp-json\/wp\/v2\/product"}],"about":[{"href":"https:\/\/zatureczkimarcell.ddns.net\/wordpress\/wp-json\/wp\/v2\/types\/product"}],"wp:featuredmedia":[{"embeddable":true,"href":"https:\/\/zatureczkimarcell.ddns.net\/wordpress\/wp-json\/wp\/v2\/media\/108120"}],"wp:attachment":[{"href":"https:\/\/zatureczkimarcell.ddns.net\/wordpress\/wp-json\/wp\/v2\/media?parent=110203"}],"wp:term":[{"taxonomy":"product_brand","embeddable":true,"href":"https:\/\/zatureczkimarcell.ddns.net\/wordpress\/wp-json\/wp\/v2\/product_brand?post=110203"},{"taxonomy":"product_cat","embeddable":true,"href":"https:\/\/zatureczkimarcell.ddns.net\/wordpress\/wp-json\/wp\/v2\/product_cat?post=110203"},{"taxonomy":"product_tag","embeddable":true,"href":"https:\/\/zatureczkimarcell.ddns.net\/wordpress\/wp-json\/wp\/v2\/product_tag?post=110203"}],"curies":[{"name":"wp","href":"https:\/\/api.w.org\/{rel}","templated":true}]}}