{"id":110202,"date":"2026-04-01T10:48:49","date_gmt":"2026-04-01T08:48:49","guid":{"rendered":"https:\/\/zatureczkimarcell.ddns.net\/wordpress\/?post_type=product&#038;p=110202"},"modified":"2026-04-01T10:49:35","modified_gmt":"2026-04-01T08:49:35","slug":"modeka-khao-air-teszt","status":"publish","type":"product","link":"https:\/\/zatureczkimarcell.ddns.net\/wordpress\/termek\/modeka-khao-air-teszt\/","title":{"rendered":"Modeka Khao Air Teszt"},"content":{"rendered":"<p><span style=\"color:#000000;\"><span style=\"font-size:16px;\"><strong>A Modeka Khao Air kab&aacute;t &eacute;s nadr&aacute;g az egyik legn&eacute;pszer\u0171bb ny&aacute;ri term&eacute;k a k&iacute;n&aacute;latunkban.<\/strong><\/span><\/span><\/p>\n<p><span style=\"color:#000000;\"><span style=\"font-size:16px;\"><strong>Anyaghaszn&aacute;lata m&aacute;r az els\u0151 felv&eacute;teln&eacute;l &eacute;rezteti azt a k&ouml;nnyeds&eacute;get, azt a fajta k&eacute;nyelmet, amit csak nagyon kev&eacute;s motoros ruha mondhat mag&aacute;&eacute;nak. Nem v&eacute;letlen hogy koll&eacute;g&aacute;ink is &eacute;vek &oacute;ta haszn&aacute;lj&aacute;k tart&oacute;stesztben. Az idei &eacute;vben &uacute;j sz&iacute;n jelent meg k&iacute;n&aacute;latunkban, r&aacute;ad&aacute;sul <\/strong><\/span><\/span><span style=\"color:#FF0000;\"><span style=\"font-size:16px;\"><strong>a legmagasabb v&eacute;delmi szintet, a LEVEL 2-t teljes&iacute;t\u0151 &uuml;t&eacute;selnyel\u0151 v&aacute;ll &eacute;s k&ouml;ny&ouml;k protektor is a kab&aacute;t alapfelszerelts&eacute;g&eacute;be tartozik. Level 2-es gerincprotektor r&eacute;sz&eacute;re kialak&iacute;tott gy&aacute;ri nagy m&eacute;ret\u0171 protektorzseb is van a kab&aacute;tban. A gerincprotektor is &uuml;zlet&uuml;nkben azonnali k&eacute;szletr\u0151l&nbsp; megv&aacute;s&aacute;rolhat&oacute;.&nbsp;&nbsp;A nadr&aacute;g szint&eacute;n LEVEL2-es t&eacute;rd &eacute;s cs&iacute;p\u0151 protektoroz&aacute;st kapott! <\/strong><\/span><\/span><span style=\"color:#000000;\"><span style=\"font-size:16px;\"><strong>&nbsp;A protektorok a h\u0151re l&aacute;gyulnak, teljesen &eacute;szrevehetetlenek visel&eacute;s k&ouml;zben, m&eacute;gis a legjobb v&eacute;delmet k&iacute;n&aacute;lj&aacute;k &uuml;t&eacute;selnyel\u0151 k&eacute;pess&eacute;g&uuml;kkel.<\/strong><\/span><\/span><\/p>\n<p><span style=\"color:#000000;\"><span style=\"font-size:16px;\"><strong>Mivel k&aacute;nikula kab&aacute;tr&oacute;l &eacute;s nadr&aacute;gr&oacute;l van sz&oacute;, igazi forr&oacute;s&aacute;got j&oacute;sol&oacute; napon tett&uuml;k pr&oacute;b&aacute;ra.<\/strong><\/span><\/span><\/p>\n<\/p>\n<p><span style=\"color:#000000;\"><span style=\"font-size:16px;\"><strong>Mi val&oacute;s motoros tapasztalatok alapj&aacute;n szeret&uuml;nk a n&aacute;lunk kaphat&oacute; term&eacute;kekr\u0151l besz&eacute;lni, azokat aj&aacute;nlani, miut&aacute;n megismert&uuml;k a TE motoroz&aacute;si szok&aacute;saidat. Ehhez hossz&uacute; utakon kell kipr&oacute;b&aacute;ljuk a term&eacute;keinket. Egy hossz&uacute; &uacute;t korai indul&aacute;st k&iacute;v&aacute;n, &iacute;gy m&aacute;r reggel hat &oacute;rakor tal&aacute;lkoztunk hogy azut&aacute;n eg&eacute;sz nap motorozzunk &eacute;s csak &eacute;jjel &eacute;rt&uuml;nk haza ,s\u0151t,&nbsp;majdnem m&aacute;snap hajnalban. A korai indul&aacute;sn&aacute;l (10 Celsius fok )&eacute;s az &eacute;jszakai (14 Celsius ) &eacute;rkez&eacute;sn&eacute;l nagyon j&oacute; szolg&aacute;latot tett a k&ouml;nnyen, p&aacute;r mozdulattal kicipz&aacute;rozhat&oacute; es\u0151 &eacute;s sz&eacute;l&aacute;ll&oacute; membr&aacute;n.&nbsp;<\/strong><strong>M&aacute;s modeka term&eacute;kekn&eacute;l<\/strong><\/span><\/span><span style=\"color:#FF0000;\"><span style=\"font-size:16px;\"><strong> a Khao Air&ndash;ben l&eacute;v\u0151 10.000mm-es tud&aacute;s&uacute; Humax membr&aacute;nt m&aacute;r siker&uuml;lt eg&eacute;sz napos szit&aacute;l&oacute; es\u0151ben is teszteln&uuml;nk az Alpokban. Sz&aacute;raz maradt az al&aacute;&ouml;lt&ouml;z\u0151 ruh&aacute;zat. <\/strong><\/span><\/span><span style=\"color:#000000;\"><span style=\"font-size:16px;\"><strong>Ezen a k&aacute;nikulai t&uacute;r&aacute;n nem esett az es\u0151, &iacute;gy most nem tudtuk ism&eacute;t letesztelni az es\u0151&aacute;ll&oacute; k&eacute;pess&eacute;g&eacute;t ennek&nbsp;a kor&aacute;bban m&aacute;r bizony&iacute;tott membr&aacute;nnak.&nbsp;<\/strong><\/span><\/span><\/p>\n<p><span style=\"color:#000000;\"><span style=\"font-size:16px;\"><strong>Hajnalban, egy teljesen &aacute;tl&aacute;tsz&oacute; ,t&ouml;k&eacute;letesen &aacute;tszell\u0151z\u0151 h&aacute;l&oacute;s kab&aacute;t m&eacute;g tud nagyon h\u0171v&ouml;s lenni. A napk&ouml;zbeni perzsel\u0151 k&aacute;nikula (35 Celsius) naked motoron , menet k&ouml;zben sem tette pr&oacute;b&aacute;ra a nadr&aacute;got &eacute;s a kab&aacute;tot. Gyakorlatilag olyan &eacute;rz&eacute;s, mintha nem is lenne rajtad motoros felszerel&eacute;s, t&ouml;k&eacute;letesen &aacute;tszell\u0151z&ouml;tt. Ez a legjobb &eacute;rz&eacute;s, hogy amikor egy motoros t&aacute;rsas&aacute;gban m&aacute;sokr&oacute;l m&aacute;r &ouml;mlik a verejt&eacute;k, neked egy ilyen szettben csak a t&aacute;j sz&eacute;ps&eacute;g&eacute;vel, a forr&oacute; aszfalt kiv&aacute;l&oacute; tapad&aacute;s&aacute;val &eacute;s a kanyarokkal kell foglalkoznod. Mindig azt szoktuk mondani hogy egy megfelel\u0151 &eacute;s komfortos, j&oacute;l megv&aacute;lasztott motoros felszerel&eacute;s cs&uacute;cs &eacute;rz&eacute;st adhat, m&iacute;g egy rossz ruh&aacute;ban a legszebb t&uacute;r&aacute;d is kih&iacute;v&aacute;s lesz.<\/strong><\/span><\/span><\/p>\n<p><span style=\"color:#000000;\"><span style=\"font-size:16px;\"><strong>&nbsp;<em>Amikor mi ilyen teszteket csin&aacute;lunk &eacute;s eg&eacute;sz nap motorozunk akkor mindig arra figyel&uuml;nk, hogy TE mit fogsz majd &eacute;rezni. Mert ha j&oacute;l &eacute;rzed magad a n&aacute;lunk v&aacute;s&aacute;rolt felszerel&eacute;sben, akkor j&ouml;ssz el hozz&aacute;nk m&aacute;skor is. Mi nem csak egyszer akarunk neked valamit eladni, hanem azt szeretn&eacute;nk hogy b&aacute;rmi amit n&aacute;lunk megv&aacute;s&aacute;rolsz, az &ouml;r&ouml;met okozzon neked. Ha j&oacute; a term&eacute;k, ha te dics&eacute;red, akkor a motoros t&aacute;rsas&aacute;godb&oacute;l is elj&ouml;nnek hozz&aacute;nk m&aacute;sok is. Pont ez&eacute;rt, el&eacute;g kritikusan n&eacute;zz&uuml;k egy teszt sor&aacute;n a term&eacute;keinket. Ha elfogdod az aj&aacute;nl&aacute;sunkat , mi nyugodtak vagyunk , hiszen nek&uuml;nk m&aacute;r bizony&iacute;tott az aj&aacute;nlott term&eacute;k.<\/em><\/strong><\/span><\/span><\/p>\n<p><span style=\"color:#000000;\"><span style=\"font-size:16px;\"><strong>A Modeka Khao air szett&uuml;nkben t&ouml;k&eacute;letesen fogod &eacute;rezni magad. Kimagasl&oacute; szell\u0151z&eacute;s &eacute;s v&eacute;delem, az &aacute;tlag feletti k&eacute;nyelem. Ezt k&iacute;n&aacute;lja ez a term&eacute;k&uuml;nk. Koll&eacute;g&aacute;nk minden meg&aacute;ll&aacute;sn&aacute;l f&uuml;lig &eacute;r\u0151 sz&aacute;jjal sz&aacute;llt le a motorj&aacute;r&oacute;l &eacute;s nem volt izzadt, vagy elgy&ouml;t&ouml;rt a h\u0151s&eacute;gt\u0151l.<\/strong><\/span><\/span><\/p>\n<p><span style=\"color:#000000;\"><span style=\"font-size:16px;\"><strong>A term&eacute;k tud&aacute;s&aacute;hoz &eacute;s k&eacute;nyelm&eacute;hez k&eacute;pest az &aacute;ra is igaz&aacute;n bar&aacute;ti.<\/strong><\/span><\/span><\/p>\n<p><span style=\"font-size:16px;\"><strong>Honlapunkon ide kattintva tal&aacute;lod :<\/strong><\/span><\/p>\n<p><span style=\"font-size:16px;\"><strong>Kab&aacute;t:&nbsp;<a href=\"https:\/\/darazsgarazs.hu\/index.php\/termek\/khao-air-halos-vizallo-membranos-nyari-kabat.1439.html\">https:\/\/darazsgarazs.hu\/index.php\/termek\/khao-air-halos-vizallo-membranos-nyari-kabat.1439.html<\/a><\/strong><\/span><\/p>\n<p><span style=\"font-size:16px;\"><strong>Nadr&aacute;g: &nbsp;<a href=\"https:\/\/darazsgarazs.hu\/index.php\/termek\/modeka-khao-air-halos-vizallo-membranos-nyari-motoros-nadrag.1440.html\">https:\/\/darazsgarazs.hu\/index.php\/termek\/modeka-khao-air-halos-vizallo-membranos-nyari-motoros-nadrag.1440.html<\/a><\/strong><\/span><\/p>\n","protected":false},"excerpt":{"rendered":"<p>A Modeka Khao Air kab&aacute;t &eacute;s nadr&aacute;g az egyik legn&eacute;pszer\u0171bb ny&aacute;ri term&eacute;k a k&iacute;n&aacute;latunkban. Anyaghaszn&aacute;lata m&aacute;r az els\u0151 felv&eacute;teln&eacute;l &eacute;rezteti [&hellip;]<\/p>\n","protected":false},"featured_media":104513,"template":"","meta":{"site-sidebar-layout":"default","site-content-layout":"","ast-site-content-layout":"default","site-content-style":"default","site-sidebar-style":"default","ast-global-header-display":"","ast-banner-title-visibility":"","ast-main-header-display":"","ast-hfb-above-header-display":"","ast-hfb-below-header-display":"","ast-hfb-mobile-header-display":"","site-post-title":"","ast-breadcrumbs-content":"","ast-featured-img":"","footer-sml-layout":"","ast-disable-related-posts":"","theme-transparent-header-meta":"","adv-header-id-meta":"","stick-header-meta":"","header-above-stick-meta":"","header-main-stick-meta":"","header-below-stick-meta":"","astra-migrate-meta-layouts":"default","ast-page-background-enabled":"default","ast-page-background-meta":{"desktop":{"background-color":"var(--ast-global-color-5)","background-image":"","background-repeat":"repeat","background-position":"center center","background-size":"auto","background-attachment":"scroll","background-type":"","background-media":"","overlay-type":"","overlay-color":"","overlay-opacity":"","overlay-gradient":""},"tablet":{"background-color":"","background-image":"","background-repeat":"repeat","background-position":"center center","background-size":"auto","background-attachment":"scroll","background-type":"","background-media":"","overlay-type":"","overlay-color":"","overlay-opacity":"","overlay-gradient":""},"mobile":{"background-color":"","background-image":"","background-repeat":"repeat","background-position":"center center","background-size":"auto","background-attachment":"scroll","background-type":"","background-media":"","overlay-type":"","overlay-color":"","overlay-opacity":"","overlay-gradient":""}},"ast-content-background-meta":{"desktop":{"background-color":"var(--ast-global-color-4)","background-image":"","background-repeat":"repeat","background-position":"center center","background-size":"auto","background-attachment":"scroll","background-type":"","background-media":"","overlay-type":"","overlay-color":"","overlay-opacity":"","overlay-gradient":""},"tablet":{"background-color":"var(--ast-global-color-4)","background-image":"","background-repeat":"repeat","background-position":"center center","background-size":"auto","background-attachment":"scroll","background-type":"","background-media":"","overlay-type":"","overlay-color":"","overlay-opacity":"","overlay-gradient":""},"mobile":{"background-color":"var(--ast-global-color-4)","background-image":"","background-repeat":"repeat","background-position":"center center","background-size":"auto","background-attachment":"scroll","background-type":"","background-media":"","overlay-type":"","overlay-color":"","overlay-opacity":"","overlay-gradient":""}}},"product_brand":[],"product_cat":[153],"product_tag":[],"class_list":{"0":"post-110202","1":"product","2":"type-product","3":"status-publish","4":"has-post-thumbnail","6":"product_cat-sajat-tesztelesu-termekek","7":"desktop-align-left","8":"tablet-align-left","9":"mobile-align-left","11":"first","12":"instock","13":"shipping-taxable","14":"product-type-simple"},"jetpack_sharing_enabled":true,"_links":{"self":[{"href":"https:\/\/zatureczkimarcell.ddns.net\/wordpress\/wp-json\/wp\/v2\/product\/110202","targetHints":{"allow":["GET"]}}],"collection":[{"href":"https:\/\/zatureczkimarcell.ddns.net\/wordpress\/wp-json\/wp\/v2\/product"}],"about":[{"href":"https:\/\/zatureczkimarcell.ddns.net\/wordpress\/wp-json\/wp\/v2\/types\/product"}],"wp:featuredmedia":[{"embeddable":true,"href":"https:\/\/zatureczkimarcell.ddns.net\/wordpress\/wp-json\/wp\/v2\/media\/104513"}],"wp:attachment":[{"href":"https:\/\/zatureczkimarcell.ddns.net\/wordpress\/wp-json\/wp\/v2\/media?parent=110202"}],"wp:term":[{"taxonomy":"product_brand","embeddable":true,"href":"https:\/\/zatureczkimarcell.ddns.net\/wordpress\/wp-json\/wp\/v2\/product_brand?post=110202"},{"taxonomy":"product_cat","embeddable":true,"href":"https:\/\/zatureczkimarcell.ddns.net\/wordpress\/wp-json\/wp\/v2\/product_cat?post=110202"},{"taxonomy":"product_tag","embeddable":true,"href":"https:\/\/zatureczkimarcell.ddns.net\/wordpress\/wp-json\/wp\/v2\/product_tag?post=110202"}],"curies":[{"name":"wp","href":"https:\/\/api.w.org\/{rel}","templated":true}]}}