{"id":110200,"date":"2026-04-01T10:48:47","date_gmt":"2026-04-01T08:48:47","guid":{"rendered":"https:\/\/zatureczkimarcell.ddns.net\/wordpress\/?post_type=product&#038;p=110200"},"modified":"2026-04-01T10:49:12","modified_gmt":"2026-04-01T08:49:12","slug":"1-meteres-lezaro-lanc-biztonsagi-lakattal","status":"publish","type":"product","link":"https:\/\/zatureczkimarcell.ddns.net\/wordpress\/termek\/1-meteres-lezaro-lanc-biztonsagi-lakattal\/","title":{"rendered":"1 m\u00e9teres lez\u00e1r\u00f3 l\u00e1nc biztons\u00e1gi lakattal"},"content":{"rendered":"<p><span style=\"font-size: 18px;\"><strong>1 m&eacute;ter hossz&uacute;s&aacute;g&uacute; biztons&aacute;gi l&aacute;nc, burkolt id\u0151j&aacute;r&aacute;s ellen v&eacute;dett massz&iacute;v l&aacute;ncszemekkel.&nbsp;<\/strong><\/span><\/p>\n<p><span style=\"font-size: 18px;\"><strong>A l&aacute;nc darabjai lekerek&iacute;tettek hogy a v&aacute;g&aacute;s ellen nagyobb v&eacute;delmet ny&uacute;jtson<\/strong><\/span><\/p>\n<p><span style=\"font-size: 18px;\"><strong>A lakat biztons&aacute;gi lakatj&aacute;nak z&aacute;rr&eacute;sze,&nbsp;id\u0151j&aacute;r&aacute;s elleni reteszelt v&eacute;delemmel van ell&aacute;tva, megakad&aacute;lyozva a porosod&aacute;st, a be&aacute;z&aacute;st, sarasod&aacute;st&nbsp;vagy m&aacute;s szennyez\u0151d&eacute;st.<\/strong><\/span><\/p>\n<p><span style=\"font-size: 16px;\"><strong>8mm vastag l&aacute;ncszemekkel<\/strong><\/span><\/p>\n<p style=\"box-sizing: border-box; outline: none;\"><span style=\"font-size: 16px;\"><strong>Karcol&aacute;sv&eacute;d\u0151 nylon huzattal<\/strong><\/span><\/p>\n<p style=\"box-sizing: border-box; outline: none;\"><span style=\"font-size: 16px;\"><strong>Bujtat&oacute; gy\u0171r\u0171vel<\/strong><\/span><\/p>\n<p style=\"box-sizing: border-box; outline: none;\"><span style=\"font-size: 16px;\"><strong>Por &eacute;s fur&aacute;s v&eacute;dett z&aacute;rbet&eacute;t<\/strong><\/span><\/p>\n<p style=\"box-sizing: border-box; outline: none;\">\n","protected":false},"excerpt":{"rendered":"<p>1 m&eacute;ter hossz&uacute;s&aacute;g&uacute; biztons&aacute;gi l&aacute;nc, burkolt id\u0151j&aacute;r&aacute;s ellen v&eacute;dett massz&iacute;v l&aacute;ncszemekkel.&nbsp; A l&aacute;nc darabjai lekerek&iacute;tettek hogy a v&aacute;g&aacute;s ellen nagyobb [&hellip;]<\/p>\n","protected":false},"featured_media":106555,"template":"","meta":{"site-sidebar-layout":"default","site-content-layout":"","ast-site-content-layout":"default","site-content-style":"default","site-sidebar-style":"default","ast-global-header-display":"","ast-banner-title-visibility":"","ast-main-header-display":"","ast-hfb-above-header-display":"","ast-hfb-below-header-display":"","ast-hfb-mobile-header-display":"","site-post-title":"","ast-breadcrumbs-content":"","ast-featured-img":"","footer-sml-layout":"","ast-disable-related-posts":"","theme-transparent-header-meta":"","adv-header-id-meta":"","stick-header-meta":"","header-above-stick-meta":"","header-main-stick-meta":"","header-below-stick-meta":"","astra-migrate-meta-layouts":"default","ast-page-background-enabled":"default","ast-page-background-meta":{"desktop":{"background-color":"var(--ast-global-color-5)","background-image":"","background-repeat":"repeat","background-position":"center center","background-size":"auto","background-attachment":"scroll","background-type":"","background-media":"","overlay-type":"","overlay-color":"","overlay-opacity":"","overlay-gradient":""},"tablet":{"background-color":"","background-image":"","background-repeat":"repeat","background-position":"center center","background-size":"auto","background-attachment":"scroll","background-type":"","background-media":"","overlay-type":"","overlay-color":"","overlay-opacity":"","overlay-gradient":""},"mobile":{"background-color":"","background-image":"","background-repeat":"repeat","background-position":"center center","background-size":"auto","background-attachment":"scroll","background-type":"","background-media":"","overlay-type":"","overlay-color":"","overlay-opacity":"","overlay-gradient":""}},"ast-content-background-meta":{"desktop":{"background-color":"var(--ast-global-color-4)","background-image":"","background-repeat":"repeat","background-position":"center center","background-size":"auto","background-attachment":"scroll","background-type":"","background-media":"","overlay-type":"","overlay-color":"","overlay-opacity":"","overlay-gradient":""},"tablet":{"background-color":"var(--ast-global-color-4)","background-image":"","background-repeat":"repeat","background-position":"center center","background-size":"auto","background-attachment":"scroll","background-type":"","background-media":"","overlay-type":"","overlay-color":"","overlay-opacity":"","overlay-gradient":""},"mobile":{"background-color":"var(--ast-global-color-4)","background-image":"","background-repeat":"repeat","background-position":"center center","background-size":"auto","background-attachment":"scroll","background-type":"","background-media":"","overlay-type":"","overlay-color":"","overlay-opacity":"","overlay-gradient":""}}},"product_brand":[],"product_cat":[132,131],"product_tag":[],"class_list":{"0":"post-110200","1":"product","2":"type-product","3":"status-publish","4":"has-post-thumbnail","6":"product_cat-biztonsag","7":"product_cat-zarak","8":"desktop-align-left","9":"tablet-align-left","10":"mobile-align-left","12":"first","13":"instock","14":"shipping-taxable","15":"purchasable","16":"product-type-simple"},"jetpack_sharing_enabled":true,"_links":{"self":[{"href":"https:\/\/zatureczkimarcell.ddns.net\/wordpress\/wp-json\/wp\/v2\/product\/110200","targetHints":{"allow":["GET"]}}],"collection":[{"href":"https:\/\/zatureczkimarcell.ddns.net\/wordpress\/wp-json\/wp\/v2\/product"}],"about":[{"href":"https:\/\/zatureczkimarcell.ddns.net\/wordpress\/wp-json\/wp\/v2\/types\/product"}],"wp:featuredmedia":[{"embeddable":true,"href":"https:\/\/zatureczkimarcell.ddns.net\/wordpress\/wp-json\/wp\/v2\/media\/106555"}],"wp:attachment":[{"href":"https:\/\/zatureczkimarcell.ddns.net\/wordpress\/wp-json\/wp\/v2\/media?parent=110200"}],"wp:term":[{"taxonomy":"product_brand","embeddable":true,"href":"https:\/\/zatureczkimarcell.ddns.net\/wordpress\/wp-json\/wp\/v2\/product_brand?post=110200"},{"taxonomy":"product_cat","embeddable":true,"href":"https:\/\/zatureczkimarcell.ddns.net\/wordpress\/wp-json\/wp\/v2\/product_cat?post=110200"},{"taxonomy":"product_tag","embeddable":true,"href":"https:\/\/zatureczkimarcell.ddns.net\/wordpress\/wp-json\/wp\/v2\/product_tag?post=110200"}],"curies":[{"name":"wp","href":"https:\/\/api.w.org\/{rel}","templated":true}]}}