{"id":110199,"date":"2026-04-01T10:48:46","date_gmt":"2026-04-01T08:48:46","guid":{"rendered":"https:\/\/zatureczkimarcell.ddns.net\/wordpress\/?post_type=product&#038;p=110199"},"modified":"2026-04-01T10:49:11","modified_gmt":"2026-04-01T08:49:11","slug":"modeka-kevlar-erositett-protektoros-motoros-ing-videoval","status":"publish","type":"product","link":"https:\/\/zatureczkimarcell.ddns.net\/wordpress\/termek\/modeka-kevlar-erositett-protektoros-motoros-ing-videoval\/","title":{"rendered":"Modeka Kevl\u00e1r er\u0151s\u00edtett protektoros motoros ing-Vide\u00f3val!"},"content":{"rendered":"<p><span style=\"color:#000000;\"><span style=\"font-size:16px;\"><strong>N&eacute;met Modeka motoros ing&uuml;nk klasszikus kock&aacute;s mint&aacute;j&aacute;val, nem csak divatos,&nbsp;hanem k&ouml;sz&ouml;nhet\u0151en a&nbsp;teljes Kevl&aacute;r bels\u0151 er\u0151s&iacute;t&eacute;snek &eacute;s a protektoroknak, biztons&aacute;gos is.&nbsp;<\/strong><\/span><\/span><\/p>\n<p><span style=\"color:#000000;\"><span style=\"font-size:16px;\"><strong>Extra j&oacute;l illeszked\u0151, nagyon k&eacute;nyelmes viselet.&nbsp;&nbsp;<\/strong><\/span><\/span><\/p>\n<p><span style=\"color:#000000;\"><span style=\"font-size:16px;\"><strong>Er\u0151s&iacute;tett k&uuml;ls\u0151 r&eacute;sz &eacute;s a cs&uacute;sz&aacute;snak ellen&aacute;ll&oacute; kevl&aacute;r b&eacute;l&eacute;s.&nbsp;<\/strong><\/span><\/span><\/p>\n<p><span style=\"color:#000000;\"><span style=\"font-size:16px;\"><strong>Biztosan te is tudod, hogy&nbsp;p&eacute;ld&aacute;ul a legt&ouml;bb&nbsp;protektor ing, csak az els\u0151 becsap&oacute;d&aacute;sn&aacute;l v&eacute;d, cs&uacute;sz&aacute;sn&aacute;l viszont leszakadhat visel\u0151j&eacute;r\u0151l. Ezzel szemben ez az ing&uuml;nk,&nbsp;nem csak a becsap&oacute;d&aacute;sn&aacute;l v&eacute;d, hanem a cs&uacute;sz&aacute;sn&aacute;l is, k&ouml;sz&ouml;nhet\u0151en a kevl&aacute;r b&eacute;l&eacute;snek. <\/strong><\/span><\/span><\/p>\n<p><span style=\"color:#000000;\"><span style=\"font-size:16px;\"><strong>Megtekintheted&nbsp;az extr&eacute;m cs&uacute;sz&aacute;sos balesetet szimul&aacute;l&oacute; tesztvide&oacute;nkat, ahol p&eacute;ld&aacute;ul a kevl&aacute;r b&eacute;l&eacute;ssel ell&aacute;tott farmer&uuml;nk t&ouml;k&eacute;letesen megv&eacute;dte koll&eacute;g&aacute;nkat.&nbsp;&nbsp;<\/strong><\/span><\/span><\/p>\n<p><span style=\"color:#000000;\"><span style=\"font-size:16px;\"><strong>Gerincprotektor r&eacute;sz&eacute;re kialak&iacute;tott gy&aacute;ri protektorzsebbe, &uuml;t&eacute;selnyel\u0151, LEVEL2-es (Jelenleg a legmagasabb v&eacute;delmi szint) gerincprotektor helyezhet\u0151&nbsp;.<\/strong><\/span><\/span><\/p>\n<p><span style=\"color:#000000;\"><span style=\"font-size:16px;\"><strong>J&oacute; min\u0151s&eacute;g\u0171, &uuml;t&eacute;selnyel\u0151 v&aacute;ll &eacute;s k&ouml;ny&ouml;k protektorokkal. A k&ouml;ny&ouml;kprotektor helyzete &aacute;ll&iacute;that&oacute;.&nbsp;<\/strong><\/span><\/span><\/p>\n<p><span style=\"color:#000000;\"><strong><span style=\"font-size:16px;\">K&eacute;t k&uuml;ls\u0151 &eacute;s k&eacute;t bels\u0151 zseb.&nbsp;<\/span><\/strong><\/span><\/p>\n<p><strong style=\"font-family: Roboto, sans-serif; font-size: 16px; box-sizing: border-box; max-width: 100%;\">-Magas min\u0151s&eacute;g\u0171 YKK cipz&aacute;rral<\/strong><\/p>\n<p><span style=\"color:#000000;\"><strong><span style=\"font-size:16px;\">AA v&eacute;delmi oszt&aacute;ly!&nbsp;<\/span><\/strong><\/span><\/p>\n<p><span style=\"color:#000000;\"><span style=\"font-size: 16px;\"><b>M&eacute;retek: S, M, L, XL, 2XL, 3XL, 4XL, 5XL, 6XL .&nbsp;<\/b><\/span><\/span><\/p>\n<p><span style=\"color:#FF0000;\"><strong>A term&eacute;k&uuml;nkr\u0151l bemutat&oacute; vide&oacute; megtekinthet\u0151 itt:&nbsp;<a href=\"https:\/\/youtube.com\/shorts\/78FhG6wPQ60\">https:\/\/youtube.com\/shorts\/78FhG6wPQ60<\/a><\/strong><\/span><\/p>\n<p><strong style=\"font-family: Roboto, sans-serif; font-size: 16px; box-sizing: border-box; max-width: 100%;\">Haszn&aacute;lati &eacute;s kezel&eacute;si &uacute;tmutat&oacute; a term&eacute;khez&nbsp;el&eacute;rhet\u0151 ide kattintva:&nbsp;<a href=\"https:\/\/darazsgarazs.hu\/index.php\/termek\/hasznalati-utmutato.1155.html\" style=\"color: rgb(51, 122, 183); box-sizing: border-box; background-color: transparent; text-decoration-line: none; max-width: 100%;\">https:\/\/darazsgarazs.hu\/index.php\/termek\/hasznalati-utmutato.1155.html<\/a><\/strong><\/p><\/p>\n","protected":false},"excerpt":{"rendered":"<p>N&eacute;met Modeka motoros ing&uuml;nk klasszikus kock&aacute;s mint&aacute;j&aacute;val, nem csak divatos,&nbsp;hanem k&ouml;sz&ouml;nhet\u0151en a&nbsp;teljes Kevl&aacute;r bels\u0151 er\u0151s&iacute;t&eacute;snek &eacute;s a protektoroknak, biztons&aacute;gos is.&nbsp; [&hellip;]<\/p>\n","protected":false},"featured_media":104951,"template":"","meta":{"site-sidebar-layout":"default","site-content-layout":"","ast-site-content-layout":"default","site-content-style":"default","site-sidebar-style":"default","ast-global-header-display":"","ast-banner-title-visibility":"","ast-main-header-display":"","ast-hfb-above-header-display":"","ast-hfb-below-header-display":"","ast-hfb-mobile-header-display":"","site-post-title":"","ast-breadcrumbs-content":"","ast-featured-img":"","footer-sml-layout":"","ast-disable-related-posts":"","theme-transparent-header-meta":"","adv-header-id-meta":"","stick-header-meta":"","header-above-stick-meta":"","header-main-stick-meta":"","header-below-stick-meta":"","astra-migrate-meta-layouts":"default","ast-page-background-enabled":"default","ast-page-background-meta":{"desktop":{"background-color":"var(--ast-global-color-5)","background-image":"","background-repeat":"repeat","background-position":"center center","background-size":"auto","background-attachment":"scroll","background-type":"","background-media":"","overlay-type":"","overlay-color":"","overlay-opacity":"","overlay-gradient":""},"tablet":{"background-color":"","background-image":"","background-repeat":"repeat","background-position":"center center","background-size":"auto","background-attachment":"scroll","background-type":"","background-media":"","overlay-type":"","overlay-color":"","overlay-opacity":"","overlay-gradient":""},"mobile":{"background-color":"","background-image":"","background-repeat":"repeat","background-position":"center center","background-size":"auto","background-attachment":"scroll","background-type":"","background-media":"","overlay-type":"","overlay-color":"","overlay-opacity":"","overlay-gradient":""}},"ast-content-background-meta":{"desktop":{"background-color":"var(--ast-global-color-4)","background-image":"","background-repeat":"repeat","background-position":"center center","background-size":"auto","background-attachment":"scroll","background-type":"","background-media":"","overlay-type":"","overlay-color":"","overlay-opacity":"","overlay-gradient":""},"tablet":{"background-color":"var(--ast-global-color-4)","background-image":"","background-repeat":"repeat","background-position":"center center","background-size":"auto","background-attachment":"scroll","background-type":"","background-media":"","overlay-type":"","overlay-color":"","overlay-opacity":"","overlay-gradient":""},"mobile":{"background-color":"var(--ast-global-color-4)","background-image":"","background-repeat":"repeat","background-position":"center center","background-size":"auto","background-attachment":"scroll","background-type":"","background-media":"","overlay-type":"","overlay-color":"","overlay-opacity":"","overlay-gradient":""}}},"product_brand":[],"product_cat":[147,139,145],"product_tag":[],"class_list":{"0":"post-110199","1":"product","2":"type-product","3":"status-publish","4":"has-post-thumbnail","6":"product_cat-kabatok","7":"product_cat-motoros-ruhazat","8":"product_cat-varosi-stilusu-motoros-ruhazat","9":"desktop-align-left","10":"tablet-align-left","11":"mobile-align-left","13":"first","14":"instock","15":"shipping-taxable","16":"purchasable","17":"product-type-simple"},"jetpack_sharing_enabled":true,"_links":{"self":[{"href":"https:\/\/zatureczkimarcell.ddns.net\/wordpress\/wp-json\/wp\/v2\/product\/110199","targetHints":{"allow":["GET"]}}],"collection":[{"href":"https:\/\/zatureczkimarcell.ddns.net\/wordpress\/wp-json\/wp\/v2\/product"}],"about":[{"href":"https:\/\/zatureczkimarcell.ddns.net\/wordpress\/wp-json\/wp\/v2\/types\/product"}],"wp:featuredmedia":[{"embeddable":true,"href":"https:\/\/zatureczkimarcell.ddns.net\/wordpress\/wp-json\/wp\/v2\/media\/104951"}],"wp:attachment":[{"href":"https:\/\/zatureczkimarcell.ddns.net\/wordpress\/wp-json\/wp\/v2\/media?parent=110199"}],"wp:term":[{"taxonomy":"product_brand","embeddable":true,"href":"https:\/\/zatureczkimarcell.ddns.net\/wordpress\/wp-json\/wp\/v2\/product_brand?post=110199"},{"taxonomy":"product_cat","embeddable":true,"href":"https:\/\/zatureczkimarcell.ddns.net\/wordpress\/wp-json\/wp\/v2\/product_cat?post=110199"},{"taxonomy":"product_tag","embeddable":true,"href":"https:\/\/zatureczkimarcell.ddns.net\/wordpress\/wp-json\/wp\/v2\/product_tag?post=110199"}],"curies":[{"name":"wp","href":"https:\/\/api.w.org\/{rel}","templated":true}]}}