{"id":110196,"date":"2026-04-01T10:48:44","date_gmt":"2026-04-01T08:48:44","guid":{"rendered":"https:\/\/zatureczkimarcell.ddns.net\/wordpress\/?post_type=product&#038;p=110196"},"modified":"2026-04-01T10:49:09","modified_gmt":"2026-04-01T08:49:09","slug":"smk-felnyithato-beepitett-napszemuveges-bukosisak-extra-nagy-meretekben","status":"publish","type":"product","link":"https:\/\/zatureczkimarcell.ddns.net\/wordpress\/termek\/smk-felnyithato-beepitett-napszemuveges-bukosisak-extra-nagy-meretekben\/","title":{"rendered":"SMK Felnyithat\u00f3, be\u00e9p\u00edtett napszem\u00fcveges Buk\u00f3sisak EXTRA NAGY M\u00c9RETEKBEN."},"content":{"rendered":"<div><strong><span style=\"font-size:16px;\">SMK Felnyithat&oacute;, be&eacute;p&iacute;tett napszem&uuml;veges Buk&oacute;sisak EXTRA NAGY M&Eacute;RETEKBEN.&nbsp;<\/span><\/strong><\/div>\n<div><strong><span style=\"font-size:16px;\">M&eacute;retek: 2XL, 3XL, 4XL&nbsp;<\/span><\/strong><\/div>\n<div><\/div>\n<div><strong><span style=\"font-size:16px;\">Rendk&iacute;v&uuml;l k&eacute;nyelmes buk&oacute;sisak.&nbsp;<\/span><\/strong><\/div>\n<div><strong><span style=\"font-size:16px;\">A dupla P\/J j&oacute;v&aacute;hagy&aacute;snak k&ouml;sz&ouml;nhet\u0151en nyitott &eacute;s z&aacute;rt &aacute;llapotban is viselhet\u0151 maxim&aacute;lis biztons&aacute;ggal &eacute;s komforttal.&nbsp;<\/span><\/strong><\/div>\n<div><strong><span style=\"font-size:16px;\">Az intelligens szell\u0151z\u0151rendszer a sisak tetej&eacute;n &eacute;s az &aacute;llr&eacute;szen mindenkor kellemes kl&iacute;m&aacute;t biztos&iacute;t, m&iacute;g a Pinlock&reg;-kompatibilis plexi tiszta l&aacute;t&aacute;st garant&aacute;l minden id\u0151j&aacute;r&aacute;si k&ouml;r&uuml;lm&eacute;ny k&ouml;z&ouml;tt.&nbsp;<\/span><\/strong><\/div>\n<div><strong><span style=\"font-size:16px;\">Az SMK olyan praktikus funkci&oacute;kat is k&iacute;n&aacute;l, mint a be&eacute;p&iacute;tett napszem&uuml;veg, a bog&aacute;rv&eacute;d\u0151 &#8211; sz&eacute;lfog&oacute; bet&eacute;t &eacute;s a Pinlock&reg; p&aacute;ramentes&iacute;t\u0151 bet&eacute;t behelyez&eacute;s&eacute;re el\u0151k&eacute;sz&iacute;tett plexi.&nbsp;<\/span><\/strong><\/div>\n<div><strong><span style=\"font-size:16px;\">Ez a sisak t&ouml;k&eacute;letes egyens&uacute;lyban &ouml;tv&ouml;zi a j&oacute; megjelen&eacute;st &eacute;s a v&eacute;delmet!<\/span><\/strong><\/div>\n<div><\/div>\n<div><strong><span style=\"font-size:16px;\">Jellemz\u0151k:<\/span><\/strong><\/div>\n<div><\/div>\n<div><strong><span style=\"font-size:16px;\">Meger\u0151s&iacute;tett comfort &aacute;llp&aacute;nt.<\/span><\/strong><\/div>\n<div><strong><span style=\"font-size:16px;\">Csatorn&aacute;zott leveg\u0151 bemenetek &eacute;s kimenetek az optim&aacute;lis szell\u0151z&eacute;s &eacute;rdek&eacute;ben<\/span><\/strong><\/div>\n<div><strong><span style=\"font-size:16px;\">Szell\u0151z\u0151ny&iacute;l&aacute;sok az &aacute;llon &eacute;s a sisak fels\u0151 r&eacute;sz&eacute;n<\/span><\/strong><\/div>\n<div><strong><span style=\"font-size:16px;\">L&eacute;g&aacute;tereszt\u0151, hipoallerg&eacute;n, kivehet\u0151-moshat&oacute; bels\u0151 b&eacute;l&eacute;s<\/span><\/strong><\/div>\n<div><strong><span style=\"font-size:16px;\">Antisztatikus sz&ouml;vet bels\u0151, nedvess&eacute;gelvezet&eacute;ssel.<\/span><\/strong><\/div>\n<div><strong><span style=\"font-size:16px;\">Karc&aacute;ll&oacute; plexi &bdquo;OneTouch&rdquo; gyorskiold&oacute; rendszerrel, Pinlock&reg; p&aacute;ramentes&iacute;t\u0151 el\u0151k&eacute;sz&iacute;t&eacute;ssel<\/span><\/strong><\/div>\n<div><strong><span style=\"font-size:16px;\">Be&eacute;p&iacute;tett napszem&uuml;veg<\/span><\/strong><\/div>\n<div><strong><span style=\"font-size:16px;\">Kett\u0151s plexi rendszer<\/span><\/strong><\/div>\n<div><strong><span style=\"font-size:16px;\">Kommunik&aacute;ci&oacute;s rendszerek be&eacute;p&iacute;t&eacute;s&eacute;hez el\u0151k&eacute;sz&iacute;tett.<\/span><\/strong><\/div>\n<div><strong><span style=\"font-size:16px;\">Aerodinamikus kialak&iacute;t&aacute;s a jobb stabilit&aacute;s&eacute;rt menet k&ouml;zben.<\/span><\/strong><\/div>\n<div><\/div>\n<div><strong><span style=\"font-size:16px;\">Specifik&aacute;ci&oacute;k:<\/span><\/strong><\/div>\n<div><strong><span style=\"font-size:16px;\">Aerodinamikus EIRT polikarbon&aacute;t sisakh&eacute;j<\/span><\/strong><\/div>\n<div><strong><span style=\"font-size:16px;\">Mikrometrikus gyorskiold&oacute; csatrendszer<\/span><\/strong><\/div>\n<div><strong><span style=\"font-size:16px;\">T&ouml;bb s\u0171r\u0171s&eacute;g\u0171 EPS a jobb v&eacute;delem&eacute;rt<\/span><\/strong><\/div>\n<div><strong><span style=\"font-size:16px;\">P\/J j&oacute;v&aacute;hagy&aacute;s<\/span><\/strong><\/div>\n<div><\/div>\n<div><strong><span style=\"font-size:16px;\">Tartalom:<\/span><\/strong><\/div>\n<div><\/div>\n<div><strong><span style=\"font-size:16px;\">1x SMK sisak<\/span><\/strong><\/div>\n<div><strong><span style=\"font-size:16px;\">1x sisakzs&aacute;k&nbsp;<\/span><\/strong><\/div>\n","protected":false},"excerpt":{"rendered":"<p>SMK Felnyithat&oacute;, be&eacute;p&iacute;tett napszem&uuml;veges Buk&oacute;sisak EXTRA NAGY M&Eacute;RETEKBEN.&nbsp; M&eacute;retek: 2XL, 3XL, 4XL&nbsp; Rendk&iacute;v&uuml;l k&eacute;nyelmes buk&oacute;sisak.&nbsp; A dupla P\/J j&oacute;v&aacute;hagy&aacute;snak k&ouml;sz&ouml;nhet\u0151en [&hellip;]<\/p>\n","protected":false},"featured_media":105492,"template":"","meta":{"site-sidebar-layout":"default","site-content-layout":"","ast-site-content-layout":"default","site-content-style":"default","site-sidebar-style":"default","ast-global-header-display":"","ast-banner-title-visibility":"","ast-main-header-display":"","ast-hfb-above-header-display":"","ast-hfb-below-header-display":"","ast-hfb-mobile-header-display":"","site-post-title":"","ast-breadcrumbs-content":"","ast-featured-img":"","footer-sml-layout":"","ast-disable-related-posts":"","theme-transparent-header-meta":"","adv-header-id-meta":"","stick-header-meta":"","header-above-stick-meta":"","header-main-stick-meta":"","header-below-stick-meta":"","astra-migrate-meta-layouts":"default","ast-page-background-enabled":"default","ast-page-background-meta":{"desktop":{"background-color":"var(--ast-global-color-5)","background-image":"","background-repeat":"repeat","background-position":"center center","background-size":"auto","background-attachment":"scroll","background-type":"","background-media":"","overlay-type":"","overlay-color":"","overlay-opacity":"","overlay-gradient":""},"tablet":{"background-color":"","background-image":"","background-repeat":"repeat","background-position":"center center","background-size":"auto","background-attachment":"scroll","background-type":"","background-media":"","overlay-type":"","overlay-color":"","overlay-opacity":"","overlay-gradient":""},"mobile":{"background-color":"","background-image":"","background-repeat":"repeat","background-position":"center center","background-size":"auto","background-attachment":"scroll","background-type":"","background-media":"","overlay-type":"","overlay-color":"","overlay-opacity":"","overlay-gradient":""}},"ast-content-background-meta":{"desktop":{"background-color":"var(--ast-global-color-4)","background-image":"","background-repeat":"repeat","background-position":"center center","background-size":"auto","background-attachment":"scroll","background-type":"","background-media":"","overlay-type":"","overlay-color":"","overlay-opacity":"","overlay-gradient":""},"tablet":{"background-color":"var(--ast-global-color-4)","background-image":"","background-repeat":"repeat","background-position":"center center","background-size":"auto","background-attachment":"scroll","background-type":"","background-media":"","overlay-type":"","overlay-color":"","overlay-opacity":"","overlay-gradient":""},"mobile":{"background-color":"var(--ast-global-color-4)","background-image":"","background-repeat":"repeat","background-position":"center center","background-size":"auto","background-attachment":"scroll","background-type":"","background-media":"","overlay-type":"","overlay-color":"","overlay-opacity":"","overlay-gradient":""}}},"product_brand":[],"product_cat":[121,123,122,146],"product_tag":[],"class_list":{"0":"post-110196","1":"product","2":"type-product","3":"status-publish","4":"has-post-thumbnail","6":"product_cat-bukosisakok","7":"product_cat-nyithato-bukosisakok","8":"product_cat-nyitott","9":"product_cat-orias-meretu-motoros-ruhazat","10":"desktop-align-left","11":"tablet-align-left","12":"mobile-align-left","14":"first","15":"instock","16":"shipping-taxable","17":"purchasable","18":"product-type-simple"},"jetpack_sharing_enabled":true,"_links":{"self":[{"href":"https:\/\/zatureczkimarcell.ddns.net\/wordpress\/wp-json\/wp\/v2\/product\/110196","targetHints":{"allow":["GET"]}}],"collection":[{"href":"https:\/\/zatureczkimarcell.ddns.net\/wordpress\/wp-json\/wp\/v2\/product"}],"about":[{"href":"https:\/\/zatureczkimarcell.ddns.net\/wordpress\/wp-json\/wp\/v2\/types\/product"}],"wp:featuredmedia":[{"embeddable":true,"href":"https:\/\/zatureczkimarcell.ddns.net\/wordpress\/wp-json\/wp\/v2\/media\/105492"}],"wp:attachment":[{"href":"https:\/\/zatureczkimarcell.ddns.net\/wordpress\/wp-json\/wp\/v2\/media?parent=110196"}],"wp:term":[{"taxonomy":"product_brand","embeddable":true,"href":"https:\/\/zatureczkimarcell.ddns.net\/wordpress\/wp-json\/wp\/v2\/product_brand?post=110196"},{"taxonomy":"product_cat","embeddable":true,"href":"https:\/\/zatureczkimarcell.ddns.net\/wordpress\/wp-json\/wp\/v2\/product_cat?post=110196"},{"taxonomy":"product_tag","embeddable":true,"href":"https:\/\/zatureczkimarcell.ddns.net\/wordpress\/wp-json\/wp\/v2\/product_tag?post=110196"}],"curies":[{"name":"wp","href":"https:\/\/api.w.org\/{rel}","templated":true}]}}