{"id":110193,"date":"2026-04-01T10:48:41","date_gmt":"2026-04-01T08:48:41","guid":{"rendered":"https:\/\/zatureczkimarcell.ddns.net\/wordpress\/?post_type=product&#038;p=110193"},"modified":"2026-04-01T10:49:07","modified_gmt":"2026-04-01T08:49:07","slug":"kabatba-rakhato-komfort-gerincprotektor-level-2-legmagasabb-vedelmi-szint","status":"publish","type":"product","link":"https:\/\/zatureczkimarcell.ddns.net\/wordpress\/termek\/kabatba-rakhato-komfort-gerincprotektor-level-2-legmagasabb-vedelmi-szint\/","title":{"rendered":"Kab\u00e1tba rakhat\u00f3 komfort gerincprotektor LEVEL 2! Legmagasabb v\u00e9delmi szint!"},"content":{"rendered":"<div class=\"col-sm-14\" style=\"box-sizing: border-box; position: relative; min-height: 1px; padding-left: 8px; padding-right: 7px; float: left; width: 647.5px; font-family: Roboto, sans-serif; font-size: 14px;\">\n<div class=\"row\" style=\"box-sizing: border-box; margin-left: -7px; margin-right: -8px;\">\n<div class=\"col-xs-24\" style=\"box-sizing: border-box; position: relative; min-height: 1px; padding-left: 8px; padding-right: 7px; float: left; width: 647.5px;\">\n<div class=\"product-description\" style=\"box-sizing: border-box; font-size: 16px;\">\n<p style=\"box-sizing: border-box; margin: 0px 0px 10px; max-width: 100%;\"><strong style=\"box-sizing: border-box; font-weight: bold; max-width: 100%;\">Innovat&iacute;v, &uacute;j fejleszt&eacute;s\u0171 , magas komfortfokozat&uacute; <span style=\"color:#FF0000;\">LEVEL2-es \/A jelenlegi legmagasabb v&eacute;delmi szabv&aacute;ny<\/span>\/ motoros kab&aacute;tba rakhat&oacute; gerincprotektor viszkoelasztikus puha habb&oacute;l.&nbsp;<\/strong><\/p>\n<p style=\"box-sizing: border-box; margin: 0px 0px 10px; max-width: 100%;\"><strong style=\"box-sizing: border-box; font-weight: bold; max-width: 100%;\">Rendk&iacute;v&uuml;l rugalmas, a test mozg&aacute;s&aacute;t t&ouml;k&eacute;letesen k&ouml;veti.&nbsp;<\/strong><\/p>\n<p style=\"box-sizing: border-box; margin: 0px 0px 10px; max-width: 100%;\"><strong style=\"box-sizing: border-box; font-weight: bold; max-width: 100%;\">A protektor fel&uuml;let&eacute;n sz&aacute;mos szell\u0151z\u0151ny&iacute;l&aacute;ssal.&nbsp;<\/strong><\/p>\n<div style=\"box-sizing: border-box; max-width: 100%;\"><strong style=\"box-sizing: border-box; font-weight: bold; max-width: 100%;\">Anat&oacute;miailag t&ouml;k&eacute;letesen illeszkedik, alig &eacute;szrevehet\u0151.<\/strong><\/div>\n<div style=\"box-sizing: border-box; max-width: 100%;\"><strong style=\"box-sizing: border-box; font-weight: bold; max-width: 100%;\">Cs&uacute;cstechnol&oacute;gia a m&eacute;g nagyobb biztons&aacute;g &eacute;rdek&eacute;ben.<\/strong><\/div>\n<div style=\"box-sizing: border-box; max-width: 100%;\"><strong style=\"box-sizing: border-box; font-weight: bold; max-width: 100%;\">B&aacute;rmilyen t&iacute;pus&uacute; motoros &eacute;s sport v&eacute;d\u0151ruh&aacute;zathoz aj&aacute;nljuk.<\/strong><\/div>\n<div style=\"box-sizing: border-box; max-width: 100%;\"><strong style=\"box-sizing: border-box; font-weight: bold; max-width: 100%;\">Az esetleges fizikai behat&aacute;s ut&aacute;n, a protektor nem megy t&ouml;nkre, tov&aacute;bb haszn&aacute;lhat&oacute;.&nbsp;<\/strong><\/div>\n<div style=\"box-sizing: border-box; max-width: 100%;\"><strong style=\"box-sizing: border-box; font-weight: bold; max-width: 100%;\">M&eacute;retek: Kb. 392X150X16mm , S&uacute;lya kb.:260g<\/strong><\/div>\n<div style=\"box-sizing: border-box; max-width: 100%;\"><strong style=\"box-sizing: border-box; font-weight: bold; max-width: 100%;\">Tiszt&iacute;t&aacute;sa nedves ruh&aacute;val.&nbsp;<\/strong><\/div>\n<div style=\"box-sizing: border-box; max-width: 100%;\"><\/div>\n<div style=\"box-sizing: border-box; max-width: 100%;\"><strong style=\"box-sizing: border-box; font-weight: bold; max-width: 100%; font-size: 16px; color: rgb(0, 0, 0); font-family: Arial, Helvetica, sans-serif;\">Koll&eacute;g&aacute;ink is a SAS-TEC protektorokat haszn&aacute;lj&aacute;k! V&eacute;lem&eacute;ny&uuml;ket a saj&aacute;t tesztel&eacute;s\u0171 term&eacute;kek men\u0171pont alatt olvashatod az al&aacute;bbi linkre kattintva :<a href=\"https:\/\/darazsgarazs.hu\/termek\/sas-tec-protektor.825.html\" style=\"box-sizing: border-box; background-color: transparent; color: rgb(51, 122, 183); text-decoration-line: none; max-width: 100%;\">https:\/\/darazsgarazs.hu\/termek\/sas-tec-protektor.825.html<\/a><\/strong><\/div>\n<div style=\"box-sizing: border-box; max-width: 100%;\"><\/div>\n<div style=\"box-sizing: border-box; max-width: 100%;\"><strong style=\"box-sizing: border-box; font-weight: bold; max-width: 100%;\">Haszn&aacute;lati &eacute;s kezel&eacute;si &uacute;tmutat&oacute; a term&eacute;khez&nbsp;el&eacute;rhet\u0151 ide kattintva:&nbsp;<a href=\"https:\/\/darazsgarazs.hu\/index.php\/termek\/hasznalati-utmutato-protektorokhoz.1411.html\" style=\"box-sizing: border-box; background-color: transparent; color: rgb(51, 122, 183); text-decoration-line: none; max-width: 100%;\">https:\/\/darazsgarazs.hu\/index.php\/termek\/hasznalati-utmutato-protektorokhoz.1411.html<\/a><\/strong><\/div>\n<\/div>\n<\/div>\n<\/div>\n<\/div>\n<div class=\"col-sm-24\" style=\"box-sizing: border-box; position: relative; min-height: 1px; padding-left: 8px; padding-right: 7px; float: left; width: 1110px; font-family: Roboto, sans-serif; font-size: 14px;\">\n<div class=\"product-recommended\" style=\"box-sizing: border-box; padding: 15px;\">\n<div class=\"row\" style=\"box-sizing: border-box; margin-left: -7px; margin-right: -8px;\"><\/div>\n<\/div>\n<\/div>\n","protected":false},"excerpt":{"rendered":"<p>Innovat&iacute;v, &uacute;j fejleszt&eacute;s\u0171 , magas komfortfokozat&uacute; LEVEL2-es \/A jelenlegi legmagasabb v&eacute;delmi szabv&aacute;ny\/ motoros kab&aacute;tba rakhat&oacute; gerincprotektor viszkoelasztikus puha habb&oacute;l.&nbsp; Rendk&iacute;v&uuml;l [&hellip;]<\/p>\n","protected":false},"featured_media":104978,"template":"","meta":{"site-sidebar-layout":"default","site-content-layout":"","ast-site-content-layout":"default","site-content-style":"default","site-sidebar-style":"default","ast-global-header-display":"","ast-banner-title-visibility":"","ast-main-header-display":"","ast-hfb-above-header-display":"","ast-hfb-below-header-display":"","ast-hfb-mobile-header-display":"","site-post-title":"","ast-breadcrumbs-content":"","ast-featured-img":"","footer-sml-layout":"","ast-disable-related-posts":"","theme-transparent-header-meta":"","adv-header-id-meta":"","stick-header-meta":"","header-above-stick-meta":"","header-main-stick-meta":"","header-below-stick-meta":"","astra-migrate-meta-layouts":"default","ast-page-background-enabled":"default","ast-page-background-meta":{"desktop":{"background-color":"var(--ast-global-color-5)","background-image":"","background-repeat":"repeat","background-position":"center center","background-size":"auto","background-attachment":"scroll","background-type":"","background-media":"","overlay-type":"","overlay-color":"","overlay-opacity":"","overlay-gradient":""},"tablet":{"background-color":"","background-image":"","background-repeat":"repeat","background-position":"center center","background-size":"auto","background-attachment":"scroll","background-type":"","background-media":"","overlay-type":"","overlay-color":"","overlay-opacity":"","overlay-gradient":""},"mobile":{"background-color":"","background-image":"","background-repeat":"repeat","background-position":"center center","background-size":"auto","background-attachment":"scroll","background-type":"","background-media":"","overlay-type":"","overlay-color":"","overlay-opacity":"","overlay-gradient":""}},"ast-content-background-meta":{"desktop":{"background-color":"var(--ast-global-color-4)","background-image":"","background-repeat":"repeat","background-position":"center center","background-size":"auto","background-attachment":"scroll","background-type":"","background-media":"","overlay-type":"","overlay-color":"","overlay-opacity":"","overlay-gradient":""},"tablet":{"background-color":"var(--ast-global-color-4)","background-image":"","background-repeat":"repeat","background-position":"center center","background-size":"auto","background-attachment":"scroll","background-type":"","background-media":"","overlay-type":"","overlay-color":"","overlay-opacity":"","overlay-gradient":""},"mobile":{"background-color":"var(--ast-global-color-4)","background-image":"","background-repeat":"repeat","background-position":"center center","background-size":"auto","background-attachment":"scroll","background-type":"","background-media":"","overlay-type":"","overlay-color":"","overlay-opacity":"","overlay-gradient":""}}},"product_brand":[],"product_cat":[130],"product_tag":[],"class_list":{"0":"post-110193","1":"product","2":"type-product","3":"status-publish","4":"has-post-thumbnail","6":"product_cat-protektorok","7":"desktop-align-left","8":"tablet-align-left","9":"mobile-align-left","11":"first","12":"instock","13":"shipping-taxable","14":"purchasable","15":"product-type-simple"},"jetpack_sharing_enabled":true,"_links":{"self":[{"href":"https:\/\/zatureczkimarcell.ddns.net\/wordpress\/wp-json\/wp\/v2\/product\/110193","targetHints":{"allow":["GET"]}}],"collection":[{"href":"https:\/\/zatureczkimarcell.ddns.net\/wordpress\/wp-json\/wp\/v2\/product"}],"about":[{"href":"https:\/\/zatureczkimarcell.ddns.net\/wordpress\/wp-json\/wp\/v2\/types\/product"}],"wp:featuredmedia":[{"embeddable":true,"href":"https:\/\/zatureczkimarcell.ddns.net\/wordpress\/wp-json\/wp\/v2\/media\/104978"}],"wp:attachment":[{"href":"https:\/\/zatureczkimarcell.ddns.net\/wordpress\/wp-json\/wp\/v2\/media?parent=110193"}],"wp:term":[{"taxonomy":"product_brand","embeddable":true,"href":"https:\/\/zatureczkimarcell.ddns.net\/wordpress\/wp-json\/wp\/v2\/product_brand?post=110193"},{"taxonomy":"product_cat","embeddable":true,"href":"https:\/\/zatureczkimarcell.ddns.net\/wordpress\/wp-json\/wp\/v2\/product_cat?post=110193"},{"taxonomy":"product_tag","embeddable":true,"href":"https:\/\/zatureczkimarcell.ddns.net\/wordpress\/wp-json\/wp\/v2\/product_tag?post=110193"}],"curies":[{"name":"wp","href":"https:\/\/api.w.org\/{rel}","templated":true}]}}