{"id":110192,"date":"2026-04-01T10:48:40","date_gmt":"2026-04-01T08:48:40","guid":{"rendered":"https:\/\/zatureczkimarcell.ddns.net\/wordpress\/?post_type=product&#038;p=110192"},"modified":"2026-04-01T10:49:06","modified_gmt":"2026-04-01T08:49:06","slug":"smart-hjc-20b-bluetooth-sisakbeszelo-rendszer-bemutato-videoval","status":"publish","type":"product","link":"https:\/\/zatureczkimarcell.ddns.net\/wordpress\/termek\/smart-hjc-20b-bluetooth-sisakbeszelo-rendszer-bemutato-videoval\/","title":{"rendered":"SMART HJC 20B Bluetooth sisakbesz\u00e9l\u0151 rendszer-BEMUTAT\u00d3 VIDE\u00d3VAL"},"content":{"rendered":"<p><span style=\"font-size:16px;\"><strong><span helvetica=\"\" neue=\"\" style=\"font-family: \">SENA cs&uacute;csmodell alapj&aacute;n, HJC sisakokhoz fejlesztve <\/span><\/strong><\/span><\/p>\n<p><span style=\"font-size:16px;\"><strong><span helvetica=\"\" neue=\"\" style=\"font-family: \">K&eacute;tf&eacute;le sz&iacute;nben (Fekete vagy Feh&eacute;r) el&eacute;rhet\u0151 hogy t&ouml;k&eacute;letesen illeszkedjen a sisakodhoz.&nbsp;<\/span><\/strong><\/span><\/p>\n<p><span style=\"font-size:16px;\"><strong><span helvetica=\"\" neue=\"\" style=\"font-family: \">&#8211; SMART HJC 20B&nbsp;gyors csatlakoz&oacute;s HJC SMART Bluetooth kommunik&aacute;ci&oacute;s rendszer.<\/span><\/strong><\/span><\/p>\n<p><span style=\"font-size:16px;\"><strong><span helvetica=\"\" neue=\"\" style=\"font-family: \">Alkalmazhat&oacute;: RPHA11_Carbon (egy&eacute;b RPHA11 nem!), RPHA70_Carbon (egy&eacute;b RPHA70 nem!), RPHA90S, RPHA90S_Carbon, F70 Carbon, F70, I90, V90, C80, C91, I20, I30, I100 (csak ezek a modellek k&eacute;sz&uuml;lnek gy&aacute;ri Bluetooth el\u0151k&eacute;sz&iacute;t&eacute;ssel) <\/span><\/strong><\/span><\/p>\n<p><span style=\"font-size:16px;\"><strong><span helvetica=\"\" neue=\"\" style=\"font-family: \">&#8211; Aerodinamikus tervez&eacute;s, beleilleszkedik a sisakok form&aacute;j&aacute;ba <\/span><\/strong><\/span><\/p>\n<p><span style=\"font-size:16px;\"><strong><span helvetica=\"\" neue=\"\" style=\"font-family: \">&#8211; K&ouml;nny\u0171 install&aacute;l&aacute;s <\/span><\/strong><\/span><\/p>\n<p><span style=\"font-size:16px;\"><strong><span helvetica=\"\" neue=\"\" style=\"font-family: \">&#8211; Mobil h&iacute;v&aacute;s, zenehallgat&aacute;s, GPS hangutas&iacute;t&aacute;s, sisak &aacute;tbesz&eacute;l\u0151. Intercom: a rendszer lehet\u0151v&eacute; teszi 8 motoros egyidej\u0171 sisak &aacute;tbesz&eacute;l&eacute;s&eacute;t, 1200 m&eacute;ter hat&oacute;t&aacute;vols&aacute;ggal. <\/span><\/strong><\/span><\/p>\n<p><span style=\"font-size:16px;\"><strong><span helvetica=\"\" neue=\"\" style=\"font-family: \">-Smartphone App: k&ouml;nny\u0171 setup &eacute;s kontroll funkci&oacute;k mobilfel&uuml;leten, appon kereszt&uuml;l is el&eacute;rhet\u0151 haszn&aacute;lati &uacute;tmutat&oacute;.<\/span><\/strong><\/span><\/p>\n<p><span style=\"font-size:16px;\"><strong><a helvetica=\"\" href=\"https:\/\/www.hjc.hu\/Hasznalati_SMART_HJC_20B.pdf\" neue=\"\" style=\"color: rgb(34, 34, 34); font-size: 12px; background-color: transparent; box-sizing: border-box; text-decoration-line: none; text-shadow: none; font-family: \">Magyar nyelv\u0171<\/a>, r&eacute;szletes haszn&aacute;lati &uacute;tmutat&oacute;val.&nbsp;<\/strong><\/span><\/p>\n<p><span style=\"font-size:16px;\"><strong>Bemutat&oacute; vide&oacute;:&nbsp;<\/strong><\/span><\/p>\n<div style=\"position:relative;padding-bottom:56.25%;padding-top:30px;height:0;overflow:hidden;\"><iframe loading=\"lazy\" allowfullscreen=\"\" frameborder=\"0\" height=\"360\" src=\"\/\/www.youtube.com\/embed\/eUONIlenqxA?rel=0\" style=\"position: absolute;top: 0;left: 0;width: 100%;height: 100%;\" width=\"640\"><\/iframe><\/div>\n<div style=\"position:relative;padding-bottom:56.25%;padding-top:30px;height:0;overflow:hidden;\">\n<p style=\"box-sizing: border-box; margin: 0px 0px 10px; max-width: 100%; font-family: Roboto, sans-serif; font-size: 16px;\"><strong style=\"box-sizing: border-box; max-width: 100%;\">Ha bizonytalan vagy a beszerel&eacute;st illet\u0151en, koll&eacute;g&aacute;ink seg&iacute;ts&eacute;gedre lesznek &eacute;s k&ouml;r&uuml;lbel&uuml;l 1 &oacute;ra alatt elhelyezik sisakodban a kommuik&aacute;ci&oacute;t.&nbsp;<\/strong><\/p>\n<p style=\"box-sizing: border-box; margin: 0px 0px 10px; max-width: 100%; font-family: Roboto, sans-serif; font-size: 16px;\"><strong style=\"box-sizing: border-box; max-width: 100%;\">A sisakod&nbsp;&uuml;zlet&uuml;nkben &aacute;tvessz&uuml;k&nbsp;&eacute;s aznap, vagy legk&eacute;s\u0151bb&nbsp;m&aacute;snap elviheted. A beszerel&eacute;sre 1 &oacute;ra munkad&iacute;jat sz&aacute;molunk fel.&nbsp;<\/strong><\/p>\n<\/div>\n","protected":false},"excerpt":{"rendered":"<p>SENA cs&uacute;csmodell alapj&aacute;n, HJC sisakokhoz fejlesztve K&eacute;tf&eacute;le sz&iacute;nben (Fekete vagy Feh&eacute;r) el&eacute;rhet\u0151 hogy t&ouml;k&eacute;letesen illeszkedjen a sisakodhoz.&nbsp; &#8211; SMART HJC [&hellip;]<\/p>\n","protected":false},"featured_media":103474,"template":"","meta":{"site-sidebar-layout":"default","site-content-layout":"","ast-site-content-layout":"default","site-content-style":"default","site-sidebar-style":"default","ast-global-header-display":"","ast-banner-title-visibility":"","ast-main-header-display":"","ast-hfb-above-header-display":"","ast-hfb-below-header-display":"","ast-hfb-mobile-header-display":"","site-post-title":"","ast-breadcrumbs-content":"","ast-featured-img":"","footer-sml-layout":"","ast-disable-related-posts":"","theme-transparent-header-meta":"","adv-header-id-meta":"","stick-header-meta":"","header-above-stick-meta":"","header-main-stick-meta":"","header-below-stick-meta":"","astra-migrate-meta-layouts":"default","ast-page-background-enabled":"default","ast-page-background-meta":{"desktop":{"background-color":"var(--ast-global-color-5)","background-image":"","background-repeat":"repeat","background-position":"center center","background-size":"auto","background-attachment":"scroll","background-type":"","background-media":"","overlay-type":"","overlay-color":"","overlay-opacity":"","overlay-gradient":""},"tablet":{"background-color":"","background-image":"","background-repeat":"repeat","background-position":"center center","background-size":"auto","background-attachment":"scroll","background-type":"","background-media":"","overlay-type":"","overlay-color":"","overlay-opacity":"","overlay-gradient":""},"mobile":{"background-color":"","background-image":"","background-repeat":"repeat","background-position":"center center","background-size":"auto","background-attachment":"scroll","background-type":"","background-media":"","overlay-type":"","overlay-color":"","overlay-opacity":"","overlay-gradient":""}},"ast-content-background-meta":{"desktop":{"background-color":"var(--ast-global-color-4)","background-image":"","background-repeat":"repeat","background-position":"center center","background-size":"auto","background-attachment":"scroll","background-type":"","background-media":"","overlay-type":"","overlay-color":"","overlay-opacity":"","overlay-gradient":""},"tablet":{"background-color":"var(--ast-global-color-4)","background-image":"","background-repeat":"repeat","background-position":"center center","background-size":"auto","background-attachment":"scroll","background-type":"","background-media":"","overlay-type":"","overlay-color":"","overlay-opacity":"","overlay-gradient":""},"mobile":{"background-color":"var(--ast-global-color-4)","background-image":"","background-repeat":"repeat","background-position":"center center","background-size":"auto","background-attachment":"scroll","background-type":"","background-media":"","overlay-type":"","overlay-color":"","overlay-opacity":"","overlay-gradient":""}}},"product_brand":[],"product_cat":[141,121,123,122],"product_tag":[],"class_list":{"0":"post-110192","1":"product","2":"type-product","3":"status-publish","4":"has-post-thumbnail","6":"product_cat-bukosisak-kiegeszitok-alkatreszek","7":"product_cat-bukosisakok","8":"product_cat-nyithato-bukosisakok","9":"product_cat-nyitott","10":"desktop-align-left","11":"tablet-align-left","12":"mobile-align-left","14":"first","15":"instock","16":"shipping-taxable","17":"purchasable","18":"product-type-simple"},"jetpack_sharing_enabled":true,"_links":{"self":[{"href":"https:\/\/zatureczkimarcell.ddns.net\/wordpress\/wp-json\/wp\/v2\/product\/110192","targetHints":{"allow":["GET"]}}],"collection":[{"href":"https:\/\/zatureczkimarcell.ddns.net\/wordpress\/wp-json\/wp\/v2\/product"}],"about":[{"href":"https:\/\/zatureczkimarcell.ddns.net\/wordpress\/wp-json\/wp\/v2\/types\/product"}],"wp:featuredmedia":[{"embeddable":true,"href":"https:\/\/zatureczkimarcell.ddns.net\/wordpress\/wp-json\/wp\/v2\/media\/103474"}],"wp:attachment":[{"href":"https:\/\/zatureczkimarcell.ddns.net\/wordpress\/wp-json\/wp\/v2\/media?parent=110192"}],"wp:term":[{"taxonomy":"product_brand","embeddable":true,"href":"https:\/\/zatureczkimarcell.ddns.net\/wordpress\/wp-json\/wp\/v2\/product_brand?post=110192"},{"taxonomy":"product_cat","embeddable":true,"href":"https:\/\/zatureczkimarcell.ddns.net\/wordpress\/wp-json\/wp\/v2\/product_cat?post=110192"},{"taxonomy":"product_tag","embeddable":true,"href":"https:\/\/zatureczkimarcell.ddns.net\/wordpress\/wp-json\/wp\/v2\/product_tag?post=110192"}],"curies":[{"name":"wp","href":"https:\/\/api.w.org\/{rel}","templated":true}]}}