{"id":110191,"date":"2026-04-01T10:48:39","date_gmt":"2026-04-01T08:48:39","guid":{"rendered":"https:\/\/zatureczkimarcell.ddns.net\/wordpress\/?post_type=product&#038;p=110191"},"modified":"2026-04-01T10:49:05","modified_gmt":"2026-04-01T08:49:05","slug":"marushin-m612-beepitett-bluetooth-kommunikacios-rendszerrel-video","status":"publish","type":"product","link":"https:\/\/zatureczkimarcell.ddns.net\/wordpress\/termek\/marushin-m612-beepitett-bluetooth-kommunikacios-rendszerrel-video\/","title":{"rendered":"Marushin M612 BE\u00c9P\u00cdTETT BLUETOOTH KOMMUNIK\u00c1CI\u00d3S RENDSZERREL-Vide\u00f3!"},"content":{"rendered":"<p><strong><span style=\"font-size:16px;\">Jap&aacute;n Marushin M612 felnyithat&oacute; &aacute;ll&uacute;, napszem&uuml;veges buk&oacute;sisakunk&nbsp;be&eacute;p&iacute;tett Bluetooth kommunik&aacute;ci&oacute;s rendszert is tartalmaz, amely alkalmas telefonh&iacute;v&aacute;sok fogad&aacute;s&aacute;ra-ind&iacute;t&aacute;s&aacute;ra, gps, zenelej&aacute;tsz&oacute;, vagy m&aacute;s okoseszk&ouml;z&ouml;kkel t&ouml;rt&eacute;n\u0151 kapcsol&oacute;d&aacute;sra. A Marushin M612 alkalmas&nbsp;k&eacute;t buk&oacute;sisak&nbsp;k&ouml;z&ouml;tti kommunik&aacute;ci&oacute;ra is , teh&aacute;t a vezet\u0151 az utas&aacute;val, vagy m&aacute;s motorossal&nbsp;tud besz&eacute;lgetni.&nbsp;<\/span><\/strong><\/p>\n<p><span style=\"font-size: 16px;\"><b>-Kompakt h&eacute;jm&eacute;ret\u0171 buk&oacute;sisak<\/b><\/span><\/p>\n<p><span style=\"font-size: 16px;\"><b>-Pinlock p&aacute;ramentest\u0151 bet&eacute;t elhelyez&eacute;s&eacute;re&nbsp;el\u0151k&eacute;sz&iacute;tett plexi<\/b><\/span><\/p>\n<p><span style=\"font-size: 16px;\"><b>-A be&eacute;p&iacute;tett<\/b><\/span><strong style=\"box-sizing: border-box; max-width: 100%; font-family: Roboto, sans-serif; font-size: 16px;\"><span segoe=\"\" style=\"box-sizing: border-box; max-width: 100%; color: rgb(68, 68, 68);\" ui=\"\">&nbsp;napszem&uuml;veg lehajtott &aacute;llapotban, nagy fel&uuml;let\u0171, a teljes l&aacute;t&oacute;mez\u0151t takarja, t&ouml;k&eacute;letesen megakad&aacute;lyozza a napf&eacute;ny besz\u0171r\u0151d&eacute;s&eacute;t.<\/span><\/strong><\/p>\n<p><span style=\"font-size: 16px;\"><b>-Mikrometrikus gyors z&aacute;ras rozsdamentes f&eacute;m csattrendszer&nbsp;<\/b><\/span><\/p>\n<p><span style=\"font-size: 16px;\"><b>-Nagym&eacute;ret\u0171 szell\u0151z\u0151rendszer a sisak &aacute;ll &eacute;s fejtet\u0151 r&eacute;sz&eacute;n<\/b><\/span><\/p>\n<p>&#8211;<strong style=\"box-sizing: border-box; max-width: 100%; font-family: Roboto, sans-serif; font-size: 16px;\">A sisak &aacute;llr&eacute;sz&eacute;n&eacute;l az &uacute;gynevezett &bdquo;bog&aacute;rv&eacute;d\u0151 h&aacute;l&oacute;&rdquo; cs&ouml;kkenti&nbsp;a sz&eacute;lzaj kialakul&aacute;s&aacute;t.<\/strong><\/p>\n<p><strong style=\"box-sizing: border-box; max-width: 100%; font-family: Roboto, sans-serif; font-size: 16px;\">-Gy&aacute;ri tartoz&eacute;k a sisakhoz az Orr-p&aacute;ra l&eacute;gterel\u0151 bet&eacute;t amely a kil&eacute;legzett leveg\u0151t eltereli a sisak plexij&eacute;r\u0151l, &iacute;gy cs&ouml;kkenti&nbsp;a p&aacute;r&aacute;sod&aacute;s lehet\u0151s&eacute;g&eacute;t.<\/strong><\/p>\n<p><span style=\"font-size:16px;\"><strong>-USB port seg&iacute;ts&eacute;g&eacute;vel ak&aacute;r sz&aacute;m&iacute;t&oacute;g&eacute;pr\u0151l, ak&aacute;r h&aacute;l&oacute;zatr&oacute;l k&ouml;nnyed&eacute;n t&ouml;lthet\u0151.&nbsp;<\/strong><\/span><\/p>\n<p><strong><span style=\"font-size:16px;\">A Bluetooth be&eacute;p&iacute;tett kommunik&aacute;ci&oacute;s rendszerhez haszn&aacute;lati utas&iacute;t&aacute;st ide kattintva tal&aacute;lsz:&nbsp;<a href=\"https:\/\/darazsgarazs.hu\/index.php\/termek\/hasznalati-utasitas-blinc-bluetooth-mini-s7-bluetooth-sisakbeszelo-redszerhez.1441.html\">https:\/\/darazsgarazs.hu\/index.php\/termek\/hasznalati-utasitas-blinc-bluetooth-mini-s7-bluetooth-sisakbeszelo-redszerhez.1441.html<\/a><\/span><\/strong><\/p>\n<\/p>\n<p><strong style=\"box-sizing: border-box; max-width: 100%; font-family: Roboto, sans-serif; font-size: 16px;\">Haszn&aacute;lati &eacute;s kezel&eacute;si &uacute;tmutat&oacute; buk&oacute;sisakokhoz&nbsp;el&eacute;rhet\u0151 ide kattintva:&nbsp;<a href=\"https:\/\/darazsgarazs.hu\/index.php\/termek\/bukosisak-hasznalati-kezelesi-utmutato.1408.html\" style=\"box-sizing: border-box; background-color: transparent; color: rgb(51, 122, 183); text-decoration-line: none; max-width: 100%;\">https:\/\/darazsgarazs.hu\/index.php\/termek\/bukosisak-hasznalati-kezelesi-utmutato.1408.html<\/a><\/strong><\/p>\n<\/p>\n<p><span style=\"font-size:16px;\"><strong>A buk&oacute;sisak bels\u0151 r&eacute;sz&eacute;nek tiszt&iacute;t&aacute;s&aacute;t&nbsp;az &uuml;zlet&uuml;nkben kaphat&oacute; speci&aacute;lis tiszt&iacute;t&oacute;szerrel aj&aacute;nlott v&eacute;gezni.<\/strong><\/span><\/p>\n<p><span style=\"font-size:16px;\"><strong>A tiszt&iacute;t&oacute;szer ide kattintva &eacute;rhet\u0151 el:&nbsp;<a href=\"https:\/\/darazsgarazs.hu\/index.php\/termek\/motul-sisak-belso-tisztito.1183.html\">https:\/\/darazsgarazs.hu\/index.php\/termek\/motul-sisak-belso-tisztito.1183.html<\/a><\/strong><\/span><\/p>\n<\/p>\n<p><span style=\"color:#FF0000;\"><span style=\"font-size:16px;\"><strong>Figyelem! Koll&eacute;g&aacute;nk tesztje ide kattintva &eacute;rhet\u0151 el:&nbsp;<a href=\"https:\/\/darazsgarazs.hu\/index.php\/termek\/marushin-m612-teszt.1460.html\">https:\/\/darazsgarazs.hu\/index.php\/termek\/marushin-m612-teszt.1460.html<\/a><\/strong><\/span><\/span><\/p>\n<p><span style=\"color:#FF0000;\"><span style=\"font-size:16px;\"><strong>Vide&oacute;s bemutat&oacute; itt:&nbsp;<\/strong><\/span><\/span><\/p>\n<div style=\"position:relative;padding-bottom:56.25%;padding-top:30px;height:0;overflow:hidden;\"><iframe loading=\"lazy\" allowfullscreen=\"\" frameborder=\"0\" height=\"360\" src=\"\/\/www.youtube.com\/embed\/xo4XqrDN7Vw?rel=0\" style=\"position: absolute;top: 0;left: 0;width: 100%;height: 100%;\" width=\"640\"><\/iframe><\/div><\/p>\n","protected":false},"excerpt":{"rendered":"<p>Jap&aacute;n Marushin M612 felnyithat&oacute; &aacute;ll&uacute;, napszem&uuml;veges buk&oacute;sisakunk&nbsp;be&eacute;p&iacute;tett Bluetooth kommunik&aacute;ci&oacute;s rendszert is tartalmaz, amely alkalmas telefonh&iacute;v&aacute;sok fogad&aacute;s&aacute;ra-ind&iacute;t&aacute;s&aacute;ra, gps, zenelej&aacute;tsz&oacute;, vagy m&aacute;s [&hellip;]<\/p>\n","protected":false},"featured_media":108808,"template":"","meta":{"site-sidebar-layout":"default","site-content-layout":"","ast-site-content-layout":"default","site-content-style":"default","site-sidebar-style":"default","ast-global-header-display":"","ast-banner-title-visibility":"","ast-main-header-display":"","ast-hfb-above-header-display":"","ast-hfb-below-header-display":"","ast-hfb-mobile-header-display":"","site-post-title":"","ast-breadcrumbs-content":"","ast-featured-img":"","footer-sml-layout":"","ast-disable-related-posts":"","theme-transparent-header-meta":"","adv-header-id-meta":"","stick-header-meta":"","header-above-stick-meta":"","header-main-stick-meta":"","header-below-stick-meta":"","astra-migrate-meta-layouts":"default","ast-page-background-enabled":"default","ast-page-background-meta":{"desktop":{"background-color":"var(--ast-global-color-5)","background-image":"","background-repeat":"repeat","background-position":"center center","background-size":"auto","background-attachment":"scroll","background-type":"","background-media":"","overlay-type":"","overlay-color":"","overlay-opacity":"","overlay-gradient":""},"tablet":{"background-color":"","background-image":"","background-repeat":"repeat","background-position":"center center","background-size":"auto","background-attachment":"scroll","background-type":"","background-media":"","overlay-type":"","overlay-color":"","overlay-opacity":"","overlay-gradient":""},"mobile":{"background-color":"","background-image":"","background-repeat":"repeat","background-position":"center center","background-size":"auto","background-attachment":"scroll","background-type":"","background-media":"","overlay-type":"","overlay-color":"","overlay-opacity":"","overlay-gradient":""}},"ast-content-background-meta":{"desktop":{"background-color":"var(--ast-global-color-4)","background-image":"","background-repeat":"repeat","background-position":"center center","background-size":"auto","background-attachment":"scroll","background-type":"","background-media":"","overlay-type":"","overlay-color":"","overlay-opacity":"","overlay-gradient":""},"tablet":{"background-color":"var(--ast-global-color-4)","background-image":"","background-repeat":"repeat","background-position":"center center","background-size":"auto","background-attachment":"scroll","background-type":"","background-media":"","overlay-type":"","overlay-color":"","overlay-opacity":"","overlay-gradient":""},"mobile":{"background-color":"var(--ast-global-color-4)","background-image":"","background-repeat":"repeat","background-position":"center center","background-size":"auto","background-attachment":"scroll","background-type":"","background-media":"","overlay-type":"","overlay-color":"","overlay-opacity":"","overlay-gradient":""}}},"product_brand":[],"product_cat":[121,123,122],"product_tag":[],"class_list":{"0":"post-110191","1":"product","2":"type-product","3":"status-publish","4":"has-post-thumbnail","6":"product_cat-bukosisakok","7":"product_cat-nyithato-bukosisakok","8":"product_cat-nyitott","9":"desktop-align-left","10":"tablet-align-left","11":"mobile-align-left","13":"first","14":"instock","15":"shipping-taxable","16":"purchasable","17":"product-type-simple"},"jetpack_sharing_enabled":true,"_links":{"self":[{"href":"https:\/\/zatureczkimarcell.ddns.net\/wordpress\/wp-json\/wp\/v2\/product\/110191","targetHints":{"allow":["GET"]}}],"collection":[{"href":"https:\/\/zatureczkimarcell.ddns.net\/wordpress\/wp-json\/wp\/v2\/product"}],"about":[{"href":"https:\/\/zatureczkimarcell.ddns.net\/wordpress\/wp-json\/wp\/v2\/types\/product"}],"wp:featuredmedia":[{"embeddable":true,"href":"https:\/\/zatureczkimarcell.ddns.net\/wordpress\/wp-json\/wp\/v2\/media\/108808"}],"wp:attachment":[{"href":"https:\/\/zatureczkimarcell.ddns.net\/wordpress\/wp-json\/wp\/v2\/media?parent=110191"}],"wp:term":[{"taxonomy":"product_brand","embeddable":true,"href":"https:\/\/zatureczkimarcell.ddns.net\/wordpress\/wp-json\/wp\/v2\/product_brand?post=110191"},{"taxonomy":"product_cat","embeddable":true,"href":"https:\/\/zatureczkimarcell.ddns.net\/wordpress\/wp-json\/wp\/v2\/product_cat?post=110191"},{"taxonomy":"product_tag","embeddable":true,"href":"https:\/\/zatureczkimarcell.ddns.net\/wordpress\/wp-json\/wp\/v2\/product_tag?post=110191"}],"curies":[{"name":"wp","href":"https:\/\/api.w.org\/{rel}","templated":true}]}}