{"id":110190,"date":"2026-04-01T10:48:38","date_gmt":"2026-04-01T08:48:38","guid":{"rendered":"https:\/\/zatureczkimarcell.ddns.net\/wordpress\/?post_type=product&#038;p=110190"},"modified":"2026-04-01T10:49:04","modified_gmt":"2026-04-01T08:49:04","slug":"hasznalati-utasitas-blinc-bluetooth-mini-s7-bluetooth-sisakbeszelo-redszerhez","status":"publish","type":"product","link":"https:\/\/zatureczkimarcell.ddns.net\/wordpress\/termek\/hasznalati-utasitas-blinc-bluetooth-mini-s7-bluetooth-sisakbeszelo-redszerhez\/","title":{"rendered":"Haszn\u00e1lati utas\u00edt\u00e1s Blinc bluetooth mini s7  bluetooth sisakbesz\u00e9l\u0151 redszerhez"},"content":{"rendered":"<p><span style=\"font-size:16px;\"><strong>Haszn&aacute;lati utas&iacute;t&aacute;s Bluetooth&reg; &nbsp;<em>Blinc bluetooth mini s7<\/em> &nbsp;bluetooth sisakbesz&eacute;l\u0151 be&aacute;ll&iacute;t&aacute;s&aacute;hoz-kezel&eacute;s&eacute;hez: <\/strong><\/span><\/p>\n<\/p>\n<p><span style=\"font-size:16px;\"><strong>A headsetet csatlakoztathatja a mobiltelefonj&aacute;hoz, vagy b&aacute;rmilyen Bluetooth&reg; kapcsolattal rendelkez\u0151 &nbsp;vezet&eacute;k n&eacute;lk&uuml;li eszk&ouml;zh&ouml;z.<\/strong><\/span><\/p>\n<p><span style=\"font-size:16px;\"><strong>T&aacute;mogatja a Headset, vagy telefon kihangos&iacute;t&oacute; profilt .<\/strong><\/span><\/p>\n<p><span style=\"font-size:16px;\"><strong>Amikor az eszk&ouml;z csatlakoztatva van mobiltelefonj&aacute;ra, tudja kezelni a bej&ouml;v\u0151 &eacute;s kimen\u0151 h&iacute;v&aacute;sokat, zen&eacute;t hallgathat,illetve a GPS utas&iacute;t&aacute;sait is hallhatja motoroz&aacute;s k&ouml;zben.<\/strong><\/span><\/p>\n<p><span style=\"font-size:16px;\"><strong>&nbsp;A hanger\u0151t a headset&nbsp; k&ouml;z&eacute;ps\u0151 tekerhet\u0151 gombj&aacute;val tudja &aacute;ll&iacute;tani.<\/strong><\/span><\/p>\n<p><span style=\"font-size:16px;\"><strong>Csatlakozhat mobiltelefonhoz, zenelej&aacute;tsz&oacute;khoz &eacute;s GPS-rendszerekhez amelyek Bluetooth&reg;-kompatibilisek.<\/strong><\/span><\/p>\n<p><span style=\"font-size:16px;\"><strong>&nbsp;A be&eacute;p&iacute;tett Bluetooth&reg; sisakbesz&eacute;l\u0151 a buk&oacute;sisakban l&eacute;v\u0151 fejhallgat&oacute;k, a diszkr&eacute;t akkumul&aacute;toregys&eacute;g, vez&eacute;rl\u0151gombok &eacute;s mikrofon seg&iacute;ts&eacute;g&eacute;vel haszn&aacute;lhat&oacute;.<\/strong><\/span><\/p>\n<\/p>\n<p><span style=\"font-size:16px;\"><strong>Figyelmeztet&eacute;sek:<\/strong><\/span><\/p>\n<p><span style=\"font-size:16px;\"><strong>Zene vagy m&aacute;s hang hallgat&aacute;sa teljes hanger\u0151n k&aacute;ros&iacute;thatja a hall&aacute;s&aacute;t.<\/strong><\/span><\/p>\n<p><span style=\"font-size:16px;\"><strong>B&aacute;r a sisak k&uuml;ls\u0151 r&eacute;szei v&iacute;z&aacute;ll&oacute;ak, javasoljuk hogy biztos&iacute;tsa hogy a bels\u0151 elemeket A Bluetooth&reg; k&eacute;sz&uuml;l&eacute;ket ne &eacute;rje v&iacute;z vagy m&aacute;s egy&eacute;b idegen anyag-behat&aacute;s.<\/strong><\/span><\/p>\n<p><span style=\"font-size:16px;\"><strong>A garancia nem vonatkozik az akkumul&aacute;torra illetve &eacute;rv&eacute;ny&eacute;t vesz&iacute;ti ha &uacute;gy &iacute;t&eacute;lik meg, hogy a felhaszn&aacute;l&oacute; meghib&aacute;sod&aacute;st okozott, vagy b&aacute;rmilyen m&oacute;don m&oacute;dos&iacute;totta a Bluetooth&reg; eszk&ouml;zt.<\/strong><\/span><\/p>\n<\/p>\n<p><span style=\"font-size:16px;\"><strong>Bekapcsol&aacute;s : Power ON<\/strong><\/span><\/p>\n<p><span style=\"font-size:16px;\"><strong>Nyomja meg a tekerhet\u0151 MFB gombot k&ouml;r&uuml;lbel&uuml;l 2 m&aacute;sodpercig. A&nbsp; k&eacute;k led felvillan &eacute;s a<\/strong><\/span><\/p>\n<p><span style=\"font-size:16px;\"><strong>&eacute;s a POWER ON &bdquo;Bekapcsol&aacute;s&rdquo; hang&uuml;zenetet&nbsp; hallani.<\/strong><\/span><\/p>\n<p><span style=\"font-size:16px;\"><strong>Kikapcsol&aacute;s: Power OFF<\/strong><\/span><\/p>\n<p><span style=\"font-size:16px;\"><strong>Nyomja meg a tekerhet\u0151 &nbsp;MFB gombot k&ouml;r&uuml;lbel&uuml;l 5 m&aacute;sodpercig, piros led felvillan &eacute;s<\/strong><\/span><\/p>\n<p><span style=\"font-size:16px;\"><strong>&bdquo;Kikapcsol&aacute;s&rdquo; POWER OFF hang&uuml;zenetet hallani.<\/strong><\/span><\/p>\n<\/p>\n<p><span style=\"font-size:16px;\"><strong>P&aacute;ros&iacute;t&aacute;s a telefonnal:<\/strong><\/span><\/p>\n<p><span style=\"font-size:16px;\"><strong>Gy\u0151z\u0151dj&ouml;n meg arr&oacute;l, hogy a headset kikapcsolt &aacute;llapotban van.<\/strong><\/span><\/p>\n<p><span style=\"font-size:16px;\"><strong>Nyomja le a tekerhet\u0151 MFB gombot legal&aacute;bb 5 m&aacute;sodpercig, am&iacute;g a<\/strong><\/span><\/p>\n<p><span style=\"font-size:16px;\"><strong>A LED felv&aacute;ltva pirosan &eacute;s k&eacute;ken villogni kezd, &eacute;s akkor fog hallani&nbsp; egy &bdquo;Pairing&rdquo; (p&aacute;ros&iacute;t&aacute;s) &uuml;zenetet a hangsz&oacute;r&oacute;kban.<\/strong><\/span><\/p>\n<p><span style=\"font-size:16px;\"><strong>A p&aacute;ros&iacute;t&aacute;s el\u0151tt enged&eacute;lyezze a Bluetooth funkci&oacute;t a mobilj&aacute;n vagy a p&aacute;ros&iacute;tani k&iacute;v&aacute;nt m&aacute;s okoseszk&ouml;z&ouml;n.<\/strong><\/span><\/p>\n<p><span style=\"font-size:16px;\"><strong>Mobiltelefonja most a k&ouml;zelben fog keresni Bluetooth eszk&ouml;z&ouml;ket.<\/strong><\/span><\/p>\n<p><span style=\"font-size:16px;\"><strong>Keresse meg a &bdquo;BLUETOOTH Helmet&rdquo; nev\u0171 eszk&ouml;zt.<\/strong><\/span><\/p>\n<p><span style=\"font-size:16px;\"><strong>K&eacute;rj&uuml;k, enged&eacute;lyezze a mobiltelefon p&aacute;ros&iacute;t&aacute;s&aacute;t ezzel a k&eacute;sz&uuml;l&eacute;kkel. Amikor a p&aacute;ros&iacute;t&aacute;s befejez\u0151d&ouml;tt &eacute;s a headset haszn&aacute;latra k&eacute;sz, &bdquo;A p&aacute;ros&iacute;t&aacute;s sikeres&rdquo; &uuml;zenetet hallani a fejhallgat&oacute;n a hangsz&oacute;r&oacute;kban.<\/strong><\/span><\/p>\n<p><span style=\"font-size:16px;\"><strong>Ha a k&eacute;t eszk&ouml;z p&aacute;ros&iacute;t&aacute;sa sikeres volt, a fejhallgat&oacute;n l&eacute;v\u0151 LED-ek pirosr&oacute;l v&aacute;ltanak &eacute;s csak a k&eacute;ken villog a kezel\u0151fel&uuml;let.<\/strong><\/span><\/p>\n<p><span style=\"font-size:16px;\"><strong>Megjegyz&eacute;s: Ha a mobilja PIN k&oacute;dot k&eacute;r telefon, &iacute;rja be a &bdquo;0000&rdquo; sz&aacute;mot. Ha p&aacute;ros&iacute;totta a headsetet<\/strong><\/span><\/p>\n<p><span style=\"font-size:16px;\"><strong>telefonj&aacute;val a f&uuml;lhallgat&oacute; csatlakoztatja a telefont automatikusan, amikor &uacute;jra bekapcsolja.<\/strong><\/span><\/p>\n<\/p>\n<p><span style=\"font-size:16px;\"><strong>P&aacute;ros&iacute;t&aacute;s egy m&aacute;sodik Bluetooth-eszk&ouml;zzel illetve mobiltelefonnal.<\/strong><\/span><\/p>\n<p><span style=\"font-size:16px;\"><strong>A t&ouml;bbpontos Bluetooth p&aacute;ros&iacute;t&aacute;s lehet\u0151v&eacute; teszi a headset sz&aacute;m&aacute;ra hogy csatlakoztasson egyszerre k&eacute;t Bluetooth-eszk&ouml;zt. Teh&aacute;t a telefon mellett a m&aacute;sik buk&oacute;sisak vagy m&aacute;s Bluetooth eszk&ouml;z is csatlakoztathat&oacute;.&nbsp;<\/strong><\/span><\/p>\n<p><span style=\"font-size:16px;\"><strong>M&aacute;sodik sisak csatlakoztat&aacute;sa:&nbsp;<\/strong><\/span><\/p>\n<p><span style=\"font-size:16px;\"><strong>1,Nyomja meg &eacute;s tartsa lenyomva a k&eacute;t buk&oacute;sisakon a&nbsp;k&ouml;z&eacute;ps\u0151 forgathat&oacute; MFB&nbsp;gombot&nbsp;, am&iacute;g mindk&eacute;t egys&eacute;g k&eacute;k &eacute;s piros LED-je felv&aacute;ltva gyorsan villogni nem kezd.<\/strong><\/span><\/p>\n<p><span style=\"font-size:16px;\"><strong>2,Egyszer\u0171en &eacute;rintse meg a k&eacute;t&nbsp;headset b&aacute;rmelyik&eacute;nek k&ouml;z&eacute;ps\u0151 gombj&aacute;t , &eacute;s v&aacute;rja meg, am&iacute;g mindk&eacute;t headset LED-je k&eacute;kre v&aacute;lt, &eacute;s automatikusan l&eacute;trej&ouml;n a&nbsp;kapcsolat a k&eacute;t sisak k&ouml;z&ouml;tt.&nbsp;<\/strong><\/span><\/p>\n<p><span style=\"font-size:16px;\"><strong>A k&eacute;t sisak k&ouml;z&ouml;tti hat&oacute;t&aacute;vols&aacute;g max.1000 m&eacute;ter ( A&nbsp; terepviszonyokt&oacute;l f&uuml;gg\u0151en ) .&nbsp;<\/strong><\/span><\/p>\n<\/p>\n<p><span style=\"font-size:16px;\"><strong>H&iacute;v&aacute;s ind&iacute;t&aacute;sa\/v&eacute;ge:<\/strong><\/span><\/p>\n<p><span style=\"font-size:16px;\"><strong>Nyomja meg a tekerhet\u0151 MFB gombot a telefonh&iacute;v&aacute;s elind&iacute;t&aacute;s&aacute;hoz vagy befejez&eacute;s&eacute;hez.<\/strong><\/span><\/p>\n<p><span style=\"font-size:16px;\"><strong>Hangt&aacute;rcs&aacute;z&aacute;s: Forgassa el k&eacute;tszer az MFB gombot az &oacute;ramutat&oacute; j&aacute;r&aacute;s&aacute;val megegyez\u0151en.<\/strong><\/span><\/p>\n<p><span style=\"font-size:16px;\"><strong>Utols&oacute; sz&aacute;m &uacute;jrat&aacute;rcs&aacute;z&aacute;sa: Forgassa el az MFB gombot k&eacute;tszer az &oacute;ramutat&oacute; j&aacute;r&aacute;s&aacute;val ellent&eacute;tes ir&aacute;nyba.<\/strong><\/span><\/p>\n<p><span style=\"font-size:16px;\"><strong>H&iacute;v&aacute;s fogad&aacute;sa: Amikor a headset cs&ouml;r&ouml;g, nyomja meg a tekerhet\u0151 MFB gombot h&iacute;v&aacute;s fogad&aacute;s&aacute;hoz, vagy a headset automatikusan fogadja a bej&ouml;v\u0151 h&iacute;v&aacute;st &nbsp;8 m&aacute;sodperc&nbsp; ut&aacute;n.<\/strong><\/span><\/p>\n<p><span style=\"font-size:16px;\"><strong>H&iacute;v&aacute;s elutas&iacute;t&aacute;sa:<\/strong><\/span><\/p>\n<p><span style=\"font-size:16px;\"><strong>Amikor a headset cs&ouml;r&ouml;g, dupl&aacute;n kattintson a tekerhet\u0151 MFB gombra a h&iacute;v&aacute;s elutas&iacute;t&aacute;s&aacute;hoz.<\/strong><\/span><\/p>\n<p><span style=\"font-size:16px;\"><strong>H&iacute;v&aacute;s befejez&eacute;se:<\/strong><\/span><\/p>\n<p><span style=\"font-size:16px;\"><strong>Nyomja meg a tekerhet\u0151 MFB gombot a h&iacute;v&aacute;s befejez&eacute;s&eacute;hez.<\/strong><\/span><\/p>\n<p><span style=\"font-size:16px;\"><strong>Zene lej&aacute;tsz&aacute;sa\/sz&uuml;net:<\/strong><\/span><\/p>\n<p><span style=\"font-size:16px;\"><strong>Kattintson dupl&aacute;n az MFB gombra a zene lej&aacute;tsz&aacute;s&aacute;hoz vagy sz&uuml;neteltet&eacute;s&eacute;hez<\/strong><\/span><\/p>\n<\/p>\n<p><span style=\"font-size:16px;\"><strong>El\u0151z\u0151 vagy K&ouml;vetkez\u0151 dal<\/strong><\/span><\/p>\n<p><span style=\"font-size:16px;\"><strong>El\u0151z\u0151 dal: Forgassa el az MFB gombot az &oacute;ramutat&oacute; j&aacute;r&aacute;s&aacute;val megegyez\u0151 ir&aacute;nyba &eacute;s<\/strong><\/span><\/p>\n<p><span style=\"font-size:16px;\"><strong>tartsa k&ouml;r&uuml;lbel&uuml;l 1 m&aacute;sodpercig, majd nyomja meg a gombot<\/strong><\/span><\/p>\n<p><span style=\"font-size:16px;\"><strong>ugorj az el\u0151z\u0151 dalra. (N&eacute;h&aacute;ny telefon nem t&aacute;mogatja ezt a funkci&oacute;t)<\/strong><\/span><\/p>\n<p><span style=\"font-size:16px;\"><strong>K&ouml;vetkez\u0151 dal: Forgassa el az MFB gombot az &oacute;ramutat&oacute; j&aacute;r&aacute;s&aacute;val ellent&eacute;tes ir&aacute;nyba &eacute;s<\/strong><\/span><\/p>\n<p><span style=\"font-size:16px;\"><strong>tartsa k&ouml;r&uuml;lbel&uuml;l 1 m&aacute;sodpercig, majd engedje fel a gombot<\/strong><\/span><\/p>\n<p><span style=\"font-size:16px;\"><strong>menj a k&ouml;vetkez\u0151 dalra.<\/strong><\/span><\/p>\n<p><span style=\"font-size:16px;\"><strong>A hanger\u0151 be&aacute;ll&iacute;t&aacute;sa:<\/strong><\/span><\/p>\n<p><span style=\"font-size:16px;\"><strong>A tekerhet\u0151 MFB gomb &oacute;ramutat&oacute; j&aacute;r&aacute;s&aacute;val megegyez\u0151 vagy ellent&eacute;tes ir&aacute;ny&uacute; elforgat&aacute;sa<\/strong><\/span><\/p>\n<p><span style=\"font-size:16px;\"><strong>be&aacute;ll&iacute;tja a hangsz&oacute;r&oacute; hangerej&eacute;t kimen\u0151 h&iacute;v&aacute;s k&ouml;zben.<\/strong><\/span><\/p>\n<\/p>\n<p><span style=\"font-size:16px;\"><strong>Akkumul&aacute;tor ellen\u0151rz&eacute;se:<\/strong><\/span><\/p>\n<p><span style=\"font-size:16px;\"><strong>Forgassa el a tekerhet\u0151 MFB gombot, &eacute;s tartsa lenyomva 1 m&aacute;sodpercig<\/strong><\/span><\/p>\n<p><span style=\"font-size:16px;\"><strong>hallja az akkumul&aacute;tor kapacit&aacute;s&aacute;ra vonatkoz&oacute; figyelmeztet&eacute;st.<\/strong><\/span><\/p>\n<p><span style=\"font-size:16px;\"><strong>Alacsony akkumul&aacute;tor-figyelmeztet&eacute;s &ldquo;Battery low&rdquo;.<\/strong><\/span><\/p>\n<p><span style=\"font-size:16px;\"><strong>Ha az akkumul&aacute;tor lemer&uuml;lt, a piros LED mindegyik villogni kezd<\/strong><\/span><\/p>\n<p><span style=\"font-size:16px;\"><strong>5 m&aacute;sodpercig, &eacute;s egy hangutas&iacute;t&aacute;st fog hallani<\/strong><\/span><\/p>\n<p><span style=\"font-size:16px;\"><strong>&bdquo;Akkumul&aacute;tor lemer&uuml;lt&rdquo;. &ldquo;Battery low&rdquo;.<\/strong><\/span><\/p>\n<p><span style=\"font-size:16px;\"><strong>A headset t&ouml;lt&eacute;se :<\/strong><\/span><\/p>\n<p><span style=\"font-size:16px;\"><strong>A headsetet a k&eacute;sz&uuml;l&eacute;k csatlakoztat&aacute;s&aacute;val t&ouml;ltheti fel . A mell&eacute;kelt USB-k&aacute;belt a sz&aacute;m&iacute;t&oacute;g&eacute;p USB-portj&aacute;ba vagy USB fali t&ouml;lt\u0151be csatlakozva t&ouml;ltheti.<\/strong><\/span><\/p>\n<p><span style=\"font-size:16px;\"><strong>T&ouml;lt&eacute;s k&ouml;zben a LED jelz\u0151f&eacute;ny stabilan pirosan vil&aacute;g&iacute;t, mik&ouml;zben a k&eacute;sz&uuml;l&eacute;k t&ouml;lt\u0151dik, &eacute;s a LED jelz\u0151f&eacute;ny kialszik amikor az akkumul&aacute;tor teljesen fel van t&ouml;ltve. K&ouml;r&uuml;lbel&uuml;l 3 &oacute;r&aacute;t vesz ig&eacute;nybe a teljes t&ouml;lt&eacute;s.<\/strong><\/span><\/p><\/p>\n","protected":false},"excerpt":{"rendered":"<p>Haszn&aacute;lati utas&iacute;t&aacute;s Bluetooth&reg; &nbsp;Blinc bluetooth mini s7 &nbsp;bluetooth sisakbesz&eacute;l\u0151 be&aacute;ll&iacute;t&aacute;s&aacute;hoz-kezel&eacute;s&eacute;hez: A headsetet csatlakoztathatja a mobiltelefonj&aacute;hoz, vagy b&aacute;rmilyen Bluetooth&reg; kapcsolattal rendelkez\u0151 [&hellip;]<\/p>\n","protected":false},"featured_media":108529,"template":"","meta":{"site-sidebar-layout":"default","site-content-layout":"","ast-site-content-layout":"default","site-content-style":"default","site-sidebar-style":"default","ast-global-header-display":"","ast-banner-title-visibility":"","ast-main-header-display":"","ast-hfb-above-header-display":"","ast-hfb-below-header-display":"","ast-hfb-mobile-header-display":"","site-post-title":"","ast-breadcrumbs-content":"","ast-featured-img":"","footer-sml-layout":"","ast-disable-related-posts":"","theme-transparent-header-meta":"","adv-header-id-meta":"","stick-header-meta":"","header-above-stick-meta":"","header-main-stick-meta":"","header-below-stick-meta":"","astra-migrate-meta-layouts":"default","ast-page-background-enabled":"default","ast-page-background-meta":{"desktop":{"background-color":"var(--ast-global-color-5)","background-image":"","background-repeat":"repeat","background-position":"center center","background-size":"auto","background-attachment":"scroll","background-type":"","background-media":"","overlay-type":"","overlay-color":"","overlay-opacity":"","overlay-gradient":""},"tablet":{"background-color":"","background-image":"","background-repeat":"repeat","background-position":"center center","background-size":"auto","background-attachment":"scroll","background-type":"","background-media":"","overlay-type":"","overlay-color":"","overlay-opacity":"","overlay-gradient":""},"mobile":{"background-color":"","background-image":"","background-repeat":"repeat","background-position":"center center","background-size":"auto","background-attachment":"scroll","background-type":"","background-media":"","overlay-type":"","overlay-color":"","overlay-opacity":"","overlay-gradient":""}},"ast-content-background-meta":{"desktop":{"background-color":"var(--ast-global-color-4)","background-image":"","background-repeat":"repeat","background-position":"center center","background-size":"auto","background-attachment":"scroll","background-type":"","background-media":"","overlay-type":"","overlay-color":"","overlay-opacity":"","overlay-gradient":""},"tablet":{"background-color":"var(--ast-global-color-4)","background-image":"","background-repeat":"repeat","background-position":"center center","background-size":"auto","background-attachment":"scroll","background-type":"","background-media":"","overlay-type":"","overlay-color":"","overlay-opacity":"","overlay-gradient":""},"mobile":{"background-color":"var(--ast-global-color-4)","background-image":"","background-repeat":"repeat","background-position":"center center","background-size":"auto","background-attachment":"scroll","background-type":"","background-media":"","overlay-type":"","overlay-color":"","overlay-opacity":"","overlay-gradient":""}}},"product_brand":[],"product_cat":[141,121,123,122],"product_tag":[],"class_list":{"0":"post-110190","1":"product","2":"type-product","3":"status-publish","4":"has-post-thumbnail","6":"product_cat-bukosisak-kiegeszitok-alkatreszek","7":"product_cat-bukosisakok","8":"product_cat-nyithato-bukosisakok","9":"product_cat-nyitott","10":"desktop-align-left","11":"tablet-align-left","12":"mobile-align-left","14":"first","15":"instock","16":"shipping-taxable","17":"product-type-simple"},"jetpack_sharing_enabled":true,"_links":{"self":[{"href":"https:\/\/zatureczkimarcell.ddns.net\/wordpress\/wp-json\/wp\/v2\/product\/110190","targetHints":{"allow":["GET"]}}],"collection":[{"href":"https:\/\/zatureczkimarcell.ddns.net\/wordpress\/wp-json\/wp\/v2\/product"}],"about":[{"href":"https:\/\/zatureczkimarcell.ddns.net\/wordpress\/wp-json\/wp\/v2\/types\/product"}],"wp:featuredmedia":[{"embeddable":true,"href":"https:\/\/zatureczkimarcell.ddns.net\/wordpress\/wp-json\/wp\/v2\/media\/108529"}],"wp:attachment":[{"href":"https:\/\/zatureczkimarcell.ddns.net\/wordpress\/wp-json\/wp\/v2\/media?parent=110190"}],"wp:term":[{"taxonomy":"product_brand","embeddable":true,"href":"https:\/\/zatureczkimarcell.ddns.net\/wordpress\/wp-json\/wp\/v2\/product_brand?post=110190"},{"taxonomy":"product_cat","embeddable":true,"href":"https:\/\/zatureczkimarcell.ddns.net\/wordpress\/wp-json\/wp\/v2\/product_cat?post=110190"},{"taxonomy":"product_tag","embeddable":true,"href":"https:\/\/zatureczkimarcell.ddns.net\/wordpress\/wp-json\/wp\/v2\/product_tag?post=110190"}],"curies":[{"name":"wp","href":"https:\/\/api.w.org\/{rel}","templated":true}]}}