{"id":110189,"date":"2026-04-01T10:48:38","date_gmt":"2026-04-01T08:48:38","guid":{"rendered":"https:\/\/zatureczkimarcell.ddns.net\/wordpress\/?post_type=product&#038;p=110189"},"modified":"2026-04-01T10:49:03","modified_gmt":"2026-04-01T08:49:03","slug":"modeka-khao-air-halos-vizallo-membranos-nyari-motoros-nadrag","status":"publish","type":"product","link":"https:\/\/zatureczkimarcell.ddns.net\/wordpress\/termek\/modeka-khao-air-halos-vizallo-membranos-nyari-motoros-nadrag\/","title":{"rendered":"Modeka Khao air h\u00e1l\u00f3s- v\u00edz\u00e1ll\u00f3 membr\u00e1nos ny\u00e1ri motoros nadr\u00e1g"},"content":{"rendered":"<p style=\"box-sizing: border-box; margin: 0px 0px 5px; max-width: 100%; font-size: 16px; border: 0px none; outline: none 0px; padding: 0px; vertical-align: baseline; color: rgb(0, 0, 0); font-family: Arial, Helvetica, sans-serif; line-height: 20px;\"><strong style=\"box-sizing: border-box; max-width: 100%;\">A H&aacute;l&oacute;s fel&uuml;let\u0171, ez&aacute;ltal&nbsp;<span style=\"box-sizing: border-box; max-width: 100%; color: rgb(255, 0, 0);\">kiv&aacute;l&oacute;an szell\u0151z\u0151<\/span>&nbsp;&eacute;s kivehet\u0151 membr&aacute;nnal ell&aacute;tott nadr&aacute;gok,&nbsp;<span style=\"box-sizing: border-box; max-width: 100%; color: rgb(255, 0, 0);\">rendk&iacute;v&uuml;li komfort&eacute;rzetet biztos&iacute;t<\/span>anak.&nbsp;<\/strong><\/p>\n<p style=\"box-sizing: border-box; margin: 0px 0px 10px; max-width: 100%; font-family: Roboto, sans-serif; font-size: 16px;\"><span style=\"box-sizing: border-box; max-width: 100%;\"><strong style=\"box-sizing: border-box; max-width: 100%;\">Tesztjeink szerint &bdquo;Naked&rdquo; motoron viselve , m&aacute;r 20Km\/h sebess&eacute;gt\u0151l nem &eacute;rzed hogy&nbsp;rajtad van, annyira szell\u0151s!<\/strong><\/span><\/p>\n<p style=\"box-sizing: border-box; margin: 0px 0px 10px; max-width: 100%; font-family: Roboto, sans-serif; font-size: 16px;\"><span style=\"box-sizing: border-box; max-width: 100%;\"><strong style=\"box-sizing: border-box; max-width: 100%;\">A ny&aacute;ri k&aacute;nikul&aacute;ban, egy ilyen nadr&aacute;got viselve, maxim&aacute;lis biztons&aacute;gban vagyunk a protektoroknak k&ouml;sz&ouml;nhet\u0151en, m&eacute;gis olyan &eacute;rz&eacute;s lesz m&aacute;r kis sebess&eacute;gn&eacute;l is motorozni, mintha nem is lenne rajtad motoros nadr&aacute;g .<\/strong><\/span><\/p>\n<p style=\"box-sizing: border-box; margin: 0px 0px 10px; max-width: 100%; font-family: Roboto, sans-serif; font-size: 16px;\"><span style=\"box-sizing: border-box; max-width: 100%;\"><strong style=\"box-sizing: border-box; max-width: 100%;\">Rendk&iacute;v&uuml;l j&oacute; szell\u0151z&eacute;st biztos&iacute;t ! Amellett hogy a protektorok megv&eacute;dik, nem izzad bele visel\u0151je. S\u0151t!&nbsp;<\/strong><\/span><\/p>\n<p style=\"box-sizing: border-box; margin: 0px 0px 10px; max-width: 100%; font-family: Roboto, sans-serif; font-size: 16px;\"><span style=\"box-sizing: border-box; max-width: 100%;\"><strong style=\"box-sizing: border-box; max-width: 100%;\">A&nbsp;<span style=\"box-sizing: border-box; max-width: 100%; color: rgb(255, 0, 0);\">becipz&aacute;rozhat&oacute; es\u0151 &eacute;s sz&eacute;lz&aacute;r&oacute; membr&aacute;n a h\u0171v&ouml;sebb reggeleken, vagy az es\u0151 ellen is v&eacute;delmet ny&uacute;jt.<\/span><\/strong><\/span><\/p>\n<p style=\"box-sizing: border-box; margin: 0px 0px 10px; max-width: 100%; font-family: Roboto, sans-serif; font-size: 16px;\"><span style=\"box-sizing: border-box; max-width: 100%;\"><strong style=\"box-sizing: border-box; max-width: 100%;\">Teh&aacute;t hi&aacute;ba f&uacute;j a sz&eacute;l, a membr&aacute;n megv&eacute;d . Hi&aacute;ba esik az es\u0151, a membr&aacute;n v&eacute;d az es\u0151 ellen. Viszont amikor a legnagyobb melegekben motorozol, akkor sem izzadsz meg , ha a nadr&aacute;gb&oacute;l kiveszed az es\u0151 &eacute;s sz&eacute;l&aacute;ll&oacute; membr&aacute;nt.&nbsp;<\/strong><\/span><\/p>\n<p style=\"box-sizing: border-box; margin: 0px 0px 10px; max-width: 100%; font-family: Roboto, sans-serif; font-size: 16px;\"><span style=\"box-sizing: border-box; max-width: 100%; color: rgb(255, 0, 0);\"><span style=\"box-sizing: border-box; max-width: 100%;\"><strong style=\"box-sizing: border-box; max-width: 100%;\">Protektoros v&eacute;delem &eacute;s maxim&aacute;lis komfort m&eacute;g a legnagyobb ny&aacute;ri k&aacute;nikul&aacute;ban is!&nbsp;<\/strong><\/span><\/span><\/p>\n<p style=\"box-sizing: border-box; margin: 0px 0px 10px; max-width: 100%; font-family: Roboto, sans-serif; font-size: 16px;\">\n<p style=\"box-sizing: border-box; margin: 0px 0px 10px; max-width: 100%; font-family: Roboto, sans-serif; font-size: 16px;\"><strong style=\"box-sizing: border-box; max-width: 100%;\">H&aacute;l&oacute;s fel&uuml;let\u0171, kiv&aacute;l&oacute;an szell\u0151z\u0151 motoros nadr&aacute;g amely kicipz&aacute;rozhat&oacute; 100%-ban sz&eacute;l &eacute;s v&iacute;z&aacute;ll&oacute; Humax (10.000mm-es tud&aacute;s&uacute;) membr&aacute;nt tartalmaz.&nbsp;<\/strong><\/p>\n<p style=\"box-sizing: border-box; margin: 0px 0px 10px; max-width: 100%; font-family: Roboto, sans-serif; font-size: 16px;\">(A Humax membr&aacute;n tulajdons&aacute;gait az anyaglexikon men&uuml;pontban olvashatod)&nbsp;<\/p>\n<p style=\"box-sizing: border-box; margin: 0px 0px 10px; max-width: 100%; font-family: Roboto, sans-serif; font-size: 16px;\"><strong style=\"box-sizing: border-box; max-width: 100%;\">A nadr&aacute;g m&aacute;r kis sebess&eacute;gn&eacute;l is t&ouml;k&eacute;letes szell\u0151z&eacute;st biztos&iacute;t, &iacute;gy a k&aacute;nikulai napokon is rendk&iacute;v&uuml;li komfort&eacute;rzetet biztos&iacute;t.&nbsp;<\/strong><\/p>\n<p style=\"box-sizing: border-box; margin: 0px 0px 10px; max-width: 100%; font-family: Roboto, sans-serif; font-size: 16px;\"><span style=\"color:#FF0000;\"><b style=\"box-sizing: border-box; max-width: 100%;\">LEVEL 2-es &uuml;t&eacute;selnyel\u0151 T&eacute;rd &eacute;s cs&iacute;p\u0151protektorral. Jelenleg a LEVEL 2 a legmagasabb v&eacute;delmi szabv&aacute;ny!&nbsp;<\/b><\/span><\/p>\n<p style=\"box-sizing: border-box; margin: 0px 0px 10px; max-width: 100%; font-family: Roboto, sans-serif; font-size: 16px;\"><strong style=\"box-sizing: border-box; max-width: 100%;\"><span style=\"box-sizing: border-box; max-width: 100%; font-size: 13px;\">A nadr&aacute;gban a t&eacute;rdprotektor helyzete &aacute;ll&iacute;that&oacute;, &iacute;gy a be&aacute;ll&iacute;t&aacute;st k&ouml;vet\u0151en mindenki sz&aacute;m&aacute;ra azonnal t&ouml;k&eacute;letes helyen lesz a protektor .<\/span><\/strong><\/p>\n<p style=\"box-sizing: border-box; margin: 0px 0px 10px; max-width: 100%; font-family: Roboto, sans-serif; font-size: 16px;\">\n<p style=\"box-sizing: border-box; margin: 0px 0px 10px; max-width: 100%; font-family: Roboto, sans-serif; font-size: 16px;\"><strong style=\"box-sizing: border-box; max-width: 100%;\">M&eacute;retek:&nbsp; S, M, L, XL, 2XL, 3XL, 4XL&nbsp;<\/strong><\/p>\n<p style=\"box-sizing: border-box; margin: 0px 0px 10px; max-width: 100%; font-family: Roboto, sans-serif; font-size: 16px;\"><span style=\"box-sizing: border-box; max-width: 100%; color: rgb(255, 0, 0);\"><strong style=\"box-sizing: border-box; max-width: 100%;\">Figyelem! A term&eacute;kb\u0151l a fekete sz&iacute;nben,&nbsp;el&eacute;rhet\u0151 r&ouml;vid&iacute;tett sz&aacute;r&uacute; fazon is! Ezekn&eacute;l a term&eacute;kekn&eacute;l azoknak is t&ouml;k&eacute;letesen a hely&eacute;n lesznek a t&eacute;rd protektorok, akiknek a dereka er\u0151sebb, de alacsonyabb termet\u0171ek.&nbsp;<\/strong><\/span><\/p>\n<p style=\"box-sizing: border-box; margin: 0px 0px 10px; max-width: 100%; font-family: Roboto, sans-serif; font-size: 16px;\"><strong style=\"box-sizing: border-box; max-width: 100%;\">R&ouml;vid&iacute;tett m&eacute;retek :&nbsp;<\/strong><strong style=\"box-sizing: border-box; max-width: 100%; font-family: Roboto, sans-serif; font-size: 16px;\">KM, KL, KXL, K2XL, K3XL, K4XL&nbsp;<\/strong><\/p>\n<p style=\"box-sizing: border-box; margin: 0px 0px 10px; max-width: 100%; font-family: Roboto, sans-serif; font-size: 16px;\">\n<p style=\"box-sizing: border-box; margin: 0px 0px 10px; max-width: 100%; font-family: Roboto, sans-serif; font-size: 16px;\"><strong style=\"box-sizing: border-box; max-width: 100%;\">A Khao Air nadr&aacute;ghoz el&eacute;rhet\u0151 kab&aacute;t is &uuml;zlet&uuml;nkben azonos sz&iacute;n&ouml;ssze&aacute;ll&iacute;t&aacute;sban. <\/strong><\/p>\n<p style=\"box-sizing: border-box; margin: 0px 0px 10px; max-width: 100%; font-family: Roboto, sans-serif; font-size: 16px;\"><strong style=\"box-sizing: border-box; max-width: 100%;\">Tekintsd meg ide kattintva:&nbsp;<a href=\"https:\/\/darazsgarazs.hu\/index.php\/termek\/khao-air-halos-vizallo-membranos-nyari-kabat.1439.html\">https:\/\/darazsgarazs.hu\/index.php\/termek\/khao-air-halos-vizallo-membranos-nyari-kabat.1439.html<\/a><\/strong><\/p>\n<p style=\"box-sizing: border-box; margin: 0px 0px 10px; max-width: 100%; font-family: Roboto, sans-serif; font-size: 16px;\">\n<p style=\"box-sizing: border-box; margin: 0px 0px 10px; max-width: 100%; font-family: Roboto, sans-serif; font-size: 16px;\"><strong style=\"box-sizing: border-box; max-width: 100%;\">Koll&eacute;g&aacute;nk is el&eacute;gedetten haszn&aacute;lja ezt a term&eacute;k&uuml;nket. A tesztet ide kattintva olvashatod el:&nbsp;<a href=\"https:\/\/darazsgarazs.hu\/index.php\/termek\/modeka-khao-air-teszt.1454.html\">https:\/\/darazsgarazs.hu\/index.php\/termek\/modeka-khao-air-teszt.1454.html<\/a><\/strong><\/p>\n<p style=\"box-sizing: border-box; margin: 0px 0px 10px; max-width: 100%; font-family: Roboto, sans-serif; font-size: 16px;\">\n<p style=\"box-sizing: border-box; margin: 0px 0px 10px; max-width: 100%; font-family: Roboto, sans-serif; font-size: 16px;\">\n<p style=\"box-sizing: border-box; margin: 0px 0px 10px; max-width: 100%; font-family: Roboto, sans-serif; font-size: 16px;\"><strong style=\"box-sizing: border-box; max-width: 100%;\">Haszn&aacute;lati &eacute;s kezel&eacute;si &uacute;tmutat&oacute; a term&eacute;khez&nbsp;el&eacute;rhet\u0151 ide kattintva:&nbsp;<a href=\"https:\/\/darazsgarazs.hu\/index.php\/termek\/hasznalati-utmutato.1155.html\" style=\"box-sizing: border-box; background-color: transparent; color: rgb(51, 122, 183); text-decoration-line: none; max-width: 100%;\">https:\/\/darazsgarazs.hu\/index.php\/termek\/hasznalati-utmutato.1155.html<\/a><\/strong><\/p>\n<p style=\"box-sizing: border-box; margin: 0px 0px 10px; max-width: 100%; font-family: Roboto, sans-serif; font-size: 16px;\"><span style=\"box-sizing: border-box; max-width: 100%;\">A term&eacute;k rendeltet&eacute;sszer\u0171 haszn&aacute;lat sor&aacute;n&nbsp;speci&aacute;lis mos&oacute;szerrel tiszt&iacute;that&oacute; !<\/span><\/p>\n<p style=\"box-sizing: border-box; margin: 0px 0px 10px; max-width: 100%; font-family: Roboto, sans-serif; font-size: 16px;\"><span style=\"box-sizing: border-box; max-width: 100%;\">A mos&oacute;szer speci&aacute;lisan technikai &ndash; motoros ruh&aacute;zathoz lett fejlesztve, haszn&aacute;lat&aacute;val a term&eacute;kek nem csak tiszt&aacute;n tarthat&oacute;ak, de v&aacute;rhat&oacute; haszn&aacute;lati idej&uuml;k is n&ouml;vekszik!<\/span><\/p>\n<p style=\"box-sizing: border-box; margin: 0px 0px 10px; max-width: 100%; font-family: Roboto, sans-serif; font-size: 16px;\"><span style=\"box-sizing: border-box; max-width: 100%;\">A Speci&aacute;lis motoros ruh&aacute;zathoz fejlesztett mos&oacute;szert az al&aacute;bbi linkre kattintva &eacute;rheti el:<\/span><\/p>\n<p style=\"box-sizing: border-box; margin: 0px 0px 10px; max-width: 100%; font-family: Roboto, sans-serif; font-size: 16px;\"><a href=\"https:\/\/darazsgarazs.hu\/index.php\/termek\/mososzer-motoros-ruhazathoz.1297.html\" style=\"box-sizing: border-box; background-color: transparent; color: rgb(51, 122, 183); text-decoration-line: none; max-width: 100%;\">https:\/\/darazsgarazs.hu\/index.php\/termek\/mososzer-motoros-ruhazathoz.1297.html<\/a><\/p>\n<p style=\"box-sizing: border-box; margin: 0px 0px 10px; max-width: 100%; font-family: Roboto, sans-serif; font-size: 16px;\"><span style=\"box-sizing: border-box; max-width: 100%;\">Az es\u0151 &eacute;s sz&eacute;lz&aacute;r&oacute; membr&aacute;n tiszt&iacute;t&aacute;s&aacute;hoz az al&aacute;bbi term&eacute;ket sz&uuml;ks&eacute;ges haszn&aacute;lni:&nbsp;<\/span><\/p>\n<p style=\"box-sizing: border-box; margin: 0px 0px 10px; max-width: 100%; font-family: Roboto, sans-serif; font-size: 16px;\"><a href=\"https:\/\/darazsgarazs.hu\/index.php\/termek\/mososzer-viz-es-szelallo-membranokhoz.1298.html\" style=\"box-sizing: border-box; background-color: transparent; color: rgb(51, 122, 183); text-decoration-line: none; max-width: 100%;\">https:\/\/darazsgarazs.hu\/index.php\/termek\/mososzer-viz-es-szelallo-membranokhoz.1298.html<\/a><\/p>\n","protected":false},"excerpt":{"rendered":"<p>A H&aacute;l&oacute;s fel&uuml;let\u0171, ez&aacute;ltal&nbsp;kiv&aacute;l&oacute;an szell\u0151z\u0151&nbsp;&eacute;s kivehet\u0151 membr&aacute;nnal ell&aacute;tott nadr&aacute;gok,&nbsp;rendk&iacute;v&uuml;li komfort&eacute;rzetet biztos&iacute;tanak.&nbsp; Tesztjeink szerint &bdquo;Naked&rdquo; motoron viselve , m&aacute;r 20Km\/h sebess&eacute;gt\u0151l [&hellip;]<\/p>\n","protected":false},"featured_media":105236,"template":"","meta":{"site-sidebar-layout":"default","site-content-layout":"","ast-site-content-layout":"default","site-content-style":"default","site-sidebar-style":"default","ast-global-header-display":"","ast-banner-title-visibility":"","ast-main-header-display":"","ast-hfb-above-header-display":"","ast-hfb-below-header-display":"","ast-hfb-mobile-header-display":"","site-post-title":"","ast-breadcrumbs-content":"","ast-featured-img":"","footer-sml-layout":"","ast-disable-related-posts":"","theme-transparent-header-meta":"","adv-header-id-meta":"","stick-header-meta":"","header-above-stick-meta":"","header-main-stick-meta":"","header-below-stick-meta":"","astra-migrate-meta-layouts":"default","ast-page-background-enabled":"default","ast-page-background-meta":{"desktop":{"background-color":"var(--ast-global-color-5)","background-image":"","background-repeat":"repeat","background-position":"center center","background-size":"auto","background-attachment":"scroll","background-type":"","background-media":"","overlay-type":"","overlay-color":"","overlay-opacity":"","overlay-gradient":""},"tablet":{"background-color":"","background-image":"","background-repeat":"repeat","background-position":"center center","background-size":"auto","background-attachment":"scroll","background-type":"","background-media":"","overlay-type":"","overlay-color":"","overlay-opacity":"","overlay-gradient":""},"mobile":{"background-color":"","background-image":"","background-repeat":"repeat","background-position":"center center","background-size":"auto","background-attachment":"scroll","background-type":"","background-media":"","overlay-type":"","overlay-color":"","overlay-opacity":"","overlay-gradient":""}},"ast-content-background-meta":{"desktop":{"background-color":"var(--ast-global-color-4)","background-image":"","background-repeat":"repeat","background-position":"center center","background-size":"auto","background-attachment":"scroll","background-type":"","background-media":"","overlay-type":"","overlay-color":"","overlay-opacity":"","overlay-gradient":""},"tablet":{"background-color":"var(--ast-global-color-4)","background-image":"","background-repeat":"repeat","background-position":"center center","background-size":"auto","background-attachment":"scroll","background-type":"","background-media":"","overlay-type":"","overlay-color":"","overlay-opacity":"","overlay-gradient":""},"mobile":{"background-color":"var(--ast-global-color-4)","background-image":"","background-repeat":"repeat","background-position":"center center","background-size":"auto","background-attachment":"scroll","background-type":"","background-media":"","overlay-type":"","overlay-color":"","overlay-opacity":"","overlay-gradient":""}}},"product_brand":[],"product_cat":[139,138],"product_tag":[],"class_list":{"0":"post-110189","1":"product","2":"type-product","3":"status-publish","4":"has-post-thumbnail","6":"product_cat-motoros-ruhazat","7":"product_cat-nadragok","8":"desktop-align-left","9":"tablet-align-left","10":"mobile-align-left","12":"first","13":"instock","14":"shipping-taxable","15":"purchasable","16":"product-type-simple"},"jetpack_sharing_enabled":true,"_links":{"self":[{"href":"https:\/\/zatureczkimarcell.ddns.net\/wordpress\/wp-json\/wp\/v2\/product\/110189","targetHints":{"allow":["GET"]}}],"collection":[{"href":"https:\/\/zatureczkimarcell.ddns.net\/wordpress\/wp-json\/wp\/v2\/product"}],"about":[{"href":"https:\/\/zatureczkimarcell.ddns.net\/wordpress\/wp-json\/wp\/v2\/types\/product"}],"wp:featuredmedia":[{"embeddable":true,"href":"https:\/\/zatureczkimarcell.ddns.net\/wordpress\/wp-json\/wp\/v2\/media\/105236"}],"wp:attachment":[{"href":"https:\/\/zatureczkimarcell.ddns.net\/wordpress\/wp-json\/wp\/v2\/media?parent=110189"}],"wp:term":[{"taxonomy":"product_brand","embeddable":true,"href":"https:\/\/zatureczkimarcell.ddns.net\/wordpress\/wp-json\/wp\/v2\/product_brand?post=110189"},{"taxonomy":"product_cat","embeddable":true,"href":"https:\/\/zatureczkimarcell.ddns.net\/wordpress\/wp-json\/wp\/v2\/product_cat?post=110189"},{"taxonomy":"product_tag","embeddable":true,"href":"https:\/\/zatureczkimarcell.ddns.net\/wordpress\/wp-json\/wp\/v2\/product_tag?post=110189"}],"curies":[{"name":"wp","href":"https:\/\/api.w.org\/{rel}","templated":true}]}}