{"id":110187,"date":"2026-04-01T10:48:36","date_gmt":"2026-04-01T08:48:36","guid":{"rendered":"https:\/\/zatureczkimarcell.ddns.net\/wordpress\/?post_type=product&#038;p=110187"},"modified":"2026-04-01T10:49:01","modified_gmt":"2026-04-01T08:49:01","slug":"modeka-veo-air-noi-halos-nyari-kabat","status":"publish","type":"product","link":"https:\/\/zatureczkimarcell.ddns.net\/wordpress\/termek\/modeka-veo-air-noi-halos-nyari-kabat\/","title":{"rendered":"Modeka Veo Air N\u0151i h\u00e1l\u00f3s ny\u00e1ri kab\u00e1t"},"content":{"rendered":"<p style=\"box-sizing: border-box; margin: 0px 0px 10px; max-width: 100%; font-family: Roboto, sans-serif; font-size: 16px; line-height: 22.8571px;\"><strong style=\"box-sizing: border-box; max-width: 100%;\"><span style=\"box-sizing: border-box; max-width: 100%; font-family: Arial, sans-serif;\">A H&aacute;l&oacute;s fel&uuml;let\u0171, ez&aacute;ltal kiv&aacute;l&oacute;an szell\u0151z\u0151 kab&aacute;tok, rendk&iacute;v&uuml;li komfort&eacute;rzetet biztos&iacute;tanak.&nbsp;<\/span><\/strong><span style=\"box-sizing: border-box; max-width: 100%; font-size: 4pt; font-family: Arial, sans-serif;\"><o:p style=\"box-sizing: border-box; max-width: 100%;\"><\/o:p><\/span><\/p>\n<p style=\"box-sizing: border-box; margin: 0px 0px 10px; max-width: 100%; font-family: Roboto, sans-serif; font-size: 16px;\"><span style=\"box-sizing: border-box; max-width: 100%;\"><strong style=\"box-sizing: border-box; max-width: 100%;\"><span style=\"box-sizing: border-box; max-width: 100%; font-family: Arial, sans-serif;\">Tesztjeink szerint &bdquo;Naked&rdquo; motoron viselve , m&aacute;r 20Km\/h sebess&eacute;gt\u0151l nem &eacute;rzed hogy kab&aacute;t van rajtad, annyira szell\u0151s!<\/span><\/strong><\/span><span style=\"box-sizing: border-box; max-width: 100%; font-size: 4pt; font-family: Arial, sans-serif;\"><o:p style=\"box-sizing: border-box; max-width: 100%;\"><\/o:p><\/span><\/p>\n<p style=\"box-sizing: border-box; margin: 0px 0px 10px; max-width: 100%; font-family: Roboto, sans-serif; font-size: 16px;\"><span style=\"box-sizing: border-box; max-width: 100%;\"><strong style=\"box-sizing: border-box; max-width: 100%;\"><span style=\"box-sizing: border-box; max-width: 100%; font-family: Arial, sans-serif;\">A ny&aacute;ri k&aacute;nikul&aacute;ban, egy ilyen kab&aacute;tot viselve, maxim&aacute;lis biztons&aacute;gban vagyunk a protektoroknak k&ouml;sz&ouml;nhet\u0151en, m&eacute;gis olyan &eacute;rz&eacute;s lesz m&aacute;r kis sebess&eacute;gn&eacute;l is motorozni, mintha nem is lenne rajtad motoros kab&aacute;t .<\/span><\/strong><\/span><span style=\"box-sizing: border-box; max-width: 100%; font-size: 4pt; font-family: Arial, sans-serif;\"><o:p style=\"box-sizing: border-box; max-width: 100%;\"><\/o:p><\/span><\/p>\n<p style=\"box-sizing: border-box; margin: 0px 0px 10px; max-width: 100%; font-family: Roboto, sans-serif; font-size: 16px;\"><span style=\"box-sizing: border-box; max-width: 100%;\"><strong style=\"box-sizing: border-box; max-width: 100%;\"><span style=\"box-sizing: border-box; max-width: 100%; font-family: Arial, sans-serif;\">Rendk&iacute;v&uuml;l j&oacute; szell\u0151z&eacute;st biztos&iacute;t ! Amellett hogy a protektorok megv&eacute;dik, nem izzad bele visel\u0151je.<\/span><\/strong><\/span><\/p>\n<p style=\"box-sizing: border-box; margin: 0px 0px 10px; max-width: 100%; font-family: Roboto, sans-serif; font-size: 16px;\"><strong style=\"font-family: Roboto, sans-serif; font-size: 16px; color: rgb(0, 0, 0);\">A legt&ouml;bb&nbsp; protektor ing az els\u0151 becsap&oacute;d&aacute;sn&aacute;l v&eacute;d, cs&uacute;sz&aacute;sn&aacute;l viszont leszakadhat visel\u0151j&eacute;r\u0151l. Ezzel szemben ez a&nbsp;kab&aacute;t nem csak a becsap&oacute;d&aacute;sn&aacute;l v&eacute;d, hanem a cs&uacute;sz&aacute;sn&aacute;l is. Ezt megtekintheted honlapunk f\u0151oldal&aacute;n az extr&eacute;m cs&uacute;sz&aacute;sos balesetet szimul&aacute;l&oacute; extr&eacute;m tesztvide&oacute;nkban.&nbsp;<\/strong><span style=\"box-sizing: border-box; max-width: 100%; font-size: 4pt; font-family: Arial, sans-serif;\"><o:p style=\"box-sizing: border-box; max-width: 100%;\"><\/o:p><\/span><\/p>\n<p style=\"box-sizing: border-box; margin: 0px 0px 10px; max-width: 100%; font-family: Roboto, sans-serif; font-size: 16px;\"><span style=\"box-sizing: border-box; max-width: 100%;\"><strong style=\"box-sizing: border-box; max-width: 100%;\"><span style=\"box-sizing: border-box; max-width: 100%; font-family: Arial, sans-serif;\">Protektoros v&eacute;delem &eacute;s maxim&aacute;lis komfort m&eacute;g a legnagyobb ny&aacute;ri k&aacute;nikul&aacute;ban is&nbsp;<\/span><\/strong><\/span><\/p>\n<p style=\"box-sizing: border-box; margin: 0px 0px 10px; max-width: 100%; font-family: Roboto, sans-serif; font-size: 16px; line-height: 22.8571px;\">\n<p style=\"box-sizing: border-box; margin: 0px 0px 10px; max-width: 100%; font-family: Roboto, sans-serif; font-size: 16px; line-height: 22.8571px;\"><strong style=\"box-sizing: border-box; max-width: 100%;\">Anyaga: 500 D er\u0151ss&eacute;g\u0171 sz&ouml;vet<\/strong><\/p>\n<p style=\"box-sizing: border-box; margin: 0px 0px 10px; max-width: 100%; font-family: Roboto, sans-serif; font-size: 16px;\"><strong style=\"box-sizing: border-box; max-width: 100%;\">V&aacute;ll , k&ouml;ny&ouml;k protektorral .&nbsp;<\/strong><strong>A k&ouml;ny&ouml;kprotektor helyzete &aacute;ll&iacute;that&oacute;, &iacute;gy a be&aacute;ll&iacute;t&aacute;st k&ouml;vet\u0151en mindenki sz&aacute;m&aacute;ra azonnal t&ouml;k&eacute;letes helyen lesz a protektor!&nbsp;<\/strong><\/p>\n<p style=\"box-sizing: border-box; margin: 0px 0px 10px; max-width: 100%; font-family: Roboto, sans-serif; font-size: 16px;\"><strong style=\"box-sizing: border-box; max-width: 100%;\">Level2-es&nbsp;gerincprotektor r&eacute;sz&eacute;re kialak&iacute;tott protektorzseb.&nbsp;<\/strong><\/p>\n<p style=\"box-sizing: border-box; margin: 0px 0px 10px; max-width: 100%; font-family: Roboto, sans-serif; font-size: 16px;\"><strong style=\"font-family: Roboto, sans-serif; font-size: 16px; box-sizing: border-box; max-width: 100%;\">-Magas min\u0151s&eacute;g\u0171 YKK cipz&aacute;rral<\/strong><\/p>\n<p style=\"box-sizing: border-box; margin: 0px 0px 10px; max-width: 100%; font-family: Roboto, sans-serif; font-size: 16px;\"><strong style=\"box-sizing: border-box; max-width: 100%;\">K&eacute;t k&uuml;ls\u0151 &eacute;s egy&nbsp; bels\u0151 zseb<\/strong><\/p>\n<p style=\"box-sizing: border-box; margin: 0px 0px 10px; max-width: 100%; font-family: Roboto, sans-serif; font-size: 16px;\"><strong style=\"box-sizing: border-box; max-width: 100%;\">M&eacute;retek:&nbsp;34, 36, 38, 40, 42, 44, 46, 48<\/strong><\/p>\n<p style=\"box-sizing: border-box; margin: 0px 0px 10px; max-width: 100%; font-family: Roboto, sans-serif; font-size: 16px;\">\n<p style=\"box-sizing: border-box; margin: 0px 0px 10px; max-width: 100%; font-family: Roboto, sans-serif; font-size: 16px;\"><strong style=\"box-sizing: border-box; max-width: 100%;\">Haszn&aacute;lati &eacute;s kezel&eacute;si &uacute;tmutat&oacute; a term&eacute;khez&nbsp;el&eacute;rhet\u0151 ide kattintva:&nbsp;<a href=\"https:\/\/darazsgarazs.hu\/index.php\/termek\/hasznalati-utmutato.1155.html\">https:\/\/darazsgarazs.hu\/index.php\/termek\/hasznalati-utmutato.1155.html<\/a><\/strong><\/p>\n","protected":false},"excerpt":{"rendered":"<p>A H&aacute;l&oacute;s fel&uuml;let\u0171, ez&aacute;ltal kiv&aacute;l&oacute;an szell\u0151z\u0151 kab&aacute;tok, rendk&iacute;v&uuml;li komfort&eacute;rzetet biztos&iacute;tanak.&nbsp; Tesztjeink szerint &bdquo;Naked&rdquo; motoron viselve , m&aacute;r 20Km\/h sebess&eacute;gt\u0151l nem [&hellip;]<\/p>\n","protected":false},"featured_media":105363,"template":"","meta":{"site-sidebar-layout":"default","site-content-layout":"","ast-site-content-layout":"default","site-content-style":"default","site-sidebar-style":"default","ast-global-header-display":"","ast-banner-title-visibility":"","ast-main-header-display":"","ast-hfb-above-header-display":"","ast-hfb-below-header-display":"","ast-hfb-mobile-header-display":"","site-post-title":"","ast-breadcrumbs-content":"","ast-featured-img":"","footer-sml-layout":"","ast-disable-related-posts":"","theme-transparent-header-meta":"","adv-header-id-meta":"","stick-header-meta":"","header-above-stick-meta":"","header-main-stick-meta":"","header-below-stick-meta":"","astra-migrate-meta-layouts":"default","ast-page-background-enabled":"default","ast-page-background-meta":{"desktop":{"background-color":"var(--ast-global-color-5)","background-image":"","background-repeat":"repeat","background-position":"center center","background-size":"auto","background-attachment":"scroll","background-type":"","background-media":"","overlay-type":"","overlay-color":"","overlay-opacity":"","overlay-gradient":""},"tablet":{"background-color":"","background-image":"","background-repeat":"repeat","background-position":"center center","background-size":"auto","background-attachment":"scroll","background-type":"","background-media":"","overlay-type":"","overlay-color":"","overlay-opacity":"","overlay-gradient":""},"mobile":{"background-color":"","background-image":"","background-repeat":"repeat","background-position":"center center","background-size":"auto","background-attachment":"scroll","background-type":"","background-media":"","overlay-type":"","overlay-color":"","overlay-opacity":"","overlay-gradient":""}},"ast-content-background-meta":{"desktop":{"background-color":"var(--ast-global-color-4)","background-image":"","background-repeat":"repeat","background-position":"center center","background-size":"auto","background-attachment":"scroll","background-type":"","background-media":"","overlay-type":"","overlay-color":"","overlay-opacity":"","overlay-gradient":""},"tablet":{"background-color":"var(--ast-global-color-4)","background-image":"","background-repeat":"repeat","background-position":"center center","background-size":"auto","background-attachment":"scroll","background-type":"","background-media":"","overlay-type":"","overlay-color":"","overlay-opacity":"","overlay-gradient":""},"mobile":{"background-color":"var(--ast-global-color-4)","background-image":"","background-repeat":"repeat","background-position":"center center","background-size":"auto","background-attachment":"scroll","background-type":"","background-media":"","overlay-type":"","overlay-color":"","overlay-opacity":"","overlay-gradient":""}}},"product_brand":[],"product_cat":[147,139],"product_tag":[],"class_list":{"0":"post-110187","1":"product","2":"type-product","3":"status-publish","4":"has-post-thumbnail","6":"product_cat-kabatok","7":"product_cat-motoros-ruhazat","8":"desktop-align-left","9":"tablet-align-left","10":"mobile-align-left","12":"first","13":"instock","14":"sale","15":"shipping-taxable","16":"purchasable","17":"product-type-simple"},"jetpack_sharing_enabled":true,"_links":{"self":[{"href":"https:\/\/zatureczkimarcell.ddns.net\/wordpress\/wp-json\/wp\/v2\/product\/110187","targetHints":{"allow":["GET"]}}],"collection":[{"href":"https:\/\/zatureczkimarcell.ddns.net\/wordpress\/wp-json\/wp\/v2\/product"}],"about":[{"href":"https:\/\/zatureczkimarcell.ddns.net\/wordpress\/wp-json\/wp\/v2\/types\/product"}],"wp:featuredmedia":[{"embeddable":true,"href":"https:\/\/zatureczkimarcell.ddns.net\/wordpress\/wp-json\/wp\/v2\/media\/105363"}],"wp:attachment":[{"href":"https:\/\/zatureczkimarcell.ddns.net\/wordpress\/wp-json\/wp\/v2\/media?parent=110187"}],"wp:term":[{"taxonomy":"product_brand","embeddable":true,"href":"https:\/\/zatureczkimarcell.ddns.net\/wordpress\/wp-json\/wp\/v2\/product_brand?post=110187"},{"taxonomy":"product_cat","embeddable":true,"href":"https:\/\/zatureczkimarcell.ddns.net\/wordpress\/wp-json\/wp\/v2\/product_cat?post=110187"},{"taxonomy":"product_tag","embeddable":true,"href":"https:\/\/zatureczkimarcell.ddns.net\/wordpress\/wp-json\/wp\/v2\/product_tag?post=110187"}],"curies":[{"name":"wp","href":"https:\/\/api.w.org\/{rel}","templated":true}]}}