{"id":110183,"date":"2026-04-01T10:48:33","date_gmt":"2026-04-01T08:48:33","guid":{"rendered":"https:\/\/zatureczkimarcell.ddns.net\/wordpress\/?post_type=product&#038;p=110183"},"modified":"2026-04-01T10:48:58","modified_gmt":"2026-04-01T08:48:58","slug":"ls2-napszemuveges-bukosisak-extra-nagy-2xl-3xl-meret","status":"publish","type":"product","link":"https:\/\/zatureczkimarcell.ddns.net\/wordpress\/termek\/ls2-napszemuveges-bukosisak-extra-nagy-2xl-3xl-meret\/","title":{"rendered":"LS2 Napszem\u00fcveges buk\u00f3sisak EXTRA NAGY 2XL-3XL m\u00e9ret!"},"content":{"rendered":"<p><span style=\"font-size:16px;\"><strong>Extra nagy 2XL, 3XL&nbsp;m&eacute;ret\u0171 z&aacute;rt buk&oacute;sisak be&eacute;p&iacute;tett napszem&uuml;veggel.&nbsp;<\/strong><\/span><\/p>\n<p><span style=\"font-size:16px;\"><strong>Egyszer\u0171, de eleg&aacute;ns kialak&iacute;t&aacute;s.&nbsp;V&aacute;rosi &eacute;s t&uacute;ramotoroz&aacute;shoz egyar&aacute;nt aj&aacute;nlott.&nbsp;Komfortos bels\u0151r&eacute;sszel,&nbsp;&nbsp;&quot;Pinlock Max Vision&quot;&nbsp; karcmentes plexivel &eacute;s be&eacute;p&iacute;tett napszem&uuml;veggel.&nbsp;&nbsp;<\/strong><\/span><\/p>\n<p><span style=\"font-size:16px;\"><strong>Szem&uuml;vegbar&aacute;t bels\u0151 kialak&iacute;t&aacute;s. Teljesen kivehet\u0151 moshat&oacute; bels\u0151r&eacute;sz.&nbsp;<\/strong><\/span><\/p>\n<p><span style=\"font-size:16px;\"><strong>Dinamikus szell\u0151z\u0151 rendszer.&nbsp;<\/strong><\/span><\/p>\n<p><span style=\"font-size:16px;\"><strong>Mikrometrikus csattrendszer&nbsp;<\/strong><\/span><\/p>\n<\/p>\n<div>\n<div><strong>Haszn&aacute;lati &eacute;s kezel&eacute;si &uacute;tmutat&oacute; a term&eacute;khez el&eacute;rhet\u0151 ide kattintva:&nbsp;<a href=\"https:\/\/darazsgarazs.hu\/index.php\/termek\/bukosisak-hasznalati-kezelesi-utmutato.1408.html\">https:\/\/darazsgarazs.hu\/index.php\/termek\/bukosisak-hasznalati-kezelesi-utmutato.1408.html<\/a><\/strong><\/div>\n<\/div>\n","protected":false},"excerpt":{"rendered":"<p>Extra nagy 2XL, 3XL&nbsp;m&eacute;ret\u0171 z&aacute;rt buk&oacute;sisak be&eacute;p&iacute;tett napszem&uuml;veggel.&nbsp; Egyszer\u0171, de eleg&aacute;ns kialak&iacute;t&aacute;s.&nbsp;V&aacute;rosi &eacute;s t&uacute;ramotoroz&aacute;shoz egyar&aacute;nt aj&aacute;nlott.&nbsp;Komfortos bels\u0151r&eacute;sszel,&nbsp;&nbsp;&quot;Pinlock Max Vision&quot;&nbsp; karcmentes [&hellip;]<\/p>\n","protected":false},"featured_media":102567,"template":"","meta":{"site-sidebar-layout":"default","site-content-layout":"","ast-site-content-layout":"default","site-content-style":"default","site-sidebar-style":"default","ast-global-header-display":"","ast-banner-title-visibility":"","ast-main-header-display":"","ast-hfb-above-header-display":"","ast-hfb-below-header-display":"","ast-hfb-mobile-header-display":"","site-post-title":"","ast-breadcrumbs-content":"","ast-featured-img":"","footer-sml-layout":"","ast-disable-related-posts":"","theme-transparent-header-meta":"","adv-header-id-meta":"","stick-header-meta":"","header-above-stick-meta":"","header-main-stick-meta":"","header-below-stick-meta":"","astra-migrate-meta-layouts":"default","ast-page-background-enabled":"default","ast-page-background-meta":{"desktop":{"background-color":"var(--ast-global-color-5)","background-image":"","background-repeat":"repeat","background-position":"center center","background-size":"auto","background-attachment":"scroll","background-type":"","background-media":"","overlay-type":"","overlay-color":"","overlay-opacity":"","overlay-gradient":""},"tablet":{"background-color":"","background-image":"","background-repeat":"repeat","background-position":"center center","background-size":"auto","background-attachment":"scroll","background-type":"","background-media":"","overlay-type":"","overlay-color":"","overlay-opacity":"","overlay-gradient":""},"mobile":{"background-color":"","background-image":"","background-repeat":"repeat","background-position":"center center","background-size":"auto","background-attachment":"scroll","background-type":"","background-media":"","overlay-type":"","overlay-color":"","overlay-opacity":"","overlay-gradient":""}},"ast-content-background-meta":{"desktop":{"background-color":"var(--ast-global-color-4)","background-image":"","background-repeat":"repeat","background-position":"center center","background-size":"auto","background-attachment":"scroll","background-type":"","background-media":"","overlay-type":"","overlay-color":"","overlay-opacity":"","overlay-gradient":""},"tablet":{"background-color":"var(--ast-global-color-4)","background-image":"","background-repeat":"repeat","background-position":"center center","background-size":"auto","background-attachment":"scroll","background-type":"","background-media":"","overlay-type":"","overlay-color":"","overlay-opacity":"","overlay-gradient":""},"mobile":{"background-color":"var(--ast-global-color-4)","background-image":"","background-repeat":"repeat","background-position":"center center","background-size":"auto","background-attachment":"scroll","background-type":"","background-media":"","overlay-type":"","overlay-color":"","overlay-opacity":"","overlay-gradient":""}}},"product_brand":[],"product_cat":[121,146,150],"product_tag":[],"class_list":{"0":"post-110183","1":"product","2":"type-product","3":"status-publish","4":"has-post-thumbnail","6":"product_cat-bukosisakok","7":"product_cat-orias-meretu-motoros-ruhazat","8":"product_cat-zart-bukosisakok","9":"desktop-align-left","10":"tablet-align-left","11":"mobile-align-left","13":"first","14":"instock","15":"sale","16":"shipping-taxable","17":"purchasable","18":"product-type-simple"},"jetpack_sharing_enabled":true,"_links":{"self":[{"href":"https:\/\/zatureczkimarcell.ddns.net\/wordpress\/wp-json\/wp\/v2\/product\/110183","targetHints":{"allow":["GET"]}}],"collection":[{"href":"https:\/\/zatureczkimarcell.ddns.net\/wordpress\/wp-json\/wp\/v2\/product"}],"about":[{"href":"https:\/\/zatureczkimarcell.ddns.net\/wordpress\/wp-json\/wp\/v2\/types\/product"}],"wp:featuredmedia":[{"embeddable":true,"href":"https:\/\/zatureczkimarcell.ddns.net\/wordpress\/wp-json\/wp\/v2\/media\/102567"}],"wp:attachment":[{"href":"https:\/\/zatureczkimarcell.ddns.net\/wordpress\/wp-json\/wp\/v2\/media?parent=110183"}],"wp:term":[{"taxonomy":"product_brand","embeddable":true,"href":"https:\/\/zatureczkimarcell.ddns.net\/wordpress\/wp-json\/wp\/v2\/product_brand?post=110183"},{"taxonomy":"product_cat","embeddable":true,"href":"https:\/\/zatureczkimarcell.ddns.net\/wordpress\/wp-json\/wp\/v2\/product_cat?post=110183"},{"taxonomy":"product_tag","embeddable":true,"href":"https:\/\/zatureczkimarcell.ddns.net\/wordpress\/wp-json\/wp\/v2\/product_tag?post=110183"}],"curies":[{"name":"wp","href":"https:\/\/api.w.org\/{rel}","templated":true}]}}