{"id":110180,"date":"2026-04-01T10:48:31","date_gmt":"2026-04-01T08:48:31","guid":{"rendered":"https:\/\/zatureczkimarcell.ddns.net\/wordpress\/?post_type=product&#038;p=110180"},"modified":"2026-04-01T10:48:56","modified_gmt":"2026-04-01T08:48:56","slug":"ls2-felnyithato-napszemuveges-bukosisak-extra-nagy-2xl-3xl-meret","status":"publish","type":"product","link":"https:\/\/zatureczkimarcell.ddns.net\/wordpress\/termek\/ls2-felnyithato-napszemuveges-bukosisak-extra-nagy-2xl-3xl-meret\/","title":{"rendered":"LS2 Felnyithat\u00f3 napszem\u00fcveges buk\u00f3sisak EXTRA NAGY 2XL-3XL m\u00e9ret!"},"content":{"rendered":"<div><span style=\"font-size:16px;\"><strong>Felnyithat&oacute;&nbsp;&aacute;ll&uacute; napszem&uuml;veges buk&oacute;sisak extra nagy 2XL , 3XL m&eacute;retekben.&nbsp;<\/strong><\/span><\/div>\n<div><span style=\"font-size:16px;\"><strong>K&eacute;nyelmes, eg&eacute;sz napos viselet a 3D l&eacute;zerrel v&aacute;gott k&eacute;nyelmi p&aacute;rn&aacute;z&aacute;snak k&ouml;sz&ouml;nhet\u0151en.<\/strong><\/span><\/div>\n<div><span style=\"font-size:16px;\"><strong>KPA h&eacute;jszerkezet\u0171&nbsp;rendk&iacute;v&uuml;l biztons&aacute;gos buk&oacute;sisak.<\/strong><\/span><\/div>\n<div><span style=\"font-size:16px;\"><strong>P&aacute;ramentes&iacute;t\u0151 pinlock rendszerhez el\u0151k&eacute;sz&iacute;tett karcmentes plexi.<\/strong><\/span><\/div>\n<div><\/div>\n<div>\n<div><span style=\"font-size:16px;\"><strong>Biztons&aacute;g:<\/strong><\/span><\/div>\n<div><span style=\"font-size:16px;\"><strong>&#8211; Mikrometrikus f&eacute;m csat<\/strong><\/span><\/div>\n<div><span style=\"font-size:16px;\"><strong>&#8211; Meger\u0151s&iacute;tett &aacute;llsz&iacute;j<\/strong><\/span><\/div>\n<div><\/div>\n<div><span style=\"font-size:16px;\"><strong>P&aacute;rn&aacute;zat:<\/strong><\/span><\/div>\n<div><span style=\"font-size:16px;\"><strong>&#8211; Kivehet\u0151 &eacute;s moshat&oacute;<\/strong><\/span><\/div>\n<div><span style=\"font-size:16px;\"><strong>&#8211; L&eacute;g&aacute;tereszt\u0151<\/strong><\/span><\/div>\n<div><span style=\"font-size:16px;\"><strong>&#8211; Hipoallerg&eacute;n<\/strong><\/span><\/div>\n<div><span style=\"font-size:16px;\"><strong>&#8211; Antibakteri&aacute;lis<\/strong><\/span><\/div>\n<div><\/div>\n<div><span style=\"font-size:16px;\"><strong>Plexi:<\/strong><\/span><\/div>\n<div><span style=\"font-size:16px;\"><strong>&#8211; Karc&aacute;ll&oacute;<\/strong><\/span><\/div>\n<div><span style=\"font-size:16px;\"><strong>&#8211; UV &aacute;ll&oacute;<\/strong><\/span><\/div>\n<div><span style=\"font-size:16px;\"><strong>&#8211; Pinlock el\u0151k&eacute;sz&iacute;t&eacute;ssel.<\/strong><\/span><\/div>\n<div><\/div>\n<div><\/div>\n<div><strong>Haszn&aacute;lati &eacute;s kezel&eacute;si &uacute;tmutat&oacute; a term&eacute;khez el&eacute;rhet\u0151 ide kattintva:&nbsp;<a href=\"https:\/\/darazsgarazs.hu\/index.php\/termek\/bukosisak-hasznalati-kezelesi-utmutato.1408.html\">https:\/\/darazsgarazs.hu\/index.php\/termek\/bukosisak-hasznalati-kezelesi-utmutato.1408.html<\/a><\/strong><\/div>\n<\/div>\n<div><\/div>\n<div><\/div>\n","protected":false},"excerpt":{"rendered":"<p>Felnyithat&oacute;&nbsp;&aacute;ll&uacute; napszem&uuml;veges buk&oacute;sisak extra nagy 2XL , 3XL m&eacute;retekben.&nbsp; K&eacute;nyelmes, eg&eacute;sz napos viselet a 3D l&eacute;zerrel v&aacute;gott k&eacute;nyelmi p&aacute;rn&aacute;z&aacute;snak k&ouml;sz&ouml;nhet\u0151en. [&hellip;]<\/p>\n","protected":false},"featured_media":105045,"template":"","meta":{"site-sidebar-layout":"default","site-content-layout":"","ast-site-content-layout":"default","site-content-style":"default","site-sidebar-style":"default","ast-global-header-display":"","ast-banner-title-visibility":"","ast-main-header-display":"","ast-hfb-above-header-display":"","ast-hfb-below-header-display":"","ast-hfb-mobile-header-display":"","site-post-title":"","ast-breadcrumbs-content":"","ast-featured-img":"","footer-sml-layout":"","ast-disable-related-posts":"","theme-transparent-header-meta":"","adv-header-id-meta":"","stick-header-meta":"","header-above-stick-meta":"","header-main-stick-meta":"","header-below-stick-meta":"","astra-migrate-meta-layouts":"default","ast-page-background-enabled":"default","ast-page-background-meta":{"desktop":{"background-color":"var(--ast-global-color-5)","background-image":"","background-repeat":"repeat","background-position":"center center","background-size":"auto","background-attachment":"scroll","background-type":"","background-media":"","overlay-type":"","overlay-color":"","overlay-opacity":"","overlay-gradient":""},"tablet":{"background-color":"","background-image":"","background-repeat":"repeat","background-position":"center center","background-size":"auto","background-attachment":"scroll","background-type":"","background-media":"","overlay-type":"","overlay-color":"","overlay-opacity":"","overlay-gradient":""},"mobile":{"background-color":"","background-image":"","background-repeat":"repeat","background-position":"center center","background-size":"auto","background-attachment":"scroll","background-type":"","background-media":"","overlay-type":"","overlay-color":"","overlay-opacity":"","overlay-gradient":""}},"ast-content-background-meta":{"desktop":{"background-color":"var(--ast-global-color-4)","background-image":"","background-repeat":"repeat","background-position":"center center","background-size":"auto","background-attachment":"scroll","background-type":"","background-media":"","overlay-type":"","overlay-color":"","overlay-opacity":"","overlay-gradient":""},"tablet":{"background-color":"var(--ast-global-color-4)","background-image":"","background-repeat":"repeat","background-position":"center center","background-size":"auto","background-attachment":"scroll","background-type":"","background-media":"","overlay-type":"","overlay-color":"","overlay-opacity":"","overlay-gradient":""},"mobile":{"background-color":"var(--ast-global-color-4)","background-image":"","background-repeat":"repeat","background-position":"center center","background-size":"auto","background-attachment":"scroll","background-type":"","background-media":"","overlay-type":"","overlay-color":"","overlay-opacity":"","overlay-gradient":""}}},"product_brand":[],"product_cat":[121,123,122,146],"product_tag":[],"class_list":{"0":"post-110180","1":"product","2":"type-product","3":"status-publish","4":"has-post-thumbnail","6":"product_cat-bukosisakok","7":"product_cat-nyithato-bukosisakok","8":"product_cat-nyitott","9":"product_cat-orias-meretu-motoros-ruhazat","10":"desktop-align-left","11":"tablet-align-left","12":"mobile-align-left","14":"first","15":"instock","16":"shipping-taxable","17":"purchasable","18":"product-type-simple"},"jetpack_sharing_enabled":true,"_links":{"self":[{"href":"https:\/\/zatureczkimarcell.ddns.net\/wordpress\/wp-json\/wp\/v2\/product\/110180","targetHints":{"allow":["GET"]}}],"collection":[{"href":"https:\/\/zatureczkimarcell.ddns.net\/wordpress\/wp-json\/wp\/v2\/product"}],"about":[{"href":"https:\/\/zatureczkimarcell.ddns.net\/wordpress\/wp-json\/wp\/v2\/types\/product"}],"wp:featuredmedia":[{"embeddable":true,"href":"https:\/\/zatureczkimarcell.ddns.net\/wordpress\/wp-json\/wp\/v2\/media\/105045"}],"wp:attachment":[{"href":"https:\/\/zatureczkimarcell.ddns.net\/wordpress\/wp-json\/wp\/v2\/media?parent=110180"}],"wp:term":[{"taxonomy":"product_brand","embeddable":true,"href":"https:\/\/zatureczkimarcell.ddns.net\/wordpress\/wp-json\/wp\/v2\/product_brand?post=110180"},{"taxonomy":"product_cat","embeddable":true,"href":"https:\/\/zatureczkimarcell.ddns.net\/wordpress\/wp-json\/wp\/v2\/product_cat?post=110180"},{"taxonomy":"product_tag","embeddable":true,"href":"https:\/\/zatureczkimarcell.ddns.net\/wordpress\/wp-json\/wp\/v2\/product_tag?post=110180"}],"curies":[{"name":"wp","href":"https:\/\/api.w.org\/{rel}","templated":true}]}}