{"id":110179,"date":"2026-04-01T10:48:10","date_gmt":"2026-04-01T08:48:10","guid":{"rendered":"https:\/\/zatureczkimarcell.ddns.net\/wordpress\/?post_type=product&#038;p=110179"},"modified":"2026-04-01T10:48:55","modified_gmt":"2026-04-01T08:48:55","slug":"ls2-pioneer-ii-mx-extra-nagy-2xl-3xl-meret-2","status":"publish","type":"product","link":"https:\/\/zatureczkimarcell.ddns.net\/wordpress\/termek\/ls2-pioneer-ii-mx-extra-nagy-2xl-3xl-meret-2\/","title":{"rendered":"LS2-Pioneer-II-MX EXTRA NAGY 2XL-3XL m\u00e9ret!"},"content":{"rendered":"<p><span style=\"color: rgb(255, 0, 0);\"><strong><span style=\"font-size: 16px;\">Extra nagy m&eacute;retben el&eacute;rhet\u0151 (2XL-3XL)<\/span><\/strong><\/span><span style=\"color: rgb(0, 0, 0);\"><strong><span style=\"font-size: 16px;\">&nbsp;Cross-Enduro&nbsp;<\/span><\/strong><\/span><span style=\"color: rgb(255, 0, 0);\"><strong><span style=\"font-size: 16px;\">napszem&uuml;veges&nbsp;<\/span><\/strong><\/span><span style=\"color: rgb(0, 0, 0);\"><strong><span style=\"font-size: 16px;\">buk&oacute;sisak&nbsp;<\/span><\/strong><\/span><\/p>\n<p style=\"box-sizing: border-box; padding: 0px; margin: 0px 0px 1rem; color: rgb(34, 34, 34); font-family: Poppins, sans-serif; font-size: 17.5px; text-align: justify; outline: none !important;\"><span style=\"color: rgb(0, 0, 0);\"><strong><span style=\"font-size: 16px;\">A&nbsp;Pioneer Evo&nbsp;egy igazi mindentud&oacute; t&aacute;rsad lesz, ha a kalandokat keresed. A sisakh&eacute;j egy innovat&iacute;v anyagb&oacute;l&nbsp;Kinetic Polymer Alloy (KPA) k&eacute;sz&uuml;lt.&nbsp;Az integr&aacute;lt napellenz\u0151 kiiktatja a t&uuml;kr&ouml;z\u0151d&eacute;st &eacute;s az er\u0151s napf&eacute;nyt, &iacute;gy tiszta l&aacute;t&aacute;st biztos&iacute;t napszakt&oacute;l f&uuml;ggetlen&uuml;l.&nbsp;Az&nbsp;Emergency Release System&nbsp;sz&uuml;ks&eacute;g eset&eacute;n lehet\u0151v&eacute;&nbsp; teszi a az arcp&aacute;rn&aacute;k k&ouml;nny\u0171 elt&aacute;vol&iacute;t&aacute;s&aacute;t. K&eacute;nyelmes &eacute;s&nbsp;<\/span><\/strong><\/span><span style=\"color: rgb(255, 0, 0);\"><strong><span style=\"font-size: 16px;\">extra nagy l&aacute;t&oacute;teret biztos&iacute;t&oacute; buk&oacute;sisak .<\/span><\/strong><\/span><span style=\"color: rgb(0, 0, 0);\"><strong><span style=\"font-size: 16px;\">&nbsp;<\/span><\/strong><\/span><\/p>\n<div><span style=\"color: rgb(0, 0, 0);\"><strong><span style=\"font-size: 16px;\">Biztons&aacute;g:<\/span><\/strong><\/span><\/div>\n<div><\/div>\n<div><span style=\"color: rgb(0, 0, 0);\"><strong><span style=\"font-size: 16px;\">&#8211; V&eacute;szkiold&oacute; rendszer: gyors arcp&aacute;rna elt&aacute;vol&iacute;t&aacute;s v&eacute;szhelyzetben<\/span><\/strong><\/span><\/div>\n<div><span style=\"color: rgb(0, 0, 0);\"><strong><span style=\"font-size: 16px;\">&#8211; Mikrometrikus f&eacute;m csat<\/span><\/strong><\/span><\/div>\n<div><span style=\"color: rgb(0, 0, 0);\"><strong><span style=\"font-size: 16px;\">&#8211; Meger\u0151s&iacute;tett &aacute;llsz&iacute;j<\/span><\/strong><\/span><\/div>\n<div><\/div>\n<div><span style=\"color: rgb(0, 0, 0);\"><strong><span style=\"font-size: 16px;\">P&aacute;rn&aacute;zat:<\/span><\/strong><\/span><\/div>\n<div><\/div>\n<div><span style=\"color: rgb(0, 0, 0);\"><strong><span style=\"font-size: 16px;\">&#8211; Kivehet\u0151 &eacute;s moshat&oacute;<\/span><\/strong><\/span><\/div>\n<div><span style=\"color: rgb(0, 0, 0);\"><strong><span style=\"font-size: 16px;\">&#8211; L&eacute;g&aacute;tereszt\u0151<\/span><\/strong><\/span><\/div>\n<div><span style=\"color: rgb(0, 0, 0);\"><strong><span style=\"font-size: 16px;\">&#8211; Hipoallerg&eacute;n<\/span><\/strong><\/span><\/div>\n<div><span style=\"color: rgb(0, 0, 0);\"><strong><span style=\"font-size: 16px;\">&#8211; Antibakteri&aacute;lis<\/span><\/strong><\/span><\/div>\n<div><\/div>\n<div><span style=\"color: rgb(0, 0, 0);\"><strong><span style=\"font-size: 16px;\">Plexi:<\/span><\/strong><\/span><\/div>\n<div><\/div>\n<div><span style=\"color: rgb(0, 0, 0);\"><strong><span style=\"font-size: 16px;\">&#8211; Karc&aacute;ll&oacute;<\/span><\/strong><\/span><\/div>\n<div><span style=\"color: rgb(0, 0, 0);\"><strong><span style=\"font-size: 16px;\">&#8211; UV &aacute;ll&oacute;<\/span><\/strong><\/span><\/div>\n<div><span style=\"color: rgb(0, 0, 0);\"><strong><span style=\"font-size: 16px;\">&#8211; Pinlock p&aacute;ramentes&iacute;t\u0151 bet&eacute;t el\u0151k&eacute;sz&iacute;t&eacute;st tartalmaz.&nbsp;<\/span><\/strong><\/span><\/div>\n<p style=\"box-sizing: border-box; padding: 0px; margin: 0px 0px 1rem; color: rgb(34, 34, 34); font-family: Poppins, sans-serif; font-size: 17.5px; text-align: justify; outline: none !important;\">\n<p><strong>Haszn&aacute;lati &eacute;s kezel&eacute;si &uacute;tmutat&oacute; a term&eacute;khez el&eacute;rhet\u0151 ide kattintva:&nbsp;<a href=\"https:\/\/darazsgarazs.hu\/index.php\/termek\/bukosisak-hasznalati-kezelesi-utmutato.1408.html\">https:\/\/darazsgarazs.hu\/index.php\/termek\/bukosisak-hasznalati-kezelesi-utmutato.1408.html<\/a><\/strong><\/p><\/p>\n","protected":false},"excerpt":{"rendered":"<p>Extra nagy m&eacute;retben el&eacute;rhet\u0151 (2XL-3XL)&nbsp;Cross-Enduro&nbsp;napszem&uuml;veges&nbsp;buk&oacute;sisak&nbsp; A&nbsp;Pioneer Evo&nbsp;egy igazi mindentud&oacute; t&aacute;rsad lesz, ha a kalandokat keresed. A sisakh&eacute;j egy innovat&iacute;v anyagb&oacute;l&nbsp;Kinetic [&hellip;]<\/p>\n","protected":false},"featured_media":107739,"template":"","meta":{"site-sidebar-layout":"default","site-content-layout":"","ast-site-content-layout":"default","site-content-style":"default","site-sidebar-style":"default","ast-global-header-display":"","ast-banner-title-visibility":"","ast-main-header-display":"","ast-hfb-above-header-display":"","ast-hfb-below-header-display":"","ast-hfb-mobile-header-display":"","site-post-title":"","ast-breadcrumbs-content":"","ast-featured-img":"","footer-sml-layout":"","ast-disable-related-posts":"","theme-transparent-header-meta":"","adv-header-id-meta":"","stick-header-meta":"","header-above-stick-meta":"","header-main-stick-meta":"","header-below-stick-meta":"","astra-migrate-meta-layouts":"default","ast-page-background-enabled":"default","ast-page-background-meta":{"desktop":{"background-color":"var(--ast-global-color-5)","background-image":"","background-repeat":"repeat","background-position":"center center","background-size":"auto","background-attachment":"scroll","background-type":"","background-media":"","overlay-type":"","overlay-color":"","overlay-opacity":"","overlay-gradient":""},"tablet":{"background-color":"","background-image":"","background-repeat":"repeat","background-position":"center center","background-size":"auto","background-attachment":"scroll","background-type":"","background-media":"","overlay-type":"","overlay-color":"","overlay-opacity":"","overlay-gradient":""},"mobile":{"background-color":"","background-image":"","background-repeat":"repeat","background-position":"center center","background-size":"auto","background-attachment":"scroll","background-type":"","background-media":"","overlay-type":"","overlay-color":"","overlay-opacity":"","overlay-gradient":""}},"ast-content-background-meta":{"desktop":{"background-color":"var(--ast-global-color-4)","background-image":"","background-repeat":"repeat","background-position":"center center","background-size":"auto","background-attachment":"scroll","background-type":"","background-media":"","overlay-type":"","overlay-color":"","overlay-opacity":"","overlay-gradient":""},"tablet":{"background-color":"var(--ast-global-color-4)","background-image":"","background-repeat":"repeat","background-position":"center center","background-size":"auto","background-attachment":"scroll","background-type":"","background-media":"","overlay-type":"","overlay-color":"","overlay-opacity":"","overlay-gradient":""},"mobile":{"background-color":"var(--ast-global-color-4)","background-image":"","background-repeat":"repeat","background-position":"center center","background-size":"auto","background-attachment":"scroll","background-type":"","background-media":"","overlay-type":"","overlay-color":"","overlay-opacity":"","overlay-gradient":""}}},"product_brand":[],"product_cat":[121,146,150],"product_tag":[],"class_list":{"0":"post-110179","1":"product","2":"type-product","3":"status-publish","4":"has-post-thumbnail","6":"product_cat-bukosisakok","7":"product_cat-orias-meretu-motoros-ruhazat","8":"product_cat-zart-bukosisakok","9":"desktop-align-left","10":"tablet-align-left","11":"mobile-align-left","13":"first","14":"instock","15":"sale","16":"shipping-taxable","17":"purchasable","18":"product-type-simple"},"jetpack_sharing_enabled":true,"_links":{"self":[{"href":"https:\/\/zatureczkimarcell.ddns.net\/wordpress\/wp-json\/wp\/v2\/product\/110179","targetHints":{"allow":["GET"]}}],"collection":[{"href":"https:\/\/zatureczkimarcell.ddns.net\/wordpress\/wp-json\/wp\/v2\/product"}],"about":[{"href":"https:\/\/zatureczkimarcell.ddns.net\/wordpress\/wp-json\/wp\/v2\/types\/product"}],"wp:featuredmedia":[{"embeddable":true,"href":"https:\/\/zatureczkimarcell.ddns.net\/wordpress\/wp-json\/wp\/v2\/media\/107739"}],"wp:attachment":[{"href":"https:\/\/zatureczkimarcell.ddns.net\/wordpress\/wp-json\/wp\/v2\/media?parent=110179"}],"wp:term":[{"taxonomy":"product_brand","embeddable":true,"href":"https:\/\/zatureczkimarcell.ddns.net\/wordpress\/wp-json\/wp\/v2\/product_brand?post=110179"},{"taxonomy":"product_cat","embeddable":true,"href":"https:\/\/zatureczkimarcell.ddns.net\/wordpress\/wp-json\/wp\/v2\/product_cat?post=110179"},{"taxonomy":"product_tag","embeddable":true,"href":"https:\/\/zatureczkimarcell.ddns.net\/wordpress\/wp-json\/wp\/v2\/product_tag?post=110179"}],"curies":[{"name":"wp","href":"https:\/\/api.w.org\/{rel}","templated":true}]}}