{"id":110177,"date":"2026-04-01T10:48:08","date_gmt":"2026-04-01T08:48:08","guid":{"rendered":"https:\/\/zatureczkimarcell.ddns.net\/wordpress\/?post_type=product&#038;p=110177"},"modified":"2026-04-01T10:48:54","modified_gmt":"2026-04-01T08:48:54","slug":"marushin-c650-rebel-bevezeto-ar-2","status":"publish","type":"product","link":"https:\/\/zatureczkimarcell.ddns.net\/wordpress\/termek\/marushin-c650-rebel-bevezeto-ar-2\/","title":{"rendered":"Marushin C650 REBEL &#8211; Bevezet\u0151 \u00e1r !"},"content":{"rendered":"<p><span style=\"font-size: 16px;\"><span style=\"color: rgb(255, 0, 0);\"><strong>Extra k&eacute;nyelmes&nbsp;<\/strong><\/span><strong>, kiv&aacute;l&oacute;an illeszked\u0151 nyitott buk&oacute;sisak&nbsp;<\/strong><span style=\"color: rgb(255, 0, 0);\"><strong>20%-os s&ouml;t&eacute;t&iacute;tett be&eacute;p&iacute;tett plexivel.&nbsp;<\/strong><\/span><\/span><\/p>\n<p><span style=\"font-size: 16px;\"><strong>A buk&oacute;sisak bels\u0151 r&eacute;sze nagyon k&eacute;nyelmes, j&oacute;l p&aacute;rn&aacute;zott. A kiv&aacute;l&oacute; p&aacute;rn&aacute;zotts&aacute;g nem csak a k&eacute;nyelmet szolg&aacute;lja, hanem a sz&eacute;lzajt is kiz&aacute;rja.<span style=\"color: rgb(255, 0, 0);\">&nbsp;Csendes buk&oacute;sisak<\/span>&nbsp;a nyitott sisakok k&ouml;z&ouml;tt.&nbsp;<\/strong><\/span><\/p>\n<p><span style=\"font-size: 16px;\"><strong>A teljes bels\u0151 r&eacute;sz l&eacute;g&aacute;tereszt\u0151,&nbsp;kivehet\u0151 moshat&oacute; .<\/strong><\/span><\/p>\n<p><span style=\"color: rgb(255, 0, 0);\"><span style=\"font-size: 16px;\"><strong>A 20%-al&nbsp;s&ouml;t&eacute;t&iacute;tett plexi alkalmas az esti motoroz&aacute;shoz is!&nbsp;<\/strong><\/span><\/span><\/p>\n<p><span style=\"font-size: 16px;\"><strong><span style=\"color: rgb(255, 0, 0);\">Szem&uuml;vegbar&aacute;t bels\u0151<\/span>&nbsp;kialak&iacute;t&aacute;s.<\/strong><\/span><\/p>\n<p><span style=\"font-size: 16px;\"><b>Racsnis gyorsz&aacute;ras r&ouml;gz&iacute;t&eacute;s .<\/b><\/span><\/p>\n<p><span style=\"font-size: 16px;\"><b>UV v&eacute;dett bevonattal.&nbsp;<\/b><\/span><\/p>\n<p><span style=\"font-size: 16px;\"><b><span style=\"color: rgb(255, 0, 0);\">Nagyon k&ouml;nny\u0171&nbsp;<\/span>mind&ouml;ssze 1.160gramm<\/b><\/span><\/p>\n<p><span style=\"font-size: 16px;\"><strong>M&eacute;retek: XS, S, M, L, XL<\/strong><\/span><\/p>\n<\/p>\n<p><strong style=\"font-family: Roboto, sans-serif; font-size: 16px; box-sizing: border-box; max-width: 100%;\">Haszn&aacute;lati &eacute;s kezel&eacute;si &uacute;tmutat&oacute; a term&eacute;khez el&eacute;rhet\u0151 ide kattintva:&nbsp;<a href=\"https:\/\/darazsgarazs.hu\/index.php\/termek\/bukosisak-hasznalati-kezelesi-utmutato.1408.html\" style=\"color: rgb(35, 82, 124); box-sizing: border-box; background-color: transparent; outline: -webkit-focus-ring-color auto 5px; outline-offset: -2px; max-width: 100%;\">https:\/\/darazsgarazs.hu\/index.php\/termek\/bukosisak-hasznalati-kezelesi-utmutato.1408.html<\/a><\/strong><\/p>\n","protected":false},"excerpt":{"rendered":"<p>Extra k&eacute;nyelmes&nbsp;, kiv&aacute;l&oacute;an illeszked\u0151 nyitott buk&oacute;sisak&nbsp;20%-os s&ouml;t&eacute;t&iacute;tett be&eacute;p&iacute;tett plexivel.&nbsp; A buk&oacute;sisak bels\u0151 r&eacute;sze nagyon k&eacute;nyelmes, j&oacute;l p&aacute;rn&aacute;zott. A kiv&aacute;l&oacute; p&aacute;rn&aacute;zotts&aacute;g [&hellip;]<\/p>\n","protected":false},"featured_media":103588,"template":"","meta":{"site-sidebar-layout":"default","site-content-layout":"","ast-site-content-layout":"default","site-content-style":"default","site-sidebar-style":"default","ast-global-header-display":"","ast-banner-title-visibility":"","ast-main-header-display":"","ast-hfb-above-header-display":"","ast-hfb-below-header-display":"","ast-hfb-mobile-header-display":"","site-post-title":"","ast-breadcrumbs-content":"","ast-featured-img":"","footer-sml-layout":"","ast-disable-related-posts":"","theme-transparent-header-meta":"","adv-header-id-meta":"","stick-header-meta":"","header-above-stick-meta":"","header-main-stick-meta":"","header-below-stick-meta":"","astra-migrate-meta-layouts":"default","ast-page-background-enabled":"default","ast-page-background-meta":{"desktop":{"background-color":"var(--ast-global-color-5)","background-image":"","background-repeat":"repeat","background-position":"center center","background-size":"auto","background-attachment":"scroll","background-type":"","background-media":"","overlay-type":"","overlay-color":"","overlay-opacity":"","overlay-gradient":""},"tablet":{"background-color":"","background-image":"","background-repeat":"repeat","background-position":"center center","background-size":"auto","background-attachment":"scroll","background-type":"","background-media":"","overlay-type":"","overlay-color":"","overlay-opacity":"","overlay-gradient":""},"mobile":{"background-color":"","background-image":"","background-repeat":"repeat","background-position":"center center","background-size":"auto","background-attachment":"scroll","background-type":"","background-media":"","overlay-type":"","overlay-color":"","overlay-opacity":"","overlay-gradient":""}},"ast-content-background-meta":{"desktop":{"background-color":"var(--ast-global-color-4)","background-image":"","background-repeat":"repeat","background-position":"center center","background-size":"auto","background-attachment":"scroll","background-type":"","background-media":"","overlay-type":"","overlay-color":"","overlay-opacity":"","overlay-gradient":""},"tablet":{"background-color":"var(--ast-global-color-4)","background-image":"","background-repeat":"repeat","background-position":"center center","background-size":"auto","background-attachment":"scroll","background-type":"","background-media":"","overlay-type":"","overlay-color":"","overlay-opacity":"","overlay-gradient":""},"mobile":{"background-color":"var(--ast-global-color-4)","background-image":"","background-repeat":"repeat","background-position":"center center","background-size":"auto","background-attachment":"scroll","background-type":"","background-media":"","overlay-type":"","overlay-color":"","overlay-opacity":"","overlay-gradient":""}}},"product_brand":[],"product_cat":[121,123,122],"product_tag":[],"class_list":{"0":"post-110177","1":"product","2":"type-product","3":"status-publish","4":"has-post-thumbnail","6":"product_cat-bukosisakok","7":"product_cat-nyithato-bukosisakok","8":"product_cat-nyitott","9":"desktop-align-left","10":"tablet-align-left","11":"mobile-align-left","13":"first","14":"instock","15":"shipping-taxable","16":"purchasable","17":"product-type-simple"},"jetpack_sharing_enabled":true,"_links":{"self":[{"href":"https:\/\/zatureczkimarcell.ddns.net\/wordpress\/wp-json\/wp\/v2\/product\/110177","targetHints":{"allow":["GET"]}}],"collection":[{"href":"https:\/\/zatureczkimarcell.ddns.net\/wordpress\/wp-json\/wp\/v2\/product"}],"about":[{"href":"https:\/\/zatureczkimarcell.ddns.net\/wordpress\/wp-json\/wp\/v2\/types\/product"}],"wp:featuredmedia":[{"embeddable":true,"href":"https:\/\/zatureczkimarcell.ddns.net\/wordpress\/wp-json\/wp\/v2\/media\/103588"}],"wp:attachment":[{"href":"https:\/\/zatureczkimarcell.ddns.net\/wordpress\/wp-json\/wp\/v2\/media?parent=110177"}],"wp:term":[{"taxonomy":"product_brand","embeddable":true,"href":"https:\/\/zatureczkimarcell.ddns.net\/wordpress\/wp-json\/wp\/v2\/product_brand?post=110177"},{"taxonomy":"product_cat","embeddable":true,"href":"https:\/\/zatureczkimarcell.ddns.net\/wordpress\/wp-json\/wp\/v2\/product_cat?post=110177"},{"taxonomy":"product_tag","embeddable":true,"href":"https:\/\/zatureczkimarcell.ddns.net\/wordpress\/wp-json\/wp\/v2\/product_tag?post=110177"}],"curies":[{"name":"wp","href":"https:\/\/api.w.org\/{rel}","templated":true}]}}