{"id":110176,"date":"2026-04-01T10:48:07","date_gmt":"2026-04-01T08:48:07","guid":{"rendered":"https:\/\/zatureczkimarcell.ddns.net\/wordpress\/?post_type=product&#038;p=110176"},"modified":"2026-04-01T10:48:53","modified_gmt":"2026-04-01T08:48:53","slug":"marushin-m899-champion-bevezeto-ar-akcio","status":"publish","type":"product","link":"https:\/\/zatureczkimarcell.ddns.net\/wordpress\/termek\/marushin-m899-champion-bevezeto-ar-akcio\/","title":{"rendered":"Marushin M899 Champion &#8211; Bevezet\u0151 \u00e1r AKCI\u00d3!"},"content":{"rendered":"<p><span style=\"font-size:16px;\"><strong><span style=\"color:#FF0000;\">Extra nagy l&aacute;t&oacute;mez\u0151vel<\/span> rendelkez\u0151, be&eacute;p&iacute;tett napszem&uuml;veges buk&oacute;sisak.&nbsp;<\/strong><\/span><\/p>\n<p><span style=\"font-size:16px;\"><strong>A sisak<span style=\"color:#FF0000;\"> plexije t&ouml;bb fokozatban&nbsp;meg&aacute;ll&iacute;that&oacute;<\/span>. Ak&aacute;r eg&eacute;szen kicsi nyit&aacute;sra is lehet\u0151s&eacute;get k&iacute;n&aacute;l, ami fokozza a be&aacute;raml&oacute; friss leveg\u0151 mennyis&eacute;g&eacute;t ann&eacute;lk&uuml;l hogy a szemet zavarn&aacute;, esetleg por-bogarak vagy m&aacute;s a motoros szem&eacute;be jutna. A plexi pinlock p&aacute;ramentes&iacute;t\u0151 bet&eacute;t elhelyez&eacute;s&eacute;re el\u0151k&eacute;sz&iacute;tett .&nbsp;<\/strong><\/span><\/p>\n<p><span style=\"font-size:16px;\"><strong>A bels\u0151 r&eacute;sz&nbsp;j&oacute;l p&aacute;rn&aacute;zott, m&eacute;g <span style=\"color:#FF0000;\">nagy sebess&eacute;gn&eacute;l is kiv&aacute;l&oacute; illeszked&eacute;st biztos&iacute;t<\/span>. A bels\u0151 p&aacute;rn&aacute;z&aacute;s nedvess&eacute;g elvezet\u0151, kivehet\u0151 &eacute;s moshat&oacute;.&nbsp;<\/strong><\/span><\/p>\n<p><span style=\"font-size:16px;\"><strong>Az <span style=\"color:#FF0000;\">&quot;Emergency&quot; rendszer\u0171 arcp&aacute;rn&aacute;k<\/span>&nbsp;v&eacute;szhelyzet eset&eacute;n egyetlen mozdulattal elt&aacute;vol&iacute;that&oacute;ak .&nbsp;<\/strong><\/span><\/p>\n<p><span style=\"font-size:16px;\"><strong>A&nbsp;nyaki r&eacute;sz&nbsp;is &uacute;j fejleszt&eacute;s, t&ouml;k&eacute;letesen illeszked\u0151,&nbsp;&iacute;gy <span style=\"color:#FF0000;\">kiz&aacute;rja a sz&eacute;lzajt<\/span> okoz&oacute; turbulenci&aacute;kat.&nbsp;<\/strong><\/span><\/p>\n<p><span style=\"font-size:16px;\"><strong>Sisakbesz&eacute;l\u0151 rendszer be&eacute;p&iacute;t&eacute;s&eacute;re el\u0151k&eacute;sz&iacute;tett bels\u0151 r&eacute;sz.&nbsp;<\/strong><\/span><\/p>\n<p><span style=\"font-size:16px;\"><strong>Optimaliz&aacute;lt, &aacute;ll&iacute;that&oacute; szell\u0151z\u0151 rendszer az &aacute;ll &eacute;s a fejtet\u0151 r&eacute;szen.&nbsp;<\/strong><\/span><\/p>\n<p><span style=\"font-size:16px;\"><strong>M&eacute;retek: XS, S, M, L, XL, XXL&nbsp;<\/strong><\/span><\/p>\n<div class=\"col-sm-14\" style=\"box-sizing: border-box; position: relative; min-height: 1px; padding-left: 8px; padding-right: 7px; float: left; width: 647.5px; font-family: Roboto, sans-serif; font-size: 14px;\">\n<div class=\"row\" style=\"box-sizing: border-box; margin-left: -7px; margin-right: -8px;\">\n<div class=\"col-xs-24\" style=\"box-sizing: border-box; position: relative; min-height: 1px; padding-left: 8px; padding-right: 7px; float: left; width: 647.5px;\">\n<div class=\"product-description\" style=\"box-sizing: border-box; font-size: 16px;\">\n<div style=\"box-sizing: border-box; max-width: 100%;\"><strong style=\"box-sizing: border-box; max-width: 100%;\">Haszn&aacute;lati &eacute;s kezel&eacute;si &uacute;tmutat&oacute; a term&eacute;khez el&eacute;rhet\u0151 ide kattintva:&nbsp;<a href=\"https:\/\/darazsgarazs.hu\/index.php\/termek\/bukosisak-hasznalati-kezelesi-utmutato.1408.html\" style=\"box-sizing: border-box; background-color: transparent; color: rgb(35, 82, 124); outline: -webkit-focus-ring-color auto 5px; outline-offset: -2px; max-width: 100%;\">https:\/\/darazsgarazs.hu\/index.php\/termek\/bukosisak-hasznalati-kezelesi-utmutato.1408.html<\/a><\/strong><\/div>\n<\/div>\n<\/div>\n<\/div>\n<\/div>\n<div class=\"col-sm-24\" style=\"box-sizing: border-box; position: relative; min-height: 1px; padding-left: 8px; padding-right: 7px; float: left; width: 1110px; font-family: Roboto, sans-serif; font-size: 14px;\">\n<div class=\"product-recommended\" style=\"box-sizing: border-box; padding: 15px;\">\n<div class=\"row\" style=\"box-sizing: border-box; margin-left: -7px; margin-right: -8px;\"><\/div>\n<\/div>\n<\/div><\/p>\n","protected":false},"excerpt":{"rendered":"<p>Extra nagy l&aacute;t&oacute;mez\u0151vel rendelkez\u0151, be&eacute;p&iacute;tett napszem&uuml;veges buk&oacute;sisak.&nbsp; A sisak plexije t&ouml;bb fokozatban&nbsp;meg&aacute;ll&iacute;that&oacute;. Ak&aacute;r eg&eacute;szen kicsi nyit&aacute;sra is lehet\u0151s&eacute;get k&iacute;n&aacute;l, ami [&hellip;]<\/p>\n","protected":false},"featured_media":103387,"template":"","meta":{"site-sidebar-layout":"default","site-content-layout":"","ast-site-content-layout":"default","site-content-style":"default","site-sidebar-style":"default","ast-global-header-display":"","ast-banner-title-visibility":"","ast-main-header-display":"","ast-hfb-above-header-display":"","ast-hfb-below-header-display":"","ast-hfb-mobile-header-display":"","site-post-title":"","ast-breadcrumbs-content":"","ast-featured-img":"","footer-sml-layout":"","ast-disable-related-posts":"","theme-transparent-header-meta":"","adv-header-id-meta":"","stick-header-meta":"","header-above-stick-meta":"","header-main-stick-meta":"","header-below-stick-meta":"","astra-migrate-meta-layouts":"default","ast-page-background-enabled":"default","ast-page-background-meta":{"desktop":{"background-color":"var(--ast-global-color-5)","background-image":"","background-repeat":"repeat","background-position":"center center","background-size":"auto","background-attachment":"scroll","background-type":"","background-media":"","overlay-type":"","overlay-color":"","overlay-opacity":"","overlay-gradient":""},"tablet":{"background-color":"","background-image":"","background-repeat":"repeat","background-position":"center center","background-size":"auto","background-attachment":"scroll","background-type":"","background-media":"","overlay-type":"","overlay-color":"","overlay-opacity":"","overlay-gradient":""},"mobile":{"background-color":"","background-image":"","background-repeat":"repeat","background-position":"center center","background-size":"auto","background-attachment":"scroll","background-type":"","background-media":"","overlay-type":"","overlay-color":"","overlay-opacity":"","overlay-gradient":""}},"ast-content-background-meta":{"desktop":{"background-color":"var(--ast-global-color-4)","background-image":"","background-repeat":"repeat","background-position":"center center","background-size":"auto","background-attachment":"scroll","background-type":"","background-media":"","overlay-type":"","overlay-color":"","overlay-opacity":"","overlay-gradient":""},"tablet":{"background-color":"var(--ast-global-color-4)","background-image":"","background-repeat":"repeat","background-position":"center center","background-size":"auto","background-attachment":"scroll","background-type":"","background-media":"","overlay-type":"","overlay-color":"","overlay-opacity":"","overlay-gradient":""},"mobile":{"background-color":"var(--ast-global-color-4)","background-image":"","background-repeat":"repeat","background-position":"center center","background-size":"auto","background-attachment":"scroll","background-type":"","background-media":"","overlay-type":"","overlay-color":"","overlay-opacity":"","overlay-gradient":""}}},"product_brand":[],"product_cat":[121,150],"product_tag":[],"class_list":{"0":"post-110176","1":"product","2":"type-product","3":"status-publish","4":"has-post-thumbnail","6":"product_cat-bukosisakok","7":"product_cat-zart-bukosisakok","8":"desktop-align-left","9":"tablet-align-left","10":"mobile-align-left","12":"first","13":"instock","14":"sale","15":"shipping-taxable","16":"purchasable","17":"product-type-simple"},"jetpack_sharing_enabled":true,"_links":{"self":[{"href":"https:\/\/zatureczkimarcell.ddns.net\/wordpress\/wp-json\/wp\/v2\/product\/110176","targetHints":{"allow":["GET"]}}],"collection":[{"href":"https:\/\/zatureczkimarcell.ddns.net\/wordpress\/wp-json\/wp\/v2\/product"}],"about":[{"href":"https:\/\/zatureczkimarcell.ddns.net\/wordpress\/wp-json\/wp\/v2\/types\/product"}],"wp:featuredmedia":[{"embeddable":true,"href":"https:\/\/zatureczkimarcell.ddns.net\/wordpress\/wp-json\/wp\/v2\/media\/103387"}],"wp:attachment":[{"href":"https:\/\/zatureczkimarcell.ddns.net\/wordpress\/wp-json\/wp\/v2\/media?parent=110176"}],"wp:term":[{"taxonomy":"product_brand","embeddable":true,"href":"https:\/\/zatureczkimarcell.ddns.net\/wordpress\/wp-json\/wp\/v2\/product_brand?post=110176"},{"taxonomy":"product_cat","embeddable":true,"href":"https:\/\/zatureczkimarcell.ddns.net\/wordpress\/wp-json\/wp\/v2\/product_cat?post=110176"},{"taxonomy":"product_tag","embeddable":true,"href":"https:\/\/zatureczkimarcell.ddns.net\/wordpress\/wp-json\/wp\/v2\/product_tag?post=110176"}],"curies":[{"name":"wp","href":"https:\/\/api.w.org\/{rel}","templated":true}]}}