{"id":110173,"date":"2026-04-01T10:48:06","date_gmt":"2026-04-01T08:48:06","guid":{"rendered":"https:\/\/zatureczkimarcell.ddns.net\/wordpress\/?post_type=product&#038;p=110173"},"modified":"2026-04-01T10:48:29","modified_gmt":"2026-04-01T08:48:29","slug":"marushin-m411-uvegszal-hejszerkezet-bevezeto-ar-akcio","status":"publish","type":"product","link":"https:\/\/zatureczkimarcell.ddns.net\/wordpress\/termek\/marushin-m411-uvegszal-hejszerkezet-bevezeto-ar-akcio\/","title":{"rendered":"Marushin M411 \u00dcvegsz\u00e1l h\u00e9jszerkezet &#8211; Bevezet\u0151 \u00e1r AKCI\u00d3!"},"content":{"rendered":"<div><span style=\"font-size:16px;\"><strong>A felnyithat&oacute; buk&oacute;sisakok k&ouml;z&ouml;tt <span style=\"color:#FF0000;\">kifejezetten k&ouml;nny&uuml;<\/span> <span style=\"color:#FF0000;\">&Uuml;vegsz&aacute;l<\/span> h&eacute;jszerkezet.&nbsp;Kompakt, j&oacute; megjelen&eacute;s\u0171&nbsp;<span style=\"color:#FF0000;\">kis h&eacute;jm&eacute;ret\u0171<\/span> sisak. A kis h&eacute;jm&eacute;ret ellen&eacute;re az &uuml;vegsz&aacute;l h&eacute;jszerkezet t&ouml;k&eacute;letes v&eacute;delmet is k&iacute;n&aacute;l a j&oacute; megjelen&eacute;s mellett. <\/strong><\/span><\/div>\n<div><span style=\"font-size:16px;\"><strong>A extra m&eacute;ret\u0171 &uacute;gynevezett bog&aacute;rv&eacute;d\u0151 h&aacute;l&oacute; a sisak &aacute;llr&eacute;sz&eacute;n, az &aacute;tlag felnyithat&oacute; buk&oacute;sisakokhoz k&eacute;pest <span style=\"color:#FF0000;\">csendes<\/span>ebb&eacute; teszi a Marushin M411-et , mert lez&aacute;rja a l&eacute;g&ouml;rv&eacute;nyeket.&nbsp;&nbsp;<\/strong><\/span><\/div>\n<div><\/div>\n<div><span style=\"font-size:16px;\"><strong>R&eacute;szletek:&nbsp;<\/strong><\/span><\/div>\n<div><\/div>\n<div><span style=\"font-size:16px;\"><strong>-L&eacute;g&aacute;tereszt\u0151, kivehet\u0151 &eacute;s moshat&oacute; komfort b&eacute;l&eacute;s&nbsp;<\/strong><\/span><\/div>\n<div><\/div>\n<div><span style=\"font-size:16px;\"><strong>-Marushin&reg;-Cool bels\u0151 t&eacute;r&nbsp;<\/strong><\/span><\/div>\n<div><\/div>\n<div><span style=\"font-size:16px;\"><strong>-T&ouml;k&eacute;letes illeszked&eacute;s&nbsp;az &uacute;jonnan kifejlesztett , <span style=\"color:#FF0000;\">az &aacute;tlagn&aacute;l sokkal k&eacute;nyelmesebb <\/span>arcp&aacute;rn&aacute;knak k&ouml;sz&ouml;nhet\u0151en<\/strong><\/span><\/div>\n<div><\/div>\n<div><span style=\"font-size:16px;\"><strong>-&Aacute;llithat&oacute; szell\u0151z\u0151 rendszer a sisak &aacute;llr&eacute;sz&eacute;n &eacute;s a fejtet\u0151n.&nbsp;<\/strong><\/span><\/div>\n<div><\/div>\n<div><span style=\"font-size:16px;\"><strong>&#8211; Be&eacute;p&iacute;tett orr p&aacute;ra-l&eacute;gterel\u0151 bet&eacute;t ami nem engedi hogy a kil&eacute;legzett leveg\u0151 a buk&oacute;sisak plexij&eacute;n az orr&eacute;szn&eacute;l p&aacute;r&aacute;sod&aacute;st okozzon.&nbsp;<\/strong><\/span><\/div>\n<div><\/div>\n<div><span style=\"font-size:16px;\"><strong>&#8211;<span style=\"color:#FF0000;\">Szem&uuml;vegbar&aacute;t<\/span> bels\u0151 kialak&iacute;t&aacute;s.&nbsp;<\/strong><\/span><\/div>\n<div><\/div>\n<div><span style=\"font-size:16px;\"><strong>-Racsnis gyors z&aacute;r rozsdamentes ac&eacute;lb&oacute;l.<\/strong><\/span><\/div>\n<div><\/div>\n<div><span style=\"font-size:16px;\"><strong>-UV v&eacute;d\u0151 bevonat&nbsp;<\/strong><\/span><\/div>\n<div><\/div>\n<div><span style=\"font-size:16px;\"><strong>-A buk&oacute;sisak bels\u0151 r&eacute;sze&nbsp;a<span style=\"color:#FF0000;\"> kommunik&aacute;ci&oacute;s rendszerek telep&iacute;t&eacute;s&eacute;re alkalmas<\/span>.&nbsp;<\/strong><\/span><\/div>\n<div><\/div>\n<div><span style=\"font-size:16px;\"><strong>&#8211;<span style=\"color:#FF0000;\">&Uuml;vegsz&aacute;l <\/span>sisakh&eacute;j<\/strong><\/span><\/div>\n<div><\/div>\n<div><span style=\"font-size:16px;\"><strong>-Aerodinamikailag optimaliz&aacute;lt sisakh&eacute;j<\/strong><\/span><\/div>\n<div><\/div>\n<div><span style=\"font-size:16px;\"><strong>-V&iacute;ztiszta karc&aacute;ll&oacute; UV v&eacute;dett plexivel.&nbsp;<\/strong><\/span><\/div>\n<div><\/div>\n<div><span style=\"font-size:16px;\"><strong>-A plexi Pinlock&reg; p&aacute;ramentes&iacute;t\u0151 bet&eacute;t el\u0151k&eacute;sz&iacute;t&eacute;ssel rendelkezik.&nbsp;<\/strong><\/span><\/div>\n<div><\/div>\n<div><span style=\"font-size:16px;\"><strong>-Gyors, szersz&aacute;m n&eacute;lk&uuml;li plexi csere.&nbsp;<\/strong><\/span><\/div>\n<div><\/div>\n<div><\/div>\n<div><span style=\"font-size:16px;\"><strong><span style=\"color:#FF0000;\">Figyelem! <\/span>Mind&ouml;ssze 1500 g (+\/- 50 g)<\/strong><\/span><\/div>\n<div><\/div>\n<div><\/div>\n<div><span style=\"font-size:16px;\"><strong>M&eacute;retek:&nbsp;<\/strong><\/span><span style=\"font-size:16px;\"><strong>XS, S, M, L, XL, 2XL<\/strong><\/span><\/div>\n<div><\/div>\n<div><strong style=\"font-family: Roboto, sans-serif; font-size: 16px; box-sizing: border-box; max-width: 100%;\">Haszn&aacute;lati &eacute;s kezel&eacute;si &uacute;tmutat&oacute; a term&eacute;khez el&eacute;rhet\u0151 ide kattintva:&nbsp;<a href=\"https:\/\/darazsgarazs.hu\/index.php\/termek\/bukosisak-hasznalati-kezelesi-utmutato.1408.html\" style=\"color: rgb(35, 82, 124); box-sizing: border-box; background-color: transparent; outline: -webkit-focus-ring-color auto 5px; outline-offset: -2px; max-width: 100%;\">https:\/\/darazsgarazs.hu\/index.php\/termek\/bukosisak-hasznalati-kezelesi-utmutato.1408.html<\/a><\/strong><\/div>\n","protected":false},"excerpt":{"rendered":"<p>A felnyithat&oacute; buk&oacute;sisakok k&ouml;z&ouml;tt kifejezetten k&ouml;nny&uuml; &Uuml;vegsz&aacute;l h&eacute;jszerkezet.&nbsp;Kompakt, j&oacute; megjelen&eacute;s\u0171&nbsp;kis h&eacute;jm&eacute;ret\u0171 sisak. A kis h&eacute;jm&eacute;ret ellen&eacute;re az &uuml;vegsz&aacute;l h&eacute;jszerkezet t&ouml;k&eacute;letes [&hellip;]<\/p>\n","protected":false},"featured_media":104378,"template":"","meta":{"site-sidebar-layout":"default","site-content-layout":"","ast-site-content-layout":"default","site-content-style":"default","site-sidebar-style":"default","ast-global-header-display":"","ast-banner-title-visibility":"","ast-main-header-display":"","ast-hfb-above-header-display":"","ast-hfb-below-header-display":"","ast-hfb-mobile-header-display":"","site-post-title":"","ast-breadcrumbs-content":"","ast-featured-img":"","footer-sml-layout":"","ast-disable-related-posts":"","theme-transparent-header-meta":"","adv-header-id-meta":"","stick-header-meta":"","header-above-stick-meta":"","header-main-stick-meta":"","header-below-stick-meta":"","astra-migrate-meta-layouts":"default","ast-page-background-enabled":"default","ast-page-background-meta":{"desktop":{"background-color":"var(--ast-global-color-5)","background-image":"","background-repeat":"repeat","background-position":"center center","background-size":"auto","background-attachment":"scroll","background-type":"","background-media":"","overlay-type":"","overlay-color":"","overlay-opacity":"","overlay-gradient":""},"tablet":{"background-color":"","background-image":"","background-repeat":"repeat","background-position":"center center","background-size":"auto","background-attachment":"scroll","background-type":"","background-media":"","overlay-type":"","overlay-color":"","overlay-opacity":"","overlay-gradient":""},"mobile":{"background-color":"","background-image":"","background-repeat":"repeat","background-position":"center center","background-size":"auto","background-attachment":"scroll","background-type":"","background-media":"","overlay-type":"","overlay-color":"","overlay-opacity":"","overlay-gradient":""}},"ast-content-background-meta":{"desktop":{"background-color":"var(--ast-global-color-4)","background-image":"","background-repeat":"repeat","background-position":"center center","background-size":"auto","background-attachment":"scroll","background-type":"","background-media":"","overlay-type":"","overlay-color":"","overlay-opacity":"","overlay-gradient":""},"tablet":{"background-color":"var(--ast-global-color-4)","background-image":"","background-repeat":"repeat","background-position":"center center","background-size":"auto","background-attachment":"scroll","background-type":"","background-media":"","overlay-type":"","overlay-color":"","overlay-opacity":"","overlay-gradient":""},"mobile":{"background-color":"var(--ast-global-color-4)","background-image":"","background-repeat":"repeat","background-position":"center center","background-size":"auto","background-attachment":"scroll","background-type":"","background-media":"","overlay-type":"","overlay-color":"","overlay-opacity":"","overlay-gradient":""}}},"product_brand":[],"product_cat":[121,123,122],"product_tag":[],"class_list":{"0":"post-110173","1":"product","2":"type-product","3":"status-publish","4":"has-post-thumbnail","6":"product_cat-bukosisakok","7":"product_cat-nyithato-bukosisakok","8":"product_cat-nyitott","9":"desktop-align-left","10":"tablet-align-left","11":"mobile-align-left","13":"first","14":"instock","15":"sale","16":"shipping-taxable","17":"purchasable","18":"product-type-simple"},"jetpack_sharing_enabled":true,"_links":{"self":[{"href":"https:\/\/zatureczkimarcell.ddns.net\/wordpress\/wp-json\/wp\/v2\/product\/110173","targetHints":{"allow":["GET"]}}],"collection":[{"href":"https:\/\/zatureczkimarcell.ddns.net\/wordpress\/wp-json\/wp\/v2\/product"}],"about":[{"href":"https:\/\/zatureczkimarcell.ddns.net\/wordpress\/wp-json\/wp\/v2\/types\/product"}],"wp:featuredmedia":[{"embeddable":true,"href":"https:\/\/zatureczkimarcell.ddns.net\/wordpress\/wp-json\/wp\/v2\/media\/104378"}],"wp:attachment":[{"href":"https:\/\/zatureczkimarcell.ddns.net\/wordpress\/wp-json\/wp\/v2\/media?parent=110173"}],"wp:term":[{"taxonomy":"product_brand","embeddable":true,"href":"https:\/\/zatureczkimarcell.ddns.net\/wordpress\/wp-json\/wp\/v2\/product_brand?post=110173"},{"taxonomy":"product_cat","embeddable":true,"href":"https:\/\/zatureczkimarcell.ddns.net\/wordpress\/wp-json\/wp\/v2\/product_cat?post=110173"},{"taxonomy":"product_tag","embeddable":true,"href":"https:\/\/zatureczkimarcell.ddns.net\/wordpress\/wp-json\/wp\/v2\/product_tag?post=110173"}],"curies":[{"name":"wp","href":"https:\/\/api.w.org\/{rel}","templated":true}]}}