{"id":110162,"date":"2026-04-01T10:47:56","date_gmt":"2026-04-01T08:47:56","guid":{"rendered":"https:\/\/zatureczkimarcell.ddns.net\/wordpress\/?post_type=product&#038;p=110162"},"modified":"2026-04-01T10:48:20","modified_gmt":"2026-04-01T08:48:20","slug":"hasznalati-kezelesi-utmutato-protektorokhoz","status":"publish","type":"product","link":"https:\/\/zatureczkimarcell.ddns.net\/wordpress\/termek\/hasznalati-kezelesi-utmutato-protektorokhoz\/","title":{"rendered":"Haszn\u00e1lati kezel\u00e9si \u00fatmutat\u00f3 protektorokhoz"},"content":{"rendered":"<p><strong>Mindig v&aacute;lassz a motoros ruh&aacute;zatodba t&ouml;k&eacute;letesen illeszked\u0151 v&eacute;d\u0151felszerel&eacute;st.&nbsp;<\/strong><\/p>\n<p><strong>A k&uuml;l&ouml;n felvehet\u0151 protektorok eset&eacute;ben mindig r&ouml;gz&iacute;tsd megfelel\u0151en a term&eacute;ket visel&eacute;s sor&aacute;n.&nbsp;<\/strong><\/p>\n<p><strong>Motoros ruh&aacute;zat tiszt&iacute;t&aacute;sakor minden esetben t&aacute;vol&iacute;tsd el a ruh&aacute;zatodban l&eacute;v\u0151 protektorokat.&nbsp;<\/strong><\/p>\n<p><strong>Tisz&iacute;t&aacute;suk langyos v&iacute;zzel. Ker&uuml;lni kell a vegyszeres tiszt&iacute;t&aacute;st, mert az k&aacute;ros&iacute;thatja a protektorokat.&nbsp;<\/strong><\/p>\n<p><strong>Ne tedd ki a protektort k&ouml;zvetlen sug&aacute;rz&oacute; h\u0151 hat&aacute;s&aacute;nak .<\/strong><\/p>\n<p><strong>Egy esetlegesen bek&ouml;vetkez\u0151 baleset ut&aacute;n, vizsg&aacute;ld meg a protektorokat hogy azok tov&aacute;bb haszn&aacute;lhat&oacute;ak e <em>(jellemz\u0151en a j&oacute; min\u0151s&eacute;g\u0171&nbsp;&uuml;t&eacute;selnyel\u0151 protektorok t&ouml;bb es&eacute;s sor&aacute;n is v&eacute;delmet ny&uacute;jtanak) <\/em>vagy, le kell \u0151ket cser&eacute;lned&nbsp;hogy k&eacute;s\u0151bb is ell&aacute;ss&aacute;k v&eacute;delmi feladatukat.&nbsp;<\/strong><\/p>\n<p><strong>Ne haszn&aacute;lj s&eacute;r&uuml;lt vagy k&aacute;rosodott protektort.&nbsp;<\/strong><\/p>\n<p><strong>Egyes protektorok tartalmazhatnak f&eacute;m alkatr&eacute;szeket&nbsp;(pl. T&eacute;rdprotektor csukl&oacute;s r&eacute;sz&eacute;nek r&ouml;gz&iacute;t&eacute;sei) . &Uuml;gyeljen r&aacute;, hogy ezek a f&eacute;m alkatr&eacute;szek ne &eacute;rintkezzenek a motorker&eacute;kp&aacute;rral, mert k&aacute;ros&iacute;thatj&aacute;k annak burkolat&aacute;t-f&eacute;nyezett r&eacute;szeit.&nbsp;<\/strong><\/p><\/p>\n","protected":false},"excerpt":{"rendered":"<p>Mindig v&aacute;lassz a motoros ruh&aacute;zatodba t&ouml;k&eacute;letesen illeszked\u0151 v&eacute;d\u0151felszerel&eacute;st.&nbsp; A k&uuml;l&ouml;n felvehet\u0151 protektorok eset&eacute;ben mindig r&ouml;gz&iacute;tsd megfelel\u0151en a term&eacute;ket visel&eacute;s sor&aacute;n.&nbsp; [&hellip;]<\/p>\n","protected":false},"featured_media":108668,"template":"","meta":{"site-sidebar-layout":"default","site-content-layout":"","ast-site-content-layout":"default","site-content-style":"default","site-sidebar-style":"default","ast-global-header-display":"","ast-banner-title-visibility":"","ast-main-header-display":"","ast-hfb-above-header-display":"","ast-hfb-below-header-display":"","ast-hfb-mobile-header-display":"","site-post-title":"","ast-breadcrumbs-content":"","ast-featured-img":"","footer-sml-layout":"","ast-disable-related-posts":"","theme-transparent-header-meta":"","adv-header-id-meta":"","stick-header-meta":"","header-above-stick-meta":"","header-main-stick-meta":"","header-below-stick-meta":"","astra-migrate-meta-layouts":"default","ast-page-background-enabled":"default","ast-page-background-meta":{"desktop":{"background-color":"var(--ast-global-color-5)","background-image":"","background-repeat":"repeat","background-position":"center center","background-size":"auto","background-attachment":"scroll","background-type":"","background-media":"","overlay-type":"","overlay-color":"","overlay-opacity":"","overlay-gradient":""},"tablet":{"background-color":"","background-image":"","background-repeat":"repeat","background-position":"center center","background-size":"auto","background-attachment":"scroll","background-type":"","background-media":"","overlay-type":"","overlay-color":"","overlay-opacity":"","overlay-gradient":""},"mobile":{"background-color":"","background-image":"","background-repeat":"repeat","background-position":"center center","background-size":"auto","background-attachment":"scroll","background-type":"","background-media":"","overlay-type":"","overlay-color":"","overlay-opacity":"","overlay-gradient":""}},"ast-content-background-meta":{"desktop":{"background-color":"var(--ast-global-color-4)","background-image":"","background-repeat":"repeat","background-position":"center center","background-size":"auto","background-attachment":"scroll","background-type":"","background-media":"","overlay-type":"","overlay-color":"","overlay-opacity":"","overlay-gradient":""},"tablet":{"background-color":"var(--ast-global-color-4)","background-image":"","background-repeat":"repeat","background-position":"center center","background-size":"auto","background-attachment":"scroll","background-type":"","background-media":"","overlay-type":"","overlay-color":"","overlay-opacity":"","overlay-gradient":""},"mobile":{"background-color":"var(--ast-global-color-4)","background-image":"","background-repeat":"repeat","background-position":"center center","background-size":"auto","background-attachment":"scroll","background-type":"","background-media":"","overlay-type":"","overlay-color":"","overlay-opacity":"","overlay-gradient":""}}},"product_brand":[],"product_cat":[130],"product_tag":[],"class_list":{"0":"post-110162","1":"product","2":"type-product","3":"status-publish","4":"has-post-thumbnail","6":"product_cat-protektorok","7":"desktop-align-left","8":"tablet-align-left","9":"mobile-align-left","11":"first","12":"instock","13":"shipping-taxable","14":"product-type-simple"},"jetpack_sharing_enabled":true,"_links":{"self":[{"href":"https:\/\/zatureczkimarcell.ddns.net\/wordpress\/wp-json\/wp\/v2\/product\/110162","targetHints":{"allow":["GET"]}}],"collection":[{"href":"https:\/\/zatureczkimarcell.ddns.net\/wordpress\/wp-json\/wp\/v2\/product"}],"about":[{"href":"https:\/\/zatureczkimarcell.ddns.net\/wordpress\/wp-json\/wp\/v2\/types\/product"}],"wp:featuredmedia":[{"embeddable":true,"href":"https:\/\/zatureczkimarcell.ddns.net\/wordpress\/wp-json\/wp\/v2\/media\/108668"}],"wp:attachment":[{"href":"https:\/\/zatureczkimarcell.ddns.net\/wordpress\/wp-json\/wp\/v2\/media?parent=110162"}],"wp:term":[{"taxonomy":"product_brand","embeddable":true,"href":"https:\/\/zatureczkimarcell.ddns.net\/wordpress\/wp-json\/wp\/v2\/product_brand?post=110162"},{"taxonomy":"product_cat","embeddable":true,"href":"https:\/\/zatureczkimarcell.ddns.net\/wordpress\/wp-json\/wp\/v2\/product_cat?post=110162"},{"taxonomy":"product_tag","embeddable":true,"href":"https:\/\/zatureczkimarcell.ddns.net\/wordpress\/wp-json\/wp\/v2\/product_tag?post=110162"}],"curies":[{"name":"wp","href":"https:\/\/api.w.org\/{rel}","templated":true}]}}