{"id":110160,"date":"2026-04-01T10:47:54","date_gmt":"2026-04-01T08:47:54","guid":{"rendered":"https:\/\/zatureczkimarcell.ddns.net\/wordpress\/?post_type=product&#038;p=110160"},"modified":"2026-04-01T10:48:19","modified_gmt":"2026-04-01T08:48:19","slug":"hasznalati-kezelesi-utmutato-ponyvak","status":"publish","type":"product","link":"https:\/\/zatureczkimarcell.ddns.net\/wordpress\/termek\/hasznalati-kezelesi-utmutato-ponyvak\/","title":{"rendered":"Haszn\u00e1lati kezel\u00e9si \u00fatmutat\u00f3 Ponyv\u00e1k"},"content":{"rendered":"<p><strong>Mindig v&aacute;lassz motorker&eacute;kp&aacute;rod m&eacute;ret&eacute;hez megfelel\u0151 takar&oacute;ponyv&aacute;t.&nbsp;<\/strong><\/p>\n<p><strong>A ponyv&aacute;t r&ouml;gz&iacute;tsd biztons&aacute;gosan a motorker&eacute;kp&aacute;ron.&nbsp;<\/strong><\/p>\n<p><strong>A felhelyez&eacute;s sor&aacute;n, ker&uuml;ld a ponyva &eacute;rintkez&eacute;s&eacute;t a forr&oacute; alkatr&eacute;szekkel (motorblokk, kipufog&oacute;, stb.)&nbsp;<\/strong><\/p>\n<p><strong>A felhelyez&eacute;skor &eacute;s a ponyva elt&aacute;vol&iacute;t&aacute;sakor &uuml;gyelj a ki&aacute;ll&oacute; alkatr&eacute;szekre (t&uuml;k&ouml;r, l&aacute;btart&oacute;, csomagtart&oacute;, ir&aacute;nyjelz\u0151k, stb) mert ezekben megakadva, a ponyva megs&eacute;r&uuml;lhet.&nbsp;<\/strong><\/p>\n<p><strong>T&aacute;rold haszn&aacute;laton k&iacute;v&uuml;l, sz&aacute;raz helyen a takar&oacute;ponyv&aacute;t.<\/strong><\/p><\/p>\n","protected":false},"excerpt":{"rendered":"<p>Mindig v&aacute;lassz motorker&eacute;kp&aacute;rod m&eacute;ret&eacute;hez megfelel\u0151 takar&oacute;ponyv&aacute;t.&nbsp; A ponyv&aacute;t r&ouml;gz&iacute;tsd biztons&aacute;gosan a motorker&eacute;kp&aacute;ron.&nbsp; A felhelyez&eacute;s sor&aacute;n, ker&uuml;ld a ponyva &eacute;rintkez&eacute;s&eacute;t a [&hellip;]<\/p>\n","protected":false},"featured_media":105275,"template":"","meta":{"site-sidebar-layout":"default","site-content-layout":"","ast-site-content-layout":"default","site-content-style":"default","site-sidebar-style":"default","ast-global-header-display":"","ast-banner-title-visibility":"","ast-main-header-display":"","ast-hfb-above-header-display":"","ast-hfb-below-header-display":"","ast-hfb-mobile-header-display":"","site-post-title":"","ast-breadcrumbs-content":"","ast-featured-img":"","footer-sml-layout":"","ast-disable-related-posts":"","theme-transparent-header-meta":"","adv-header-id-meta":"","stick-header-meta":"","header-above-stick-meta":"","header-main-stick-meta":"","header-below-stick-meta":"","astra-migrate-meta-layouts":"default","ast-page-background-enabled":"default","ast-page-background-meta":{"desktop":{"background-color":"var(--ast-global-color-5)","background-image":"","background-repeat":"repeat","background-position":"center center","background-size":"auto","background-attachment":"scroll","background-type":"","background-media":"","overlay-type":"","overlay-color":"","overlay-opacity":"","overlay-gradient":""},"tablet":{"background-color":"","background-image":"","background-repeat":"repeat","background-position":"center center","background-size":"auto","background-attachment":"scroll","background-type":"","background-media":"","overlay-type":"","overlay-color":"","overlay-opacity":"","overlay-gradient":""},"mobile":{"background-color":"","background-image":"","background-repeat":"repeat","background-position":"center center","background-size":"auto","background-attachment":"scroll","background-type":"","background-media":"","overlay-type":"","overlay-color":"","overlay-opacity":"","overlay-gradient":""}},"ast-content-background-meta":{"desktop":{"background-color":"var(--ast-global-color-4)","background-image":"","background-repeat":"repeat","background-position":"center center","background-size":"auto","background-attachment":"scroll","background-type":"","background-media":"","overlay-type":"","overlay-color":"","overlay-opacity":"","overlay-gradient":""},"tablet":{"background-color":"var(--ast-global-color-4)","background-image":"","background-repeat":"repeat","background-position":"center center","background-size":"auto","background-attachment":"scroll","background-type":"","background-media":"","overlay-type":"","overlay-color":"","overlay-opacity":"","overlay-gradient":""},"mobile":{"background-color":"var(--ast-global-color-4)","background-image":"","background-repeat":"repeat","background-position":"center center","background-size":"auto","background-attachment":"scroll","background-type":"","background-media":"","overlay-type":"","overlay-color":"","overlay-opacity":"","overlay-gradient":""}}},"product_brand":[],"product_cat":[128],"product_tag":[],"class_list":{"0":"post-110160","1":"product","2":"type-product","3":"status-publish","4":"has-post-thumbnail","6":"product_cat-tarolas-ponyvak","7":"desktop-align-left","8":"tablet-align-left","9":"mobile-align-left","11":"first","12":"instock","13":"shipping-taxable","14":"product-type-simple"},"jetpack_sharing_enabled":true,"_links":{"self":[{"href":"https:\/\/zatureczkimarcell.ddns.net\/wordpress\/wp-json\/wp\/v2\/product\/110160","targetHints":{"allow":["GET"]}}],"collection":[{"href":"https:\/\/zatureczkimarcell.ddns.net\/wordpress\/wp-json\/wp\/v2\/product"}],"about":[{"href":"https:\/\/zatureczkimarcell.ddns.net\/wordpress\/wp-json\/wp\/v2\/types\/product"}],"wp:featuredmedia":[{"embeddable":true,"href":"https:\/\/zatureczkimarcell.ddns.net\/wordpress\/wp-json\/wp\/v2\/media\/105275"}],"wp:attachment":[{"href":"https:\/\/zatureczkimarcell.ddns.net\/wordpress\/wp-json\/wp\/v2\/media?parent=110160"}],"wp:term":[{"taxonomy":"product_brand","embeddable":true,"href":"https:\/\/zatureczkimarcell.ddns.net\/wordpress\/wp-json\/wp\/v2\/product_brand?post=110160"},{"taxonomy":"product_cat","embeddable":true,"href":"https:\/\/zatureczkimarcell.ddns.net\/wordpress\/wp-json\/wp\/v2\/product_cat?post=110160"},{"taxonomy":"product_tag","embeddable":true,"href":"https:\/\/zatureczkimarcell.ddns.net\/wordpress\/wp-json\/wp\/v2\/product_tag?post=110160"}],"curies":[{"name":"wp","href":"https:\/\/api.w.org\/{rel}","templated":true}]}}