{"id":110159,"date":"2026-04-01T10:47:53","date_gmt":"2026-04-01T08:47:53","guid":{"rendered":"https:\/\/zatureczkimarcell.ddns.net\/wordpress\/?post_type=product&#038;p=110159"},"modified":"2026-04-01T10:48:18","modified_gmt":"2026-04-01T08:48:18","slug":"hasznalati-kezelesi-utmutato-bukosisakokhoz","status":"publish","type":"product","link":"https:\/\/zatureczkimarcell.ddns.net\/wordpress\/termek\/hasznalati-kezelesi-utmutato-bukosisakokhoz\/","title":{"rendered":"Haszn\u00e1lati kezel\u00e9si \u00fatmutat\u00f3 buk\u00f3sisakokhoz"},"content":{"rendered":"<p><strong>BIZTONS&Aacute;GI FIGYELMEZTET&Eacute;SEK &Eacute;S A SISAK HASZN&Aacute;LAT&Aacute;RA vonatkoz&oacute;&nbsp;FIGYELMEZTET&Eacute;S &#8211; K&eacute;rj&uuml;k, sz&aacute;njon id\u0151t a Haszn&aacute;lati &eacute;s kezel&eacute;si &uacute;tmutat&oacute; tanulm&aacute;nyoz&aacute;s&aacute;ra annak &eacute;rdek&eacute;ben, hogy az &ouml;n &aacute;ltal v&aacute;s&aacute;rolt buk&oacute;sisak mindig a lehet\u0151 legnagyobb v&eacute;delmet tudja biztos&iacute;tani &Ouml;nnek a motoroz&aacute;s sor&aacute;n. &#8211; Az &uacute;tmutat&oacute; tanulm&aacute;nyoz&aacute;s&aacute;nak hi&aacute;ny&aacute;ban el\u0151fordulhat, hogy &ouml;n nem megfelel\u0151en haszn&aacute;lja a buk&oacute;sisakot, &eacute;s &iacute;gy az nem k&eacute;pes maxim&aacute;lisan ell&aacute;tni feladat&aacute;t, megv&eacute;deni visel\u0151j&eacute;t a s&eacute;r&uuml;l&eacute;sekt\u0151l.<\/strong><\/p>\n<p><strong>&#8211; Baleset eset&eacute;n a buk&oacute;sisak v&eacute;delmet ny&uacute;jt visel\u0151je sz&aacute;m&aacute;ra, cs&ouml;kkenti a fejs&eacute;r&uuml;l&eacute;s es&eacute;ly&eacute;t illetve m&eacute;rt&eacute;k&eacute;t. A balesetek sor&aacute;n fell&eacute;p\u0151 er\u0151hat&aacute;sokkal szemben azonban nem mindig k&eacute;pes teljes v&eacute;delmet ny&uacute;jtani, visel&eacute;se nem minden esetben v&eacute;d meg a s&uacute;lyos vagy ak&aacute;r hal&aacute;los s&eacute;r&uuml;l&eacute;sekt\u0151l. Mindig motorozzon &oacute;vatosan! &#8211; Soha ne motorozzon buk&oacute;sisak n&eacute;lk&uuml;l! A sisakot mindig csatolja be, mert csak &iacute;gy tudja ell&aacute;tni v&eacute;d\u0151funkci&oacute;j&aacute;t! <\/strong><\/p>\n<p><strong>&#8211; A sisak tomp&iacute;tja a k&ouml;rnyezeti zajokat, ez&eacute;rt mindig figyeljen a k&ouml;zleked&eacute;s szempontj&aacute;b&oacute;l fontos hangokra (duda, szir&eacute;na stb.). &#8211; Mindig tartsa t&aacute;vol a sisakot a h\u0151forr&aacute;sokt&oacute;l (kipufog&oacute;, motorker&eacute;kp&aacute;r h&aacute;ts&oacute; &uuml;l&eacute;se, &aacute;ll&oacute; j&aacute;rm\u0171vek utastere stb.). <\/strong><\/p>\n<p><strong>&#8211; A buk&oacute;sisak alkatr&eacute;szeit tilos leszerelni, m&oacute;dos&iacute;tani vagy megrong&aacute;lni! Kiz&aacute;r&oacute;lag az adott modellhez k&eacute;sz&iacute;tett illetve javasolt kieg&eacute;sz&iacute;t\u0151ket &eacute;s tartal&eacute;k alkatr&eacute;szeket haszn&aacute;ljon! &#8211; B&aacute;rmilyen balesetet vagy a sisakot &eacute;r\u0151 jelent\u0151s er\u0151hat&aacute;st k&ouml;vet\u0151en a sisakot ki kell cser&eacute;lni, akkor is, ha a s&eacute;r&uuml;l&eacute;sek nem l&aacute;that&oacute;k! &#8211;<\/strong><\/p>\n<p><strong>A MEGFELEL\u0150 M&Eacute;RET\u0170 BUK&Oacute;SISAK KIV&Aacute;LASZT&Aacute;SA M&Eacute;RET &#8211; Rendk&iacute;v&uuml;l fontos, hogy mindig megfelel\u0151 m&eacute;ret\u0171 buk&oacute;sisakot viseljen, mivel csak az k&eacute;pes a lehet\u0151 legjobb&nbsp;v&eacute;delmet ny&uacute;jtani egy buk&aacute;s vagy m&aacute;s motoros baleset eset&eacute;n. &#8211; A sisak m&eacute;ret&eacute;nek &eacute;s illeszked&eacute;s&eacute;nek ellen\u0151rz&eacute;s&eacute;hez vegye fel a sisakot &eacute;s megfelel\u0151en csatolja be az &aacute;llsz&iacute;jat. &#8211; Ellen\u0151rizze, hogy a sisak b&eacute;l&eacute;s&eacute;nek minden eleme szorosan, de nem k&eacute;nyelmetlen&uuml;l illeszkedik-e a fej&eacute;hez.&nbsp;<\/strong><\/p>\n<p><strong>Soha ne motorozzon &uacute;gy, hogy a sisak &aacute;llsz&iacute;ja nincs becsatolva vagy nincs megfelel\u0151en be&aacute;ll&iacute;tva. Az &aacute;llsz&iacute;jnak feszesen, de nem k&eacute;nyelmetlen&uuml;l kell illeszkednie az &aacute;llra, a torokhoz min&eacute;l k&ouml;zelebb elhelyezve. &#8211; Elindul&aacute;s el\u0151tt mindig csatolja be a sisak &aacute;llsz&iacute;j&aacute;t, &eacute;s ellen\u0151rizze, hogy az &aacute;llsz&iacute;j megfelel\u0151en van-e elhelyezve, illetve a csat megfelel\u0151en z&aacute;r-e! A sisak csak akkor tud megfelel\u0151 v&eacute;delmet ny&uacute;jtani, ha el\u0151&iacute;r&aacute;sszer\u0171en becsatolt&aacute;k, &eacute;s m&eacute;retben illik visel\u0151je fej&eacute;re. &#8211; A becsatolt &aacute;llsz&iacute;j &eacute;s az &aacute;ll k&ouml;z&ouml;tt max. egy ujjnyin&aacute;l kisebb r&eacute;s maradhat. Az &aacute;llsz&iacute;jnak nem szabad akad&aacute;lyoznia a l&eacute;gz&eacute;st &eacute;s a nyel&eacute;st.&nbsp; <\/strong><\/p>\n<p><strong>PLEXI &#8211; A s&eacute;r&uuml;lt illetve &ouml;sszekarcolt plexi jelent\u0151sen rontja a kil&aacute;t&aacute;st a sisakb&oacute;l. Az ilyen plexit le kell cser&eacute;lni. &#8211; Minden buk&oacute;sisakot csak a speci&aacute;lisan az adott modellhez gy&aacute;rtott plexivel szabad haszn&aacute;lni. &#8211; Ne fesse le a plexit semmilyen anyaggal &eacute;s ne ragasszon r&aacute; matric&aacute;kat. <\/strong><\/p>\n<p><strong>KARBANTART&Aacute;S &Eacute;S TISZT&Iacute;T&Aacute;S FIGYELMEZTET&Eacute;S B&aacute;rmilyen balesetet, buk&aacute;st, leejt&eacute;st, vagy egy&eacute;b, a sisakot &eacute;r\u0151 jelent\u0151s er\u0151hat&aacute;st k&ouml;vet\u0151en a sisakot le kell cser&eacute;lni.&nbsp;<\/strong><\/p>\n<p><strong>FIGYELMEZTET&Eacute;S: Egyes h&eacute;tk&ouml;znapi tiszt&iacute;t&oacute;szerek s&uacute;lyos, k&iacute;v&uuml;lr\u0151l nem l&aacute;that&oacute; roncsol&oacute;d&aacute;st okozhatnak a sisakban &eacute;s a plexiben. A tiszt&iacute;t&aacute;s&aacute;hoz kiz&aacute;r&oacute;lag langyos, tiszta&nbsp;vizet haszn&aacute;ljon , illetve<span style=\"color:#FF0000;\"> speci&aacute;lisan a buk&oacute;sisak tiszt&iacute;t&aacute;s&aacute;hoz k&eacute;sz&uuml;lt term&eacute;kekkel tiszt&iacute;tsa! A tiszt&iacute;t&aacute;shoz megfelel\u0151 term&eacute;k kiv&aacute;laszt&aacute;s&aacute;ban k&eacute;rje munkat&aacute;rsunk seg&iacute;ts&eacute;g&eacute;t.<\/span>&nbsp;Tiszt&iacute;t&aacute;s ut&aacute;n a sisakot\/plexit hagyja szobah\u0151m&eacute;rs&eacute;kleten megsz&aacute;radni, ne tegye ki k&ouml;zvetlen napf&eacute;nynek vagy magas h\u0151nek.<\/strong><\/p>\n<p><strong>FIGYELMEZTET&Eacute;S: Soha ne haszn&aacute;ljon &uuml;zemanyagot (benzint), benzolt, old&oacute;szert, h&iacute;g&iacute;t&oacute;szert vagy m&aacute;s hasonl&oacute; anyagot a buk&oacute;sisak &eacute;s a plexi tiszt&iacute;t&aacute;s&aacute;hoz! Ezek az anyagok s&uacute;lyos, k&iacute;v&uuml;lr\u0151l nem l&aacute;that&oacute;, helyrehozhatatlan k&aacute;rosod&aacute;st okozhatnak, aminek k&ouml;vetkezt&eacute;ben a sisak &eacute;s a plexi nem lesz k&eacute;pes t&ouml;k&eacute;letesen ell&aacute;tni feladat&aacute;t.&nbsp;<\/strong><\/p>\n<p><strong>Plex cser&eacute;je &#8211; &Ouml;sszeszerel&eacute;s ut&aacute;n gy\u0151z\u0151dj&ouml;n meg arr&oacute;l, hogy a mozgat&oacute;mechanizmus megfelel\u0151en m\u0171k&ouml;dik-e: csukja le, majd nyissa fel teljesen a plexit! &#8211; Ne haszn&aacute;lja a buk&oacute;sisakot, am&iacute;g a plexi nincs megfelel\u0151en visszaszerelve a hely&eacute;re! &#8211; Soha ne vegye le a forgat&oacute;mechanizmust az &aacute;llv&eacute;d\u0151r\u0151l! <\/strong><\/p>\n<p><strong>Be&eacute;p&iacute;tett napszem&uuml;vegekre vonatkoz&oacute; el\u0151&iacute;r&aacute;sok:<\/strong><\/p>\n<p><strong>&#8211; Kiz&aacute;r&oacute;lag a sisak oldal&aacute;n elhelyezett cs&uacute;szk&aacute;val mozgassa a&nbsp;napellenz\u0151t; k&eacute;zzel soha ne mozgassa! &#8211; A napellenz\u0151 kiz&aacute;r&oacute;lag nappal illetve a fent eml&iacute;tett id\u0151j&aacute;r&aacute;si k&ouml;r&uuml;lm&eacute;nyek eset&eacute;n haszn&aacute;lhat&oacute;. &#8211; S&ouml;t&eacute;tben illetve rossz l&aacute;t&aacute;si viszonyok k&ouml;z&ouml;tt TILOS HASZN&Aacute;LNI a&nbsp;napellenz\u0151t. &#8211; A buk&oacute;sisak haszn&aacute;lata k&ouml;zben mindig ellen\u0151rizze, hogy a napellenz\u0151 az id\u0151j&aacute;r&aacute;si &eacute;s f&eacute;nyviszonyoknak megfelel\u0151 poz&iacute;ci&oacute;ban van-e. &#8211; A &nbsp;be&eacute;p&iacute;tett napellenz\u0151 haszn&aacute;lata kiz&aacute;r&oacute;lag a buk&oacute;sisakhoz sz&eacute;riafelszerel&eacute;sk&eacute;nt adott, 80%-n&aacute;l nagyobb f&eacute;ny&aacute;tereszt\u0151 k&eacute;pess&eacute;g\u0171 plexivel javasolt. &#8211; A leengedett napellenz\u0151 nem biztos&iacute;t olyan fok&uacute; v&eacute;delmet, mint a buk&oacute;sisak plexije, ez&eacute;rt kiz&aacute;r&oacute;lag lehajtott plexivel szabad haszn&aacute;lni. &#8211; Minden elindul&aacute;s el\u0151tt ellen\u0151rizze, hogy a be&eacute;p&iacute;tett napellenz\u0151 tiszta-e &eacute;s megfelel\u0151en m\u0171k&ouml;dik-e. A nem megfelel\u0151en m\u0171k&ouml;d\u0151 napellenz\u0151 &ouml;sszekarcol&oacute;dhat vagy m&aacute;s s&eacute;r&uuml;l&eacute;seket szenvedhet. &#8211; K&eacute;rj&uuml;k, kiz&aacute;r&oacute;lag a fent eml&iacute;tett,&nbsp;le&iacute;rtak szerint tiszt&iacute;tsa a&nbsp; be&eacute;p&iacute;tett napellenz\u0151t &eacute;s a sisak plexij&eacute;t. &#8211; A&nbsp; napellenz\u0151&nbsp;karc&aacute;ll&oacute; &eacute;s p&aacute;ramentes bevonata jelent\u0151s m&eacute;rt&eacute;kben cs&ouml;kkenti a napellenz\u0151 p&aacute;r&aacute;sod&aacute;s&aacute;t. Hosszan tart&oacute; kedvez\u0151tlen id\u0151j&aacute;r&aacute;si k&ouml;r&uuml;lm&eacute;nyek eset&eacute;n elk&eacute;pzelhet\u0151, hogy p&aacute;r&aacute;sod&aacute;st &eacute;s\/vagy p&aacute;ralecsap&oacute;d&aacute;st tapasztal a&nbsp;napellenz\u0151n, ami rontja a kil&aacute;t&aacute;st a sisakb&oacute;l. Ilyen esetben azonnal hajtsa fel a napellenz\u0151t. &#8211; Gyorsan &eacute;s jelent\u0151sen romlik a kil&aacute;t&aacute;s a buk&oacute;sisakb&oacute;l, ha es\u0151ben motorozva v&iacute;zcseppek ker&uuml;lnek a&nbsp;napellenz\u0151re. Ilyen esetben azonnal hajtsa fel (h&uacute;zza vissza) a napellenz\u0151t. &#8211; A&nbsp;napellenz\u0151 speci&aacute;lis p&aacute;ramentes bevonata &eacute;rz&eacute;keny a magas h\u0151m&eacute;rs&eacute;kletre. Ha ilyen k&ouml;r&uuml;lm&eacute;nyek k&ouml;z&ouml;tt k&ouml;zvetlen kapcsolatba ker&uuml;l m&aacute;s anyagokkal, az a napellenz\u0151 szennyez\u0151d&eacute;s&eacute;t okozhatja, foltok jelenhetnek meg a napellenz\u0151 fel&uuml;let&eacute;n. Ilyen esetekben (pl. meleg id\u0151ben a motorra szerelt dobozban t&aacute;rolt sisak) figyeljen arra, hogy a napellenz\u0151 ne ker&uuml;lj&ouml;n k&ouml;zvetlen kapcsolatba semmilyen t&aacute;rggyal, anyaggal. &#8211; Ha a napellenz\u0151 nem m\u0171k&ouml;dik megfelel\u0151en, ne haszn&aacute;lja a sisakot.&nbsp;<\/strong><\/p>\n<\/p>\n<p><span style=\"font-size: 16px;\">A term&eacute;kek &eacute;lettartam&aacute;t a min\u0151s&eacute;gen k&iacute;v&uuml;l nagym&eacute;rt&eacute;kben befoly&aacute;solja a visel&eacute;s ut&aacute;ni rendszeres tiszt&iacute;t&aacute;s- &aacute;pol&aacute;s.&nbsp;<\/span><\/p>\n<p><span style=\"font-size: 16px;\">Fontos: A szakszer\u0171, gondos &aacute;pol&aacute;s hi&aacute;nya az esetleges eszt&eacute;tikai k&aacute;rosod&aacute;s mellett a term&eacute;kek anyagainak &ouml;reged&eacute;s&eacute;t is felgyors&iacute;tja, &iacute;gy azok id\u0151 el\u0151tti elhaszn&aacute;l&oacute;d&aacute;s&aacute;hoz vezethet, ami nem szavatoss&aacute;g -&eacute;rv&eacute;nyes&iacute;t&eacute;si jogalap.&nbsp;<\/span><\/p><\/p>\n","protected":false},"excerpt":{"rendered":"<p>BIZTONS&Aacute;GI FIGYELMEZTET&Eacute;SEK &Eacute;S A SISAK HASZN&Aacute;LAT&Aacute;RA vonatkoz&oacute;&nbsp;FIGYELMEZTET&Eacute;S &#8211; K&eacute;rj&uuml;k, sz&aacute;njon id\u0151t a Haszn&aacute;lati &eacute;s kezel&eacute;si &uacute;tmutat&oacute; tanulm&aacute;nyoz&aacute;s&aacute;ra annak &eacute;rdek&eacute;ben, hogy [&hellip;]<\/p>\n","protected":false},"featured_media":108146,"template":"","meta":{"site-sidebar-layout":"default","site-content-layout":"","ast-site-content-layout":"default","site-content-style":"default","site-sidebar-style":"default","ast-global-header-display":"","ast-banner-title-visibility":"","ast-main-header-display":"","ast-hfb-above-header-display":"","ast-hfb-below-header-display":"","ast-hfb-mobile-header-display":"","site-post-title":"","ast-breadcrumbs-content":"","ast-featured-img":"","footer-sml-layout":"","ast-disable-related-posts":"","theme-transparent-header-meta":"","adv-header-id-meta":"","stick-header-meta":"","header-above-stick-meta":"","header-main-stick-meta":"","header-below-stick-meta":"","astra-migrate-meta-layouts":"default","ast-page-background-enabled":"default","ast-page-background-meta":{"desktop":{"background-color":"var(--ast-global-color-5)","background-image":"","background-repeat":"repeat","background-position":"center center","background-size":"auto","background-attachment":"scroll","background-type":"","background-media":"","overlay-type":"","overlay-color":"","overlay-opacity":"","overlay-gradient":""},"tablet":{"background-color":"","background-image":"","background-repeat":"repeat","background-position":"center center","background-size":"auto","background-attachment":"scroll","background-type":"","background-media":"","overlay-type":"","overlay-color":"","overlay-opacity":"","overlay-gradient":""},"mobile":{"background-color":"","background-image":"","background-repeat":"repeat","background-position":"center center","background-size":"auto","background-attachment":"scroll","background-type":"","background-media":"","overlay-type":"","overlay-color":"","overlay-opacity":"","overlay-gradient":""}},"ast-content-background-meta":{"desktop":{"background-color":"var(--ast-global-color-4)","background-image":"","background-repeat":"repeat","background-position":"center center","background-size":"auto","background-attachment":"scroll","background-type":"","background-media":"","overlay-type":"","overlay-color":"","overlay-opacity":"","overlay-gradient":""},"tablet":{"background-color":"var(--ast-global-color-4)","background-image":"","background-repeat":"repeat","background-position":"center center","background-size":"auto","background-attachment":"scroll","background-type":"","background-media":"","overlay-type":"","overlay-color":"","overlay-opacity":"","overlay-gradient":""},"mobile":{"background-color":"var(--ast-global-color-4)","background-image":"","background-repeat":"repeat","background-position":"center center","background-size":"auto","background-attachment":"scroll","background-type":"","background-media":"","overlay-type":"","overlay-color":"","overlay-opacity":"","overlay-gradient":""}}},"product_brand":[],"product_cat":[121,123,122,150],"product_tag":[],"class_list":{"0":"post-110159","1":"product","2":"type-product","3":"status-publish","4":"has-post-thumbnail","6":"product_cat-bukosisakok","7":"product_cat-nyithato-bukosisakok","8":"product_cat-nyitott","9":"product_cat-zart-bukosisakok","10":"desktop-align-left","11":"tablet-align-left","12":"mobile-align-left","14":"first","15":"instock","16":"shipping-taxable","17":"product-type-simple"},"jetpack_sharing_enabled":true,"_links":{"self":[{"href":"https:\/\/zatureczkimarcell.ddns.net\/wordpress\/wp-json\/wp\/v2\/product\/110159","targetHints":{"allow":["GET"]}}],"collection":[{"href":"https:\/\/zatureczkimarcell.ddns.net\/wordpress\/wp-json\/wp\/v2\/product"}],"about":[{"href":"https:\/\/zatureczkimarcell.ddns.net\/wordpress\/wp-json\/wp\/v2\/types\/product"}],"wp:featuredmedia":[{"embeddable":true,"href":"https:\/\/zatureczkimarcell.ddns.net\/wordpress\/wp-json\/wp\/v2\/media\/108146"}],"wp:attachment":[{"href":"https:\/\/zatureczkimarcell.ddns.net\/wordpress\/wp-json\/wp\/v2\/media?parent=110159"}],"wp:term":[{"taxonomy":"product_brand","embeddable":true,"href":"https:\/\/zatureczkimarcell.ddns.net\/wordpress\/wp-json\/wp\/v2\/product_brand?post=110159"},{"taxonomy":"product_cat","embeddable":true,"href":"https:\/\/zatureczkimarcell.ddns.net\/wordpress\/wp-json\/wp\/v2\/product_cat?post=110159"},{"taxonomy":"product_tag","embeddable":true,"href":"https:\/\/zatureczkimarcell.ddns.net\/wordpress\/wp-json\/wp\/v2\/product_tag?post=110159"}],"curies":[{"name":"wp","href":"https:\/\/api.w.org\/{rel}","templated":true}]}}