{"id":110158,"date":"2026-04-01T10:47:53","date_gmt":"2026-04-01T08:47:53","guid":{"rendered":"https:\/\/zatureczkimarcell.ddns.net\/wordpress\/?post_type=product&#038;p=110158"},"modified":"2026-04-01T10:48:17","modified_gmt":"2026-04-01T08:48:17","slug":"sas-tec-level2-es-mellkas-vagy-csipovedo-protektor-par","status":"publish","type":"product","link":"https:\/\/zatureczkimarcell.ddns.net\/wordpress\/termek\/sas-tec-level2-es-mellkas-vagy-csipovedo-protektor-par\/","title":{"rendered":"SAS-TEC LEVEL2-es Mellkas vagy Cs\u00edp\u0151v\u00e9d\u0151 protektor p\u00e1r"},"content":{"rendered":"<div><span style=\"font-size:16px;\"><strong>K&eacute;nyelmes, val&oacute;di 3Dimenzi&oacute;s mozg&aacute;st lehet\u0151v&eacute; tev\u0151 &uuml;t&eacute;selnyel\u0151 mellkas vagy cs&iacute;p\u0151v&eacute;d\u0151 protektor p&aacute;r<\/strong><\/span><\/div>\n<div><span style=\"font-size:16px;\"><strong>Viszko-elasztikus l&aacute;gy hab, energiaelnyel\u0151 TPU beilleszt&eacute;ssel<\/strong><\/span><\/div>\n<div><span style=\"color:#FF0000;\"><span style=\"font-size:16px;\"><strong>A legmagasabb level 2-es biztons&aacute;gi szint!&nbsp;<\/strong><\/span><\/span><\/div>\n<div><span style=\"font-size:16px;\"><strong>Er\u0151teljesebb k&uuml;ls\u0151 behat&aacute;s ut&aacute;n is tov&aacute;bb haszn&aacute;lhat&oacute;, v&eacute;delmi funkci&oacute;j&aacute;t ugyan&uacute;gy megtartja.<\/strong><\/span><\/div>\n<div><span style=\"font-size:16px;\"><strong>A rajta l&eacute;v\u0151 ny&iacute;l&aacute;sok biztos&iacute;tj&aacute;k a kiv&aacute;l&oacute; szell\u0151z&eacute;st, &iacute;gy alatta sem izzad be a testfel&uuml;let.<\/strong><\/span><\/div>\n<div><span style=\"font-size:16px;\"><strong>Testh\u0151re l&aacute;gyul&oacute;, t&ouml;k&eacute;letes illeszked&eacute;st &eacute;s k&eacute;nyelmet garant&aacute;l&oacute; term&eacute;k&uuml;nk<\/strong><\/span><\/div>\n<div><span style=\"font-size:16px;\"><strong><span style=\"color:#FF0000;\">A maxim&aacute;lis LEVEL2-es v&eacute;delmet biztos&iacute;tja<\/span>, mindek&ouml;zben egy&aacute;ltal&aacute;n nem zavar&oacute;, motoros ruh&aacute;zatban &eacute;szrev&eacute;tlen&uuml;l, k&eacute;nyelmesen haszn&aacute;lhat&oacute; protektor.<\/strong><\/span><\/div>\n<div><span style=\"font-size:16px;\"><strong>Az &aacute;r p&aacute;rban &eacute;rtend\u0151<\/strong><\/span><\/div>\n<div><\/div>\n<div>\n<p style=\"font-family: Roboto, sans-serif; font-size: 16px; box-sizing: border-box; margin: 0px 0px 10px;\"><strong style=\"box-sizing: border-box; color: rgb(0, 0, 0); font-family: Arial, Helvetica, sans-serif;\">Koll&eacute;g&aacute;ink is a SAS-TEC protektorokat haszn&aacute;lj&aacute;k! V&eacute;lem&eacute;ny&uuml;ket a saj&aacute;t tesztel&eacute;s\u0171 term&eacute;kek men\u0171pont alatt olvashatod az al&aacute;bbi linkre kattintva :<a href=\"https:\/\/darazsgarazs.hu\/termek\/sas-tec-protektor.825.html\" style=\"color: rgb(51, 122, 183); box-sizing: border-box; background-color: transparent; text-decoration-line: none;\">https:\/\/darazsgarazs.hu\/termek\/sas-tec-protektor.825.html<\/a><\/strong><\/p>\n<p style=\"font-family: Roboto, sans-serif; font-size: 16px; box-sizing: border-box; margin: 0px 0px 10px;\">\n<p style=\"font-family: Roboto, sans-serif; font-size: 16px; box-sizing: border-box; margin: 0px 0px 10px;\"><strong style=\"box-sizing: border-box; max-width: 100%;\">Haszn&aacute;lati &eacute;s kezel&eacute;si &uacute;tmutat&oacute; a term&eacute;khez&nbsp;el&eacute;rhet\u0151 ide kattintva:&nbsp;<a href=\"https:\/\/darazsgarazs.hu\/index.php\/termek\/hasznalati-utmutato-protektorokhoz.1411.html\">https:\/\/darazsgarazs.hu\/index.php\/termek\/hasznalati-utmutato-protektorokhoz.1411.html<\/a><\/strong><\/p>\n<\/div>\n","protected":false},"excerpt":{"rendered":"<p>K&eacute;nyelmes, val&oacute;di 3Dimenzi&oacute;s mozg&aacute;st lehet\u0151v&eacute; tev\u0151 &uuml;t&eacute;selnyel\u0151 mellkas vagy cs&iacute;p\u0151v&eacute;d\u0151 protektor p&aacute;r Viszko-elasztikus l&aacute;gy hab, energiaelnyel\u0151 TPU beilleszt&eacute;ssel A legmagasabb [&hellip;]<\/p>\n","protected":false},"featured_media":105540,"template":"","meta":{"site-sidebar-layout":"default","site-content-layout":"","ast-site-content-layout":"default","site-content-style":"default","site-sidebar-style":"default","ast-global-header-display":"","ast-banner-title-visibility":"","ast-main-header-display":"","ast-hfb-above-header-display":"","ast-hfb-below-header-display":"","ast-hfb-mobile-header-display":"","site-post-title":"","ast-breadcrumbs-content":"","ast-featured-img":"","footer-sml-layout":"","ast-disable-related-posts":"","theme-transparent-header-meta":"","adv-header-id-meta":"","stick-header-meta":"","header-above-stick-meta":"","header-main-stick-meta":"","header-below-stick-meta":"","astra-migrate-meta-layouts":"default","ast-page-background-enabled":"default","ast-page-background-meta":{"desktop":{"background-color":"var(--ast-global-color-5)","background-image":"","background-repeat":"repeat","background-position":"center center","background-size":"auto","background-attachment":"scroll","background-type":"","background-media":"","overlay-type":"","overlay-color":"","overlay-opacity":"","overlay-gradient":""},"tablet":{"background-color":"","background-image":"","background-repeat":"repeat","background-position":"center center","background-size":"auto","background-attachment":"scroll","background-type":"","background-media":"","overlay-type":"","overlay-color":"","overlay-opacity":"","overlay-gradient":""},"mobile":{"background-color":"","background-image":"","background-repeat":"repeat","background-position":"center center","background-size":"auto","background-attachment":"scroll","background-type":"","background-media":"","overlay-type":"","overlay-color":"","overlay-opacity":"","overlay-gradient":""}},"ast-content-background-meta":{"desktop":{"background-color":"var(--ast-global-color-4)","background-image":"","background-repeat":"repeat","background-position":"center center","background-size":"auto","background-attachment":"scroll","background-type":"","background-media":"","overlay-type":"","overlay-color":"","overlay-opacity":"","overlay-gradient":""},"tablet":{"background-color":"var(--ast-global-color-4)","background-image":"","background-repeat":"repeat","background-position":"center center","background-size":"auto","background-attachment":"scroll","background-type":"","background-media":"","overlay-type":"","overlay-color":"","overlay-opacity":"","overlay-gradient":""},"mobile":{"background-color":"var(--ast-global-color-4)","background-image":"","background-repeat":"repeat","background-position":"center center","background-size":"auto","background-attachment":"scroll","background-type":"","background-media":"","overlay-type":"","overlay-color":"","overlay-opacity":"","overlay-gradient":""}}},"product_brand":[],"product_cat":[130],"product_tag":[],"class_list":{"0":"post-110158","1":"product","2":"type-product","3":"status-publish","4":"has-post-thumbnail","6":"product_cat-protektorok","7":"desktop-align-left","8":"tablet-align-left","9":"mobile-align-left","11":"first","12":"instock","13":"shipping-taxable","14":"purchasable","15":"product-type-simple"},"jetpack_sharing_enabled":true,"_links":{"self":[{"href":"https:\/\/zatureczkimarcell.ddns.net\/wordpress\/wp-json\/wp\/v2\/product\/110158","targetHints":{"allow":["GET"]}}],"collection":[{"href":"https:\/\/zatureczkimarcell.ddns.net\/wordpress\/wp-json\/wp\/v2\/product"}],"about":[{"href":"https:\/\/zatureczkimarcell.ddns.net\/wordpress\/wp-json\/wp\/v2\/types\/product"}],"wp:featuredmedia":[{"embeddable":true,"href":"https:\/\/zatureczkimarcell.ddns.net\/wordpress\/wp-json\/wp\/v2\/media\/105540"}],"wp:attachment":[{"href":"https:\/\/zatureczkimarcell.ddns.net\/wordpress\/wp-json\/wp\/v2\/media?parent=110158"}],"wp:term":[{"taxonomy":"product_brand","embeddable":true,"href":"https:\/\/zatureczkimarcell.ddns.net\/wordpress\/wp-json\/wp\/v2\/product_brand?post=110158"},{"taxonomy":"product_cat","embeddable":true,"href":"https:\/\/zatureczkimarcell.ddns.net\/wordpress\/wp-json\/wp\/v2\/product_cat?post=110158"},{"taxonomy":"product_tag","embeddable":true,"href":"https:\/\/zatureczkimarcell.ddns.net\/wordpress\/wp-json\/wp\/v2\/product_tag?post=110158"}],"curies":[{"name":"wp","href":"https:\/\/api.w.org\/{rel}","templated":true}]}}