{"id":110150,"date":"2026-04-01T10:47:28","date_gmt":"2026-04-01T08:47:28","guid":{"rendered":"https:\/\/zatureczkimarcell.ddns.net\/wordpress\/?post_type=product&#038;p=110150"},"modified":"2026-04-01T10:48:12","modified_gmt":"2026-04-01T08:48:12","slug":"forcefield-gtech-tube-ruhazat-alatti-terdprotektor-level-2","status":"publish","type":"product","link":"https:\/\/zatureczkimarcell.ddns.net\/wordpress\/termek\/forcefield-gtech-tube-ruhazat-alatti-terdprotektor-level-2\/","title":{"rendered":"Forcefield GTech Tube ruh\u00e1zat alatti t\u00e9rdprotektor Level 2"},"content":{"rendered":"<div><strong><span style=\"font-size:16px;\">Forcefield GTech ruha alatt viselhet\u0151 Level2-es t&eacute;rdv&eacute;d\u0151 <\/span><\/strong><span style=\"font-size:16px;\"><em>(Jelenleg a Level 2 a legmagasabb v&eacute;delmi szabv&aacute;ny)<\/em><\/span><strong><span style=\"font-size:16px;\">&nbsp;&ndash; &uacute;jrahasznos&iacute;tott sz&ouml;vet felhaszn&aacute;l&aacute;s&aacute;val.<\/span><\/strong><\/div>\n<div><\/div>\n<div><strong><span style=\"font-size:16px;\">A Forcefieldt\u0151l megszokott biztons&aacute;g, k&eacute;nyelem, design &eacute;s min\u0151s&eacute;g mellett szeretn&eacute;nk mi is csatlakozni azon gy&aacute;rt&oacute;k k&ouml;z&eacute;, amelyek sz&aacute;m&aacute;ra fontos az &ouml;kol&oacute;giai felel\u0151ss&eacute;gv&aacute;llal&aacute;s.<\/span><\/strong><\/div>\n<div><\/div>\n<div><strong><span style=\"font-size:16px;\">Ezen ir&aacute;nyvonal ment&eacute;n bemutatjuk a GTech t&eacute;rd- &eacute;s k&ouml;ny&ouml;kv&eacute;d\u0151t, mely eset&eacute;n a protektorokat tartalmaz&oacute; al&aacute;&ouml;lt&ouml;z\u0151 nedvess&eacute;g elp&aacute;rologtat&oacute;, j&oacute;l szell\u0151z\u0151 anyaga &uacute;jrahasznos&iacute;tott sz&ouml;vet felhaszn&aacute;l&aacute;s&aacute;val k&eacute;sz&uuml;lt.<\/span><\/strong><\/div>\n<div><\/div>\n<div><strong><span style=\"font-size:16px;\">A k&ouml;rnyezet v&eacute;delme &eacute;rdek&eacute;ben az anyag gy&aacute;rt&aacute;sa sor&aacute;n mintegy 90%-kal kevesebb vizet haszn&aacute;lnak fel &eacute;s a kapcsol&oacute;d&oacute; sz&eacute;ndioxid kibocs&aacute;t&aacute;s is k&ouml;zel 80%-kal alacsonyabb mintha ugyanez a term&eacute;k norm&aacute;l, &uacute;jonnan el\u0151&aacute;ll&iacute;tott poli&eacute;szter sz&aacute;lb&oacute;l k&eacute;sz&uuml;lne. A term&eacute;k 100%-ban &uacute;jrahasznos&iacute;that&oacute;.<\/span><\/strong><\/div>\n<div><\/div>\n<div><strong><span style=\"font-size:16px;\">A term&eacute;k k&ouml;nny\u0171, rendk&iacute;v&uuml;l k&eacute;nyelmes, kompresszi&oacute;s illeszked&eacute;s\u0171, a benne tal&aacute;lhat&oacute; protektor megegyezik a PRO term&eacute;kcsal&aacute;d eset&eacute;ben felhaszn&aacute;ltakkal, hiszen a kedvez\u0151bb &aacute;rfekv&eacute;s a Forcefield eset&eacute;ben sosem mehet a biztons&aacute;g rov&aacute;s&aacute;ra.&nbsp;<\/span><\/strong><\/div>\n<div><\/div>\n<div><strong><span style=\"font-size:16px;\">A protektorok al&aacute;&ouml;lt&ouml;z\u0151 anyagba t&ouml;rt&eacute;n\u0151 integr&aacute;l&aacute;sa a v&eacute;delem legbiztons&aacute;gosabb m&oacute;dja hiszen a protektorok elmozdul&aacute;s&aacute;ra&nbsp;gyakorlatilag kiz&aacute;rt.<\/span><\/strong><\/div>\n<div><strong style=\"color: rgb(255, 0, 0);\">Az &aacute;r\/p&aacute;r &eacute;rtend\u0151.&nbsp;<\/strong><\/div>\n<div><\/div>\n<div><strong style=\"font-family: Roboto, sans-serif; font-size: 16px; box-sizing: border-box; max-width: 100%;\">Haszn&aacute;lati &eacute;s kezel&eacute;si &uacute;tmutat&oacute; a term&eacute;khez&nbsp;el&eacute;rhet\u0151 ide kattintva:&nbsp;<a href=\"https:\/\/darazsgarazs.hu\/index.php\/termek\/hasznalati-utmutato-protektorokhoz.1411.html\">https:\/\/darazsgarazs.hu\/index.php\/termek\/hasznalati-utmutato-protektorokhoz.1411.html<\/a><\/strong><\/div>\n","protected":false},"excerpt":{"rendered":"<p>Forcefield GTech ruha alatt viselhet\u0151 Level2-es t&eacute;rdv&eacute;d\u0151 (Jelenleg a Level 2 a legmagasabb v&eacute;delmi szabv&aacute;ny)&nbsp;&ndash; &uacute;jrahasznos&iacute;tott sz&ouml;vet felhaszn&aacute;l&aacute;s&aacute;val. A Forcefieldt\u0151l [&hellip;]<\/p>\n","protected":false},"featured_media":106079,"template":"","meta":{"site-sidebar-layout":"default","site-content-layout":"","ast-site-content-layout":"default","site-content-style":"default","site-sidebar-style":"default","ast-global-header-display":"","ast-banner-title-visibility":"","ast-main-header-display":"","ast-hfb-above-header-display":"","ast-hfb-below-header-display":"","ast-hfb-mobile-header-display":"","site-post-title":"","ast-breadcrumbs-content":"","ast-featured-img":"","footer-sml-layout":"","ast-disable-related-posts":"","theme-transparent-header-meta":"","adv-header-id-meta":"","stick-header-meta":"","header-above-stick-meta":"","header-main-stick-meta":"","header-below-stick-meta":"","astra-migrate-meta-layouts":"default","ast-page-background-enabled":"default","ast-page-background-meta":{"desktop":{"background-color":"var(--ast-global-color-5)","background-image":"","background-repeat":"repeat","background-position":"center center","background-size":"auto","background-attachment":"scroll","background-type":"","background-media":"","overlay-type":"","overlay-color":"","overlay-opacity":"","overlay-gradient":""},"tablet":{"background-color":"","background-image":"","background-repeat":"repeat","background-position":"center center","background-size":"auto","background-attachment":"scroll","background-type":"","background-media":"","overlay-type":"","overlay-color":"","overlay-opacity":"","overlay-gradient":""},"mobile":{"background-color":"","background-image":"","background-repeat":"repeat","background-position":"center center","background-size":"auto","background-attachment":"scroll","background-type":"","background-media":"","overlay-type":"","overlay-color":"","overlay-opacity":"","overlay-gradient":""}},"ast-content-background-meta":{"desktop":{"background-color":"var(--ast-global-color-4)","background-image":"","background-repeat":"repeat","background-position":"center center","background-size":"auto","background-attachment":"scroll","background-type":"","background-media":"","overlay-type":"","overlay-color":"","overlay-opacity":"","overlay-gradient":""},"tablet":{"background-color":"var(--ast-global-color-4)","background-image":"","background-repeat":"repeat","background-position":"center center","background-size":"auto","background-attachment":"scroll","background-type":"","background-media":"","overlay-type":"","overlay-color":"","overlay-opacity":"","overlay-gradient":""},"mobile":{"background-color":"var(--ast-global-color-4)","background-image":"","background-repeat":"repeat","background-position":"center center","background-size":"auto","background-attachment":"scroll","background-type":"","background-media":"","overlay-type":"","overlay-color":"","overlay-opacity":"","overlay-gradient":""}}},"product_brand":[],"product_cat":[151,130],"product_tag":[],"class_list":{"0":"post-110150","1":"product","2":"type-product","3":"status-publish","4":"has-post-thumbnail","6":"product_cat-forcefield-akciok","7":"product_cat-protektorok","8":"desktop-align-left","9":"tablet-align-left","10":"mobile-align-left","12":"first","13":"instock","14":"shipping-taxable","15":"purchasable","16":"product-type-simple"},"jetpack_sharing_enabled":true,"_links":{"self":[{"href":"https:\/\/zatureczkimarcell.ddns.net\/wordpress\/wp-json\/wp\/v2\/product\/110150","targetHints":{"allow":["GET"]}}],"collection":[{"href":"https:\/\/zatureczkimarcell.ddns.net\/wordpress\/wp-json\/wp\/v2\/product"}],"about":[{"href":"https:\/\/zatureczkimarcell.ddns.net\/wordpress\/wp-json\/wp\/v2\/types\/product"}],"wp:featuredmedia":[{"embeddable":true,"href":"https:\/\/zatureczkimarcell.ddns.net\/wordpress\/wp-json\/wp\/v2\/media\/106079"}],"wp:attachment":[{"href":"https:\/\/zatureczkimarcell.ddns.net\/wordpress\/wp-json\/wp\/v2\/media?parent=110150"}],"wp:term":[{"taxonomy":"product_brand","embeddable":true,"href":"https:\/\/zatureczkimarcell.ddns.net\/wordpress\/wp-json\/wp\/v2\/product_brand?post=110150"},{"taxonomy":"product_cat","embeddable":true,"href":"https:\/\/zatureczkimarcell.ddns.net\/wordpress\/wp-json\/wp\/v2\/product_cat?post=110150"},{"taxonomy":"product_tag","embeddable":true,"href":"https:\/\/zatureczkimarcell.ddns.net\/wordpress\/wp-json\/wp\/v2\/product_tag?post=110150"}],"curies":[{"name":"wp","href":"https:\/\/api.w.org\/{rel}","templated":true}]}}