{"id":110147,"date":"2026-04-01T10:47:26","date_gmt":"2026-04-01T08:47:26","guid":{"rendered":"https:\/\/zatureczkimarcell.ddns.net\/wordpress\/?post_type=product&#038;p=110147"},"modified":"2026-04-01T10:47:51","modified_gmt":"2026-04-01T08:47:51","slug":"uzemanyag-stabilizator-teli-elrakashoz","status":"publish","type":"product","link":"https:\/\/zatureczkimarcell.ddns.net\/wordpress\/termek\/uzemanyag-stabilizator-teli-elrakashoz\/","title":{"rendered":"\u00dczemanyag stabiliz\u00e1tor t\u00e9li elrak\u00e1shoz"},"content":{"rendered":"<div><strong><span style=\"font-size:16px;\">Optimaliz&aacute;lja az &eacute;g&eacute;st, &eacute;s hat&eacute;konyan akad&aacute;lyozza az &uuml;zemanyagban lev\u0151 ethanol korr&oacute;z&iacute;v hat&aacute;s&aacute;t.Kiv&aacute;l&oacute; &uuml;zemanyag-min\u0151s&eacute;get garant&aacute;l hosszabb le&aacute;ll&aacute;sok eset&eacute;n &eacute;s a k&aacute;ros lerak&oacute;d&aacute;sokat kik&uuml;sz&ouml;b&ouml;li. A t&uuml;zel\u0151anyag-stabiliz&aacute;torban tal&aacute;lhat&oacute; biok&eacute;miai adal&eacute;kok ellens&uacute;lyozz&aacute;k az etanol tartalom alacsonyabb energiatartalm&aacute;t az&aacute;ltal, hogy biztos&iacute;tj&aacute;k a k\u0151olaj- &eacute;s etanol-tartalom teljesebb &eacute;g&eacute;s&eacute;t. &nbsp;Az adal&eacute;k cs&ouml;kkenti a f&aacute;zissz&eacute;tv&aacute;laszt&aacute;st, &eacute;s hossz&uacute; ideig stabiliz&aacute;lja a k&eacute;miai &ouml;sszet&eacute;telt. Az &eacute;get&eacute;st fokoz&oacute; &eacute;s tiszt&iacute;t&oacute; alkot&oacute;elemek m&eacute;g az &ouml;reg &uuml;zemanyagokban is el\u0151seg&iacute;tik a tiszt&aacute;bb &eacute;g&eacute;st. Ez azt jelenti, hogy csak a szezon&aacute;lisan vagy sz&oacute;rv&aacute;nyosan haszn&aacute;lt motorokat proakt&iacute;v m&oacute;don lehet v&eacute;deni az &uuml;zemanyag-stabiliz&aacute;torral &eacute;s b&aacute;rmikor regener&aacute;lni.<\/span><\/strong><\/div>\n<div><\/div>\n<div><strong><span style=\"font-size:16px;\">A 2 &eacute;s a 4 &uuml;tem\u0171 motorokn&aacute;l is alkalmazhat&oacute;, amelyek &uuml;zemanyaga hozz&aacute;adott ethanolt tartalmaz, vagy sok&aacute;ig &aacute;llt.<\/span><\/strong><\/div>\n<div><\/div>\n<div><strong><span style=\"font-size:16px;\">A MOTOREX Fuel Stabilizer Plus tulajdons&aacute;gai:<\/span><\/strong><\/div>\n<div><\/div>\n<div><strong><span style=\"font-size:16px;\">Stabiliz&aacute;lja &eacute;s regener&aacute;lja a r&eacute;gi &uuml;zemanyagot.<\/span><\/strong><\/div>\n<div><strong><span style=\"font-size:16px;\">Optimaliz&aacute;lja az &eacute;g&eacute;st.<\/span><\/strong><\/div>\n<div><strong><span style=\"font-size:16px;\">Az &uuml;zemanyag min\u0151s&eacute;g&eacute;t jav&iacute;tja<\/span><\/strong><\/div>\n<div><strong><span style=\"font-size:16px;\">Megel\u0151zi a korr&oacute;zi&oacute;t<\/span><\/strong><\/div>\n<div><strong><span style=\"font-size:16px;\">Felodja a lerak&oacute;d&aacute;sokat a motorban.<\/span><\/strong><\/div>\n<div><\/div>\n<div><strong><span style=\"font-size:16px;\">Adagol&aacute;s:<\/span><\/strong><\/div>\n<div><\/div>\n<div><strong><span style=\"font-size:16px;\">Egy 10ml-es tasak 20L benzinhez elegend\u0151. Ha sokat &aacute;llt a j&aacute;rm\u0171 vagy r&eacute;gi az &uuml;zemanyag, akkor 10L benzinhez kell a tasak tartalm&aacute;t felhaszn&aacute;lni.<\/span><\/strong><\/div>\n<div><\/div>\n<div><\/div>\n<div><strong style=\"font-family: Roboto, sans-serif; font-size: 16px; box-sizing: border-box; max-width: 100%;\">Haszn&aacute;lati &eacute;s kezel&eacute;si &uacute;tmutat&oacute; a term&eacute;khez el&eacute;rhet\u0151 ide kattintva:&nbsp;<a href=\"https:\/\/darazsgarazs.hu\/index.php\/termek\/hasznalati-utmutato-alkatreszek.1158.html\">https:\/\/darazsgarazs.hu\/index.php\/termek\/hasznalati-utmutato-alkatreszek.1158.html<\/a><\/strong><\/div>\n","protected":false},"excerpt":{"rendered":"<p>Optimaliz&aacute;lja az &eacute;g&eacute;st, &eacute;s hat&eacute;konyan akad&aacute;lyozza az &uuml;zemanyagban lev\u0151 ethanol korr&oacute;z&iacute;v hat&aacute;s&aacute;t.Kiv&aacute;l&oacute; &uuml;zemanyag-min\u0151s&eacute;get garant&aacute;l hosszabb le&aacute;ll&aacute;sok eset&eacute;n &eacute;s a k&aacute;ros [&hellip;]<\/p>\n","protected":false},"featured_media":102810,"template":"","meta":{"site-sidebar-layout":"default","site-content-layout":"","ast-site-content-layout":"default","site-content-style":"default","site-sidebar-style":"default","ast-global-header-display":"","ast-banner-title-visibility":"","ast-main-header-display":"","ast-hfb-above-header-display":"","ast-hfb-below-header-display":"","ast-hfb-mobile-header-display":"","site-post-title":"","ast-breadcrumbs-content":"","ast-featured-img":"","footer-sml-layout":"","ast-disable-related-posts":"","theme-transparent-header-meta":"","adv-header-id-meta":"","stick-header-meta":"","header-above-stick-meta":"","header-main-stick-meta":"","header-below-stick-meta":"","astra-migrate-meta-layouts":"default","ast-page-background-enabled":"default","ast-page-background-meta":{"desktop":{"background-color":"var(--ast-global-color-5)","background-image":"","background-repeat":"repeat","background-position":"center center","background-size":"auto","background-attachment":"scroll","background-type":"","background-media":"","overlay-type":"","overlay-color":"","overlay-opacity":"","overlay-gradient":""},"tablet":{"background-color":"","background-image":"","background-repeat":"repeat","background-position":"center center","background-size":"auto","background-attachment":"scroll","background-type":"","background-media":"","overlay-type":"","overlay-color":"","overlay-opacity":"","overlay-gradient":""},"mobile":{"background-color":"","background-image":"","background-repeat":"repeat","background-position":"center center","background-size":"auto","background-attachment":"scroll","background-type":"","background-media":"","overlay-type":"","overlay-color":"","overlay-opacity":"","overlay-gradient":""}},"ast-content-background-meta":{"desktop":{"background-color":"var(--ast-global-color-4)","background-image":"","background-repeat":"repeat","background-position":"center center","background-size":"auto","background-attachment":"scroll","background-type":"","background-media":"","overlay-type":"","overlay-color":"","overlay-opacity":"","overlay-gradient":""},"tablet":{"background-color":"var(--ast-global-color-4)","background-image":"","background-repeat":"repeat","background-position":"center center","background-size":"auto","background-attachment":"scroll","background-type":"","background-media":"","overlay-type":"","overlay-color":"","overlay-opacity":"","overlay-gradient":""},"mobile":{"background-color":"var(--ast-global-color-4)","background-image":"","background-repeat":"repeat","background-position":"center center","background-size":"auto","background-attachment":"scroll","background-type":"","background-media":"","overlay-type":"","overlay-color":"","overlay-opacity":"","overlay-gradient":""}}},"product_brand":[],"product_cat":[129,127],"product_tag":[],"class_list":{"0":"post-110147","1":"product","2":"type-product","3":"status-publish","4":"has-post-thumbnail","6":"product_cat-akcios-kenoanyagok-es-apolasi-termekek","7":"product_cat-apolas","8":"desktop-align-left","9":"tablet-align-left","10":"mobile-align-left","12":"first","13":"instock","14":"shipping-taxable","15":"purchasable","16":"product-type-simple"},"jetpack_sharing_enabled":true,"_links":{"self":[{"href":"https:\/\/zatureczkimarcell.ddns.net\/wordpress\/wp-json\/wp\/v2\/product\/110147","targetHints":{"allow":["GET"]}}],"collection":[{"href":"https:\/\/zatureczkimarcell.ddns.net\/wordpress\/wp-json\/wp\/v2\/product"}],"about":[{"href":"https:\/\/zatureczkimarcell.ddns.net\/wordpress\/wp-json\/wp\/v2\/types\/product"}],"wp:featuredmedia":[{"embeddable":true,"href":"https:\/\/zatureczkimarcell.ddns.net\/wordpress\/wp-json\/wp\/v2\/media\/102810"}],"wp:attachment":[{"href":"https:\/\/zatureczkimarcell.ddns.net\/wordpress\/wp-json\/wp\/v2\/media?parent=110147"}],"wp:term":[{"taxonomy":"product_brand","embeddable":true,"href":"https:\/\/zatureczkimarcell.ddns.net\/wordpress\/wp-json\/wp\/v2\/product_brand?post=110147"},{"taxonomy":"product_cat","embeddable":true,"href":"https:\/\/zatureczkimarcell.ddns.net\/wordpress\/wp-json\/wp\/v2\/product_cat?post=110147"},{"taxonomy":"product_tag","embeddable":true,"href":"https:\/\/zatureczkimarcell.ddns.net\/wordpress\/wp-json\/wp\/v2\/product_tag?post=110147"}],"curies":[{"name":"wp","href":"https:\/\/api.w.org\/{rel}","templated":true}]}}