{"id":110144,"date":"2026-04-01T10:47:24","date_gmt":"2026-04-01T08:47:24","guid":{"rendered":"https:\/\/zatureczkimarcell.ddns.net\/wordpress\/?post_type=product&#038;p=110144"},"modified":"2026-04-01T10:47:49","modified_gmt":"2026-04-01T08:47:49","slug":"tucano-urbano-protektorozhato-elegans-motoros-kabat","status":"publish","type":"product","link":"https:\/\/zatureczkimarcell.ddns.net\/wordpress\/termek\/tucano-urbano-protektorozhato-elegans-motoros-kabat\/","title":{"rendered":"Tucano Urbano protektorozhat\u00f3 eleg\u00e1ns motoros kab\u00e1t"},"content":{"rendered":"<p><span style=\"font-size:16px;\"><strong>Eleg&aacute;ns Tucano Urbano , protektorozhat&oacute; motoros kab&aacute;t. &nbsp;<\/strong><\/span><\/p>\n<p><span style=\"font-size:16px;\"><strong>A kab&aacute;tban v&aacute;ll &eacute;s k&ouml;ny&ouml;kprotektor opcion&aacute;lisan elhelyezhet\u0151.&nbsp;<\/strong><\/span><\/p>\n<p><span style=\"font-size: 16px;\"><b>F&eacute;nyvisszaver\u0151 bet&eacute;tekkel&nbsp;<\/b><\/span><\/p>\n<p><span style=\"font-size: 16px;\"><b>&Aacute;ll&iacute;that&oacute; csukl&oacute; &eacute;s der&eacute;kr&eacute;sz<\/b><\/span><\/p>\n<p><span style=\"font-size: 16px;\"><b>K&eacute;nyelmes, &aacute;ll&iacute;that&oacute; nyaki r&eacute;sz.&nbsp;<\/b><\/span><\/p>\n<p>Korl&aacute;tozott m&eacute;ret &eacute;s darabsz&aacute;mban el&eacute;rhet\u0151 akci&oacute;s term&eacute;k&uuml;nk.&nbsp;<\/p>\n<p><strong style=\"font-family: Roboto, sans-serif; font-size: 16px; box-sizing: border-box; max-width: 100%;\">Haszn&aacute;lati &eacute;s kezel&eacute;si &uacute;tmutat&oacute; a term&eacute;khez&nbsp;el&eacute;rhet\u0151 ide kattintva:&nbsp;<a href=\"https:\/\/darazsgarazs.hu\/index.php\/termek\/hasznalati-utmutato.1155.html\">https:\/\/darazsgarazs.hu\/index.php\/termek\/hasznalati-utmutato.1155.html<\/a><\/strong><\/p><\/p>\n","protected":false},"excerpt":{"rendered":"<p>Eleg&aacute;ns Tucano Urbano , protektorozhat&oacute; motoros kab&aacute;t. &nbsp; A kab&aacute;tban v&aacute;ll &eacute;s k&ouml;ny&ouml;kprotektor opcion&aacute;lisan elhelyezhet\u0151.&nbsp; F&eacute;nyvisszaver\u0151 bet&eacute;tekkel&nbsp; &Aacute;ll&iacute;that&oacute; csukl&oacute; &eacute;s [&hellip;]<\/p>\n","protected":false},"featured_media":107335,"template":"","meta":{"site-sidebar-layout":"default","site-content-layout":"","ast-site-content-layout":"default","site-content-style":"default","site-sidebar-style":"default","ast-global-header-display":"","ast-banner-title-visibility":"","ast-main-header-display":"","ast-hfb-above-header-display":"","ast-hfb-below-header-display":"","ast-hfb-mobile-header-display":"","site-post-title":"","ast-breadcrumbs-content":"","ast-featured-img":"","footer-sml-layout":"","ast-disable-related-posts":"","theme-transparent-header-meta":"","adv-header-id-meta":"","stick-header-meta":"","header-above-stick-meta":"","header-main-stick-meta":"","header-below-stick-meta":"","astra-migrate-meta-layouts":"default","ast-page-background-enabled":"default","ast-page-background-meta":{"desktop":{"background-color":"var(--ast-global-color-5)","background-image":"","background-repeat":"repeat","background-position":"center center","background-size":"auto","background-attachment":"scroll","background-type":"","background-media":"","overlay-type":"","overlay-color":"","overlay-opacity":"","overlay-gradient":""},"tablet":{"background-color":"","background-image":"","background-repeat":"repeat","background-position":"center center","background-size":"auto","background-attachment":"scroll","background-type":"","background-media":"","overlay-type":"","overlay-color":"","overlay-opacity":"","overlay-gradient":""},"mobile":{"background-color":"","background-image":"","background-repeat":"repeat","background-position":"center center","background-size":"auto","background-attachment":"scroll","background-type":"","background-media":"","overlay-type":"","overlay-color":"","overlay-opacity":"","overlay-gradient":""}},"ast-content-background-meta":{"desktop":{"background-color":"var(--ast-global-color-4)","background-image":"","background-repeat":"repeat","background-position":"center center","background-size":"auto","background-attachment":"scroll","background-type":"","background-media":"","overlay-type":"","overlay-color":"","overlay-opacity":"","overlay-gradient":""},"tablet":{"background-color":"var(--ast-global-color-4)","background-image":"","background-repeat":"repeat","background-position":"center center","background-size":"auto","background-attachment":"scroll","background-type":"","background-media":"","overlay-type":"","overlay-color":"","overlay-opacity":"","overlay-gradient":""},"mobile":{"background-color":"var(--ast-global-color-4)","background-image":"","background-repeat":"repeat","background-position":"center center","background-size":"auto","background-attachment":"scroll","background-type":"","background-media":"","overlay-type":"","overlay-color":"","overlay-opacity":"","overlay-gradient":""}}},"product_brand":[],"product_cat":[147,139,145],"product_tag":[],"class_list":{"0":"post-110144","1":"product","2":"type-product","3":"status-publish","4":"has-post-thumbnail","6":"product_cat-kabatok","7":"product_cat-motoros-ruhazat","8":"product_cat-varosi-stilusu-motoros-ruhazat","9":"desktop-align-left","10":"tablet-align-left","11":"mobile-align-left","13":"first","14":"instock","15":"sale","16":"shipping-taxable","17":"purchasable","18":"product-type-simple"},"jetpack_sharing_enabled":true,"_links":{"self":[{"href":"https:\/\/zatureczkimarcell.ddns.net\/wordpress\/wp-json\/wp\/v2\/product\/110144","targetHints":{"allow":["GET"]}}],"collection":[{"href":"https:\/\/zatureczkimarcell.ddns.net\/wordpress\/wp-json\/wp\/v2\/product"}],"about":[{"href":"https:\/\/zatureczkimarcell.ddns.net\/wordpress\/wp-json\/wp\/v2\/types\/product"}],"wp:featuredmedia":[{"embeddable":true,"href":"https:\/\/zatureczkimarcell.ddns.net\/wordpress\/wp-json\/wp\/v2\/media\/107335"}],"wp:attachment":[{"href":"https:\/\/zatureczkimarcell.ddns.net\/wordpress\/wp-json\/wp\/v2\/media?parent=110144"}],"wp:term":[{"taxonomy":"product_brand","embeddable":true,"href":"https:\/\/zatureczkimarcell.ddns.net\/wordpress\/wp-json\/wp\/v2\/product_brand?post=110144"},{"taxonomy":"product_cat","embeddable":true,"href":"https:\/\/zatureczkimarcell.ddns.net\/wordpress\/wp-json\/wp\/v2\/product_cat?post=110144"},{"taxonomy":"product_tag","embeddable":true,"href":"https:\/\/zatureczkimarcell.ddns.net\/wordpress\/wp-json\/wp\/v2\/product_tag?post=110144"}],"curies":[{"name":"wp","href":"https:\/\/api.w.org\/{rel}","templated":true}]}}