{"id":110143,"date":"2026-04-01T10:47:23","date_gmt":"2026-04-01T08:47:23","guid":{"rendered":"https:\/\/zatureczkimarcell.ddns.net\/wordpress\/?post_type=product&#038;p=110143"},"modified":"2026-04-01T10:47:48","modified_gmt":"2026-04-01T08:47:48","slug":"kollegankat-durva-balesetben-megvedte-a-lazer-lzr-bukosisak","status":"publish","type":"product","link":"https:\/\/zatureczkimarcell.ddns.net\/wordpress\/termek\/kollegankat-durva-balesetben-megvedte-a-lazer-lzr-bukosisak\/","title":{"rendered":"Koll\u00e9g\u00e1nkat durva balesetben megv\u00e9dte a LAZER (LZR) buk\u00f3sisak"},"content":{"rendered":"<p><strong><span style=\"font-size:16px;\">A Belga Lazer (LZR) buk&oacute;sisakok,&nbsp; a nemzetk&ouml;zileg legelismertebb <span style=\"color:#FFD700;\">SHARP<\/span> t&ouml;r&eacute;steszt oldalon, rendre kiv&aacute;l&oacute;an szerepelnek. Minden komoly gy&aacute;rt&oacute; k&eacute;pviselteti mag&aacute;t ezen az oldalon sisakjaival.<\/span><\/strong><\/p>\n<p><strong><span style=\"font-size:16px;\"><img decoding=\"async\" alt=\"\" src=\"\/uploads\/images\/SHARP_logo(1).jpg\" style=\"width: 397px; height: 227px;\" \/><\/span><\/strong><\/p>\n<p><strong><span style=\"font-size:16px;\">Elmondhat&oacute;, hogy a jelenleg forgalomban l&eacute;v\u0151 Lazer (LZR) t&iacute;pusok k&ouml;z&uuml;l nincs olyan , ami 4 csillagos t&ouml;r&eacute;steszt alatt lenne <\/span><\/strong><span style=\"font-size:16px;\">(5 csillag a maxim&aacute;lis eredm&eacute;ny)<strong>.<\/strong><\/span><strong><span style=\"font-size:16px;\"> Vagy a maxim&aacute;lis 5 csillag, vagy 4csillagos t&ouml;r&eacute;steszt eredm&eacute;nyeket produk&aacute;lnak. <\/span><\/strong><\/p>\n<p><strong><span style=\"font-size:16px;\">Mi az&oacute;ta hisz&uuml;nk a Lazer (LZR) buk&oacute;sisakok nagyszer\u0171s&eacute;g&eacute;ben, ami&oacute;ta <span style=\"color:#FF0000;\">koll&eacute;g&aacute;nk 2006-ban t&ouml;rt&eacute;nt nagy sebess&eacute;g\u0171 front&aacute;lis baleset&eacute;ben is bizony&iacute;tott ez a gy&aacute;rt&oacute;.<\/span><\/span><\/strong><\/p>\n<p><strong><span style=\"font-size:16px;\">Az esetet koll&eacute;g&aacute;nk mes&eacute;li el:<\/span><\/strong><\/p>\n<p><strong><span style=\"font-size:16px;\">Ny&aacute;ri nap volt &eacute;s az akkori munkahelyemr\u0151l az egyik motorommal hazafel&eacute; siettem, hogy azut&aacute;n bar&aacute;taimmal tal&aacute;lkozhassak.<\/span><\/strong><\/p>\n<p><strong><span style=\"font-size:16px;\">Mivel nem szeretek k&eacute;sni, &iacute;gy &bdquo;kiss&eacute;&rdquo; siet\u0151sebbre vettem.<\/span><\/strong><\/p>\n<p><strong><span style=\"font-size:16px;\">&Uacute;jpesten a F&oacute;ti &uacute;ton haladtam , amikor utol&eacute;rtem egy aut&oacute;t aki egy ideig haladt el\u0151ttem, majd &uacute;gy t\u0171nt hogy jobbra f&eacute;lreh&uacute;z&oacute;dik &eacute;s elenged. Innent\u0151l minden nagyon r&ouml;vid id\u0151 alatt zajlott le. Magamban meg is dics&eacute;rtem az aut&oacute;st, hogy ilyen el\u0151z&eacute;keny. Kitettem az indexet &eacute;s egy k&ouml;v&eacute;r g&aacute;zt h&uacute;ztam. Ekkor vettem &eacute;szre hogy az aut&oacute;s <\/span><\/strong><span style=\"font-size:16px;\">(val&oacute;sz&iacute;n\u0171leg nem is n&eacute;zett bele a t&uuml;k&ouml;rbe)<\/span><strong><span style=\"font-size:16px;\"> , nem az&eacute;rt h&uacute;z&oacute;dott ki az &uacute;t sz&eacute;l&eacute;re hogy engem elengedjen, hanem az&eacute;rt hogy f&eacute;kez&eacute;s n&eacute;lk&uuml;l tudjon bekanyarodni egy balra es\u0151 utc&aacute;ba. Mire ezt a m&aacute;sodperc t&ouml;rt r&eacute;sze alatt felfogtam, m&aacute;r keresztben &aacute;llt el\u0151ttem az &uacute;ton &eacute;s csak arra volt id\u0151m, hogy egy er\u0151set f&eacute;kezzek. Tudtam hogy ebb\u0151l &iacute;gy is-&uacute;gy is nagy csattan&aacute;s lesz, de nem mindegy ugye , hogy mennyivel v&aacute;g&oacute;dsz bele egy aut&oacute; &bdquo;B&rdquo; oszlop&aacute;ba. Azt&aacute;n egy m&aacute;sodperc m&uacute;lva m&eacute;g hallottam a durran&aacute;st &eacute;s minden hangot amit ilyenkor hallani lehet. Azt hogy mi t&ouml;rt&eacute;nt azut&aacute;n, m&aacute;r csak a rend\u0151rs&eacute;gi jegyz\u0151k&ouml;nyvb\u0151l &eacute;s a szemtan&uacute;k elmond&aacute;sa alapj&aacute;n tudom, mert &eacute;n nem eml&eacute;kszem semmire, mivel elvesztettem az eszm&eacute;letem. M&eacute;g egy pillanatk&eacute;p megvan, amikor az aszfalton&nbsp;fekszem.<\/span><\/strong><\/p>\n<p><strong><span style=\"font-size:16px;\">A Motor belef&uacute;r&oacute;dott az aut&oacute; oldal&aacute;ba, &eacute;n meg azt mondj&aacute;k, hogy&nbsp;meg is fejeltem a B oszlopot. Azt&aacute;n a f&ouml;ldre zuhantam. El&eacute;g sok&aacute;ra &eacute;rt ki a ment\u0151, amivel az &uacute;jpesti &Aacute;rp&aacute;d k&oacute;rh&aacute;z intenz&iacute;v oszt&aacute;ly&aacute;ra sz&aacute;ll&iacute;tottak, onnan 3 nap megfigyel&eacute;s ut&aacute;n kiengedtek.&nbsp; Z&uacute;z&oacute;d&aacute;saim lettek &eacute;s a k&eacute;peken l&aacute;that&oacute; cs&uacute;sz&aacute;si b\u0151rs&eacute;r&uuml;l&eacute;sek. Amit a k&eacute;peken l&aacute;ttok, az m&aacute;r a gy&oacute;gyult &aacute;llapot. &nbsp;<\/span><\/strong><\/p>\n<p><span style=\"color:#FF0000;\"><span style=\"font-size:16px;\"><strong>Egy Lazer (LZR) sisak volt a fejemen, &eacute;s annyi s&eacute;r&uuml;l&eacute;s volt csup&aacute;n a fejemen, ahogy elharaptam a sz&aacute;mat bel&uuml;l, illetve a sisak csattja megkarcolta az &aacute;llam. Semmi komoly s&eacute;r&uuml;l&eacute;sem a fejemen nem volt. Kijelenthetj&uuml;k, hogy egy ekkora &uuml;tk&ouml;z&eacute;sn&eacute;l ez a csoda kateg&oacute;ria&nbsp;<\/strong><\/span><\/span><span style=\"font-size:16px;\"><em>(<\/em>szerintem amikor el\u0151zni kezdtem, kb. 80-al mehettem<em>&hellip;iz&eacute;&hellip;akarom mondani term&eacute;szetesen a megengedett &ouml;tvennel&hellip;khmmm :))<\/em><em>&nbsp;, <\/em>onnan kezdtem gyors&iacute;tani, ami azt jelenti hogy b\u0151ven 100 felett mentem <em>&ndash;de ezt ne mondj&aacute;tok el senkinek :))<\/em><em>&nbsp;&#8211; &nbsp;<\/em>amikor &eacute;szrevettem a probl&eacute;m&aacute;t &iacute;gy a karambol is nagy sebess&eacute;ggel t&ouml;rt&eacute;nt.<em> ) <\/em><strong>. <\/strong><\/span><\/p>\n<p><strong><span style=\"font-size:16px;\">Az egyik k&eacute;pen l&aacute;that&oacute;ak a ment\u0151s&ouml;k &aacute;ltal a helysz&iacute;nen hagyott&nbsp;t\u0171k &eacute;s bran&uuml;l&ouml;k. &nbsp;A motor szinte a felismerhetetlens&eacute;gig &ouml;sszeroncsol&oacute;dott, csak egy-egy alkatr&eacute;szt tudtam eladni bel\u0151le, a t&ouml;bbi m&aacute;r menthetetlen roncsk&eacute;nt v&eacute;gezte. &Eacute;n meg&uacute;sztam! Ezut&aacute;n &eacute;rthet\u0151 m&oacute;don, b&aacute;tran aj&aacute;nlom a Lazer (LZR) sisakokat, szem&eacute;lyes meggy\u0151z\u0151d&eacute;sb\u0151l. &nbsp;<\/span><\/strong><\/p>\n<p><span style=\"color:#FF0000;\"><strong><span style=\"font-size:16px;\">Nem csak a testi &eacute;ps&eacute;getekre figyel&uuml;nk, hanem a p&eacute;nzt&aacute;rc&aacute;tokra is, &iacute;gy most akci&oacute;ban k&iacute;n&aacute;ljuk nektek a Belga Lazer (LZR) &eacute;s a Jap&aacute;n Marushin sisakokat.<\/span><\/strong><\/span><\/p>\n<p><strong><span style=\"font-size:16px;\">Nagyon fontos a j&oacute; buk&oacute;sisak v&aacute;laszt&aacute;s , ez&eacute;rt is nem riadunk vissza p&eacute;ld&aacute;ul a Marushin sisakjainkn&aacute;l is l&aacute;that&oacute; extr&eacute;m tesztekt\u0151l, hogy nektek val&oacute;ban a legjobb tud&aacute;sunk szerint tudjunk seg&iacute;teni-aj&aacute;nlani-eladni. &nbsp;<\/span><\/strong><\/p>\n<p><strong><span style=\"font-size:16px;\">A n&aacute;lunk kaphat&oacute; sisakokn&aacute;l &nbsp;alap elv&aacute;r&aacute;s r&eacute;sz&uuml;nkr\u0151l a j&oacute; t&ouml;r&eacute;steszt eredm&eacute;ny, hiszen mindenkinek biztons&aacute;gos &eacute;s k&eacute;nyelmes sisakot akarunk &aacute;tadni. Ilyen extr&eacute;m pr&oacute;ba rem&eacute;lj&uuml;k veletek soha nem fog el\u0151fordulni. Mivel gyermekeink vannak, mi is szeretn&eacute;nk mindig haza&eacute;rni, ez&eacute;rt v&aacute;lasztunk mi is a n&aacute;lunk kaphat&oacute; sisakok k&ouml;z&uuml;l. &nbsp;S\u0151t! gyermekeink is az &uuml;zlet&uuml;nkben v&aacute;s&aacute;rolhat&oacute; sisakokat hordj&aacute;k, ak&aacute;r motoroz&aacute;s, ak&aacute;r quadoz&aacute;s, ak&aacute;r gokartoz&aacute;shoz.<\/span><\/strong><\/p>\n<p><strong><span style=\"font-size:16px;\"><span style=\"color:#FF0000;\">Szeretn&eacute;d magadat &eacute;s utasodat, vagy ak&aacute;r gyermekedet a legnagyobb biztons&aacute;gban tudni?<\/span> Ez&eacute;rt csin&aacute;ljuk a teszteket &eacute;s ez&eacute;rt osztottuk meg veled ennek a nagy balesetnek a le&iacute;r&aacute;s&aacute;t. <span style=\"color:#FF0000;\">Megv&eacute;dte a fejemet a Lazer (LZR) buk&oacute;sisak!<\/span><\/span><\/strong><\/p>\n<p><strong><span style=\"font-size:16px;\">Extr&eacute;m Maushin vide&oacute; teszt ide kattintva &eacute;rhet\u0151 el:&nbsp;<a href=\"https:\/\/darazsgarazs.hu\/index.php\/termek\/marushin-999-durva-teszt.1232.html\">https:\/\/darazsgarazs.hu\/index.php\/termek\/marushin-999-durva-teszt.1232.html<\/a><\/span><\/strong><\/p>\n<p><strong><span style=\"font-size:16px;\">Marushin durva &uuml;gyf&eacute;lbaleset fot&oacute;kkal itt tekinthet\u0151 meg:&nbsp;<a href=\"https:\/\/darazsgarazs.hu\/index.php\/termek\/marushin-durva-motoros-balesetben.1159.html\">https:\/\/darazsgarazs.hu\/index.php\/termek\/marushin-durva-motoros-balesetben.1159.html<\/a><\/span><\/strong><\/p>\n<p><strong><span style=\"font-size:16px;\">Ha meggy\u0151z&ouml;tt a saj&aacute;t baleseti tapasztalatom akkor az &ouml;sszes n&aacute;lunk kaphat&oacute; Lazer LZR sisak itt &eacute;rhet\u0151 el honlapunkon:&nbsp;<a href=\"https:\/\/darazsgarazs.hu\/index.php\/search_in?search_for=lazer\">https:\/\/darazsgarazs.hu\/index.php\/search_in?search_for=lazer<\/a><\/span><\/strong><\/p>\n","protected":false},"excerpt":{"rendered":"<p>A Belga Lazer (LZR) buk&oacute;sisakok,&nbsp; a nemzetk&ouml;zileg legelismertebb SHARP t&ouml;r&eacute;steszt oldalon, rendre kiv&aacute;l&oacute;an szerepelnek. Minden komoly gy&aacute;rt&oacute; k&eacute;pviselteti mag&aacute;t ezen [&hellip;]<\/p>\n","protected":false},"featured_media":106973,"template":"","meta":{"site-sidebar-layout":"default","site-content-layout":"","ast-site-content-layout":"default","site-content-style":"default","site-sidebar-style":"default","ast-global-header-display":"","ast-banner-title-visibility":"","ast-main-header-display":"","ast-hfb-above-header-display":"","ast-hfb-below-header-display":"","ast-hfb-mobile-header-display":"","site-post-title":"","ast-breadcrumbs-content":"","ast-featured-img":"","footer-sml-layout":"","ast-disable-related-posts":"","theme-transparent-header-meta":"","adv-header-id-meta":"","stick-header-meta":"","header-above-stick-meta":"","header-main-stick-meta":"","header-below-stick-meta":"","astra-migrate-meta-layouts":"default","ast-page-background-enabled":"default","ast-page-background-meta":{"desktop":{"background-color":"var(--ast-global-color-5)","background-image":"","background-repeat":"repeat","background-position":"center center","background-size":"auto","background-attachment":"scroll","background-type":"","background-media":"","overlay-type":"","overlay-color":"","overlay-opacity":"","overlay-gradient":""},"tablet":{"background-color":"","background-image":"","background-repeat":"repeat","background-position":"center center","background-size":"auto","background-attachment":"scroll","background-type":"","background-media":"","overlay-type":"","overlay-color":"","overlay-opacity":"","overlay-gradient":""},"mobile":{"background-color":"","background-image":"","background-repeat":"repeat","background-position":"center center","background-size":"auto","background-attachment":"scroll","background-type":"","background-media":"","overlay-type":"","overlay-color":"","overlay-opacity":"","overlay-gradient":""}},"ast-content-background-meta":{"desktop":{"background-color":"var(--ast-global-color-4)","background-image":"","background-repeat":"repeat","background-position":"center center","background-size":"auto","background-attachment":"scroll","background-type":"","background-media":"","overlay-type":"","overlay-color":"","overlay-opacity":"","overlay-gradient":""},"tablet":{"background-color":"var(--ast-global-color-4)","background-image":"","background-repeat":"repeat","background-position":"center center","background-size":"auto","background-attachment":"scroll","background-type":"","background-media":"","overlay-type":"","overlay-color":"","overlay-opacity":"","overlay-gradient":""},"mobile":{"background-color":"var(--ast-global-color-4)","background-image":"","background-repeat":"repeat","background-position":"center center","background-size":"auto","background-attachment":"scroll","background-type":"","background-media":"","overlay-type":"","overlay-color":"","overlay-opacity":"","overlay-gradient":""}}},"product_brand":[],"product_cat":[153],"product_tag":[],"class_list":{"0":"post-110143","1":"product","2":"type-product","3":"status-publish","4":"has-post-thumbnail","6":"product_cat-sajat-tesztelesu-termekek","7":"desktop-align-left","8":"tablet-align-left","9":"mobile-align-left","11":"first","12":"instock","13":"shipping-taxable","14":"product-type-simple"},"jetpack_sharing_enabled":true,"_links":{"self":[{"href":"https:\/\/zatureczkimarcell.ddns.net\/wordpress\/wp-json\/wp\/v2\/product\/110143","targetHints":{"allow":["GET"]}}],"collection":[{"href":"https:\/\/zatureczkimarcell.ddns.net\/wordpress\/wp-json\/wp\/v2\/product"}],"about":[{"href":"https:\/\/zatureczkimarcell.ddns.net\/wordpress\/wp-json\/wp\/v2\/types\/product"}],"wp:featuredmedia":[{"embeddable":true,"href":"https:\/\/zatureczkimarcell.ddns.net\/wordpress\/wp-json\/wp\/v2\/media\/106973"}],"wp:attachment":[{"href":"https:\/\/zatureczkimarcell.ddns.net\/wordpress\/wp-json\/wp\/v2\/media?parent=110143"}],"wp:term":[{"taxonomy":"product_brand","embeddable":true,"href":"https:\/\/zatureczkimarcell.ddns.net\/wordpress\/wp-json\/wp\/v2\/product_brand?post=110143"},{"taxonomy":"product_cat","embeddable":true,"href":"https:\/\/zatureczkimarcell.ddns.net\/wordpress\/wp-json\/wp\/v2\/product_cat?post=110143"},{"taxonomy":"product_tag","embeddable":true,"href":"https:\/\/zatureczkimarcell.ddns.net\/wordpress\/wp-json\/wp\/v2\/product_tag?post=110143"}],"curies":[{"name":"wp","href":"https:\/\/api.w.org\/{rel}","templated":true}]}}