{"id":110141,"date":"2026-04-01T10:47:22","date_gmt":"2026-04-01T08:47:22","guid":{"rendered":"https:\/\/zatureczkimarcell.ddns.net\/wordpress\/?post_type=product&#038;p=110141"},"modified":"2026-04-01T10:47:45","modified_gmt":"2026-04-01T08:47:45","slug":"mt-braker-napszemuveges-bukosisak-3","status":"publish","type":"product","link":"https:\/\/zatureczkimarcell.ddns.net\/wordpress\/termek\/mt-braker-napszemuveges-bukosisak-3\/","title":{"rendered":"MT Braker napszem\u00fcveges buk\u00f3sisak"},"content":{"rendered":"<h2 style=\"box-sizing: border-box; margin: 0px 0px 20px; font-size: 20px; color: rgb(33, 33, 33); font-family: Roboto, sans-serif;\"><span style=\"font-size: 16px;\"><span style=\"box-sizing: border-box; font-weight: bolder;\">K&uuml;ls\u0151 h&eacute;j anyaga: HIRP-polimer, amely nagy &uuml;t&eacute;s&aacute;ll&oacute;s&aacute;ggal megb&iacute;zhat&oacute; v&eacute;delmet ny&uacute;jt.<\/span><br style=\"box-sizing: border-box;\" \/><br \/>\n<strong>Bluetooth-kommunik&aacute;ci&oacute; be&eacute;p&iacute;t&eacute;s&eacute;re el\u0151k&eacute;sz&iacute;tett, kivehet\u0151 &eacute;s moshat&oacute;&nbsp;bels\u0151r&eacute;sz.&nbsp;<\/strong><\/span><span style=\"font-size: 16px;\"><strong>A l&eacute;legz\u0151 bels\u0151 b&eacute;l&eacute;s fokozza a k&eacute;nyelmet a hossz&uacute; t&uacute;r&aacute;k sor&aacute;n, mivel elvezeti a nedvess&eacute;get &eacute;s sz&aacute;razon tart.<br style=\"box-sizing: border-box;\" \/><br \/>\nAz &aacute;llr&eacute;szen-, a fels\u0151 &eacute;s h&aacute;ts&oacute; r&eacute;szen tal&aacute;lhat&oacute;, optimaliz&aacute;lt&nbsp;szell\u0151z\u0151rendszer lehet\u0151v&eacute; teszi a kiv&aacute;l&oacute;&nbsp;l&eacute;g&aacute;raml&aacute;st a sisakon bel&uuml;l&nbsp;.<br style=\"box-sizing: border-box;\" \/><br \/>\nBe&eacute;p&iacute;tett bels\u0151 napszem&uuml;veggel.&nbsp;<\/strong><br style=\"box-sizing: border-box;\" \/><br \/>\n<b>K&ouml;nnyen kezelhet\u0151 mikrometrikus csattrendszerrel.&nbsp;<\/b><br style=\"box-sizing: border-box;\" \/><br \/>\n<strong>V&iacute;ztiszta, pinlock el\u0151k&eacute;sz&iacute;tett plexivel<br style=\"box-sizing: border-box;\" \/><br \/>\nM&eacute;retek: XS, S, M, L, XL, XXL.&nbsp;<\/strong><\/span><\/h2>\n<\/p>\n<p><strong>Haszn&aacute;lati &eacute;s kezel&eacute;si &uacute;tmutat&oacute; a term&eacute;khez el&eacute;rhet\u0151 ide kattintva:&nbsp;<a href=\"https:\/\/darazsgarazs.hu\/index.php\/termek\/bukosisak-hasznalati-kezelesi-utmutato.1408.html\">https:\/\/darazsgarazs.hu\/index.php\/termek\/bukosisak-hasznalati-kezelesi-utmutato.1408.html<\/a><\/strong><\/p>\n<p style=\"box-sizing: border-box; margin-top: 0px; margin-bottom: 0px; font-size: 14px; color: rgb(33, 33, 33); line-height: 1.3; font-family: Roboto, sans-serif;\">\n","protected":false},"excerpt":{"rendered":"<p>K&uuml;ls\u0151 h&eacute;j anyaga: HIRP-polimer, amely nagy &uuml;t&eacute;s&aacute;ll&oacute;s&aacute;ggal megb&iacute;zhat&oacute; v&eacute;delmet ny&uacute;jt. Bluetooth-kommunik&aacute;ci&oacute; be&eacute;p&iacute;t&eacute;s&eacute;re el\u0151k&eacute;sz&iacute;tett, kivehet\u0151 &eacute;s moshat&oacute;&nbsp;bels\u0151r&eacute;sz.&nbsp;A l&eacute;legz\u0151 bels\u0151 b&eacute;l&eacute;s fokozza [&hellip;]<\/p>\n","protected":false},"featured_media":102960,"template":"","meta":{"site-sidebar-layout":"default","site-content-layout":"","ast-site-content-layout":"default","site-content-style":"default","site-sidebar-style":"default","ast-global-header-display":"","ast-banner-title-visibility":"","ast-main-header-display":"","ast-hfb-above-header-display":"","ast-hfb-below-header-display":"","ast-hfb-mobile-header-display":"","site-post-title":"","ast-breadcrumbs-content":"","ast-featured-img":"","footer-sml-layout":"","ast-disable-related-posts":"","theme-transparent-header-meta":"","adv-header-id-meta":"","stick-header-meta":"","header-above-stick-meta":"","header-main-stick-meta":"","header-below-stick-meta":"","astra-migrate-meta-layouts":"default","ast-page-background-enabled":"default","ast-page-background-meta":{"desktop":{"background-color":"var(--ast-global-color-5)","background-image":"","background-repeat":"repeat","background-position":"center center","background-size":"auto","background-attachment":"scroll","background-type":"","background-media":"","overlay-type":"","overlay-color":"","overlay-opacity":"","overlay-gradient":""},"tablet":{"background-color":"","background-image":"","background-repeat":"repeat","background-position":"center center","background-size":"auto","background-attachment":"scroll","background-type":"","background-media":"","overlay-type":"","overlay-color":"","overlay-opacity":"","overlay-gradient":""},"mobile":{"background-color":"","background-image":"","background-repeat":"repeat","background-position":"center center","background-size":"auto","background-attachment":"scroll","background-type":"","background-media":"","overlay-type":"","overlay-color":"","overlay-opacity":"","overlay-gradient":""}},"ast-content-background-meta":{"desktop":{"background-color":"var(--ast-global-color-4)","background-image":"","background-repeat":"repeat","background-position":"center center","background-size":"auto","background-attachment":"scroll","background-type":"","background-media":"","overlay-type":"","overlay-color":"","overlay-opacity":"","overlay-gradient":""},"tablet":{"background-color":"var(--ast-global-color-4)","background-image":"","background-repeat":"repeat","background-position":"center center","background-size":"auto","background-attachment":"scroll","background-type":"","background-media":"","overlay-type":"","overlay-color":"","overlay-opacity":"","overlay-gradient":""},"mobile":{"background-color":"var(--ast-global-color-4)","background-image":"","background-repeat":"repeat","background-position":"center center","background-size":"auto","background-attachment":"scroll","background-type":"","background-media":"","overlay-type":"","overlay-color":"","overlay-opacity":"","overlay-gradient":""}}},"product_brand":[],"product_cat":[121,146,150],"product_tag":[],"class_list":{"0":"post-110141","1":"product","2":"type-product","3":"status-publish","4":"has-post-thumbnail","6":"product_cat-bukosisakok","7":"product_cat-orias-meretu-motoros-ruhazat","8":"product_cat-zart-bukosisakok","9":"desktop-align-left","10":"tablet-align-left","11":"mobile-align-left","13":"first","14":"instock","15":"shipping-taxable","16":"purchasable","17":"product-type-simple"},"jetpack_sharing_enabled":true,"_links":{"self":[{"href":"https:\/\/zatureczkimarcell.ddns.net\/wordpress\/wp-json\/wp\/v2\/product\/110141","targetHints":{"allow":["GET"]}}],"collection":[{"href":"https:\/\/zatureczkimarcell.ddns.net\/wordpress\/wp-json\/wp\/v2\/product"}],"about":[{"href":"https:\/\/zatureczkimarcell.ddns.net\/wordpress\/wp-json\/wp\/v2\/types\/product"}],"wp:featuredmedia":[{"embeddable":true,"href":"https:\/\/zatureczkimarcell.ddns.net\/wordpress\/wp-json\/wp\/v2\/media\/102960"}],"wp:attachment":[{"href":"https:\/\/zatureczkimarcell.ddns.net\/wordpress\/wp-json\/wp\/v2\/media?parent=110141"}],"wp:term":[{"taxonomy":"product_brand","embeddable":true,"href":"https:\/\/zatureczkimarcell.ddns.net\/wordpress\/wp-json\/wp\/v2\/product_brand?post=110141"},{"taxonomy":"product_cat","embeddable":true,"href":"https:\/\/zatureczkimarcell.ddns.net\/wordpress\/wp-json\/wp\/v2\/product_cat?post=110141"},{"taxonomy":"product_tag","embeddable":true,"href":"https:\/\/zatureczkimarcell.ddns.net\/wordpress\/wp-json\/wp\/v2\/product_tag?post=110141"}],"curies":[{"name":"wp","href":"https:\/\/api.w.org\/{rel}","templated":true}]}}