{"id":110129,"date":"2026-04-01T10:46:53","date_gmt":"2026-04-01T08:46:53","guid":{"rendered":"https:\/\/zatureczkimarcell.ddns.net\/wordpress\/?post_type=product&#038;p=110129"},"modified":"2026-04-01T10:47:35","modified_gmt":"2026-04-01T08:47:35","slug":"univerzalis-ledes-hatso-lampa-e-jeles","status":"publish","type":"product","link":"https:\/\/zatureczkimarcell.ddns.net\/wordpress\/termek\/univerzalis-ledes-hatso-lampa-e-jeles\/","title":{"rendered":"Univerz\u00e1lis ledes h\u00e1ts\u00f3 l\u00e1mpa &#8211; E jeles!"},"content":{"rendered":"<p><strong><span style=\"color: rgb(34, 34, 34); font-family: Poppins, sans-serif; font-size: 17.5px; text-align: justify;\">K&ouml;nnyen felszerelhet\u0151. <\/span><\/strong><\/p>\n<p><strong><span style=\"color: rgb(34, 34, 34); font-family: Poppins, sans-serif; font-size: 17.5px; text-align: justify;\">Hossz&uacute; &eacute;lettartam <\/span><\/strong><\/p>\n<p><strong><span style=\"color: rgb(34, 34, 34); font-family: Poppins, sans-serif; font-size: 17.5px; text-align: justify;\">Alacsony fogyaszt&aacute;s&nbsp;<\/span><\/strong><\/p>\n<p><strong><span style=\"color: rgb(34, 34, 34); font-family: Poppins, sans-serif; font-size: 17.5px; text-align: justify;\">Nagy f&eacute;nyerej\u0171 LED&nbsp;<\/span><\/strong><\/p>\n<p><strong><span style=\"color: rgb(34, 34, 34); font-family: Poppins, sans-serif; font-size: 17.5px; text-align: justify;\">V&iacute;z&aacute;ll&oacute;, univerz&aacute;lis<\/span><\/strong><br style=\"box-sizing: border-box; padding: 0px; margin: 0px; color: rgb(34, 34, 34); font-family: Poppins, sans-serif; font-size: 17.5px; text-align: justify; outline: none !important;\" \/><br \/>\n&nbsp;<\/p>\n<p><strong><span style=\"color: rgb(34, 34, 34); font-family: Poppins, sans-serif; font-size: 17.5px; text-align: justify;\">E enged&eacute;lyes, eur&oacute;pai szabv&aacute;nynak megfelel, m\u0171szaki vizsg&aacute;n elfogadott.<\/span><\/strong><\/p>\n<\/p>\n<p><strong style=\"font-family: Roboto, sans-serif; font-size: 16px; box-sizing: border-box; max-width: 100%;\">Haszn&aacute;lati &eacute;s kezel&eacute;si &uacute;tmutat&oacute; a term&eacute;khez el&eacute;rhet\u0151 ide kattintva:&nbsp;<a href=\"https:\/\/darazsgarazs.hu\/index.php\/termek\/hasznalati-utmutato-alkatreszek.1158.html\">https:\/\/darazsgarazs.hu\/index.php\/termek\/hasznalati-utmutato-alkatreszek.1158.html<\/a><\/strong><\/p>\n","protected":false},"excerpt":{"rendered":"<p>K&ouml;nnyen felszerelhet\u0151. Hossz&uacute; &eacute;lettartam Alacsony fogyaszt&aacute;s&nbsp; Nagy f&eacute;nyerej\u0171 LED&nbsp; V&iacute;z&aacute;ll&oacute;, univerz&aacute;lis &nbsp; E enged&eacute;lyes, eur&oacute;pai szabv&aacute;nynak megfelel, m\u0171szaki vizsg&aacute;n elfogadott. [&hellip;]<\/p>\n","protected":false},"featured_media":106005,"template":"","meta":{"site-sidebar-layout":"default","site-content-layout":"","ast-site-content-layout":"default","site-content-style":"default","site-sidebar-style":"default","ast-global-header-display":"","ast-banner-title-visibility":"","ast-main-header-display":"","ast-hfb-above-header-display":"","ast-hfb-below-header-display":"","ast-hfb-mobile-header-display":"","site-post-title":"","ast-breadcrumbs-content":"","ast-featured-img":"","footer-sml-layout":"","ast-disable-related-posts":"","theme-transparent-header-meta":"","adv-header-id-meta":"","stick-header-meta":"","header-above-stick-meta":"","header-main-stick-meta":"","header-below-stick-meta":"","astra-migrate-meta-layouts":"default","ast-page-background-enabled":"default","ast-page-background-meta":{"desktop":{"background-color":"var(--ast-global-color-5)","background-image":"","background-repeat":"repeat","background-position":"center center","background-size":"auto","background-attachment":"scroll","background-type":"","background-media":"","overlay-type":"","overlay-color":"","overlay-opacity":"","overlay-gradient":""},"tablet":{"background-color":"","background-image":"","background-repeat":"repeat","background-position":"center center","background-size":"auto","background-attachment":"scroll","background-type":"","background-media":"","overlay-type":"","overlay-color":"","overlay-opacity":"","overlay-gradient":""},"mobile":{"background-color":"","background-image":"","background-repeat":"repeat","background-position":"center center","background-size":"auto","background-attachment":"scroll","background-type":"","background-media":"","overlay-type":"","overlay-color":"","overlay-opacity":"","overlay-gradient":""}},"ast-content-background-meta":{"desktop":{"background-color":"var(--ast-global-color-4)","background-image":"","background-repeat":"repeat","background-position":"center center","background-size":"auto","background-attachment":"scroll","background-type":"","background-media":"","overlay-type":"","overlay-color":"","overlay-opacity":"","overlay-gradient":""},"tablet":{"background-color":"var(--ast-global-color-4)","background-image":"","background-repeat":"repeat","background-position":"center center","background-size":"auto","background-attachment":"scroll","background-type":"","background-media":"","overlay-type":"","overlay-color":"","overlay-opacity":"","overlay-gradient":""},"mobile":{"background-color":"var(--ast-global-color-4)","background-image":"","background-repeat":"repeat","background-position":"center center","background-size":"auto","background-attachment":"scroll","background-type":"","background-media":"","overlay-type":"","overlay-color":"","overlay-opacity":"","overlay-gradient":""}}},"product_brand":[],"product_cat":[126,125],"product_tag":[],"class_list":{"0":"post-110129","1":"product","2":"type-product","3":"status-publish","4":"has-post-thumbnail","6":"product_cat-alkatreszek","7":"product_cat-univerzalis-alkatreszek","8":"desktop-align-left","9":"tablet-align-left","10":"mobile-align-left","12":"first","13":"instock","14":"shipping-taxable","15":"purchasable","16":"product-type-simple"},"jetpack_sharing_enabled":true,"_links":{"self":[{"href":"https:\/\/zatureczkimarcell.ddns.net\/wordpress\/wp-json\/wp\/v2\/product\/110129","targetHints":{"allow":["GET"]}}],"collection":[{"href":"https:\/\/zatureczkimarcell.ddns.net\/wordpress\/wp-json\/wp\/v2\/product"}],"about":[{"href":"https:\/\/zatureczkimarcell.ddns.net\/wordpress\/wp-json\/wp\/v2\/types\/product"}],"wp:featuredmedia":[{"embeddable":true,"href":"https:\/\/zatureczkimarcell.ddns.net\/wordpress\/wp-json\/wp\/v2\/media\/106005"}],"wp:attachment":[{"href":"https:\/\/zatureczkimarcell.ddns.net\/wordpress\/wp-json\/wp\/v2\/media?parent=110129"}],"wp:term":[{"taxonomy":"product_brand","embeddable":true,"href":"https:\/\/zatureczkimarcell.ddns.net\/wordpress\/wp-json\/wp\/v2\/product_brand?post=110129"},{"taxonomy":"product_cat","embeddable":true,"href":"https:\/\/zatureczkimarcell.ddns.net\/wordpress\/wp-json\/wp\/v2\/product_cat?post=110129"},{"taxonomy":"product_tag","embeddable":true,"href":"https:\/\/zatureczkimarcell.ddns.net\/wordpress\/wp-json\/wp\/v2\/product_tag?post=110129"}],"curies":[{"name":"wp","href":"https:\/\/api.w.org\/{rel}","templated":true}]}}