{"id":110128,"date":"2026-04-01T10:46:52","date_gmt":"2026-04-01T08:46:52","guid":{"rendered":"https:\/\/zatureczkimarcell.ddns.net\/wordpress\/?post_type=product&#038;p=110128"},"modified":"2026-04-01T10:47:34","modified_gmt":"2026-04-01T08:47:34","slug":"lazer-lzr-fh3-matt-fekete-napszemuveges-bukosisak","status":"publish","type":"product","link":"https:\/\/zatureczkimarcell.ddns.net\/wordpress\/termek\/lazer-lzr-fh3-matt-fekete-napszemuveges-bukosisak\/","title":{"rendered":"Lazer LZR FH3 Matt fekete napszem\u00fcveges buk\u00f3sisak"},"content":{"rendered":"<\/p>\n<p><span style=\"color: rgb(0, 0, 0);\"><span style=\"font-size: 16px;\"><strong><span noto=\"\" sans=\"\">A kiv&aacute;l&oacute; &aacute;r-&eacute;rt&eacute;k ar&aacute;ny&uacute;&nbsp;<\/span><span noto=\"\" sans=\"\" style=\"box-sizing: inherit; font-weight: bolder;\">FH3<\/span><span noto=\"\" sans=\"\">&nbsp;modell meglep\u0151en j&oacute;l felszerelt sisakunk. Modern &eacute;s sportos k&uuml;lsej&eacute;vel, dinamikus form&aacute;j&aacute;val &eacute;s trendi sz&iacute;neivel k&uuml;l&ouml;nleges megjelen&eacute;st k&ouml;lcs&ouml;n&ouml;z visel\u0151j&eacute;nek. K&eacute;nyelmes ,kiv&aacute;l&oacute; min\u0151s&eacute;g\u0171 bels\u0151vel rendelkezik.<\/span><\/strong><\/span><\/span><\/p>\n<p noto=\"\" sans=\"\" style=\"box-sizing: inherit; margin-top: 0px; margin-bottom: 1rem; font-size: 15px; color: rgb(122, 122, 122);\"><span style=\"color: rgb(0, 0, 0);\"><span style=\"font-size: 16px;\"><strong><span style=\"box-sizing: inherit; font-weight: bolder;\">Sisakh&eacute;j:<\/span><br style=\"box-sizing: inherit;\" \/><br \/>\nInjekt&aacute;lt technopolimer h&eacute;jszerkezet.&nbsp;<br style=\"box-sizing: inherit;\" \/><br \/>\n<br style=\"box-sizing: inherit;\" \/><br \/>\n<span style=\"box-sizing: inherit; font-weight: bolder;\">Csat t&iacute;pusa:<\/span><br style=\"box-sizing: inherit;\" \/><br \/>\nMikrometrikus csat (az &aacute;lsz&iacute;j pontosabb be&aacute;ll&iacute;t&aacute;s&aacute;t teszi lehet\u0151v&eacute;).<br style=\"box-sizing: inherit;\" \/><br \/>\n<br style=\"box-sizing: inherit;\" \/><br \/>\n<span style=\"box-sizing: inherit; font-weight: bolder;\">Sisakbels\u0151:<\/span><\/strong><\/span><\/span><\/p>\n<p noto=\"\" sans=\"\" style=\"box-sizing: inherit; margin-top: 0px; margin-bottom: 1rem; font-size: 15px; color: rgb(122, 122, 122);\"><span style=\"color: rgb(0, 0, 0);\"><span style=\"font-size: 16px;\"><strong>Be&eacute;p&iacute;tett napszem&uuml;veg.<br style=\"box-sizing: inherit;\" \/><br \/>\nK&eacute;nyelmes&nbsp;bels\u0151 kialak&iacute;t&aacute;s.<br style=\"box-sizing: inherit;\" \/><br \/>\n100%-ban kivehet\u0151, &eacute;s moshat&oacute; bels\u0151r&eacute;sz.<br style=\"box-sizing: inherit;\" \/><br \/>\nMorpho System Plus arc- &eacute;s fejp&aacute;rn&aacute;k.<\/strong><\/span><\/span><br style=\"box-sizing: inherit;\" \/><br \/>\n<span style=\"color: rgb(0, 0, 0);\"><span style=\"font-size: 16px;\"><strong>Az &aacute;ll r&eacute;szn&eacute;l rovarv&eacute;d\u0151 h&aacute;l&oacute; amely kiz&aacute;rva a l&eacute;g&ouml;rv&eacute;nyeket&nbsp;a sisakot csendess&eacute; teszi.<\/strong><\/span><\/span><br style=\"box-sizing: inherit;\" \/><br \/>\n<br style=\"box-sizing: inherit;\" \/><br \/>\n<span style=\"color: rgb(0, 0, 0);\"><span style=\"font-size: 16px;\"><strong><span style=\"box-sizing: inherit; font-weight: bolder;\">Biztons&aacute;gi rendszer:<\/span><br style=\"box-sizing: inherit;\" \/><br \/>\nEPS &#8211; a sisak fejtet\u0151 r&eacute;sz&eacute;be illesztett dupla v&eacute;d\u0151r&eacute;teg, amely nagym&eacute;rt&eacute;k\u0171 &uuml;t&eacute;selnyel&eacute;st biztos&iacute;t.<br style=\"box-sizing: inherit;\" \/><br \/>\n<br style=\"box-sizing: inherit;\" \/><br \/>\n<span style=\"box-sizing: inherit; font-weight: bolder;\">Plexi:<\/span><br style=\"box-sizing: inherit;\" \/><br \/>\nSisakba be&eacute;p&iacute;tett, mozgathat&oacute;, torz&iacute;t&aacute;smentes napszem&uuml;veg.<br style=\"box-sizing: inherit;\" \/><br \/>\nKarc mentes, pinlock el\u0151k&eacute;sz&iacute;t&eacute;ssel szerelt plexi.<br style=\"box-sizing: inherit;\" \/><br \/>\nA plexi k&ouml;nnyen cser&eacute;lhet\u0151, gyors kiold&aacute;s&uacute;&nbsp;.<br style=\"box-sizing: inherit;\" \/><br \/>\nT&ouml;bbr&eacute;teg\u0171 plexi t&ouml;m&iacute;t&eacute;s ami optim&aacute;lis z&aacute;r&oacute;d&aacute;st tesz lehet\u0151v&eacute;.<\/strong><\/span><\/span><\/p>\n<p noto=\"\" sans=\"\" style=\"box-sizing: inherit; margin-top: 0px; margin-bottom: 1rem; font-size: 15px; color: rgb(122, 122, 122);\"><span style=\"color: rgb(0, 0, 0);\"><span style=\"font-size: 16px;\"><strong><span style=\"box-sizing: inherit; font-weight: bolder;\">Szell\u0151z&eacute;s:<\/span><br style=\"box-sizing: inherit;\" \/><br \/>\n6 szell\u0151z\u0151 panel.<br style=\"box-sizing: inherit;\" \/><br \/>\n<br style=\"box-sizing: inherit;\" \/><br \/>\n<br style=\"box-sizing: inherit;\" \/><br \/>\nKivehet\u0151 orr p&aacute;ra l&eacute;gterel\u0151 bet&eacute;t.&nbsp;<\/strong><\/span><\/span><\/p>\n<p><br style=\"box-sizing: inherit;\" \/><br \/>\n<br style=\"box-sizing: inherit;\" \/><br \/>\n<strong style=\"color: rgb(255, 0, 0); font-size: 16px;\"><span style=\"box-sizing: inherit; font-weight: bolder;\">S&uacute;ly:<\/span>&nbsp;Csak 1450 g! Ez a be&eacute;p&iacute;tett napszem&uuml;veges sisakok k&ouml;z&ouml;tt kifejezetten k&ouml;nny\u0171nek sz&aacute;m&iacute;t!&nbsp;<\/strong><\/p>\n<p noto=\"\" sans=\"\" style=\"box-sizing: inherit; margin-top: 0px; margin-bottom: 1rem; font-size: 15px; color: rgb(122, 122, 122);\"><strong>Haszn&aacute;lati &eacute;s kezel&eacute;si &uacute;tmutat&oacute; a term&eacute;khez el&eacute;rhet\u0151 ide kattintva:&nbsp;<a href=\"https:\/\/darazsgarazs.hu\/index.php\/termek\/bukosisak-hasznalati-kezelesi-utmutato.1408.html\">https:\/\/darazsgarazs.hu\/index.php\/termek\/bukosisak-hasznalati-kezelesi-utmutato.1408.html<\/a><\/strong><\/p>\n<p noto=\"\" sans=\"\" style=\"box-sizing: inherit; margin-top: 0px; margin-bottom: 1rem; font-size: 15px; color: rgb(122, 122, 122);\"><strong style=\"color: rgb(255, 0, 0); font-size: 16px;\">FIGYELEM! Koll&eacute;g&aacute;nkat durva motoros balesetben is megv&eacute;dte a Lazer (LZR) buk&oacute;sisak! Az eset le&iacute;r&aacute;s&aacute;t &eacute;s a f&eacute;nyk&eacute;peket ide kattintva tekintheted meg:&nbsp;<a href=\"https:\/\/darazsgarazs.hu\/index.php\/termek\/kollegankat-megvedte-a-lazer-lzr-bukosisak.1392.html\">https:\/\/darazsgarazs.hu\/index.php\/termek\/kollegankat-megvedte-a-lazer-lzr-bukosisak.1392.html<\/a><\/strong><\/p>\n","protected":false},"excerpt":{"rendered":"<p>A kiv&aacute;l&oacute; &aacute;r-&eacute;rt&eacute;k ar&aacute;ny&uacute;&nbsp;FH3&nbsp;modell meglep\u0151en j&oacute;l felszerelt sisakunk. Modern &eacute;s sportos k&uuml;lsej&eacute;vel, dinamikus form&aacute;j&aacute;val &eacute;s trendi sz&iacute;neivel k&uuml;l&ouml;nleges megjelen&eacute;st k&ouml;lcs&ouml;n&ouml;z [&hellip;]<\/p>\n","protected":false},"featured_media":104187,"template":"","meta":{"site-sidebar-layout":"default","site-content-layout":"","ast-site-content-layout":"default","site-content-style":"default","site-sidebar-style":"default","ast-global-header-display":"","ast-banner-title-visibility":"","ast-main-header-display":"","ast-hfb-above-header-display":"","ast-hfb-below-header-display":"","ast-hfb-mobile-header-display":"","site-post-title":"","ast-breadcrumbs-content":"","ast-featured-img":"","footer-sml-layout":"","ast-disable-related-posts":"","theme-transparent-header-meta":"","adv-header-id-meta":"","stick-header-meta":"","header-above-stick-meta":"","header-main-stick-meta":"","header-below-stick-meta":"","astra-migrate-meta-layouts":"default","ast-page-background-enabled":"default","ast-page-background-meta":{"desktop":{"background-color":"var(--ast-global-color-5)","background-image":"","background-repeat":"repeat","background-position":"center center","background-size":"auto","background-attachment":"scroll","background-type":"","background-media":"","overlay-type":"","overlay-color":"","overlay-opacity":"","overlay-gradient":""},"tablet":{"background-color":"","background-image":"","background-repeat":"repeat","background-position":"center center","background-size":"auto","background-attachment":"scroll","background-type":"","background-media":"","overlay-type":"","overlay-color":"","overlay-opacity":"","overlay-gradient":""},"mobile":{"background-color":"","background-image":"","background-repeat":"repeat","background-position":"center center","background-size":"auto","background-attachment":"scroll","background-type":"","background-media":"","overlay-type":"","overlay-color":"","overlay-opacity":"","overlay-gradient":""}},"ast-content-background-meta":{"desktop":{"background-color":"var(--ast-global-color-4)","background-image":"","background-repeat":"repeat","background-position":"center center","background-size":"auto","background-attachment":"scroll","background-type":"","background-media":"","overlay-type":"","overlay-color":"","overlay-opacity":"","overlay-gradient":""},"tablet":{"background-color":"var(--ast-global-color-4)","background-image":"","background-repeat":"repeat","background-position":"center center","background-size":"auto","background-attachment":"scroll","background-type":"","background-media":"","overlay-type":"","overlay-color":"","overlay-opacity":"","overlay-gradient":""},"mobile":{"background-color":"var(--ast-global-color-4)","background-image":"","background-repeat":"repeat","background-position":"center center","background-size":"auto","background-attachment":"scroll","background-type":"","background-media":"","overlay-type":"","overlay-color":"","overlay-opacity":"","overlay-gradient":""}}},"product_brand":[],"product_cat":[121,150],"product_tag":[],"class_list":{"0":"post-110128","1":"product","2":"type-product","3":"status-publish","4":"has-post-thumbnail","6":"product_cat-bukosisakok","7":"product_cat-zart-bukosisakok","8":"desktop-align-left","9":"tablet-align-left","10":"mobile-align-left","12":"first","13":"instock","14":"sale","15":"shipping-taxable","16":"purchasable","17":"product-type-simple"},"jetpack_sharing_enabled":true,"_links":{"self":[{"href":"https:\/\/zatureczkimarcell.ddns.net\/wordpress\/wp-json\/wp\/v2\/product\/110128","targetHints":{"allow":["GET"]}}],"collection":[{"href":"https:\/\/zatureczkimarcell.ddns.net\/wordpress\/wp-json\/wp\/v2\/product"}],"about":[{"href":"https:\/\/zatureczkimarcell.ddns.net\/wordpress\/wp-json\/wp\/v2\/types\/product"}],"wp:featuredmedia":[{"embeddable":true,"href":"https:\/\/zatureczkimarcell.ddns.net\/wordpress\/wp-json\/wp\/v2\/media\/104187"}],"wp:attachment":[{"href":"https:\/\/zatureczkimarcell.ddns.net\/wordpress\/wp-json\/wp\/v2\/media?parent=110128"}],"wp:term":[{"taxonomy":"product_brand","embeddable":true,"href":"https:\/\/zatureczkimarcell.ddns.net\/wordpress\/wp-json\/wp\/v2\/product_brand?post=110128"},{"taxonomy":"product_cat","embeddable":true,"href":"https:\/\/zatureczkimarcell.ddns.net\/wordpress\/wp-json\/wp\/v2\/product_cat?post=110128"},{"taxonomy":"product_tag","embeddable":true,"href":"https:\/\/zatureczkimarcell.ddns.net\/wordpress\/wp-json\/wp\/v2\/product_tag?post=110128"}],"curies":[{"name":"wp","href":"https:\/\/api.w.org\/{rel}","templated":true}]}}