{"id":110114,"date":"2026-04-01T10:46:42","date_gmt":"2026-04-01T08:46:42","guid":{"rendered":"https:\/\/zatureczkimarcell.ddns.net\/wordpress\/?post_type=product&#038;p=110114"},"modified":"2026-04-01T10:47:06","modified_gmt":"2026-04-01T08:47:06","slug":"intelligens-csepptolto-bc-battery-mv-agusta-hivatalos-termek","status":"publish","type":"product","link":"https:\/\/zatureczkimarcell.ddns.net\/wordpress\/termek\/intelligens-csepptolto-bc-battery-mv-agusta-hivatalos-termek\/","title":{"rendered":"Intelligens cseppt\u00f6lt\u0151 BC BATTERY MV Agusta Hivatalos term\u00e9k."},"content":{"rendered":"<div><span style=\"font-size:16px;\"><strong>BC BATTERY tintelligens cseppt&ouml;lt\u0151 BC BATTERY MV Agusta Hivatalos term&eacute;k. Haszn&aacute;lt, &uacute;jszer\u0171 &aacute;llapotban.&nbsp;<\/strong><\/span><\/div>\n<div><span style=\"font-size:16px;\"><strong>&Uacute;j &Aacute;ra 35.000Ft, most csak 24.990Ft &eacute;rt lehet a ti&eacute;d!&nbsp;<\/strong><\/span><\/div>\n<div><span style=\"font-size:16px;\"><strong>BC 900 a BC Battery&nbsp;Controller, intelligens&nbsp;akkumul&aacute;tort&ouml;lt\u0151, amely ide&aacute;lis motorker&eacute;kp&aacute;rok, terepj&aacute;r&oacute;k, seg&eacute;dmotoros ker&eacute;kp&aacute;rok, motorossz&aacute;nok &eacute;s jetski akkumul&aacute;torok helyre&aacute;ll&iacute;t&aacute;s&aacute;hoz, t&ouml;lt&eacute;s&eacute;hez, szulf&aacute;tmentes&iacute;t&eacute;s&eacute;hez &eacute;s karbantart&aacute;s&aacute;hoz. <\/strong><\/span><\/div>\n<div><span style=\"font-size:16px;\"><strong>Az akkumul&aacute;tort&ouml;lt\u0151t &uacute;gy tervezt&eacute;k, hogy mindig biztons&aacute;gosan csatlakozzon az akkumul&aacute;torhoz, kock&aacute;zat n&eacute;lk&uuml;l, &iacute;gy nem kell lev&aacute;lasztani az akkumul&aacute;tort a j&aacute;rm\u0171r\u0151l t&ouml;lt&eacute;s k&ouml;zben. Haszn&aacute;lat&aacute;val az akkumul&aacute;tor hossz&uacute; &aacute;ll&aacute;s sor&aacute;n is teljesen felt&ouml;ltve marad.<\/strong><\/span><\/div>\n<div><\/div>\n<div><span style=\"font-size:16px;\"><strong>Aut&oacute;akkumul&aacute;torok lass&uacute; t&ouml;lt&eacute;s&eacute;re &eacute;s karbantart&aacute;s&aacute;ra is t&ouml;k&eacute;letesen haszn&aacute;lhat&oacute;.<\/strong><\/span><\/div>\n<div><\/div>\n<div><span style=\"font-size:16px;\"><strong>A BC 900 maxim&aacute;lis &aacute;ramer\u0151ss&eacute;ge 0,9 A, &eacute;s teljesen automatikus 8 ciklus&uacute; t&ouml;lt&eacute;si algoritmust futtat, amely teljes megold&aacute;st k&iacute;n&aacute;l a m&eacute;lyen lemer&uuml;lt akkumul&aacute;torok (1,25 V-t&oacute;l) helyre&aacute;ll&iacute;t&aacute;s&aacute;ra, valamint az &ouml;sszes 12 V-os (hagyom&aacute;nyos, zsel&eacute;s, zsel&eacute;s) akkumul&aacute;tor &uacute;jrat&ouml;lt&eacute;s&eacute;re, szulf&aacute;tmentes&iacute;t&eacute;s&eacute;re &eacute;s karbantart&aacute;s&aacute;ra..) 1,2-t\u0151l 45 Ah-ig (karbantart&aacute;shoz 100 Ah-ig).<\/strong><\/span><\/div>\n<div><\/div>\n<div><span style=\"font-size:16px;\"><strong>A LED-ek val&oacute;s id\u0151ben jelzik a v&eacute;grehajtott t&ouml;lt&eacute;si ciklust, valamint az esetleges m\u0171k&ouml;d&eacute;si hib&aacute;kat.<\/strong><\/span><\/div>\n<div><span style=\"font-size:16px;\"><strong>A BC &nbsp;900 nem bocs&aacute;t ki szikr&aacute;t, &eacute;s r&ouml;vidz&aacute;rlat ellen v&eacute;dett.&nbsp;<\/strong><\/span><\/div>\n<div><\/div>\n<div><\/div>\n<div><strong style=\"font-family: Roboto, sans-serif; font-size: 16px; box-sizing: border-box; max-width: 100%;\">Haszn&aacute;lati &eacute;s kezel&eacute;si &uacute;tmutat&oacute; a term&eacute;khez el&eacute;rhet\u0151 ide kattintva:&nbsp;<a href=\"https:\/\/darazsgarazs.hu\/index.php\/termek\/hasznalati-utmutato-alkatreszek.1158.html\">https:\/\/darazsgarazs.hu\/index.php\/termek\/hasznalati-utmutato-alkatreszek.1158.html<\/a><\/strong><\/div>\n","protected":false},"excerpt":{"rendered":"<p>BC BATTERY tintelligens cseppt&ouml;lt\u0151 BC BATTERY MV Agusta Hivatalos term&eacute;k. Haszn&aacute;lt, &uacute;jszer\u0171 &aacute;llapotban.&nbsp; &Uacute;j &Aacute;ra 35.000Ft, most csak 24.990Ft &eacute;rt [&hellip;]<\/p>\n","protected":false},"featured_media":107735,"template":"","meta":{"site-sidebar-layout":"default","site-content-layout":"","ast-site-content-layout":"default","site-content-style":"default","site-sidebar-style":"default","ast-global-header-display":"","ast-banner-title-visibility":"","ast-main-header-display":"","ast-hfb-above-header-display":"","ast-hfb-below-header-display":"","ast-hfb-mobile-header-display":"","site-post-title":"","ast-breadcrumbs-content":"","ast-featured-img":"","footer-sml-layout":"","ast-disable-related-posts":"","theme-transparent-header-meta":"","adv-header-id-meta":"","stick-header-meta":"","header-above-stick-meta":"","header-main-stick-meta":"","header-below-stick-meta":"","astra-migrate-meta-layouts":"default","ast-page-background-enabled":"default","ast-page-background-meta":{"desktop":{"background-color":"var(--ast-global-color-5)","background-image":"","background-repeat":"repeat","background-position":"center center","background-size":"auto","background-attachment":"scroll","background-type":"","background-media":"","overlay-type":"","overlay-color":"","overlay-opacity":"","overlay-gradient":""},"tablet":{"background-color":"","background-image":"","background-repeat":"repeat","background-position":"center center","background-size":"auto","background-attachment":"scroll","background-type":"","background-media":"","overlay-type":"","overlay-color":"","overlay-opacity":"","overlay-gradient":""},"mobile":{"background-color":"","background-image":"","background-repeat":"repeat","background-position":"center center","background-size":"auto","background-attachment":"scroll","background-type":"","background-media":"","overlay-type":"","overlay-color":"","overlay-opacity":"","overlay-gradient":""}},"ast-content-background-meta":{"desktop":{"background-color":"var(--ast-global-color-4)","background-image":"","background-repeat":"repeat","background-position":"center center","background-size":"auto","background-attachment":"scroll","background-type":"","background-media":"","overlay-type":"","overlay-color":"","overlay-opacity":"","overlay-gradient":""},"tablet":{"background-color":"var(--ast-global-color-4)","background-image":"","background-repeat":"repeat","background-position":"center center","background-size":"auto","background-attachment":"scroll","background-type":"","background-media":"","overlay-type":"","overlay-color":"","overlay-opacity":"","overlay-gradient":""},"mobile":{"background-color":"var(--ast-global-color-4)","background-image":"","background-repeat":"repeat","background-position":"center center","background-size":"auto","background-attachment":"scroll","background-type":"","background-media":"","overlay-type":"","overlay-color":"","overlay-opacity":"","overlay-gradient":""}}},"product_brand":[],"product_cat":[124,126,127,128,125],"product_tag":[],"class_list":{"0":"post-110114","1":"product","2":"type-product","3":"status-publish","4":"has-post-thumbnail","6":"product_cat-akkumulatorok","7":"product_cat-alkatreszek","8":"product_cat-apolas","9":"product_cat-tarolas-ponyvak","10":"product_cat-univerzalis-alkatreszek","11":"desktop-align-left","12":"tablet-align-left","13":"mobile-align-left","15":"first","16":"instock","17":"shipping-taxable","18":"purchasable","19":"product-type-simple"},"jetpack_sharing_enabled":true,"_links":{"self":[{"href":"https:\/\/zatureczkimarcell.ddns.net\/wordpress\/wp-json\/wp\/v2\/product\/110114","targetHints":{"allow":["GET"]}}],"collection":[{"href":"https:\/\/zatureczkimarcell.ddns.net\/wordpress\/wp-json\/wp\/v2\/product"}],"about":[{"href":"https:\/\/zatureczkimarcell.ddns.net\/wordpress\/wp-json\/wp\/v2\/types\/product"}],"wp:featuredmedia":[{"embeddable":true,"href":"https:\/\/zatureczkimarcell.ddns.net\/wordpress\/wp-json\/wp\/v2\/media\/107735"}],"wp:attachment":[{"href":"https:\/\/zatureczkimarcell.ddns.net\/wordpress\/wp-json\/wp\/v2\/media?parent=110114"}],"wp:term":[{"taxonomy":"product_brand","embeddable":true,"href":"https:\/\/zatureczkimarcell.ddns.net\/wordpress\/wp-json\/wp\/v2\/product_brand?post=110114"},{"taxonomy":"product_cat","embeddable":true,"href":"https:\/\/zatureczkimarcell.ddns.net\/wordpress\/wp-json\/wp\/v2\/product_cat?post=110114"},{"taxonomy":"product_tag","embeddable":true,"href":"https:\/\/zatureczkimarcell.ddns.net\/wordpress\/wp-json\/wp\/v2\/product_tag?post=110114"}],"curies":[{"name":"wp","href":"https:\/\/api.w.org\/{rel}","templated":true}]}}