{"id":110112,"date":"2026-04-01T10:46:41","date_gmt":"2026-04-01T08:46:41","guid":{"rendered":"https:\/\/zatureczkimarcell.ddns.net\/wordpress\/?post_type=product&#038;p=110112"},"modified":"2026-04-01T10:47:04","modified_gmt":"2026-04-01T08:47:04","slug":"racer-esokabat-14xl-meretig","status":"publish","type":"product","link":"https:\/\/zatureczkimarcell.ddns.net\/wordpress\/termek\/racer-esokabat-14xl-meretig\/","title":{"rendered":"Racer es\u0151kab\u00e1t 14XL m\u00e9retig !"},"content":{"rendered":"<p><span style=\"font-size:16px;\"><strong>Kiv&aacute;l&oacute; l&aacute;that&oacute;s&aacute;got biztos&iacute;t&oacute; es\u0151kab&aacute;t.&nbsp;<\/strong><\/span><\/p>\n<p><span style=\"font-size:16px;\"><strong>A motoros ruh&aacute;zatra v&eacute;ve nem csak az es\u0151 &eacute;s sz&eacute;l ellen ny&uacute;jt v&eacute;delmet, de a rossz l&aacute;t&aacute;si k&ouml;r&uuml;lm&eacute;nyek k&ouml;z&ouml;tt , extra j&oacute; l&aacute;that&oacute;s&aacute;got biztos&iacute;t visel\u0151j&eacute;nek. Ez n&ouml;veli a motoros biztons&aacute;g&aacute;t es\u0151s-bor&uacute;s id\u0151ben, vagy olyankor amikor a l&aacute;t&aacute;si k&ouml;r&uuml;lm&eacute;nyek nem megfelel\u0151ek.&nbsp;<\/strong><\/span><\/p>\n<p><span style=\"font-size:16px;\"><strong>Extra nagy m&eacute;retekben is megv&aacute;s&aacute;rolhat&oacute; term&eacute;k&uuml;nk.&nbsp; Ak&aacute;r 14XL m&eacute;retig!&nbsp;<\/strong><\/span><\/p>\n<p><span style=\"font-size:16px;\"><strong>Figyelem! A term&eacute;k &aacute;ra 5XL m&eacute;rett\u0151l, az alap&aacute;rn&aacute;l magasabb : 19.990Ft&nbsp;<\/strong><\/span><\/p>\n<p><strong style=\"font-family: Roboto, sans-serif; font-size: 16px; box-sizing: border-box; max-width: 100%;\">Haszn&aacute;lati &eacute;s kezel&eacute;si &uacute;tmutat&oacute; a term&eacute;khez&nbsp;el&eacute;rhet\u0151 ide kattintva:&nbsp;<a href=\"https:\/\/darazsgarazs.hu\/index.php\/termek\/hasznalati-utmutato.1155.html\">https:\/\/darazsgarazs.hu\/index.php\/termek\/hasznalati-utmutato.1155.html<\/a><\/strong><\/p>\n","protected":false},"excerpt":{"rendered":"<p>Kiv&aacute;l&oacute; l&aacute;that&oacute;s&aacute;got biztos&iacute;t&oacute; es\u0151kab&aacute;t.&nbsp; A motoros ruh&aacute;zatra v&eacute;ve nem csak az es\u0151 &eacute;s sz&eacute;l ellen ny&uacute;jt v&eacute;delmet, de a rossz [&hellip;]<\/p>\n","protected":false},"featured_media":102682,"template":"","meta":{"site-sidebar-layout":"default","site-content-layout":"","ast-site-content-layout":"default","site-content-style":"default","site-sidebar-style":"default","ast-global-header-display":"","ast-banner-title-visibility":"","ast-main-header-display":"","ast-hfb-above-header-display":"","ast-hfb-below-header-display":"","ast-hfb-mobile-header-display":"","site-post-title":"","ast-breadcrumbs-content":"","ast-featured-img":"","footer-sml-layout":"","ast-disable-related-posts":"","theme-transparent-header-meta":"","adv-header-id-meta":"","stick-header-meta":"","header-above-stick-meta":"","header-main-stick-meta":"","header-below-stick-meta":"","astra-migrate-meta-layouts":"default","ast-page-background-enabled":"default","ast-page-background-meta":{"desktop":{"background-color":"var(--ast-global-color-5)","background-image":"","background-repeat":"repeat","background-position":"center center","background-size":"auto","background-attachment":"scroll","background-type":"","background-media":"","overlay-type":"","overlay-color":"","overlay-opacity":"","overlay-gradient":""},"tablet":{"background-color":"","background-image":"","background-repeat":"repeat","background-position":"center center","background-size":"auto","background-attachment":"scroll","background-type":"","background-media":"","overlay-type":"","overlay-color":"","overlay-opacity":"","overlay-gradient":""},"mobile":{"background-color":"","background-image":"","background-repeat":"repeat","background-position":"center center","background-size":"auto","background-attachment":"scroll","background-type":"","background-media":"","overlay-type":"","overlay-color":"","overlay-opacity":"","overlay-gradient":""}},"ast-content-background-meta":{"desktop":{"background-color":"var(--ast-global-color-4)","background-image":"","background-repeat":"repeat","background-position":"center center","background-size":"auto","background-attachment":"scroll","background-type":"","background-media":"","overlay-type":"","overlay-color":"","overlay-opacity":"","overlay-gradient":""},"tablet":{"background-color":"var(--ast-global-color-4)","background-image":"","background-repeat":"repeat","background-position":"center center","background-size":"auto","background-attachment":"scroll","background-type":"","background-media":"","overlay-type":"","overlay-color":"","overlay-opacity":"","overlay-gradient":""},"mobile":{"background-color":"var(--ast-global-color-4)","background-image":"","background-repeat":"repeat","background-position":"center center","background-size":"auto","background-attachment":"scroll","background-type":"","background-media":"","overlay-type":"","overlay-color":"","overlay-opacity":"","overlay-gradient":""}}},"product_brand":[],"product_cat":[149,139,146],"product_tag":[],"class_list":{"0":"post-110112","1":"product","2":"type-product","3":"status-publish","4":"has-post-thumbnail","6":"product_cat-eso-ruhazat","7":"product_cat-motoros-ruhazat","8":"product_cat-orias-meretu-motoros-ruhazat","9":"desktop-align-left","10":"tablet-align-left","11":"mobile-align-left","13":"first","14":"instock","15":"shipping-taxable","16":"purchasable","17":"product-type-simple"},"jetpack_sharing_enabled":true,"_links":{"self":[{"href":"https:\/\/zatureczkimarcell.ddns.net\/wordpress\/wp-json\/wp\/v2\/product\/110112","targetHints":{"allow":["GET"]}}],"collection":[{"href":"https:\/\/zatureczkimarcell.ddns.net\/wordpress\/wp-json\/wp\/v2\/product"}],"about":[{"href":"https:\/\/zatureczkimarcell.ddns.net\/wordpress\/wp-json\/wp\/v2\/types\/product"}],"wp:featuredmedia":[{"embeddable":true,"href":"https:\/\/zatureczkimarcell.ddns.net\/wordpress\/wp-json\/wp\/v2\/media\/102682"}],"wp:attachment":[{"href":"https:\/\/zatureczkimarcell.ddns.net\/wordpress\/wp-json\/wp\/v2\/media?parent=110112"}],"wp:term":[{"taxonomy":"product_brand","embeddable":true,"href":"https:\/\/zatureczkimarcell.ddns.net\/wordpress\/wp-json\/wp\/v2\/product_brand?post=110112"},{"taxonomy":"product_cat","embeddable":true,"href":"https:\/\/zatureczkimarcell.ddns.net\/wordpress\/wp-json\/wp\/v2\/product_cat?post=110112"},{"taxonomy":"product_tag","embeddable":true,"href":"https:\/\/zatureczkimarcell.ddns.net\/wordpress\/wp-json\/wp\/v2\/product_tag?post=110112"}],"curies":[{"name":"wp","href":"https:\/\/api.w.org\/{rel}","templated":true}]}}