{"id":110102,"date":"2026-04-01T10:46:10","date_gmt":"2026-04-01T08:46:10","guid":{"rendered":"https:\/\/zatureczkimarcell.ddns.net\/wordpress\/?post_type=product&#038;p=110102"},"modified":"2026-04-01T10:46:33","modified_gmt":"2026-04-01T08:46:33","slug":"racer-l-a-klasszikus-szabasu-motoros-kabat-videoval","status":"publish","type":"product","link":"https:\/\/zatureczkimarcell.ddns.net\/wordpress\/termek\/racer-l-a-klasszikus-szabasu-motoros-kabat-videoval\/","title":{"rendered":"Racer L.A. Klasszikus szab\u00e1s\u00fa motoros kab\u00e1t -Vide\u00f3val"},"content":{"rendered":"<div><span style=\"color:#000000;\"><span style=\"font-size:16px;\"><strong>Wax-os fel&uuml;let\u0171&nbsp;eleg&aacute;ns sz&ouml;vet motoros kab&aacute;t. <\/strong><\/span><\/span><\/div>\n<div><span style=\"color:#000000;\"><span style=\"font-size:16px;\"><strong>V&aacute;rosi, vintage st&iacute;lus&uacute; motoros ruh&aacute;zat, amely ak&aacute;r egy ingre felv&eacute;ve is&nbsp;kiv&aacute;l&oacute;an mutat. Irod&aacute;ba, t&aacute;rgyal&aacute;sra , vagy egy bar&aacute;ti tal&aacute;lkoz&oacute;ra egy k&aacute;v&eacute;z&oacute; terasz&aacute;ra &eacute;rkezve is elismer\u0151 tekinteteket vonz ez a motoros kab&aacute;tunk.&nbsp;<\/strong><\/span><\/span><\/div>\n<div><span style=\"color:#000000;\"><span style=\"font-size:16px;\"><strong>Opci&oacute;k&eacute;nt&nbsp;, gy&aacute;rilag kialak&iacute;tott protektorzsebekben&nbsp;SAS-Tec tesztgy\u0151ztes &uuml;t&eacute;selnyel\u0151, LEVEL 2-es <em>(Jelenleg a LEVEL 2 a legmagasabb v&eacute;delmi szabv&aacute;ny)<\/em> , <\/strong><\/span><\/span><strong style=\"color: rgb(0, 0, 0); font-size: 16px;\">(v&aacute;ll-k&ouml;ny&ouml;k &eacute;s gerinc)&nbsp;<\/strong><span style=\"color:#000000;\"><span style=\"font-size:16px;\"><strong>protektorokkal eg&eacute;sz&iacute;thet\u0151 ki ez a st&iacute;lusos motoros kab&aacute;t&nbsp;<\/strong><\/span><\/span><\/div>\n<div><span style=\"color:#000000;\"><span style=\"font-size:16px;\"><strong>Sz&iacute;n: fekete<\/strong><\/span><\/span><\/div>\n<div><strong style=\"font-family: Roboto, sans-serif; font-size: 16px; box-sizing: border-box; max-width: 100%;\">Haszn&aacute;lati &eacute;s kezel&eacute;si &uacute;tmutat&oacute; a term&eacute;khez&nbsp;el&eacute;rhet\u0151 ide kattintva:&nbsp;<a href=\"https:\/\/darazsgarazs.hu\/index.php\/termek\/hasznalati-utmutato.1155.html\">https:\/\/darazsgarazs.hu\/index.php\/termek\/hasznalati-utmutato.1155.html<\/a><\/strong><\/div>\n<div><span style=\"color:#000000;\"><span style=\"font-size:16px;\"><strong>M&eacute;retek: 50, 52, 54, 56, 58<\/strong><\/span><\/span><\/div>\n<div><span style=\"color:#000000;\"><span style=\"font-size:16px;\"><strong>Tekintsd meg bemutat&oacute; vide&oacute;nkat err\u0151l az eleg&aacute;ns term&eacute;k&uuml;nkr\u0151l:&nbsp;<\/strong><\/span><\/span><\/div>\n<div>\n<div style=\"position:relative;padding-bottom:56.25%;padding-top:30px;height:0;overflow:hidden;\"><iframe loading=\"lazy\" allowfullscreen=\"\" frameborder=\"0\" height=\"360\" src=\"\/\/www.youtube.com\/embed\/t0SHDbeC-RM?rel=0\" style=\"position: absolute;top: 0;left: 0;width: 100%;height: 100%;\" width=\"640\"><\/iframe><\/div>\n<\/div>\n","protected":false},"excerpt":{"rendered":"<p>Wax-os fel&uuml;let\u0171&nbsp;eleg&aacute;ns sz&ouml;vet motoros kab&aacute;t. V&aacute;rosi, vintage st&iacute;lus&uacute; motoros ruh&aacute;zat, amely ak&aacute;r egy ingre felv&eacute;ve is&nbsp;kiv&aacute;l&oacute;an mutat. Irod&aacute;ba, t&aacute;rgyal&aacute;sra , [&hellip;]<\/p>\n","protected":false},"featured_media":106733,"template":"","meta":{"site-sidebar-layout":"default","site-content-layout":"","ast-site-content-layout":"default","site-content-style":"default","site-sidebar-style":"default","ast-global-header-display":"","ast-banner-title-visibility":"","ast-main-header-display":"","ast-hfb-above-header-display":"","ast-hfb-below-header-display":"","ast-hfb-mobile-header-display":"","site-post-title":"","ast-breadcrumbs-content":"","ast-featured-img":"","footer-sml-layout":"","ast-disable-related-posts":"","theme-transparent-header-meta":"","adv-header-id-meta":"","stick-header-meta":"","header-above-stick-meta":"","header-main-stick-meta":"","header-below-stick-meta":"","astra-migrate-meta-layouts":"default","ast-page-background-enabled":"default","ast-page-background-meta":{"desktop":{"background-color":"var(--ast-global-color-5)","background-image":"","background-repeat":"repeat","background-position":"center center","background-size":"auto","background-attachment":"scroll","background-type":"","background-media":"","overlay-type":"","overlay-color":"","overlay-opacity":"","overlay-gradient":""},"tablet":{"background-color":"","background-image":"","background-repeat":"repeat","background-position":"center center","background-size":"auto","background-attachment":"scroll","background-type":"","background-media":"","overlay-type":"","overlay-color":"","overlay-opacity":"","overlay-gradient":""},"mobile":{"background-color":"","background-image":"","background-repeat":"repeat","background-position":"center center","background-size":"auto","background-attachment":"scroll","background-type":"","background-media":"","overlay-type":"","overlay-color":"","overlay-opacity":"","overlay-gradient":""}},"ast-content-background-meta":{"desktop":{"background-color":"var(--ast-global-color-4)","background-image":"","background-repeat":"repeat","background-position":"center center","background-size":"auto","background-attachment":"scroll","background-type":"","background-media":"","overlay-type":"","overlay-color":"","overlay-opacity":"","overlay-gradient":""},"tablet":{"background-color":"var(--ast-global-color-4)","background-image":"","background-repeat":"repeat","background-position":"center center","background-size":"auto","background-attachment":"scroll","background-type":"","background-media":"","overlay-type":"","overlay-color":"","overlay-opacity":"","overlay-gradient":""},"mobile":{"background-color":"var(--ast-global-color-4)","background-image":"","background-repeat":"repeat","background-position":"center center","background-size":"auto","background-attachment":"scroll","background-type":"","background-media":"","overlay-type":"","overlay-color":"","overlay-opacity":"","overlay-gradient":""}}},"product_brand":[],"product_cat":[147,139,145],"product_tag":[],"class_list":{"0":"post-110102","1":"product","2":"type-product","3":"status-publish","4":"has-post-thumbnail","6":"product_cat-kabatok","7":"product_cat-motoros-ruhazat","8":"product_cat-varosi-stilusu-motoros-ruhazat","9":"desktop-align-left","10":"tablet-align-left","11":"mobile-align-left","13":"first","14":"instock","15":"shipping-taxable","16":"purchasable","17":"product-type-simple"},"jetpack_sharing_enabled":true,"_links":{"self":[{"href":"https:\/\/zatureczkimarcell.ddns.net\/wordpress\/wp-json\/wp\/v2\/product\/110102","targetHints":{"allow":["GET"]}}],"collection":[{"href":"https:\/\/zatureczkimarcell.ddns.net\/wordpress\/wp-json\/wp\/v2\/product"}],"about":[{"href":"https:\/\/zatureczkimarcell.ddns.net\/wordpress\/wp-json\/wp\/v2\/types\/product"}],"wp:featuredmedia":[{"embeddable":true,"href":"https:\/\/zatureczkimarcell.ddns.net\/wordpress\/wp-json\/wp\/v2\/media\/106733"}],"wp:attachment":[{"href":"https:\/\/zatureczkimarcell.ddns.net\/wordpress\/wp-json\/wp\/v2\/media?parent=110102"}],"wp:term":[{"taxonomy":"product_brand","embeddable":true,"href":"https:\/\/zatureczkimarcell.ddns.net\/wordpress\/wp-json\/wp\/v2\/product_brand?post=110102"},{"taxonomy":"product_cat","embeddable":true,"href":"https:\/\/zatureczkimarcell.ddns.net\/wordpress\/wp-json\/wp\/v2\/product_cat?post=110102"},{"taxonomy":"product_tag","embeddable":true,"href":"https:\/\/zatureczkimarcell.ddns.net\/wordpress\/wp-json\/wp\/v2\/product_tag?post=110102"}],"curies":[{"name":"wp","href":"https:\/\/api.w.org\/{rel}","templated":true}]}}