{"id":110101,"date":"2026-04-01T10:46:09","date_gmt":"2026-04-01T08:46:09","guid":{"rendered":"https:\/\/zatureczkimarcell.ddns.net\/wordpress\/?post_type=product&#038;p=110101"},"modified":"2026-04-01T10:46:32","modified_gmt":"2026-04-01T08:46:32","slug":"racer-comfort-vizallo-teli-motoros-kesztyu-plexi-torlovel","status":"publish","type":"product","link":"https:\/\/zatureczkimarcell.ddns.net\/wordpress\/termek\/racer-comfort-vizallo-teli-motoros-kesztyu-plexi-torlovel\/","title":{"rendered":"Racer Comfort &#8211; V\u00edz\u00e1ll\u00f3 t\u00e9li motoros keszty\u0171 plexi t\u00f6rl\u0151vel"},"content":{"rendered":"<div><span style=\"color:#000000;\"><span style=\"font-size:16px;\"><strong>Meleg, v&iacute;z&aacute;ll&oacute; &eacute;s l&eacute;legz\u0151 keszty\u0171 Softshell &eacute;s extra k&eacute;nyelmet k&iacute;n&aacute;l&oacute; kecskeb\u0151r kever&eacute;k&eacute;b\u0151l. A kecskeb\u0151r keszty\u0171k mindig sokkal magasabb k&eacute;nyelmi szintet k&iacute;n&aacute;lnak, mint az &aacute;tlagos marhab\u0151r keszty\u0171k.&nbsp;<\/strong><\/span><\/span><\/div>\n<div><span style=\"color:#000000;\"><span style=\"font-size:16px;\"><strong>Hipora (5.000mm tud&aacute;s&uacute;) membr&aacute;nnal <\/strong><\/span><\/span><\/div>\n<div><span style=\"color:#000000;\"><span style=\"font-size:16px;\"><strong>Kem&eacute;ny protektorok a k&eacute;zfej r&eacute;szen.<\/strong><\/span><\/span><\/div>\n<div><span style=\"color:#000000;\"><span style=\"font-size:16px;\"><strong>Plexi t&ouml;rl\u0151 bet&eacute;t a bal k&eacute;z mutat&oacute;&uacute;jj&aacute;n. Ennek haszn&aacute;lat&aacute;val az es\u0151cseppek egy k&ouml;nnyed mozdulattal t&ouml;r&ouml;lhet\u0151ek le a sisak plexij&eacute;r\u0151l.&nbsp;<\/strong><\/span><\/span><\/div>\n<div><span style=\"color:#000000;\"><span style=\"font-size:16px;\"><strong>A puha b&eacute;l&eacute;s meleg &eacute;s komfortos&nbsp;&eacute;rz&eacute;st ad a h\u0171v&ouml;s napokon is.&nbsp;<\/strong><\/span><\/span><\/div>\n<div><span style=\"color:#000000;\"><span style=\"font-size:16px;\"><strong>3M Scotchlite f&eacute;nyvisszaver\u0151 bet&eacute;tek&nbsp;a biztons&aacute;g &eacute;rdek&eacute;ben.<\/strong><\/span><\/span><\/div>\n<div><span style=\"color:#000000;\"><span style=\"font-size:16px;\"><strong>Anyaga: softshell, kecskeb\u0151r<\/strong><\/span><\/span><\/div>\n<div><\/div>\n<div><span style=\"color:#000000;\"><span style=\"font-size:16px;\"><strong>M&eacute;rete: S,M, L, XL , 2XL, 3XL<\/strong><\/span><\/span><\/div>\n<div><strong style=\"font-family: Roboto, sans-serif; font-size: 16px; box-sizing: border-box; max-width: 100%;\">Haszn&aacute;lati &eacute;s kezel&eacute;si &uacute;tmutat&oacute; a term&eacute;khez&nbsp;el&eacute;rhet\u0151 ide kattintva:&nbsp;<a href=\"https:\/\/darazsgarazs.hu\/index.php\/termek\/hasznalati-utmutato.1155.html\">https:\/\/darazsgarazs.hu\/index.php\/termek\/hasznalati-utmutato.1155.html<\/a><\/strong><\/div>\n","protected":false},"excerpt":{"rendered":"<p>Meleg, v&iacute;z&aacute;ll&oacute; &eacute;s l&eacute;legz\u0151 keszty\u0171 Softshell &eacute;s extra k&eacute;nyelmet k&iacute;n&aacute;l&oacute; kecskeb\u0151r kever&eacute;k&eacute;b\u0151l. A kecskeb\u0151r keszty\u0171k mindig sokkal magasabb k&eacute;nyelmi szintet [&hellip;]<\/p>\n","protected":false},"featured_media":107371,"template":"","meta":{"site-sidebar-layout":"default","site-content-layout":"","ast-site-content-layout":"default","site-content-style":"default","site-sidebar-style":"default","ast-global-header-display":"","ast-banner-title-visibility":"","ast-main-header-display":"","ast-hfb-above-header-display":"","ast-hfb-below-header-display":"","ast-hfb-mobile-header-display":"","site-post-title":"","ast-breadcrumbs-content":"","ast-featured-img":"","footer-sml-layout":"","ast-disable-related-posts":"","theme-transparent-header-meta":"","adv-header-id-meta":"","stick-header-meta":"","header-above-stick-meta":"","header-main-stick-meta":"","header-below-stick-meta":"","astra-migrate-meta-layouts":"default","ast-page-background-enabled":"default","ast-page-background-meta":{"desktop":{"background-color":"var(--ast-global-color-5)","background-image":"","background-repeat":"repeat","background-position":"center center","background-size":"auto","background-attachment":"scroll","background-type":"","background-media":"","overlay-type":"","overlay-color":"","overlay-opacity":"","overlay-gradient":""},"tablet":{"background-color":"","background-image":"","background-repeat":"repeat","background-position":"center center","background-size":"auto","background-attachment":"scroll","background-type":"","background-media":"","overlay-type":"","overlay-color":"","overlay-opacity":"","overlay-gradient":""},"mobile":{"background-color":"","background-image":"","background-repeat":"repeat","background-position":"center center","background-size":"auto","background-attachment":"scroll","background-type":"","background-media":"","overlay-type":"","overlay-color":"","overlay-opacity":"","overlay-gradient":""}},"ast-content-background-meta":{"desktop":{"background-color":"var(--ast-global-color-4)","background-image":"","background-repeat":"repeat","background-position":"center center","background-size":"auto","background-attachment":"scroll","background-type":"","background-media":"","overlay-type":"","overlay-color":"","overlay-opacity":"","overlay-gradient":""},"tablet":{"background-color":"var(--ast-global-color-4)","background-image":"","background-repeat":"repeat","background-position":"center center","background-size":"auto","background-attachment":"scroll","background-type":"","background-media":"","overlay-type":"","overlay-color":"","overlay-opacity":"","overlay-gradient":""},"mobile":{"background-color":"var(--ast-global-color-4)","background-image":"","background-repeat":"repeat","background-position":"center center","background-size":"auto","background-attachment":"scroll","background-type":"","background-media":"","overlay-type":"","overlay-color":"","overlay-opacity":"","overlay-gradient":""}}},"product_brand":[],"product_cat":[142,143,139],"product_tag":[],"class_list":{"0":"post-110101","1":"product","2":"type-product","3":"status-publish","4":"has-post-thumbnail","6":"product_cat-hideg-elleni-termekek","7":"product_cat-kesztyuk","8":"product_cat-motoros-ruhazat","9":"desktop-align-left","10":"tablet-align-left","11":"mobile-align-left","13":"first","14":"instock","15":"shipping-taxable","16":"purchasable","17":"product-type-simple"},"jetpack_sharing_enabled":true,"_links":{"self":[{"href":"https:\/\/zatureczkimarcell.ddns.net\/wordpress\/wp-json\/wp\/v2\/product\/110101","targetHints":{"allow":["GET"]}}],"collection":[{"href":"https:\/\/zatureczkimarcell.ddns.net\/wordpress\/wp-json\/wp\/v2\/product"}],"about":[{"href":"https:\/\/zatureczkimarcell.ddns.net\/wordpress\/wp-json\/wp\/v2\/types\/product"}],"wp:featuredmedia":[{"embeddable":true,"href":"https:\/\/zatureczkimarcell.ddns.net\/wordpress\/wp-json\/wp\/v2\/media\/107371"}],"wp:attachment":[{"href":"https:\/\/zatureczkimarcell.ddns.net\/wordpress\/wp-json\/wp\/v2\/media?parent=110101"}],"wp:term":[{"taxonomy":"product_brand","embeddable":true,"href":"https:\/\/zatureczkimarcell.ddns.net\/wordpress\/wp-json\/wp\/v2\/product_brand?post=110101"},{"taxonomy":"product_cat","embeddable":true,"href":"https:\/\/zatureczkimarcell.ddns.net\/wordpress\/wp-json\/wp\/v2\/product_cat?post=110101"},{"taxonomy":"product_tag","embeddable":true,"href":"https:\/\/zatureczkimarcell.ddns.net\/wordpress\/wp-json\/wp\/v2\/product_tag?post=110101"}],"curies":[{"name":"wp","href":"https:\/\/api.w.org\/{rel}","templated":true}]}}