{"id":110096,"date":"2026-04-01T10:46:06","date_gmt":"2026-04-01T08:46:06","guid":{"rendered":"https:\/\/zatureczkimarcell.ddns.net\/wordpress\/?post_type=product&#038;p=110096"},"modified":"2026-04-01T10:46:28","modified_gmt":"2026-04-01T08:46:28","slug":"racer-verano-elagans-bor-motoros-kesztyu-videoval","status":"publish","type":"product","link":"https:\/\/zatureczkimarcell.ddns.net\/wordpress\/termek\/racer-verano-elagans-bor-motoros-kesztyu-videoval\/","title":{"rendered":"Racer Verano Elag\u00e1ns b\u0151r motoros keszty\u0171 -Vide\u00f3val"},"content":{"rendered":"<div aria-controls=\"description\" aria-expanded=\"true\" aria-selected=\"false\" class=\"data item title active\" data-collapsible=\"true\" data-role=\"collapsible\" id=\"tab-label-description\" role=\"tab\" style=\"box-sizing: border-box; margin: 0px 35px 0px 0px; padding: 0px; border: 0px; font-variant-numeric: inherit; font-variant-east-asian: inherit; font-variant-alternates: inherit; font-variant-position: inherit; font-weight: 600; font-stretch: inherit; font-size: 16px; line-height: inherit; font-family: Poppins, sans-serif; font-optical-sizing: inherit; font-kerning: inherit; font-feature-settings: inherit; font-variation-settings: inherit; vertical-align: top; position: relative; cursor: pointer; outline: none; display: inline-block; text-transform: uppercase; color: rgb(101, 102, 104);\" tabindex=\"0\">\n<div><span style=\"color:#000000;\"><span style=\"font-size: 13px;\">Ny&aacute;ri Eleg&aacute;ns b\u0151rkeszty\u0171 nagyon puha &eacute;s kiv&aacute;l&oacute; min\u0151s&eacute;g\u0171 marhab\u0151rb\u0151l.Minden &uuml;gyfel&uuml;nk szinte azonnal szeret bele, aki ilyen jelleg\u0171 keszty\u0171t keres.&nbsp;<\/span><\/span><\/div>\n<div><span style=\"color:#000000;\"><span style=\"font-size: 13px;\">Protektoros v&eacute;delem.<\/span><\/span><\/div>\n<div><span style=\"color:#000000;\"><span style=\"font-size: 13px;\">Meger\u0151s&iacute;tett b\u0151r a teny&eacute;rr&eacute;szen. <\/span><\/span><\/div>\n<div><span style=\"color:#000000;\"><span style=\"font-size: 13px;\">Stretch k&eacute;nyelmi bet&eacute;tek az ujjakon.&nbsp;<\/span><\/span><\/div>\n<div><span style=\"color:#000000;\"><span style=\"font-size: 13px;\">Anyaga: Magas min\u0151s&eacute;g\u0171 extra komfortos marhab\u0151r<\/span><\/span><\/div>\n<div><span style=\"color:#000000;\"><span style=\"font-size: 13px;\">Sz&iacute;n: fekete<\/span><\/span><\/div>\n<div><strong style=\"font-family: Roboto, sans-serif; font-size: 16px; box-sizing: border-box; max-width: 100%;\">Haszn&aacute;lati &eacute;s kezel&eacute;si &uacute;tmutat&oacute; a term&eacute;khez&nbsp;el&eacute;rhet\u0151 ide kattintva:&nbsp;<a href=\"https:\/\/darazsgarazs.hu\/index.php\/termek\/hasznalati-utmutato.1155.html\">https:\/\/darazsgarazs.hu\/index.php\/termek\/hasznalati-utmutato.1155.html<\/a><\/strong><\/div>\n<div><\/div>\n<div><span style=\"color:#000000;\"><span style=\"font-size: 13px;\">M&eacute;retek: S,M, L, XL, 2XL, 3XL<\/span><\/span><\/div>\n<div><span style=\"color:#000000;\"><span style=\"font-size: 13px;\">A Racer Verano keszty\u0171nk is szerepel ebben a bemutat&oacute; vide&oacute;nkban:&nbsp;<\/span><\/span><\/p>\n<div style=\"position:relative;padding-bottom:56.25%;padding-top:30px;height:0;overflow:hidden;\"><iframe loading=\"lazy\" allowfullscreen=\"\" frameborder=\"0\" height=\"360\" src=\"\/\/www.youtube.com\/embed\/t0SHDbeC-RM?rel=0\" style=\"position: absolute;top: 0;left: 0;width: 100%;height: 100%;\" width=\"640\"><\/iframe><\/div>\n<\/div>\n<div><\/div>\n<\/div>\n","protected":false},"excerpt":{"rendered":"<p>Ny&aacute;ri Eleg&aacute;ns b\u0151rkeszty\u0171 nagyon puha &eacute;s kiv&aacute;l&oacute; min\u0151s&eacute;g\u0171 marhab\u0151rb\u0151l.Minden &uuml;gyfel&uuml;nk szinte azonnal szeret bele, aki ilyen jelleg\u0171 keszty\u0171t keres.&nbsp; Protektoros [&hellip;]<\/p>\n","protected":false},"featured_media":107048,"template":"","meta":{"site-sidebar-layout":"default","site-content-layout":"","ast-site-content-layout":"default","site-content-style":"default","site-sidebar-style":"default","ast-global-header-display":"","ast-banner-title-visibility":"","ast-main-header-display":"","ast-hfb-above-header-display":"","ast-hfb-below-header-display":"","ast-hfb-mobile-header-display":"","site-post-title":"","ast-breadcrumbs-content":"","ast-featured-img":"","footer-sml-layout":"","ast-disable-related-posts":"","theme-transparent-header-meta":"","adv-header-id-meta":"","stick-header-meta":"","header-above-stick-meta":"","header-main-stick-meta":"","header-below-stick-meta":"","astra-migrate-meta-layouts":"default","ast-page-background-enabled":"default","ast-page-background-meta":{"desktop":{"background-color":"var(--ast-global-color-5)","background-image":"","background-repeat":"repeat","background-position":"center center","background-size":"auto","background-attachment":"scroll","background-type":"","background-media":"","overlay-type":"","overlay-color":"","overlay-opacity":"","overlay-gradient":""},"tablet":{"background-color":"","background-image":"","background-repeat":"repeat","background-position":"center center","background-size":"auto","background-attachment":"scroll","background-type":"","background-media":"","overlay-type":"","overlay-color":"","overlay-opacity":"","overlay-gradient":""},"mobile":{"background-color":"","background-image":"","background-repeat":"repeat","background-position":"center center","background-size":"auto","background-attachment":"scroll","background-type":"","background-media":"","overlay-type":"","overlay-color":"","overlay-opacity":"","overlay-gradient":""}},"ast-content-background-meta":{"desktop":{"background-color":"var(--ast-global-color-4)","background-image":"","background-repeat":"repeat","background-position":"center center","background-size":"auto","background-attachment":"scroll","background-type":"","background-media":"","overlay-type":"","overlay-color":"","overlay-opacity":"","overlay-gradient":""},"tablet":{"background-color":"var(--ast-global-color-4)","background-image":"","background-repeat":"repeat","background-position":"center center","background-size":"auto","background-attachment":"scroll","background-type":"","background-media":"","overlay-type":"","overlay-color":"","overlay-opacity":"","overlay-gradient":""},"mobile":{"background-color":"var(--ast-global-color-4)","background-image":"","background-repeat":"repeat","background-position":"center center","background-size":"auto","background-attachment":"scroll","background-type":"","background-media":"","overlay-type":"","overlay-color":"","overlay-opacity":"","overlay-gradient":""}}},"product_brand":[],"product_cat":[143,139,145],"product_tag":[],"class_list":{"0":"post-110096","1":"product","2":"type-product","3":"status-publish","4":"has-post-thumbnail","6":"product_cat-kesztyuk","7":"product_cat-motoros-ruhazat","8":"product_cat-varosi-stilusu-motoros-ruhazat","9":"desktop-align-left","10":"tablet-align-left","11":"mobile-align-left","13":"first","14":"instock","15":"shipping-taxable","16":"purchasable","17":"product-type-simple"},"jetpack_sharing_enabled":true,"_links":{"self":[{"href":"https:\/\/zatureczkimarcell.ddns.net\/wordpress\/wp-json\/wp\/v2\/product\/110096","targetHints":{"allow":["GET"]}}],"collection":[{"href":"https:\/\/zatureczkimarcell.ddns.net\/wordpress\/wp-json\/wp\/v2\/product"}],"about":[{"href":"https:\/\/zatureczkimarcell.ddns.net\/wordpress\/wp-json\/wp\/v2\/types\/product"}],"wp:featuredmedia":[{"embeddable":true,"href":"https:\/\/zatureczkimarcell.ddns.net\/wordpress\/wp-json\/wp\/v2\/media\/107048"}],"wp:attachment":[{"href":"https:\/\/zatureczkimarcell.ddns.net\/wordpress\/wp-json\/wp\/v2\/media?parent=110096"}],"wp:term":[{"taxonomy":"product_brand","embeddable":true,"href":"https:\/\/zatureczkimarcell.ddns.net\/wordpress\/wp-json\/wp\/v2\/product_brand?post=110096"},{"taxonomy":"product_cat","embeddable":true,"href":"https:\/\/zatureczkimarcell.ddns.net\/wordpress\/wp-json\/wp\/v2\/product_cat?post=110096"},{"taxonomy":"product_tag","embeddable":true,"href":"https:\/\/zatureczkimarcell.ddns.net\/wordpress\/wp-json\/wp\/v2\/product_tag?post=110096"}],"curies":[{"name":"wp","href":"https:\/\/api.w.org\/{rel}","templated":true}]}}