{"id":110095,"date":"2026-04-01T10:46:05","date_gmt":"2026-04-01T08:46:05","guid":{"rendered":"https:\/\/zatureczkimarcell.ddns.net\/wordpress\/?post_type=product&#038;p=110095"},"modified":"2026-04-01T10:46:28","modified_gmt":"2026-04-01T08:46:28","slug":"racer-psg-2","status":"publish","type":"product","link":"https:\/\/zatureczkimarcell.ddns.net\/wordpress\/termek\/racer-psg-2\/","title":{"rendered":"Racer PSG 2"},"content":{"rendered":"<div>\n<div><span style=\"font-size: 16px;\"><strong>Sportos&nbsp;keszty\u0171 k&eacute;nyelmes&nbsp;marhab\u0151rb\u0151l.<\/strong><\/span><\/div>\n<div><span style=\"font-size: 16px;\"><strong>A feh&eacute;r kontrasztos varr&aacute;s&nbsp;&eacute;s a f&eacute;nyvisszaver\u0151 bet&eacute;tek, dimanikus-modern&nbsp;megjelen&eacute;st biztos&iacute;tanak a Racer PSG2 keszty\u0171nek.&nbsp;<\/strong><\/span><\/div>\n<div><span style=\"font-size: 16px;\"><strong>Karbon protektoroz&aacute;s&nbsp;&eacute;s&nbsp;a teny&eacute;rr&eacute;szen extra biztons&aacute;gos&nbsp;Keprotec&reg;-soft padok&nbsp;v&eacute;dik a motoros kez&eacute;t.<\/strong><\/span><\/div>\n<div><span style=\"font-size: 16px;\"><strong>Az ujjakon elhelyezett&nbsp;szell\u0151z\u0151rendszer&nbsp;teszi&nbsp;&nbsp;teljess&eacute; ennek&nbsp;a sokoldal&uacute; keszty\u0171nek a komfortj&aacute;t.<\/strong><\/span><\/div>\n<div><\/div>\n<div><span style=\"font-size: 16px;\"><strong>M&eacute;retek: S, M, L, XL, 2XL, 3XL<\/strong><\/span><\/div>\n<div><strong style=\"font-family: Roboto, sans-serif; font-size: 16px; box-sizing: border-box; max-width: 100%;\">Haszn&aacute;lati &eacute;s kezel&eacute;si &uacute;tmutat&oacute; a term&eacute;khez&nbsp;el&eacute;rhet\u0151 ide kattintva:&nbsp;<a href=\"https:\/\/darazsgarazs.hu\/index.php\/termek\/hasznalati-utmutato.1155.html\">https:\/\/darazsgarazs.hu\/index.php\/termek\/hasznalati-utmutato.1155.html<\/a><\/strong><\/div>\n<\/div>\n","protected":false},"excerpt":{"rendered":"<p>Sportos&nbsp;keszty\u0171 k&eacute;nyelmes&nbsp;marhab\u0151rb\u0151l. A feh&eacute;r kontrasztos varr&aacute;s&nbsp;&eacute;s a f&eacute;nyvisszaver\u0151 bet&eacute;tek, dimanikus-modern&nbsp;megjelen&eacute;st biztos&iacute;tanak a Racer PSG2 keszty\u0171nek.&nbsp; Karbon protektoroz&aacute;s&nbsp;&eacute;s&nbsp;a teny&eacute;rr&eacute;szen extra biztons&aacute;gos&nbsp;Keprotec&reg;-soft [&hellip;]<\/p>\n","protected":false},"featured_media":108924,"template":"","meta":{"site-sidebar-layout":"default","site-content-layout":"","ast-site-content-layout":"default","site-content-style":"default","site-sidebar-style":"default","ast-global-header-display":"","ast-banner-title-visibility":"","ast-main-header-display":"","ast-hfb-above-header-display":"","ast-hfb-below-header-display":"","ast-hfb-mobile-header-display":"","site-post-title":"","ast-breadcrumbs-content":"","ast-featured-img":"","footer-sml-layout":"","ast-disable-related-posts":"","theme-transparent-header-meta":"","adv-header-id-meta":"","stick-header-meta":"","header-above-stick-meta":"","header-main-stick-meta":"","header-below-stick-meta":"","astra-migrate-meta-layouts":"default","ast-page-background-enabled":"default","ast-page-background-meta":{"desktop":{"background-color":"var(--ast-global-color-5)","background-image":"","background-repeat":"repeat","background-position":"center center","background-size":"auto","background-attachment":"scroll","background-type":"","background-media":"","overlay-type":"","overlay-color":"","overlay-opacity":"","overlay-gradient":""},"tablet":{"background-color":"","background-image":"","background-repeat":"repeat","background-position":"center center","background-size":"auto","background-attachment":"scroll","background-type":"","background-media":"","overlay-type":"","overlay-color":"","overlay-opacity":"","overlay-gradient":""},"mobile":{"background-color":"","background-image":"","background-repeat":"repeat","background-position":"center center","background-size":"auto","background-attachment":"scroll","background-type":"","background-media":"","overlay-type":"","overlay-color":"","overlay-opacity":"","overlay-gradient":""}},"ast-content-background-meta":{"desktop":{"background-color":"var(--ast-global-color-4)","background-image":"","background-repeat":"repeat","background-position":"center center","background-size":"auto","background-attachment":"scroll","background-type":"","background-media":"","overlay-type":"","overlay-color":"","overlay-opacity":"","overlay-gradient":""},"tablet":{"background-color":"var(--ast-global-color-4)","background-image":"","background-repeat":"repeat","background-position":"center center","background-size":"auto","background-attachment":"scroll","background-type":"","background-media":"","overlay-type":"","overlay-color":"","overlay-opacity":"","overlay-gradient":""},"mobile":{"background-color":"var(--ast-global-color-4)","background-image":"","background-repeat":"repeat","background-position":"center center","background-size":"auto","background-attachment":"scroll","background-type":"","background-media":"","overlay-type":"","overlay-color":"","overlay-opacity":"","overlay-gradient":""}}},"product_brand":[],"product_cat":[143,139],"product_tag":[],"class_list":{"0":"post-110095","1":"product","2":"type-product","3":"status-publish","4":"has-post-thumbnail","6":"product_cat-kesztyuk","7":"product_cat-motoros-ruhazat","8":"desktop-align-left","9":"tablet-align-left","10":"mobile-align-left","12":"first","13":"instock","14":"shipping-taxable","15":"purchasable","16":"product-type-simple"},"jetpack_sharing_enabled":true,"_links":{"self":[{"href":"https:\/\/zatureczkimarcell.ddns.net\/wordpress\/wp-json\/wp\/v2\/product\/110095","targetHints":{"allow":["GET"]}}],"collection":[{"href":"https:\/\/zatureczkimarcell.ddns.net\/wordpress\/wp-json\/wp\/v2\/product"}],"about":[{"href":"https:\/\/zatureczkimarcell.ddns.net\/wordpress\/wp-json\/wp\/v2\/types\/product"}],"wp:featuredmedia":[{"embeddable":true,"href":"https:\/\/zatureczkimarcell.ddns.net\/wordpress\/wp-json\/wp\/v2\/media\/108924"}],"wp:attachment":[{"href":"https:\/\/zatureczkimarcell.ddns.net\/wordpress\/wp-json\/wp\/v2\/media?parent=110095"}],"wp:term":[{"taxonomy":"product_brand","embeddable":true,"href":"https:\/\/zatureczkimarcell.ddns.net\/wordpress\/wp-json\/wp\/v2\/product_brand?post=110095"},{"taxonomy":"product_cat","embeddable":true,"href":"https:\/\/zatureczkimarcell.ddns.net\/wordpress\/wp-json\/wp\/v2\/product_cat?post=110095"},{"taxonomy":"product_tag","embeddable":true,"href":"https:\/\/zatureczkimarcell.ddns.net\/wordpress\/wp-json\/wp\/v2\/product_tag?post=110095"}],"curies":[{"name":"wp","href":"https:\/\/api.w.org\/{rel}","templated":true}]}}