{"id":110093,"date":"2026-04-01T10:46:04","date_gmt":"2026-04-01T08:46:04","guid":{"rendered":"https:\/\/zatureczkimarcell.ddns.net\/wordpress\/?post_type=product&#038;p=110093"},"modified":"2026-04-01T10:46:26","modified_gmt":"2026-04-01T08:46:26","slug":"racer-kansas-videoval","status":"publish","type":"product","link":"https:\/\/zatureczkimarcell.ddns.net\/wordpress\/termek\/racer-kansas-videoval\/","title":{"rendered":"Racer Kansas -Vide\u00f3val"},"content":{"rendered":"<div><span style=\"font-size:16px;\"><strong>Ultrapuha, vintage sz&uuml;rke marhab\u0151rb\u0151l k&eacute;sz&uuml;lt r&ouml;vid, st&iacute;lusos motoros keszty\u0171.<\/strong><\/span><\/div>\n<div><\/div>\n<div><span style=\"font-size:16px;\"><strong>B\u0151rrel bor&iacute;tott TPU kem&eacute;ny protektoros v&eacute;delem a k&eacute;zfejen.<\/strong><\/span><\/div>\n<div><span style=\"font-size:16px;\"><strong>Stretch panel, cipz&aacute;ros &eacute;s t&eacute;p\u0151z&aacute;ras r&ouml;gz&iacute;t&eacute;s a csukl&oacute; r&eacute;szen.&nbsp;<\/strong><\/span><\/div>\n<div><span style=\"font-size:16px;\"><strong>Meger\u0151s&iacute;tett teny&eacute;r. <\/strong><\/span><\/div>\n<div><span style=\"font-size:16px;\"><strong>Okostelefon, gps,&nbsp;vagy m&aacute;s okoseszk&ouml;z kezel&eacute;s&eacute;re kialak&iacute;tott &uacute;jjr&eacute;sz.&nbsp;<\/strong><\/span><\/div>\n<div><span style=\"font-size:16px;\"><strong>Sz&iacute;n: vintage sz&uuml;rke<\/strong><\/span><\/div>\n<div><span style=\"font-size:16px;\"><strong>M&eacute;retek: S,M, L, XL, 2XL, 3XL<\/strong><\/span><\/div>\n<div><strong style=\"font-family: Roboto, sans-serif; font-size: 16px; box-sizing: border-box; max-width: 100%;\">Haszn&aacute;lati &eacute;s kezel&eacute;si &uacute;tmutat&oacute; a term&eacute;khez&nbsp;el&eacute;rhet\u0151 ide kattintva:&nbsp;<a href=\"https:\/\/darazsgarazs.hu\/index.php\/termek\/hasznalati-utmutato.1155.html\">https:\/\/darazsgarazs.hu\/index.php\/termek\/hasznalati-utmutato.1155.html<\/a><\/strong><\/div>\n<div><span style=\"font-size:16px;\"><strong>A Racer Kansas motoros keszty\u0171 is szerepel ebben a vide&oacute;nkban:&nbsp;<\/strong><\/span><\/div>\n<div>\n<div style=\"position:relative;padding-bottom:56.25%;padding-top:30px;height:0;overflow:hidden;\"><iframe loading=\"lazy\" allowfullscreen=\"\" frameborder=\"0\" height=\"360\" src=\"\/\/www.youtube.com\/embed\/t0SHDbeC-RM?rel=0\" style=\"position: absolute;top: 0;left: 0;width: 100%;height: 100%;\" width=\"640\"><\/iframe><\/div>\n<\/div>\n","protected":false},"excerpt":{"rendered":"<p>Ultrapuha, vintage sz&uuml;rke marhab\u0151rb\u0151l k&eacute;sz&uuml;lt r&ouml;vid, st&iacute;lusos motoros keszty\u0171. B\u0151rrel bor&iacute;tott TPU kem&eacute;ny protektoros v&eacute;delem a k&eacute;zfejen. Stretch panel, cipz&aacute;ros [&hellip;]<\/p>\n","protected":false},"featured_media":107418,"template":"","meta":{"site-sidebar-layout":"default","site-content-layout":"","ast-site-content-layout":"default","site-content-style":"default","site-sidebar-style":"default","ast-global-header-display":"","ast-banner-title-visibility":"","ast-main-header-display":"","ast-hfb-above-header-display":"","ast-hfb-below-header-display":"","ast-hfb-mobile-header-display":"","site-post-title":"","ast-breadcrumbs-content":"","ast-featured-img":"","footer-sml-layout":"","ast-disable-related-posts":"","theme-transparent-header-meta":"","adv-header-id-meta":"","stick-header-meta":"","header-above-stick-meta":"","header-main-stick-meta":"","header-below-stick-meta":"","astra-migrate-meta-layouts":"default","ast-page-background-enabled":"default","ast-page-background-meta":{"desktop":{"background-color":"var(--ast-global-color-5)","background-image":"","background-repeat":"repeat","background-position":"center center","background-size":"auto","background-attachment":"scroll","background-type":"","background-media":"","overlay-type":"","overlay-color":"","overlay-opacity":"","overlay-gradient":""},"tablet":{"background-color":"","background-image":"","background-repeat":"repeat","background-position":"center center","background-size":"auto","background-attachment":"scroll","background-type":"","background-media":"","overlay-type":"","overlay-color":"","overlay-opacity":"","overlay-gradient":""},"mobile":{"background-color":"","background-image":"","background-repeat":"repeat","background-position":"center center","background-size":"auto","background-attachment":"scroll","background-type":"","background-media":"","overlay-type":"","overlay-color":"","overlay-opacity":"","overlay-gradient":""}},"ast-content-background-meta":{"desktop":{"background-color":"var(--ast-global-color-4)","background-image":"","background-repeat":"repeat","background-position":"center center","background-size":"auto","background-attachment":"scroll","background-type":"","background-media":"","overlay-type":"","overlay-color":"","overlay-opacity":"","overlay-gradient":""},"tablet":{"background-color":"var(--ast-global-color-4)","background-image":"","background-repeat":"repeat","background-position":"center center","background-size":"auto","background-attachment":"scroll","background-type":"","background-media":"","overlay-type":"","overlay-color":"","overlay-opacity":"","overlay-gradient":""},"mobile":{"background-color":"var(--ast-global-color-4)","background-image":"","background-repeat":"repeat","background-position":"center center","background-size":"auto","background-attachment":"scroll","background-type":"","background-media":"","overlay-type":"","overlay-color":"","overlay-opacity":"","overlay-gradient":""}}},"product_brand":[],"product_cat":[143,139,145],"product_tag":[],"class_list":{"0":"post-110093","1":"product","2":"type-product","3":"status-publish","4":"has-post-thumbnail","6":"product_cat-kesztyuk","7":"product_cat-motoros-ruhazat","8":"product_cat-varosi-stilusu-motoros-ruhazat","9":"desktop-align-left","10":"tablet-align-left","11":"mobile-align-left","13":"first","14":"instock","15":"shipping-taxable","16":"purchasable","17":"product-type-simple"},"jetpack_sharing_enabled":true,"_links":{"self":[{"href":"https:\/\/zatureczkimarcell.ddns.net\/wordpress\/wp-json\/wp\/v2\/product\/110093","targetHints":{"allow":["GET"]}}],"collection":[{"href":"https:\/\/zatureczkimarcell.ddns.net\/wordpress\/wp-json\/wp\/v2\/product"}],"about":[{"href":"https:\/\/zatureczkimarcell.ddns.net\/wordpress\/wp-json\/wp\/v2\/types\/product"}],"wp:featuredmedia":[{"embeddable":true,"href":"https:\/\/zatureczkimarcell.ddns.net\/wordpress\/wp-json\/wp\/v2\/media\/107418"}],"wp:attachment":[{"href":"https:\/\/zatureczkimarcell.ddns.net\/wordpress\/wp-json\/wp\/v2\/media?parent=110093"}],"wp:term":[{"taxonomy":"product_brand","embeddable":true,"href":"https:\/\/zatureczkimarcell.ddns.net\/wordpress\/wp-json\/wp\/v2\/product_brand?post=110093"},{"taxonomy":"product_cat","embeddable":true,"href":"https:\/\/zatureczkimarcell.ddns.net\/wordpress\/wp-json\/wp\/v2\/product_cat?post=110093"},{"taxonomy":"product_tag","embeddable":true,"href":"https:\/\/zatureczkimarcell.ddns.net\/wordpress\/wp-json\/wp\/v2\/product_tag?post=110093"}],"curies":[{"name":"wp","href":"https:\/\/api.w.org\/{rel}","templated":true}]}}