{"id":110090,"date":"2026-04-01T10:46:02","date_gmt":"2026-04-01T08:46:02","guid":{"rendered":"https:\/\/zatureczkimarcell.ddns.net\/wordpress\/?post_type=product&#038;p=110090"},"modified":"2026-04-01T10:46:24","modified_gmt":"2026-04-01T08:46:24","slug":"racer-pitlane-kenguru-borbol","status":"publish","type":"product","link":"https:\/\/zatureczkimarcell.ddns.net\/wordpress\/termek\/racer-pitlane-kenguru-borbol\/","title":{"rendered":"Racer Pitlane &#8211; Kenguru b\u0151rb\u0151l"},"content":{"rendered":"<div><span style=\"font-size:16px;\"><strong><span style=\"color:#000000;\">R&ouml;vid kialak&iacute;t&aacute;s&uacute;, <\/span><span style=\"color:#FF0000;\">extra k&eacute;nyelmes , val&oacute;di kengurub\u0151r<\/span> <span style=\"color:#000000;\">motoros keszty\u0171.<\/span> <\/strong><\/span><\/div>\n<div><span style=\"color:#000000;\"><span style=\"font-size:16px;\"><strong>Extra er\u0151s csukl&oacute;v&eacute;d\u0151vel. <\/strong><\/span><\/span><\/div>\n<div><span style=\"color:#FF0000;\"><span style=\"font-size:16px;\"><strong>Kevlar&reg; teny&eacute;rer\u0151s&iacute;t&eacute;s. <\/strong><\/span><\/span><\/div>\n<div><span style=\"color:#000000;\"><span style=\"font-size:16px;\"><strong>Protektoros v&eacute;delemmel<\/strong><\/span><\/span><\/div>\n<div><span style=\"color:#000000;\"><span style=\"font-size:16px;\"><strong>Kenguru b\u0151rb\u0151l k&eacute;sz&uuml;lt teny&eacute;r. <\/strong><\/span><\/span><\/div>\n<div><span style=\"color:#FF0000;\"><span style=\"font-size:16px;\"><strong>Kiv&aacute;l&oacute; szell\u0151z&eacute;s <\/strong><\/span><\/span><span style=\"color:#000000;\"><span style=\"font-size:16px;\"><strong>a be&eacute;p&iacute;tett szell\u0151z\u0151knek &eacute;s a h&aacute;l&oacute;s bet&eacute;teknek k&ouml;sz&ouml;nhet\u0151en.<\/strong><\/span><\/span><\/div>\n<div><span style=\"color:#000000;\"><span style=\"font-size:16px;\"><strong>Anyaga: Kenguru b\u0151r<\/strong><\/span><\/span><\/div>\n<div><span style=\"color:#000000;\"><span style=\"font-size:16px;\"><strong>M&eacute;retek: S , M, L, XL, 2XL, 3XL<\/strong><\/span><\/span><\/div>\n<div><strong style=\"font-family: Roboto, sans-serif; font-size: 16px; box-sizing: border-box; max-width: 100%;\"><span style=\"color:#000000;\">Haszn&aacute;lati &eacute;s kezel&eacute;si &uacute;tmutat&oacute; a term&eacute;khez&nbsp;el&eacute;rhet\u0151 ide kattintva<\/span>:&nbsp;<a href=\"https:\/\/darazsgarazs.hu\/index.php\/termek\/hasznalati-utmutato.1155.html\">https:\/\/darazsgarazs.hu\/index.php\/termek\/hasznalati-utmutato.1155.html<\/a><\/strong><\/div>\n","protected":false},"excerpt":{"rendered":"<p>R&ouml;vid kialak&iacute;t&aacute;s&uacute;, extra k&eacute;nyelmes , val&oacute;di kengurub\u0151r motoros keszty\u0171. Extra er\u0151s csukl&oacute;v&eacute;d\u0151vel. Kevlar&reg; teny&eacute;rer\u0151s&iacute;t&eacute;s. Protektoros v&eacute;delemmel Kenguru b\u0151rb\u0151l k&eacute;sz&uuml;lt teny&eacute;r. [&hellip;]<\/p>\n","protected":false},"featured_media":104611,"template":"","meta":{"site-sidebar-layout":"default","site-content-layout":"","ast-site-content-layout":"default","site-content-style":"default","site-sidebar-style":"default","ast-global-header-display":"","ast-banner-title-visibility":"","ast-main-header-display":"","ast-hfb-above-header-display":"","ast-hfb-below-header-display":"","ast-hfb-mobile-header-display":"","site-post-title":"","ast-breadcrumbs-content":"","ast-featured-img":"","footer-sml-layout":"","ast-disable-related-posts":"","theme-transparent-header-meta":"","adv-header-id-meta":"","stick-header-meta":"","header-above-stick-meta":"","header-main-stick-meta":"","header-below-stick-meta":"","astra-migrate-meta-layouts":"default","ast-page-background-enabled":"default","ast-page-background-meta":{"desktop":{"background-color":"var(--ast-global-color-5)","background-image":"","background-repeat":"repeat","background-position":"center center","background-size":"auto","background-attachment":"scroll","background-type":"","background-media":"","overlay-type":"","overlay-color":"","overlay-opacity":"","overlay-gradient":""},"tablet":{"background-color":"","background-image":"","background-repeat":"repeat","background-position":"center center","background-size":"auto","background-attachment":"scroll","background-type":"","background-media":"","overlay-type":"","overlay-color":"","overlay-opacity":"","overlay-gradient":""},"mobile":{"background-color":"","background-image":"","background-repeat":"repeat","background-position":"center center","background-size":"auto","background-attachment":"scroll","background-type":"","background-media":"","overlay-type":"","overlay-color":"","overlay-opacity":"","overlay-gradient":""}},"ast-content-background-meta":{"desktop":{"background-color":"var(--ast-global-color-4)","background-image":"","background-repeat":"repeat","background-position":"center center","background-size":"auto","background-attachment":"scroll","background-type":"","background-media":"","overlay-type":"","overlay-color":"","overlay-opacity":"","overlay-gradient":""},"tablet":{"background-color":"var(--ast-global-color-4)","background-image":"","background-repeat":"repeat","background-position":"center center","background-size":"auto","background-attachment":"scroll","background-type":"","background-media":"","overlay-type":"","overlay-color":"","overlay-opacity":"","overlay-gradient":""},"mobile":{"background-color":"var(--ast-global-color-4)","background-image":"","background-repeat":"repeat","background-position":"center center","background-size":"auto","background-attachment":"scroll","background-type":"","background-media":"","overlay-type":"","overlay-color":"","overlay-opacity":"","overlay-gradient":""}}},"product_brand":[],"product_cat":[143,139],"product_tag":[],"class_list":{"0":"post-110090","1":"product","2":"type-product","3":"status-publish","4":"has-post-thumbnail","6":"product_cat-kesztyuk","7":"product_cat-motoros-ruhazat","8":"desktop-align-left","9":"tablet-align-left","10":"mobile-align-left","12":"first","13":"instock","14":"shipping-taxable","15":"purchasable","16":"product-type-simple"},"jetpack_sharing_enabled":true,"_links":{"self":[{"href":"https:\/\/zatureczkimarcell.ddns.net\/wordpress\/wp-json\/wp\/v2\/product\/110090","targetHints":{"allow":["GET"]}}],"collection":[{"href":"https:\/\/zatureczkimarcell.ddns.net\/wordpress\/wp-json\/wp\/v2\/product"}],"about":[{"href":"https:\/\/zatureczkimarcell.ddns.net\/wordpress\/wp-json\/wp\/v2\/types\/product"}],"wp:featuredmedia":[{"embeddable":true,"href":"https:\/\/zatureczkimarcell.ddns.net\/wordpress\/wp-json\/wp\/v2\/media\/104611"}],"wp:attachment":[{"href":"https:\/\/zatureczkimarcell.ddns.net\/wordpress\/wp-json\/wp\/v2\/media?parent=110090"}],"wp:term":[{"taxonomy":"product_brand","embeddable":true,"href":"https:\/\/zatureczkimarcell.ddns.net\/wordpress\/wp-json\/wp\/v2\/product_brand?post=110090"},{"taxonomy":"product_cat","embeddable":true,"href":"https:\/\/zatureczkimarcell.ddns.net\/wordpress\/wp-json\/wp\/v2\/product_cat?post=110090"},{"taxonomy":"product_tag","embeddable":true,"href":"https:\/\/zatureczkimarcell.ddns.net\/wordpress\/wp-json\/wp\/v2\/product_tag?post=110090"}],"curies":[{"name":"wp","href":"https:\/\/api.w.org\/{rel}","templated":true}]}}