{"id":110088,"date":"2026-04-01T10:46:00","date_gmt":"2026-04-01T08:46:00","guid":{"rendered":"https:\/\/zatureczkimarcell.ddns.net\/wordpress\/?post_type=product&#038;p=110088"},"modified":"2026-04-01T10:46:22","modified_gmt":"2026-04-01T08:46:22","slug":"modeka-ax-dry-esokabat","status":"publish","type":"product","link":"https:\/\/zatureczkimarcell.ddns.net\/wordpress\/termek\/modeka-ax-dry-esokabat\/","title":{"rendered":"Modeka AX-Dry es\u0151kab\u00e1t"},"content":{"rendered":"<p><span style=\"font-size:16px;\"><strong>Modeka l&aacute;that&oacute;s&aacute;gi sz&iacute;n\u0171 es\u0151kab&aacute;t amely kiv&aacute;l&oacute; l&aacute;that&oacute;s&aacute;got is biztos&iacute;t az es\u0151v&eacute;delem mellett.&nbsp;<\/strong><\/span><\/p>\n<p><span style=\"font-size:16px;\"><strong>F&eacute;nyvisszaver\u0151 3M bet&eacute;tekkel .&nbsp;<\/strong><\/span><\/p>\n<p><span style=\"font-size:16px;\"><strong>Der&eacute;kban &aacute;ll&iacute;that&oacute;&nbsp;<\/strong><\/span><\/p>\n<p><span style=\"font-size:16px;\"><strong>a kapucni r&eacute;sz a gall&eacute;rban t&aacute;rolhat&oacute;<\/strong><\/span><\/p>\n<\/p>\n<p><span style=\"font-size:16px;\"><strong>M&eacute;retek: M , L, XL, 2XL, 3XL, 4XL, 6XL, 8XL&nbsp;<\/strong><\/span><\/p>\n<p><span style=\"font-size:16px;\"><strong>Figyelem! Ez a term&eacute;k nincs k&eacute;szleten, megrendel&eacute;sre &eacute;rhet\u0151 el.&nbsp;<\/strong><\/span><\/p>\n<p><strong style=\"font-family: Roboto, sans-serif; font-size: 16px; box-sizing: border-box; max-width: 100%;\">Haszn&aacute;lati &eacute;s kezel&eacute;si &uacute;tmutat&oacute; a term&eacute;khez&nbsp;el&eacute;rhet\u0151 ide kattintva:&nbsp;<a href=\"https:\/\/darazsgarazs.hu\/index.php\/termek\/hasznalati-utmutato.1155.html\">https:\/\/darazsgarazs.hu\/index.php\/termek\/hasznalati-utmutato.1155.html<\/a><\/strong><\/p><\/p>\n","protected":false},"excerpt":{"rendered":"<p>Modeka l&aacute;that&oacute;s&aacute;gi sz&iacute;n\u0171 es\u0151kab&aacute;t amely kiv&aacute;l&oacute; l&aacute;that&oacute;s&aacute;got is biztos&iacute;t az es\u0151v&eacute;delem mellett.&nbsp; F&eacute;nyvisszaver\u0151 3M bet&eacute;tekkel .&nbsp; Der&eacute;kban &aacute;ll&iacute;that&oacute;&nbsp; a kapucni [&hellip;]<\/p>\n","protected":false},"featured_media":108661,"template":"","meta":{"site-sidebar-layout":"default","site-content-layout":"","ast-site-content-layout":"default","site-content-style":"default","site-sidebar-style":"default","ast-global-header-display":"","ast-banner-title-visibility":"","ast-main-header-display":"","ast-hfb-above-header-display":"","ast-hfb-below-header-display":"","ast-hfb-mobile-header-display":"","site-post-title":"","ast-breadcrumbs-content":"","ast-featured-img":"","footer-sml-layout":"","ast-disable-related-posts":"","theme-transparent-header-meta":"","adv-header-id-meta":"","stick-header-meta":"","header-above-stick-meta":"","header-main-stick-meta":"","header-below-stick-meta":"","astra-migrate-meta-layouts":"default","ast-page-background-enabled":"default","ast-page-background-meta":{"desktop":{"background-color":"var(--ast-global-color-5)","background-image":"","background-repeat":"repeat","background-position":"center center","background-size":"auto","background-attachment":"scroll","background-type":"","background-media":"","overlay-type":"","overlay-color":"","overlay-opacity":"","overlay-gradient":""},"tablet":{"background-color":"","background-image":"","background-repeat":"repeat","background-position":"center center","background-size":"auto","background-attachment":"scroll","background-type":"","background-media":"","overlay-type":"","overlay-color":"","overlay-opacity":"","overlay-gradient":""},"mobile":{"background-color":"","background-image":"","background-repeat":"repeat","background-position":"center center","background-size":"auto","background-attachment":"scroll","background-type":"","background-media":"","overlay-type":"","overlay-color":"","overlay-opacity":"","overlay-gradient":""}},"ast-content-background-meta":{"desktop":{"background-color":"var(--ast-global-color-4)","background-image":"","background-repeat":"repeat","background-position":"center center","background-size":"auto","background-attachment":"scroll","background-type":"","background-media":"","overlay-type":"","overlay-color":"","overlay-opacity":"","overlay-gradient":""},"tablet":{"background-color":"var(--ast-global-color-4)","background-image":"","background-repeat":"repeat","background-position":"center center","background-size":"auto","background-attachment":"scroll","background-type":"","background-media":"","overlay-type":"","overlay-color":"","overlay-opacity":"","overlay-gradient":""},"mobile":{"background-color":"var(--ast-global-color-4)","background-image":"","background-repeat":"repeat","background-position":"center center","background-size":"auto","background-attachment":"scroll","background-type":"","background-media":"","overlay-type":"","overlay-color":"","overlay-opacity":"","overlay-gradient":""}}},"product_brand":[],"product_cat":[149,139],"product_tag":[],"class_list":{"0":"post-110088","1":"product","2":"type-product","3":"status-publish","4":"has-post-thumbnail","6":"product_cat-eso-ruhazat","7":"product_cat-motoros-ruhazat","8":"desktop-align-left","9":"tablet-align-left","10":"mobile-align-left","12":"first","13":"instock","14":"shipping-taxable","15":"purchasable","16":"product-type-simple"},"jetpack_sharing_enabled":true,"_links":{"self":[{"href":"https:\/\/zatureczkimarcell.ddns.net\/wordpress\/wp-json\/wp\/v2\/product\/110088","targetHints":{"allow":["GET"]}}],"collection":[{"href":"https:\/\/zatureczkimarcell.ddns.net\/wordpress\/wp-json\/wp\/v2\/product"}],"about":[{"href":"https:\/\/zatureczkimarcell.ddns.net\/wordpress\/wp-json\/wp\/v2\/types\/product"}],"wp:featuredmedia":[{"embeddable":true,"href":"https:\/\/zatureczkimarcell.ddns.net\/wordpress\/wp-json\/wp\/v2\/media\/108661"}],"wp:attachment":[{"href":"https:\/\/zatureczkimarcell.ddns.net\/wordpress\/wp-json\/wp\/v2\/media?parent=110088"}],"wp:term":[{"taxonomy":"product_brand","embeddable":true,"href":"https:\/\/zatureczkimarcell.ddns.net\/wordpress\/wp-json\/wp\/v2\/product_brand?post=110088"},{"taxonomy":"product_cat","embeddable":true,"href":"https:\/\/zatureczkimarcell.ddns.net\/wordpress\/wp-json\/wp\/v2\/product_cat?post=110088"},{"taxonomy":"product_tag","embeddable":true,"href":"https:\/\/zatureczkimarcell.ddns.net\/wordpress\/wp-json\/wp\/v2\/product_tag?post=110088"}],"curies":[{"name":"wp","href":"https:\/\/api.w.org\/{rel}","templated":true}]}}