{"id":110079,"date":"2026-04-01T10:45:33","date_gmt":"2026-04-01T08:45:33","guid":{"rendered":"https:\/\/zatureczkimarcell.ddns.net\/wordpress\/?post_type=product&#038;p=110079"},"modified":"2026-04-01T10:46:15","modified_gmt":"2026-04-01T08:46:15","slug":"modeka-shielder-level2-protektoring-gyerekek-szamara-videoval","status":"publish","type":"product","link":"https:\/\/zatureczkimarcell.ddns.net\/wordpress\/termek\/modeka-shielder-level2-protektoring-gyerekek-szamara-videoval\/","title":{"rendered":"Modeka shielder LEVEL2 protektoring GYEREKEK SZ\u00c1M\u00c1RA-VIDE\u00d3VAL"},"content":{"rendered":"<p><span style=\"font-size: 16px;\"><strong>T&ouml;k&eacute;letes szell\u0151z&eacute;s &eacute;s maxim&aacute;lis LEVEL2-es v&eacute;delem gyermekek sz&aacute;m&aacute;ra.&nbsp;<\/strong><\/span><\/p>\n<p><span style=\"color:#FF0000;\"><span style=\"font-size: 16px;\"><strong>FIGYELEM! A kab&aacute;t karr&eacute;sze cipz&aacute;r seg&iacute;ts&eacute;g&eacute;vel 5cm-el megn&ouml;velhet\u0151, &iacute;gy amikor a gyermek n&ouml;v&eacute;sben van, nem kell &uacute;j kab&aacute;tot venni r&ouml;gt&ouml;n,&nbsp;ha a gyermek keze hosszabb lesz , el&eacute;g a cipz&aacute;rral meghosszabb&iacute;tani a kab&aacute;t karr&eacute;sz&eacute;t.&nbsp;<\/strong><\/span><\/span><\/p>\n<p style=\"box-sizing: border-box; margin: 0px 0px 10px; max-width: 100%; font-family: Roboto, sans-serif; font-size: 16px; line-height: 22.8571px;\"><span style=\"box-sizing: border-box; max-width: 100%;\"><strong style=\"box-sizing: border-box; max-width: 100%;\"><span style=\"box-sizing: border-box; max-width: 100%; font-family: Arial, sans-serif;\">A H&aacute;l&oacute;s fel&uuml;let\u0171, ez&aacute;ltal kiv&aacute;l&oacute;an szell\u0151z\u0151 kab&aacute;tok, rendk&iacute;v&uuml;li komfort&eacute;rzetet biztos&iacute;tanak.&nbsp;<\/span><\/strong><\/span><span arial=\"\" style=\"box-sizing: border-box; max-width: 100%; font-size: 4pt;\"><o:p style=\"box-sizing: border-box; max-width: 100%;\"><\/o:p><\/span><\/p>\n<p style=\"box-sizing: border-box; margin: 0px 0px 10px; max-width: 100%; font-family: Roboto, sans-serif; font-size: 16px;\"><span style=\"box-sizing: border-box; max-width: 100%;\"><strong style=\"box-sizing: border-box; max-width: 100%;\"><span style=\"box-sizing: border-box; max-width: 100%; font-family: Arial, sans-serif;\">Tesztjeink szerint&nbsp;, m&aacute;r 20Km\/h sebess&eacute;gt\u0151l nem &eacute;rzed hogy kab&aacute;t van rajtad, annyira szell\u0151s!<\/span><\/strong><\/span><\/p>\n<p style=\"box-sizing: border-box; margin: 0px 0px 10px; max-width: 100%; font-family: Roboto, sans-serif; font-size: 16px;\"><strong style=\"font-size: 16px;\"><span style=\"color: rgb(255, 0, 0);\">Tekintsd meg bemutat&oacute; vide&oacute;nkat ide kattintva:&nbsp;<a href=\"https:\/\/youtube.com\/shorts\/fsY6lKFjwbc?feature=share\">https:\/\/youtube.com\/shorts\/fsY6lKFjwbc?feature=share<\/a><\/span><\/strong><\/p>\n<p style=\"box-sizing: border-box; margin: 0px 0px 10px; max-width: 100%; font-family: Roboto, sans-serif; font-size: 16px;\"><span style=\"box-sizing: border-box; max-width: 100%;\"><strong style=\"box-sizing: border-box; max-width: 100%;\"><span style=\"box-sizing: border-box; max-width: 100%; font-family: Arial, sans-serif;\">A ny&aacute;ri k&aacute;nikul&aacute;ban, egy ilyen kab&aacute;tot viselve, maxim&aacute;lis biztons&aacute;gban van gyermek&uuml;nk&nbsp;a protektoroknak k&ouml;sz&ouml;nhet\u0151en, m&eacute;gis olyan &eacute;rz&eacute;s lesz m&aacute;r kis sebess&eacute;gn&eacute;l is motorozni, mintha nem is lenne rajta&nbsp;motoros kab&aacute;t .<\/span><\/strong><\/span><span arial=\"\" style=\"box-sizing: border-box; max-width: 100%; font-size: 4pt;\"><o:p style=\"box-sizing: border-box; max-width: 100%;\"><\/o:p><\/span><\/p>\n<p style=\"box-sizing: border-box; margin: 0px 0px 10px; max-width: 100%; font-family: Roboto, sans-serif; font-size: 16px;\"><span style=\"box-sizing: border-box; max-width: 100%;\"><strong style=\"box-sizing: border-box; max-width: 100%;\"><span style=\"box-sizing: border-box; max-width: 100%; font-family: Arial, sans-serif;\">Rendk&iacute;v&uuml;l j&oacute; szell\u0151z&eacute;st biztos&iacute;t ! Amellett hogy a protektorok megv&eacute;dik, nem izzad bele visel\u0151je.<\/span><\/strong><\/span><span arial=\"\" style=\"box-sizing: border-box; max-width: 100%; font-size: 4pt;\"><o:p style=\"box-sizing: border-box; max-width: 100%;\"><\/o:p><\/span><\/p>\n<p style=\"box-sizing: border-box; margin: 0px 0px 10px; max-width: 100%; font-family: Roboto, sans-serif; font-size: 16px;\"><span style=\"box-sizing: border-box; max-width: 100%;\"><strong style=\"box-sizing: border-box; max-width: 100%;\"><span style=\"box-sizing: border-box; max-width: 100%; font-family: Arial, sans-serif;\">Protektoros v&eacute;delem &eacute;s maxim&aacute;lis komfort m&eacute;g a legnagyobb ny&aacute;ri k&aacute;nikul&aacute;ban is!&nbsp;<\/span><\/strong><\/span><\/p>\n<p style=\"box-sizing: border-box; margin: 0px 0px 10px; max-width: 100%; font-family: Roboto, sans-serif; font-size: 16px;\"><span style=\"color:#FF0000;\"><strong>LEVEL2-es legmagasabb szint\u0171 v&eacute;delem a gerinc, a v&aacute;ll &eacute;s a k&ouml;ny&eacute;kprotektor r&eacute;szen.&nbsp;<\/strong><\/span><\/p>\n<p style=\"box-sizing: border-box; margin: 0px 0px 10px; max-width: 100%; font-family: Roboto, sans-serif; font-size: 16px;\"><em><strong>*Mellkas protektor, kis &aacute;talak&iacute;t&aacute;ssal elhelyezhet\u0151 a kab&aacute;tban, &iacute;gy a gyermek mellkas v&eacute;delme is megoldhat&oacute; . Koll&eacute;g&aacute;ink k&eacute;szs&eacute;ggel seg&iacute;tenek a v&aacute;s&aacute;rl&aacute;s sor&aacute;n&nbsp;ebben a k&eacute;rd&eacute;sben!&nbsp;<\/strong><\/em><\/p>\n<p style=\"box-sizing: border-box; margin: 0px 0px 10px; max-width: 100%; font-family: Roboto, sans-serif; font-size: 16px;\"><strong>Krossz mez alatt is viselhet\u0151!&nbsp;<\/strong><\/p>\n<p style=\"box-sizing: border-box; margin: 0px 0px 10px; max-width: 100%; font-family: Roboto, sans-serif; font-size: 16px;\"><strong>NEM CSAK MOTOROZ&Aacute;SHOZ! Sok sz&uuml;l\u0151 v&eacute;di gyermek&eacute;t BMX, Terepker&eacute;kp&aacute;roz&aacute;s, Lovagl&aacute;s, vagy m&aacute;s extr&eacute;m sport k&ouml;zben is ezzel a k&eacute;nyelmes protektoros term&eacute;kkel.&nbsp;<\/strong><\/p>\n<p style=\"box-sizing: border-box; margin: 0px 0px 10px; max-width: 100%; font-family: Roboto, sans-serif; font-size: 16px;\"><strong style=\"font-family: Roboto, sans-serif; font-size: 16px; box-sizing: border-box; max-width: 100%;\">-Magas min\u0151s&eacute;g\u0171 YKK cipz&aacute;rral<\/strong><\/p>\n<p style=\"box-sizing: border-box; margin: 0px 0px 10px; max-width: 100%; font-family: Roboto, sans-serif; font-size: 16px;\"><b style=\"color: rgb(255, 0, 0); font-family: Roboto, sans-serif; font-size: 16px;\">Figyelem! A legt&ouml;bb hagyom&aacute;nyos&nbsp;protektor ing , nagy m&eacute;ret\u0171 lukacsos h&aacute;l&oacute;, amely nem v&eacute;di meg a cs&uacute;sz&aacute;s sor&aacute;n visel\u0151j&eacute;t, az aszfalt okozta s&eacute;r&uuml;l&eacute;sekt\u0151l! A Modeka Shielder ugyanakkor, s&uuml;r\u0171bb , de t&ouml;k&eacute;letesen szell&ouml;z\u0151 fel&uuml;let\u0171. Ez a k&uuml;ls\u0151 r&eacute;sz, egy esetleges cs&uacute;sz&aacute;s sor&aacute;n, a surl&oacute;d&aacute;st&oacute;l, a h\u0151 hat&aacute;s&aacute;ra &ouml;sszeolvad, &iacute;gy nem engedi hogy a motoros b\u0151re az aszfalttal &eacute;rintkezzen, mint a hagyom&aacute;nyos protektor ingek eset&eacute;ben.&nbsp;<\/b><\/p>\n<p style=\"box-sizing: border-box; margin: 0px 0px 10px; max-width: 100%; font-family: Roboto, sans-serif; font-size: 16px;\"><strong>M&eacute;retek: 116, 128, 140, 152, 164<\/strong><\/p>\n<p style=\"box-sizing: border-box; margin: 0px 0px 10px; max-width: 100%; font-family: Roboto, sans-serif; font-size: 16px;\"><strong style=\"font-family: Roboto, sans-serif; font-size: 16px; box-sizing: border-box; max-width: 100%;\">Haszn&aacute;lati &eacute;s kezel&eacute;si &uacute;tmutat&oacute; a term&eacute;khez&nbsp;el&eacute;rhet\u0151 ide kattintva:&nbsp;<a href=\"https:\/\/darazsgarazs.hu\/index.php\/termek\/hasznalati-utmutato.1155.html\">https:\/\/darazsgarazs.hu\/index.php\/termek\/hasznalati-utmutato.1155.html<\/a><\/strong><\/p>\n<p style=\"box-sizing: border-box; margin: 0px 0px 10px; max-width: 100%; font-family: Roboto, sans-serif; font-size: 16px;\"><span style=\"color: rgb(255, 0, 0);\"><strong>&Aacute;ltalunk is tesztelt term&eacute;k! Honlapunkon a feln\u0151ttek sz&aacute;m&aacute;ra k&eacute;sz&uuml;lt term&eacute;k tesztj&eacute;t&nbsp;ide kattintva tudod elolvasni:&nbsp;&nbsp;<a href=\"https:\/\/darazsgarazs.hu\/index.php\/termek\/shielder-protektoring-teszt.1291.html\">https:\/\/darazsgarazs.hu\/index.php\/termek\/shielder-protektoring-teszt.1291.html<\/a><\/strong><\/span><\/p>\n","protected":false},"excerpt":{"rendered":"<p>T&ouml;k&eacute;letes szell\u0151z&eacute;s &eacute;s maxim&aacute;lis LEVEL2-es v&eacute;delem gyermekek sz&aacute;m&aacute;ra.&nbsp; FIGYELEM! A kab&aacute;t karr&eacute;sze cipz&aacute;r seg&iacute;ts&eacute;g&eacute;vel 5cm-el megn&ouml;velhet\u0151, &iacute;gy amikor a gyermek [&hellip;]<\/p>\n","protected":false},"featured_media":105414,"template":"","meta":{"site-sidebar-layout":"default","site-content-layout":"","ast-site-content-layout":"default","site-content-style":"default","site-sidebar-style":"default","ast-global-header-display":"","ast-banner-title-visibility":"","ast-main-header-display":"","ast-hfb-above-header-display":"","ast-hfb-below-header-display":"","ast-hfb-mobile-header-display":"","site-post-title":"","ast-breadcrumbs-content":"","ast-featured-img":"","footer-sml-layout":"","ast-disable-related-posts":"","theme-transparent-header-meta":"","adv-header-id-meta":"","stick-header-meta":"","header-above-stick-meta":"","header-main-stick-meta":"","header-below-stick-meta":"","astra-migrate-meta-layouts":"default","ast-page-background-enabled":"default","ast-page-background-meta":{"desktop":{"background-color":"var(--ast-global-color-5)","background-image":"","background-repeat":"repeat","background-position":"center center","background-size":"auto","background-attachment":"scroll","background-type":"","background-media":"","overlay-type":"","overlay-color":"","overlay-opacity":"","overlay-gradient":""},"tablet":{"background-color":"","background-image":"","background-repeat":"repeat","background-position":"center center","background-size":"auto","background-attachment":"scroll","background-type":"","background-media":"","overlay-type":"","overlay-color":"","overlay-opacity":"","overlay-gradient":""},"mobile":{"background-color":"","background-image":"","background-repeat":"repeat","background-position":"center center","background-size":"auto","background-attachment":"scroll","background-type":"","background-media":"","overlay-type":"","overlay-color":"","overlay-opacity":"","overlay-gradient":""}},"ast-content-background-meta":{"desktop":{"background-color":"var(--ast-global-color-4)","background-image":"","background-repeat":"repeat","background-position":"center center","background-size":"auto","background-attachment":"scroll","background-type":"","background-media":"","overlay-type":"","overlay-color":"","overlay-opacity":"","overlay-gradient":""},"tablet":{"background-color":"var(--ast-global-color-4)","background-image":"","background-repeat":"repeat","background-position":"center center","background-size":"auto","background-attachment":"scroll","background-type":"","background-media":"","overlay-type":"","overlay-color":"","overlay-opacity":"","overlay-gradient":""},"mobile":{"background-color":"var(--ast-global-color-4)","background-image":"","background-repeat":"repeat","background-position":"center center","background-size":"auto","background-attachment":"scroll","background-type":"","background-media":"","overlay-type":"","overlay-color":"","overlay-opacity":"","overlay-gradient":""}}},"product_brand":[],"product_cat":[147,139,130],"product_tag":[],"class_list":{"0":"post-110079","1":"product","2":"type-product","3":"status-publish","4":"has-post-thumbnail","6":"product_cat-kabatok","7":"product_cat-motoros-ruhazat","8":"product_cat-protektorok","9":"desktop-align-left","10":"tablet-align-left","11":"mobile-align-left","13":"first","14":"instock","15":"shipping-taxable","16":"purchasable","17":"product-type-simple"},"jetpack_sharing_enabled":true,"_links":{"self":[{"href":"https:\/\/zatureczkimarcell.ddns.net\/wordpress\/wp-json\/wp\/v2\/product\/110079","targetHints":{"allow":["GET"]}}],"collection":[{"href":"https:\/\/zatureczkimarcell.ddns.net\/wordpress\/wp-json\/wp\/v2\/product"}],"about":[{"href":"https:\/\/zatureczkimarcell.ddns.net\/wordpress\/wp-json\/wp\/v2\/types\/product"}],"wp:featuredmedia":[{"embeddable":true,"href":"https:\/\/zatureczkimarcell.ddns.net\/wordpress\/wp-json\/wp\/v2\/media\/105414"}],"wp:attachment":[{"href":"https:\/\/zatureczkimarcell.ddns.net\/wordpress\/wp-json\/wp\/v2\/media?parent=110079"}],"wp:term":[{"taxonomy":"product_brand","embeddable":true,"href":"https:\/\/zatureczkimarcell.ddns.net\/wordpress\/wp-json\/wp\/v2\/product_brand?post=110079"},{"taxonomy":"product_cat","embeddable":true,"href":"https:\/\/zatureczkimarcell.ddns.net\/wordpress\/wp-json\/wp\/v2\/product_cat?post=110079"},{"taxonomy":"product_tag","embeddable":true,"href":"https:\/\/zatureczkimarcell.ddns.net\/wordpress\/wp-json\/wp\/v2\/product_tag?post=110079"}],"curies":[{"name":"wp","href":"https:\/\/api.w.org\/{rel}","templated":true}]}}