{"id":110076,"date":"2026-04-01T10:45:31","date_gmt":"2026-04-01T08:45:31","guid":{"rendered":"https:\/\/zatureczkimarcell.ddns.net\/wordpress\/?post_type=product&#038;p=110076"},"modified":"2026-04-01T10:45:57","modified_gmt":"2026-04-01T08:45:57","slug":"hjc-bluetooth-sisakbeszelo-rendszer-videos-bemutatoval","status":"publish","type":"product","link":"https:\/\/zatureczkimarcell.ddns.net\/wordpress\/termek\/hjc-bluetooth-sisakbeszelo-rendszer-videos-bemutatoval\/","title":{"rendered":"HJC Bluetooth sisakbesz\u00e9l\u0151 rendszer-VIDE\u00d3S BEMUTAT\u00d3VAL"},"content":{"rendered":"<p><span style=\"font-size:16px;\"><strong><span helvetica=\"\" neue=\"\" style=\"font-family: \"><span style=\"color:#FF0000;\">HJC sisakokhoz fejlesztve<\/span> &#8211; HJC SMART Bluetooth kommunik&aacute;ci&oacute;s rendszer.<\/span><\/strong><\/span><\/p>\n<p><span style=\"font-size:16px;\"><strong><span helvetica=\"\" neue=\"\" style=\"font-family: \">Alkalmazhat&oacute;: RPHA11_Carbon (egy&eacute;b RPHA11 nem!), RPHA70_Carbon (egy&eacute;b RPHA70 nem!), RPHA90S, RPHA90S_Carbon, F70 Carbon, F70, I90, V90, C80, C91, I20, I30, I100 (Ezek a modellek k&eacute;sz&uuml;lnek gy&aacute;ri Bluetooth el\u0151k&eacute;sz&iacute;t&eacute;ssel)&nbsp;<\/span><\/strong><\/span><\/p>\n<p><span style=\"font-size:16px;\"><strong><span helvetica=\"\" neue=\"\" style=\"font-family: \">&#8211; aerodinamikus tervez&eacute;s, beleilleszkedik a sisakok form&aacute;j&aacute;ba <\/span><\/strong><\/span><\/p>\n<p><span style=\"font-size:16px;\"><strong><span helvetica=\"\" neue=\"\" style=\"font-family: \">&#8211; k&ouml;nny\u0171 install&aacute;l&aacute;s <\/span><\/strong><\/span><\/p>\n<p><span style=\"font-size:16px;\"><strong><span helvetica=\"\" neue=\"\" style=\"font-family: \">&#8211; mobil h&iacute;v&aacute;s, zenehallgat&aacute;s, GPS hangutas&iacute;t&aacute;s, sisak &aacute;tbesz&eacute;l\u0151. <\/span><\/strong><\/span><\/p>\n<p><span style=\"font-size:16px;\"><strong><span helvetica=\"\" neue=\"\" style=\"font-family: \">Intercom: A rendszer lehet\u0151v&eacute; teszi 2 motoros egyidej\u0171 sisak &aacute;tbesz&eacute;l&eacute;s&eacute;t, 400 m&eacute;ter hat&oacute;t&aacute;vols&aacute;ggal. <\/span><\/strong><\/span><\/p>\n<p><span style=\"font-size:16px;\"><strong><span helvetica=\"\" neue=\"\" style=\"font-family: \">Smartphone App: K&ouml;nny\u0171 setup &eacute;s kontroll funkci&oacute;k mobilfel&uuml;leten, appon kereszt&uuml;l is el&eacute;rhet\u0151 haszn&aacute;lati &uacute;tmutat&oacute;.<\/span><\/strong><\/span><\/p>\n<p><span style=\"color:#FF0000;\"><span style=\"font-size:16px;\"><strong><span helvetica=\"\" neue=\"\">A n&eacute;pszer\u0171 SENA c&eacute;g &aacute;ltal fejlesztve.&nbsp;<\/span><\/strong><\/span><\/span><\/p>\n<\/p>\n<div style=\"position:relative;padding-bottom:56.25%;padding-top:30px;height:0;overflow:hidden;\"><iframe loading=\"lazy\" allowfullscreen=\"\" frameborder=\"0\" height=\"360\" src=\"\/\/www.youtube.com\/embed\/eUONIlenqxA?rel=0\" style=\"position: absolute;top: 0;left: 0;width: 100%;height: 100%;\" width=\"640\"><\/iframe><\/div>\n<\/p>\n<p><strong>Ha bizonytalan vagy a beszerel&eacute;st illet\u0151en, koll&eacute;g&aacute;ink seg&iacute;ts&eacute;gedre lesznek &eacute;s k&ouml;r&uuml;lbel&uuml;l 1 &oacute;ra alatt elhelyezik sisakodban a kommuik&aacute;ci&oacute;t.&nbsp;<\/strong><\/p>\n<p><strong>A sisakod&nbsp;&uuml;zlet&uuml;nkben &aacute;tvessz&uuml;k&nbsp;&eacute;s aznap, vagy legk&eacute;s\u0151bb&nbsp;m&aacute;snap elviheted. A beszerel&eacute;sre 1 &oacute;ra munkad&iacute;jat sz&aacute;molunk fel.&nbsp;<\/strong><\/p><\/p>\n","protected":false},"excerpt":{"rendered":"<p>HJC sisakokhoz fejlesztve &#8211; HJC SMART Bluetooth kommunik&aacute;ci&oacute;s rendszer. Alkalmazhat&oacute;: RPHA11_Carbon (egy&eacute;b RPHA11 nem!), RPHA70_Carbon (egy&eacute;b RPHA70 nem!), RPHA90S, RPHA90S_Carbon, [&hellip;]<\/p>\n","protected":false},"featured_media":106790,"template":"","meta":{"site-sidebar-layout":"default","site-content-layout":"","ast-site-content-layout":"default","site-content-style":"default","site-sidebar-style":"default","ast-global-header-display":"","ast-banner-title-visibility":"","ast-main-header-display":"","ast-hfb-above-header-display":"","ast-hfb-below-header-display":"","ast-hfb-mobile-header-display":"","site-post-title":"","ast-breadcrumbs-content":"","ast-featured-img":"","footer-sml-layout":"","ast-disable-related-posts":"","theme-transparent-header-meta":"","adv-header-id-meta":"","stick-header-meta":"","header-above-stick-meta":"","header-main-stick-meta":"","header-below-stick-meta":"","astra-migrate-meta-layouts":"default","ast-page-background-enabled":"default","ast-page-background-meta":{"desktop":{"background-color":"var(--ast-global-color-5)","background-image":"","background-repeat":"repeat","background-position":"center center","background-size":"auto","background-attachment":"scroll","background-type":"","background-media":"","overlay-type":"","overlay-color":"","overlay-opacity":"","overlay-gradient":""},"tablet":{"background-color":"","background-image":"","background-repeat":"repeat","background-position":"center center","background-size":"auto","background-attachment":"scroll","background-type":"","background-media":"","overlay-type":"","overlay-color":"","overlay-opacity":"","overlay-gradient":""},"mobile":{"background-color":"","background-image":"","background-repeat":"repeat","background-position":"center center","background-size":"auto","background-attachment":"scroll","background-type":"","background-media":"","overlay-type":"","overlay-color":"","overlay-opacity":"","overlay-gradient":""}},"ast-content-background-meta":{"desktop":{"background-color":"var(--ast-global-color-4)","background-image":"","background-repeat":"repeat","background-position":"center center","background-size":"auto","background-attachment":"scroll","background-type":"","background-media":"","overlay-type":"","overlay-color":"","overlay-opacity":"","overlay-gradient":""},"tablet":{"background-color":"var(--ast-global-color-4)","background-image":"","background-repeat":"repeat","background-position":"center center","background-size":"auto","background-attachment":"scroll","background-type":"","background-media":"","overlay-type":"","overlay-color":"","overlay-opacity":"","overlay-gradient":""},"mobile":{"background-color":"var(--ast-global-color-4)","background-image":"","background-repeat":"repeat","background-position":"center center","background-size":"auto","background-attachment":"scroll","background-type":"","background-media":"","overlay-type":"","overlay-color":"","overlay-opacity":"","overlay-gradient":""}}},"product_brand":[],"product_cat":[141,121,123,122,150],"product_tag":[],"class_list":{"0":"post-110076","1":"product","2":"type-product","3":"status-publish","4":"has-post-thumbnail","6":"product_cat-bukosisak-kiegeszitok-alkatreszek","7":"product_cat-bukosisakok","8":"product_cat-nyithato-bukosisakok","9":"product_cat-nyitott","10":"product_cat-zart-bukosisakok","11":"desktop-align-left","12":"tablet-align-left","13":"mobile-align-left","15":"first","16":"instock","17":"shipping-taxable","18":"purchasable","19":"product-type-simple"},"jetpack_sharing_enabled":true,"_links":{"self":[{"href":"https:\/\/zatureczkimarcell.ddns.net\/wordpress\/wp-json\/wp\/v2\/product\/110076","targetHints":{"allow":["GET"]}}],"collection":[{"href":"https:\/\/zatureczkimarcell.ddns.net\/wordpress\/wp-json\/wp\/v2\/product"}],"about":[{"href":"https:\/\/zatureczkimarcell.ddns.net\/wordpress\/wp-json\/wp\/v2\/types\/product"}],"wp:featuredmedia":[{"embeddable":true,"href":"https:\/\/zatureczkimarcell.ddns.net\/wordpress\/wp-json\/wp\/v2\/media\/106790"}],"wp:attachment":[{"href":"https:\/\/zatureczkimarcell.ddns.net\/wordpress\/wp-json\/wp\/v2\/media?parent=110076"}],"wp:term":[{"taxonomy":"product_brand","embeddable":true,"href":"https:\/\/zatureczkimarcell.ddns.net\/wordpress\/wp-json\/wp\/v2\/product_brand?post=110076"},{"taxonomy":"product_cat","embeddable":true,"href":"https:\/\/zatureczkimarcell.ddns.net\/wordpress\/wp-json\/wp\/v2\/product_cat?post=110076"},{"taxonomy":"product_tag","embeddable":true,"href":"https:\/\/zatureczkimarcell.ddns.net\/wordpress\/wp-json\/wp\/v2\/product_tag?post=110076"}],"curies":[{"name":"wp","href":"https:\/\/api.w.org\/{rel}","templated":true}]}}