{"id":110075,"date":"2026-04-01T10:45:30","date_gmt":"2026-04-01T08:45:30","guid":{"rendered":"https:\/\/zatureczkimarcell.ddns.net\/wordpress\/?post_type=product&#038;p=110075"},"modified":"2026-04-01T10:45:55","modified_gmt":"2026-04-01T08:45:55","slug":"kabatba-rakhato-komfort-gerincprotektor-level-2-legmagasabb-vedelmi-szint-m-l","status":"publish","type":"product","link":"https:\/\/zatureczkimarcell.ddns.net\/wordpress\/termek\/kabatba-rakhato-komfort-gerincprotektor-level-2-legmagasabb-vedelmi-szint-m-l\/","title":{"rendered":"Kab\u00e1tba rakhat\u00f3 komfort gerincprotektor LEVEL 2! Legmagasabb v\u00e9delmi szint! M , L"},"content":{"rendered":"<p><strong><span style=\"font-size:16px;\">Innovat&iacute;v, &uacute;j fejleszt&eacute;s\u0171 , magas komfortfokozat&uacute; <span style=\"color:#FF0000;\">LEVEL2-es \/A jelenlegi legmagasabb v&eacute;delmi szabv&aacute;ny\/<\/span> motoros kab&aacute;tba rakhat&oacute; gerincprotektor viszkoelasztikus puha habb&oacute;l.&nbsp;<\/span><\/strong><\/p>\n<p><strong><span style=\"font-size:16px;\">Rendk&iacute;v&uuml;l rugalmas, a test mozg&aacute;s&aacute;t t&ouml;k&eacute;letesen k&ouml;veti.&nbsp;<\/span><\/strong><\/p>\n<p><strong><span style=\"font-size:16px;\">A protektor fel&uuml;let&eacute;n sz&aacute;mos szell\u0151z\u0151ny&iacute;l&aacute;ssal.&nbsp;<\/span><\/strong><\/p>\n<div><strong><span style=\"font-size:16px;\">Anat&oacute;miailag t&ouml;k&eacute;letesen illeszkedik, alig &eacute;szrevehet\u0151.<\/span><\/strong><\/div>\n<div><strong><span style=\"font-size:16px;\">Cs&uacute;cstechnol&oacute;gia a m&eacute;g nagyobb biztons&aacute;g &eacute;rdek&eacute;ben.<\/span><\/strong><\/div>\n<div><strong><span style=\"font-size:16px;\">B&aacute;rmilyen t&iacute;pus&uacute; motoros &eacute;s sport v&eacute;d\u0151ruh&aacute;zathoz aj&aacute;nljuk.<\/span><\/strong><\/div>\n<div><strong><span style=\"font-size:16px;\">Az esetleges fizikai behat&aacute;s ut&aacute;n, a protektor nem megy t&ouml;nkre, tov&aacute;bb haszn&aacute;lhat&oacute;.&nbsp;<\/span><\/strong><\/div>\n<div><strong><span style=\"font-size:16px;\">Tiszt&iacute;t&aacute;sa nedves ruh&aacute;val.&nbsp;<\/span><\/strong><\/div>\n<div><strong><span style=\"font-size:16px;\">M&eacute;ret: M:&nbsp;<\/span><\/strong><span style=\"font-size:18px;\"><span style=\"color: rgb(102, 102, 102); font-family: open-sans-v15-latin, Helvetica, Arial, sans-serif;\">430\/270\/17 mm&nbsp; , <\/span><span style=\"color:#000000;\"><span style=\"font-family: open-sans-v15-latin, Helvetica, Arial, sans-serif;\"><strong>L:&nbsp;<\/strong><\/span><\/span><span style=\"color: rgb(102, 102, 102); font-family: open-sans-v15-latin, Helvetica, Arial, sans-serif;\">455\/285\/17 mm<\/span><\/span><\/div>\n<div><\/div>\n<div><strong style=\"box-sizing: border-box; font-weight: bold; max-width: 100%; font-size: 16px; color: rgb(0, 0, 0); font-family: Arial, Helvetica, sans-serif;\">Koll&eacute;g&aacute;ink is a SAS-TEC protektorokat haszn&aacute;lj&aacute;k! V&eacute;lem&eacute;ny&uuml;ket a saj&aacute;t tesztel&eacute;s\u0171 term&eacute;kek men\u0171pont alatt olvashatod az al&aacute;bbi linkre kattintva :<a href=\"https:\/\/darazsgarazs.hu\/termek\/sas-tec-protektor.825.html\" style=\"box-sizing: border-box; background-color: transparent; color: rgb(51, 122, 183); text-decoration-line: none; max-width: 100%;\">https:\/\/darazsgarazs.hu\/termek\/sas-tec-protektor.825.html<\/a><\/strong><\/div>\n<div><\/div>\n<div><strong style=\"font-family: Roboto, sans-serif; font-size: 16px; box-sizing: border-box; max-width: 100%;\">Haszn&aacute;lati &eacute;s kezel&eacute;si &uacute;tmutat&oacute; a term&eacute;khez&nbsp;el&eacute;rhet\u0151 ide kattintva:&nbsp;<a href=\"https:\/\/darazsgarazs.hu\/index.php\/termek\/hasznalati-utmutato-protektorokhoz.1411.html\">https:\/\/darazsgarazs.hu\/index.php\/termek\/hasznalati-utmutato-protektorokhoz.1411.html<\/a><\/strong><\/div>\n","protected":false},"excerpt":{"rendered":"<p>Innovat&iacute;v, &uacute;j fejleszt&eacute;s\u0171 , magas komfortfokozat&uacute; LEVEL2-es \/A jelenlegi legmagasabb v&eacute;delmi szabv&aacute;ny\/ motoros kab&aacute;tba rakhat&oacute; gerincprotektor viszkoelasztikus puha habb&oacute;l.&nbsp; Rendk&iacute;v&uuml;l [&hellip;]<\/p>\n","protected":false},"featured_media":104612,"template":"","meta":{"site-sidebar-layout":"default","site-content-layout":"","ast-site-content-layout":"default","site-content-style":"default","site-sidebar-style":"default","ast-global-header-display":"","ast-banner-title-visibility":"","ast-main-header-display":"","ast-hfb-above-header-display":"","ast-hfb-below-header-display":"","ast-hfb-mobile-header-display":"","site-post-title":"","ast-breadcrumbs-content":"","ast-featured-img":"","footer-sml-layout":"","ast-disable-related-posts":"","theme-transparent-header-meta":"","adv-header-id-meta":"","stick-header-meta":"","header-above-stick-meta":"","header-main-stick-meta":"","header-below-stick-meta":"","astra-migrate-meta-layouts":"default","ast-page-background-enabled":"default","ast-page-background-meta":{"desktop":{"background-color":"var(--ast-global-color-5)","background-image":"","background-repeat":"repeat","background-position":"center center","background-size":"auto","background-attachment":"scroll","background-type":"","background-media":"","overlay-type":"","overlay-color":"","overlay-opacity":"","overlay-gradient":""},"tablet":{"background-color":"","background-image":"","background-repeat":"repeat","background-position":"center center","background-size":"auto","background-attachment":"scroll","background-type":"","background-media":"","overlay-type":"","overlay-color":"","overlay-opacity":"","overlay-gradient":""},"mobile":{"background-color":"","background-image":"","background-repeat":"repeat","background-position":"center center","background-size":"auto","background-attachment":"scroll","background-type":"","background-media":"","overlay-type":"","overlay-color":"","overlay-opacity":"","overlay-gradient":""}},"ast-content-background-meta":{"desktop":{"background-color":"var(--ast-global-color-4)","background-image":"","background-repeat":"repeat","background-position":"center center","background-size":"auto","background-attachment":"scroll","background-type":"","background-media":"","overlay-type":"","overlay-color":"","overlay-opacity":"","overlay-gradient":""},"tablet":{"background-color":"var(--ast-global-color-4)","background-image":"","background-repeat":"repeat","background-position":"center center","background-size":"auto","background-attachment":"scroll","background-type":"","background-media":"","overlay-type":"","overlay-color":"","overlay-opacity":"","overlay-gradient":""},"mobile":{"background-color":"var(--ast-global-color-4)","background-image":"","background-repeat":"repeat","background-position":"center center","background-size":"auto","background-attachment":"scroll","background-type":"","background-media":"","overlay-type":"","overlay-color":"","overlay-opacity":"","overlay-gradient":""}}},"product_brand":[],"product_cat":[130],"product_tag":[],"class_list":{"0":"post-110075","1":"product","2":"type-product","3":"status-publish","4":"has-post-thumbnail","6":"product_cat-protektorok","7":"desktop-align-left","8":"tablet-align-left","9":"mobile-align-left","11":"first","12":"instock","13":"shipping-taxable","14":"purchasable","15":"product-type-simple"},"jetpack_sharing_enabled":true,"_links":{"self":[{"href":"https:\/\/zatureczkimarcell.ddns.net\/wordpress\/wp-json\/wp\/v2\/product\/110075","targetHints":{"allow":["GET"]}}],"collection":[{"href":"https:\/\/zatureczkimarcell.ddns.net\/wordpress\/wp-json\/wp\/v2\/product"}],"about":[{"href":"https:\/\/zatureczkimarcell.ddns.net\/wordpress\/wp-json\/wp\/v2\/types\/product"}],"wp:featuredmedia":[{"embeddable":true,"href":"https:\/\/zatureczkimarcell.ddns.net\/wordpress\/wp-json\/wp\/v2\/media\/104612"}],"wp:attachment":[{"href":"https:\/\/zatureczkimarcell.ddns.net\/wordpress\/wp-json\/wp\/v2\/media?parent=110075"}],"wp:term":[{"taxonomy":"product_brand","embeddable":true,"href":"https:\/\/zatureczkimarcell.ddns.net\/wordpress\/wp-json\/wp\/v2\/product_brand?post=110075"},{"taxonomy":"product_cat","embeddable":true,"href":"https:\/\/zatureczkimarcell.ddns.net\/wordpress\/wp-json\/wp\/v2\/product_cat?post=110075"},{"taxonomy":"product_tag","embeddable":true,"href":"https:\/\/zatureczkimarcell.ddns.net\/wordpress\/wp-json\/wp\/v2\/product_tag?post=110075"}],"curies":[{"name":"wp","href":"https:\/\/api.w.org\/{rel}","templated":true}]}}